{"id":14595,"date":"2025-05-29T13:24:12","date_gmt":"2025-05-29T10:24:12","guid":{"rendered":"https:\/\/www.fmsdocumentation.com\/api-za-popis-geozona\/"},"modified":"2025-05-29T13:27:55","modified_gmt":"2025-05-29T10:27:55","slug":"api-za-popis-geozona","status":"publish","type":"page","link":"https:\/\/www.fmsdocumentation.com\/hr\/apis\/api-za-popis-geozona\/","title":{"rendered":"API za popis geozona"},"content":{"rendered":"\n<p>API za popis geozona namijenjen je za ispis informacija o korisnikovim geozonama (sve vidljive geozone: koje je kreirao korisnik i koje su podijeljene s korisnikom).<\/p>\n\n<p>Struktura zahtjeva:<\/p>\n\n<p style=\"background-color: #000000; color: #bbbdc0; font-family: Consolas; padding-left: 10px; padding-right: 10px;\">GET \/geozones?api_key= <...>&#038;version=1&#038;limit= <...>&#038;continuation_token= <...>HTTP\/1.1\n<br\/> Doma\u0107in: api.fm-track.com\n<br\/> Vrsta sadr\u017eaja: application\/json; charset=UTF-8<\/p>\n\n<p>Parametri zahtjeva:<\/p>\n\n\n<table id=\"tablepress-182\" class=\"tablepress tablepress-id-182\">\n<thead>\n<tr class=\"row-1\">\n\t<th class=\"column-1\">Parameter<\/th><th class=\"column-2\">Type<\/th><th class=\"column-3\">Description<\/th><th class=\"column-4\">Required<\/th>\n<\/tr>\n<\/thead>\n<tbody>\n<tr class=\"row-2\">\n\t<td class=\"column-1\">api_key<\/td><td class=\"column-2\">String<\/td><td class=\"column-3\">User identification key<\/td><td class=\"column-4\">Yes<\/td>\n<\/tr>\n<tr class=\"row-3\">\n\t<td class=\"column-1\">version<\/td><td class=\"column-2\">Integer<\/td><td class=\"column-3\">API version<\/td><td class=\"column-4\">Yes<\/td>\n<\/tr>\n<tr class=\"row-4\">\n\t<td class=\"column-1\">limit<\/td><td class=\"column-2\">Integer<\/td><td class=\"column-3\">Limits geozones count in response<\/td><td class=\"column-4\">No<\/td>\n<\/tr>\n<tr class=\"row-5\">\n\t<td class=\"column-1\">continuation_token<\/td><td class=\"column-2\">Integer<\/td><td class=\"column-3\">Displays from what date and time the data is shown if the record limit was reached<\/td><td class=\"column-4\">No<\/td>\n<\/tr>\n<\/tbody>\n<\/table>\n<!-- #tablepress-182 from cache -->\n\n<p>  Primjer odgovora:  <\/p>\n\n<div class=\"wp-block-codemirror-blocks-code-block code-block\"><pre class=\"CodeMirror\" data-setting=\"{&quot;mode&quot;:&quot;javascript&quot;,&quot;mime&quot;:&quot;application\/json&quot;,&quot;theme&quot;:&quot;dracula&quot;,&quot;lineNumbers&quot;:true,&quot;styleActiveLine&quot;:false,&quot;lineWrapping&quot;:false,&quot;readOnly&quot;:true,&quot;translatedWithWPMLTM&quot;:&quot;1&quot;,&quot;language&quot;:&quot;JSON&quot;,&quot;modeName&quot;:&quot;json&quot;}\">{\n    \"continuation_token\": 1,\n    \"items\": [\n        {\n            \"id\": \"d4e18901\",\n            \"name\": \"asdada\",\n            \"notes\": \"aaa fff\",\n            \"type\": \"POINT\",\n            \"circle\": {\n                \"latitude\": 54.689538538142585,\n                \"longitude\": 25.270938071441606,\n                \"radius\": 250.0\n            }\n        },\n        ...\n    ]\n}<\/pre><\/div>\n\n<p>Ako je parametar neto\u010dno unesen, sustav \u0107e odgovoriti kodom pogre\u0161ke. Svi kodovi pogre\u0161aka opisani su u odjeljku <a href=\"https:\/\/www.fmsdocumentation.com\/apis\/\">API-ji<\/a> . Parametri za koje nisu navedeni podaci nisu uklju\u010deni u odgovor. Potpuni popis parametara odgovora dostupan je na kraju ovog odjeljka.     <\/p>\n\n<p>Parametri odgovora:<\/p>\n\n\n<table id=\"tablepress-183\" class=\"tablepress tablepress-id-183\">\n<thead>\n<tr class=\"row-1\">\n\t<th class=\"column-1\">Parameter<\/th><th class=\"column-2\">Type<\/th><th class=\"column-3\">Description<\/th>\n<\/tr>\n<\/thead>\n<tbody>\n<tr class=\"row-2\">\n\t<td class=\"column-1\">continuation_token<\/td><td class=\"column-2\">Integer<\/td><td class=\"column-3\">Continuation token is sent when number of geozones in response exceed limit<\/td>\n<\/tr>\n<tr class=\"row-3\">\n\t<td class=\"column-1\">items<\/td><td class=\"column-2\">Array<\/td><td class=\"column-3\">Container for all user geozones<\/td>\n<\/tr>\n<tr class=\"row-4\">\n\t<td class=\"column-1\">id<\/td><td class=\"column-2\">String<\/td><td class=\"column-3\">External geozone ID<\/td>\n<\/tr>\n<tr class=\"row-5\">\n\t<td class=\"column-1\">name<\/td><td class=\"column-2\">String<\/td><td class=\"column-3\">Geozone name<\/td>\n<\/tr>\n<tr class=\"row-6\">\n\t<td class=\"column-1\">notes<\/td><td class=\"column-2\">String<\/td><td class=\"column-3\">Geozone notes<\/td>\n<\/tr>\n<tr class=\"row-7\">\n\t<td class=\"column-1\">type<\/td><td class=\"column-2\">Enum<\/td><td class=\"column-3\">Geozone type. There are two types: point and polygon<\/td>\n<\/tr>\n<tr class=\"row-8\">\n\t<td class=\"column-1\">circle<\/td><td class=\"column-2\">Array<\/td><td class=\"column-3\">Container for point information. If it is a polygon type, this parameter will be NULL<\/td>\n<\/tr>\n<tr class=\"row-9\">\n\t<td class=\"column-1\">latitude<\/td><td class=\"column-2\">Double<\/td><td class=\"column-3\">Latitude of point center<\/td>\n<\/tr>\n<tr class=\"row-10\">\n\t<td class=\"column-1\">longitude<\/td><td class=\"column-2\">Double<\/td><td class=\"column-3\">Longitude of point center<\/td>\n<\/tr>\n<tr class=\"row-11\">\n\t<td class=\"column-1\">radius<\/td><td class=\"column-2\">Double<\/td><td class=\"column-3\">Radius in meters<\/td>\n<\/tr>\n<\/tbody>\n<\/table>\n<!-- #tablepress-183 from cache -->\n\n<p>\n\n<div class=\"alignleft\"><a href=\"https:\/\/www.fmsdocumentation.com\/hr\/apis\/api-za-povijest-dogadaja\/\" title=\"API za povijest doga\u0111aja\"><span class=\"arrow\">\u2039 &nbsp <\/span> API za povijest doga\u0111aja <\/a><\/div> <div class=\"alignright\"><a href=\"https:\/\/www.fmsdocumentation.com\/hr\/apis\/api-za-dodjelu-vozaca\/\" title=\"API za dodjelu voza\u010da\">API za dodjelu voza\u010da <span class=\"arrow\"> &nbsp\u203a <\/span> <\/a><\/div>\n\n<\/p>\n","protected":false},"excerpt":{"rendered":"<p>API za popis geozona namijenjen je za ispis informacija o korisnikovim geozonama (sve vidljive geozone: koje je kreirao korisnik i koje su podijeljene s korisnikom). Struktura zahtjeva: GET \/geozones?api_key= &#038;version=1&#038;limit= &#038;continuation_token= HTTP\/1.1 Doma\u0107in: api.fm-track.com Vrsta sadr\u017eaja: application\/json; charset=UTF-8 Parametri zahtjeva: Primjer odgovora: Ako je parametar neto\u010dno unesen, sustav \u0107e odgovoriti kodom pogre\u0161ke. Svi kodovi pogre\u0161aka &hellip; <a href=\"https:\/\/www.fmsdocumentation.com\/hr\/apis\/api-za-popis-geozona\/\" class=\"more-link\">Continue reading <span class=\"screen-reader-text\">API za popis geozona<\/span><\/a><\/p>\n","protected":false},"author":13,"featured_media":0,"parent":15069,"menu_order":13,"comment_status":"closed","ping_status":"closed","template":"","meta":{"footnotes":""},"class_list":["post-14595","page","type-page","status-publish","hentry"],"_links":{"self":[{"href":"https:\/\/www.fmsdocumentation.com\/hr\/wp-json\/wp\/v2\/pages\/14595","targetHints":{"allow":["GET"]}}],"collection":[{"href":"https:\/\/www.fmsdocumentation.com\/hr\/wp-json\/wp\/v2\/pages"}],"about":[{"href":"https:\/\/www.fmsdocumentation.com\/hr\/wp-json\/wp\/v2\/types\/page"}],"author":[{"embeddable":true,"href":"https:\/\/www.fmsdocumentation.com\/hr\/wp-json\/wp\/v2\/users\/13"}],"replies":[{"embeddable":true,"href":"https:\/\/www.fmsdocumentation.com\/hr\/wp-json\/wp\/v2\/comments?post=14595"}],"version-history":[{"count":1,"href":"https:\/\/www.fmsdocumentation.com\/hr\/wp-json\/wp\/v2\/pages\/14595\/revisions"}],"predecessor-version":[{"id":14624,"href":"https:\/\/www.fmsdocumentation.com\/hr\/wp-json\/wp\/v2\/pages\/14595\/revisions\/14624"}],"up":[{"embeddable":true,"href":"https:\/\/www.fmsdocumentation.com\/hr\/wp-json\/wp\/v2\/pages\/15069"}],"wp:attachment":[{"href":"https:\/\/www.fmsdocumentation.com\/hr\/wp-json\/wp\/v2\/media?parent=14595"}],"curies":[{"name":"wp","href":"https:\/\/api.w.org\/{rel}","templated":true}]}}