{"id":14601,"date":"2025-05-29T13:24:12","date_gmt":"2025-05-29T10:24:12","guid":{"rendered":"https:\/\/www.fmsdocumentation.com\/api-za-povijest-dogadaja\/"},"modified":"2025-05-29T13:27:55","modified_gmt":"2025-05-29T10:27:55","slug":"api-za-povijest-dogadaja","status":"publish","type":"page","link":"https:\/\/www.fmsdocumentation.com\/hr\/apis\/api-za-povijest-dogadaja\/","title":{"rendered":"API za povijest doga\u0111aja"},"content":{"rendered":"\n<p>API za povijest doga\u0111aja namijenjen je ispisu povijesti doga\u0111aja objekta za tra\u017eeno razdoblje.<\/p>\n\n<p>Struktura zahtjeva:<\/p>\n\n<p style=\"background-color: #000000; color: #bbbdc0; font-family: Consolas; padding-left: 10px; padding-right: 10px;\">GET \/otkriveni-doga\u0111aji?id_objekta=<...>&#038;from_datetime= <...>&#038;to_datetime= <...>&#038;continuation_token= <..>&#038;limit= <..>&#038;version=1&#038;api_key= <..>HTTP\/1.1\n<br\/> Doma\u0107in: api.fm-track.com\n<br\/> Vrsta sadr\u017eaja: application\/json; charset=UTF-8<\/p>\n\n<p>Parametri zahtjeva:<\/p>\n\n\n<table id=\"tablepress-180\" class=\"tablepress tablepress-id-180\">\n<thead>\n<tr class=\"row-1\">\n\t<th class=\"column-1\">Parameter<\/th><th class=\"column-2\">Type<\/th><th class=\"column-3\">Description<\/th><th class=\"column-4\">Required<\/th>\n<\/tr>\n<\/thead>\n<tbody>\n<tr class=\"row-2\">\n\t<td class=\"column-1\">object_id<\/td><td class=\"column-2\">String<\/td><td class=\"column-3\">External object ID<\/td><td class=\"column-4\">Yes<\/td>\n<\/tr>\n<tr class=\"row-3\">\n\t<td class=\"column-1\">from_datetime<\/td><td class=\"column-2\">Date time<\/td><td class=\"column-3\">Find events starting from specified date<\/td><td class=\"column-4\">Yes<\/td>\n<\/tr>\n<tr class=\"row-4\">\n\t<td class=\"column-1\">to_datetime<\/td><td class=\"column-2\">Date time<\/td><td class=\"column-3\">Find events ending to specified date<\/td><td class=\"column-4\">Yes<\/td>\n<\/tr>\n<tr class=\"row-5\">\n\t<td class=\"column-1\">continuation_token<\/td><td class=\"column-2\">Integer<\/td><td class=\"column-3\">\tDisplays from what date and time the data is shown if the record limit was reached<\/td><td class=\"column-4\">No<\/td>\n<\/tr>\n<tr class=\"row-6\">\n\t<td class=\"column-1\">limit<\/td><td class=\"column-2\">Integer<\/td><td class=\"column-3\">Limits events count in response<\/td><td class=\"column-4\">No<\/td>\n<\/tr>\n<tr class=\"row-7\">\n\t<td class=\"column-1\">version<\/td><td class=\"column-2\">String<\/td><td class=\"column-3\">API version<\/td><td class=\"column-4\">Yes<\/td>\n<\/tr>\n<tr class=\"row-8\">\n\t<td class=\"column-1\">api_key<\/td><td class=\"column-2\">String<\/td><td class=\"column-3\">User identification key<\/td><td class=\"column-4\">Yes<\/td>\n<\/tr>\n<\/tbody>\n<\/table>\n<!-- #tablepress-180 from cache -->\n\n<p>  Primjer odgovora:  <\/p>\n\n<div class=\"wp-block-codemirror-blocks-code-block code-block\"><pre class=\"CodeMirror\" data-setting=\"{&quot;mode&quot;:&quot;javascript&quot;,&quot;mime&quot;:&quot;application\/json&quot;,&quot;theme&quot;:&quot;dracula&quot;,&quot;lineNumbers&quot;:true,&quot;styleActiveLine&quot;:false,&quot;lineWrapping&quot;:false,&quot;readOnly&quot;:true,&quot;translatedWithWPMLTM&quot;:&quot;1&quot;,&quot;language&quot;:&quot;JSON&quot;,&quot;modeName&quot;:&quot;json&quot;}\">{\n  \"continuation_token\": 1,\n  \"events\": [\n    {\n      \"name\": \"ToyotaIgnition\",\n      \"description\": \"TestIgnition\",\n      \"driver_id\": null,\n      \"trip_type\": \"NONE\",\n      \"duration\": 31,\n      \"start\": {\n        \"datetime\": \"2020-02-10T09:13:23.000Z\",\n        \"location\": {\n          \"latitude\": 54.924457,\n          \"longitude\": 23.872841\n        },\n        \"mileage\": 6000.0,\n        \"speed\": 40\n      },\n      \"end\": {\n        \"datetime\": \"2020-02-10T09:13:54.000Z\",\n        \"location\": {\n          \"latitude\": 54.924457,\n          \"longitude\": 23.872841\n        },\n        \"mileage\": 6000.0\n      }\n    },\n    ...\n  ]\n}<\/pre><\/div>\n\n<p>Ako je parametar neto\u010dno unesen, sustav \u0107e odgovoriti kodom pogre\u0161ke. Svi kodovi pogre\u0161aka opisani su u odjeljku <a href=\"https:\/\/www.fmsdocumentation.com\/apis\/\">API-ji<\/a> . Parametri za koje nisu navedeni podaci nisu uklju\u010deni u odgovor. Potpuni popis parametara odgovora dostupan je na kraju ovog odjeljka.     <\/p>\n\n<p>Parametri odgovora:<\/p>\n\n\n<table id=\"tablepress-181\" class=\"tablepress tablepress-id-181\">\n<thead>\n<tr class=\"row-1\">\n\t<th class=\"column-1\">Parameter<\/th><th class=\"column-2\">Type<\/th><th class=\"column-3\">Description<\/th>\n<\/tr>\n<\/thead>\n<tbody>\n<tr class=\"row-2\">\n\t<td class=\"column-1\">continuation_token<\/td><td class=\"column-2\">Integer<\/td><td class=\"column-3\">Continuation token is sent when number of events in response exceed limit<\/td>\n<\/tr>\n<tr class=\"row-3\">\n\t<td class=\"column-1\">events<\/td><td class=\"column-2\">Array<\/td><td class=\"column-3\">Container for all object events for selected period<\/td>\n<\/tr>\n<tr class=\"row-4\">\n\t<td class=\"column-1\">name<\/td><td class=\"column-2\">String<\/td><td class=\"column-3\">Event name<\/td>\n<\/tr>\n<tr class=\"row-5\">\n\t<td class=\"column-1\">description<\/td><td class=\"column-2\">String<\/td><td class=\"column-3\">Event description<\/td>\n<\/tr>\n<tr class=\"row-6\">\n\t<td class=\"column-1\">driver_id<\/td><td class=\"column-2\">String<\/td><td class=\"column-3\">External driver ID<\/td>\n<\/tr>\n<tr class=\"row-7\">\n\t<td class=\"column-1\">trip_type<\/td><td class=\"column-2\">Enum<\/td><td class=\"column-3\">Trip type<\/td>\n<\/tr>\n<tr class=\"row-8\">\n\t<td class=\"column-1\">duration<\/td><td class=\"column-2\">Long<\/td><td class=\"column-3\">Event duration in seconds<\/td>\n<\/tr>\n<tr class=\"row-9\">\n\t<td class=\"column-1\">start<\/td><td class=\"column-2\">Array<\/td><td class=\"column-3\">Container for event start information<\/td>\n<\/tr>\n<tr class=\"row-10\">\n\t<td class=\"column-1\">end<\/td><td class=\"column-2\">Array<\/td><td class=\"column-3\">Container for event end information<\/td>\n<\/tr>\n<tr class=\"row-11\">\n\t<td class=\"column-1\">datetime<\/td><td class=\"column-2\">Datetime<\/td><td class=\"column-3\">Date and time <\/td>\n<\/tr>\n<tr class=\"row-12\">\n\t<td class=\"column-1\">location<\/td><td class=\"column-2\">Array<\/td><td class=\"column-3\">Container for coordinates<\/td>\n<\/tr>\n<tr class=\"row-13\">\n\t<td class=\"column-1\">latitude<\/td><td class=\"column-2\">Double<\/td><td class=\"column-3\">Latitude<br \/>\n<\/td>\n<\/tr>\n<tr class=\"row-14\">\n\t<td class=\"column-1\">longitude<\/td><td class=\"column-2\">Double<\/td><td class=\"column-3\">Longitude<\/td>\n<\/tr>\n<tr class=\"row-15\">\n\t<td class=\"column-1\">mileage<\/td><td class=\"column-2\">Double<\/td><td class=\"column-3\">Mileage in kilometres<br \/>\n<\/td>\n<\/tr>\n<tr class=\"row-16\">\n\t<td class=\"column-1\">speed<\/td><td class=\"column-2\">Integer<\/td><td class=\"column-3\">Speed in km\/h<\/td>\n<\/tr>\n<\/tbody>\n<\/table>\n<!-- #tablepress-181 from cache -->\n\n<p>\n\n<div class=\"alignleft\"><a href=\"https:\/\/www.fmsdocumentation.com\/hr\/apis\/api-za-upravljanje-upravljackim-programima\/\" title=\"API za upravljanje upravlja\u010dkim programima\"><span class=\"arrow\">\u2039 &nbsp <\/span> API za upravljanje upravlja\u010dkim programima <\/a><\/div> <div class=\"alignright\"><a href=\"https:\/\/www.fmsdocumentation.com\/hr\/apis\/api-za-popis-geozona\/\" title=\"API za popis geozona\">API za popis geozona <span class=\"arrow\"> &nbsp\u203a <\/span> <\/a><\/div>\n\n<\/p>\n","protected":false},"excerpt":{"rendered":"<p>API za povijest doga\u0111aja namijenjen je ispisu povijesti doga\u0111aja objekta za tra\u017eeno razdoblje. Struktura zahtjeva: GET \/otkriveni-doga\u0111aji?id_objekta=&#038;from_datetime= &#038;to_datetime= &#038;continuation_token= &#038;limit= &#038;version=1&#038;api_key= HTTP\/1.1 Doma\u0107in: api.fm-track.com Vrsta sadr\u017eaja: application\/json; charset=UTF-8 Parametri zahtjeva: Primjer odgovora: Ako je parametar neto\u010dno unesen, sustav \u0107e odgovoriti kodom pogre\u0161ke. Svi kodovi pogre\u0161aka opisani su u odjeljku API-ji . Parametri za koje nisu &hellip; <a href=\"https:\/\/www.fmsdocumentation.com\/hr\/apis\/api-za-povijest-dogadaja\/\" class=\"more-link\">Continue reading <span class=\"screen-reader-text\">API za povijest doga\u0111aja<\/span><\/a><\/p>\n","protected":false},"author":13,"featured_media":0,"parent":15069,"menu_order":12,"comment_status":"closed","ping_status":"closed","template":"","meta":{"footnotes":""},"class_list":["post-14601","page","type-page","status-publish","hentry"],"_links":{"self":[{"href":"https:\/\/www.fmsdocumentation.com\/hr\/wp-json\/wp\/v2\/pages\/14601","targetHints":{"allow":["GET"]}}],"collection":[{"href":"https:\/\/www.fmsdocumentation.com\/hr\/wp-json\/wp\/v2\/pages"}],"about":[{"href":"https:\/\/www.fmsdocumentation.com\/hr\/wp-json\/wp\/v2\/types\/page"}],"author":[{"embeddable":true,"href":"https:\/\/www.fmsdocumentation.com\/hr\/wp-json\/wp\/v2\/users\/13"}],"replies":[{"embeddable":true,"href":"https:\/\/www.fmsdocumentation.com\/hr\/wp-json\/wp\/v2\/comments?post=14601"}],"version-history":[{"count":1,"href":"https:\/\/www.fmsdocumentation.com\/hr\/wp-json\/wp\/v2\/pages\/14601\/revisions"}],"predecessor-version":[{"id":14626,"href":"https:\/\/www.fmsdocumentation.com\/hr\/wp-json\/wp\/v2\/pages\/14601\/revisions\/14626"}],"up":[{"embeddable":true,"href":"https:\/\/www.fmsdocumentation.com\/hr\/wp-json\/wp\/v2\/pages\/15069"}],"wp:attachment":[{"href":"https:\/\/www.fmsdocumentation.com\/hr\/wp-json\/wp\/v2\/media?parent=14601"}],"curies":[{"name":"wp","href":"https:\/\/api.w.org\/{rel}","templated":true}]}}