{"id":14655,"date":"2025-05-29T13:24:17","date_gmt":"2025-05-29T10:24:17","guid":{"rendered":"https:\/\/www.fmsdocumentation.com\/api-za-dodjelu-vozaca\/"},"modified":"2025-05-29T13:27:55","modified_gmt":"2025-05-29T10:27:55","slug":"api-za-dodjelu-vozaca","status":"publish","type":"page","link":"https:\/\/www.fmsdocumentation.com\/hr\/apis\/api-za-dodjelu-vozaca\/","title":{"rendered":"API za dodjelu voza\u010da"},"content":{"rendered":"<h2 id=\"DriverassignationsAPI-1.Description\">1. Opis<\/h2>\n<p>API za dodjeljivanje voza\u010da koristi se za dodjeljivanje voza\u010da objektima (vozilima). To omogu\u0107uje web korisnicima koji su generirali svoj API klju\u010d da kreiraju dodjele voza\u010da ili dobiju najnovije dodjele pomo\u0107u API poziva. <\/p>\n<h2 id=\"DriverassignationsAPI-2.APIversion1\">2. Verzija API-ja 1<\/h2>\n<h4 id=\"DriverassignationsAPI-2.1.CreateAssignation\">2.1. Izradi zadatak<br \/>\n 2.1.1. Zahtjev s datumom i vremenom <\/h4>\n<div class=\"wp-block-codemirror-blocks code-block \">\n<pre class=\"CodeMirror\" data-setting='{\"mode\":\"javascript\",\"mime\":\"application\/json\",\"theme\":\"dracula\",\"lineNumbers\":false,\"lineWrapping\":false,\"styleActiveLine\":false,\"readOnly\":true,\"align\":\"\"}'>POST \/driver\/assignations?version=1&amp;api_key=&lt;...&gt;\nHOST: api.fm-track.com\nContent-Type: application\/json;charset=UTF-8\n \nBODY:\n    {\n    \"driver_id\": \"240afea1-84ae-43ec-8139-f13cfa2f3094\",\n    \"object_id\": \"7bf8990c-dba6-11e9-bdfc-1ff21de66015\",\n    \"event_type\": \"START\"\n    \"datetime\":\"2021-07-01T08:50:23.893Z\"\n    }<\/pre>\n<\/div>\n<h4 id=\"DriverassignationsAPI-2.1.2.Requestwithoutdatetime\">2.1.2. Zahtjev bez datuma i vremena<\/h4>\n<div class=\"table-wrap\">\n<div class=\"wp-block-codemirror-blocks code-block\">\n<pre class=\"CodeMirror\" data-setting='{\"mode\":\"javascript\",\"mime\":\"application\/json\",\"theme\":\"darcula\",\"lineNumbers\":false,\"lineWrapping\":false,\"styleActiveLine\":false,\"readOnly\":true,\"align\":\"\"}'>POST \/driver\/assignations?version=1&amp;api_key=&lt;...&gt;\nHOST: api.fm-track.com\nContent-Type: application\/json;charset=UTF-8\n \nBODY:\n    {\n    \"driver_id\": \"240afea1-84ae-43ec-8139-f13cfa2f3094\",\n    \"object_id\": \"7bf8990c-dba6-11e9-bdfc-1ff21de66015\",\n    \"event_type\": \"START\"\n    }<\/pre>\n<\/div>\n<\/div>\n<div><\/div>\n<div>\n<table id=\"tablepress-195\" class=\"tablepress tablepress-id-195\">\n<thead>\n<tr class=\"row-1\">\n\t<th class=\"column-1\">&nbsp;<\/th><th class=\"column-2\">Parameter<\/th><th class=\"column-3\">Type<\/th><th class=\"column-4\">Description<\/th><th class=\"column-5\">Is required<\/th><th class=\"column-6\">Validation<\/th>\n<\/tr>\n<\/thead>\n<tbody>\n<tr class=\"row-2\">\n\t<td class=\"column-1\">1<\/td><td class=\"column-2\">version<\/td><td class=\"column-3\">string<\/td><td class=\"column-4\">Version of API<\/td><td class=\"column-5\">+<\/td><td class=\"column-6\"><\/td>\n<\/tr>\n<tr class=\"row-3\">\n\t<td class=\"column-1\">2<\/td><td class=\"column-2\">api_key<\/td><td class=\"column-3\">string<\/td><td class=\"column-4\">User identification key\t<\/td><td class=\"column-5\">+<\/td><td class=\"column-6\"><\/td>\n<\/tr>\n<tr class=\"row-4\">\n\t<td class=\"column-1\">3<\/td><td class=\"column-2\">driver_id<\/td><td class=\"column-3\">string<\/td><td class=\"column-4\">Driver identifier, External driver ID\t<\/td><td class=\"column-5\">+<\/td><td class=\"column-6\"><\/td>\n<\/tr>\n<tr class=\"row-5\">\n\t<td class=\"column-1\">4<\/td><td class=\"column-2\">object_id<\/td><td class=\"column-3\">string<\/td><td class=\"column-4\">Object identifier, External object ID \t<\/td><td class=\"column-5\">+<\/td><td class=\"column-6\"><\/td>\n<\/tr>\n<tr class=\"row-6\">\n\t<td class=\"column-1\">5<\/td><td class=\"column-2\">event_type<\/td><td class=\"column-3\">string<\/td><td class=\"column-4\">Event type\t<\/td><td class=\"column-5\">+<\/td><td class=\"column-6\">Possible values: START, STOP<\/td>\n<\/tr>\n<tr class=\"row-7\">\n\t<td class=\"column-1\">6<\/td><td class=\"column-2\">datetime<\/td><td class=\"column-3\">string<\/td><td class=\"column-4\">Datetime for START or STOP event\t<\/td><td class=\"column-5\">-<\/td><td class=\"column-6\">ISO 8601 datetime<\/td>\n<\/tr>\n<\/tbody>\n<\/table>\n<!-- #tablepress-195 from cache --><\/div>\n<h4 class=\"table-wrap\">2.1.3. Odgovor na ispravan zahtjev<\/h4>\n<div class=\"code panel pdl conf-macro output-block\" data-hasbody=\"true\" data-macro-name=\"code\" data-macro-id=\"034e429e-0123-4efb-b5e2-5928f8b41cc0\">\n<div class=\"codeContent panelContent pdl\">\n<div id=\"highlighter_442020\" class=\"syntaxhighlighter sh-rdark js\">\n<div class=\"wp-block-codemirror-blocks code-block \">\n<pre class=\"CodeMirror\" data-setting='{\"mode\":\"javascript\",\"mime\":\"application\/json\",\"theme\":\"dracula\",\"lineNumbers\":false,\"lineWrapping\":false,\"styleActiveLine\":false,\"readOnly\":true,\"align\":\"\"}'>{\n    \"object_id\":\"7bf8990c-dba6-11e9-bdfc-1ff21de66015\",\n    \"driver_id\":\"240afea1-84ae-43ec-8139-f13cfa2f3094\",\n    \"event_type\":\"START\",\n    \"datetime\":\"2021-07-01T08:50:23.893Z\"\n}<\/pre>\n<\/div>\n<\/div>\n<\/div>\n<\/div>\n<div><\/div>\n<div class=\"table-wrap\">\n<table id=\"tablepress-196\" class=\"tablepress tablepress-id-196\">\n<thead>\n<tr class=\"row-1\">\n\t<th class=\"column-1\">&nbsp;<\/th><th class=\"column-2\">Parameter<\/th><th class=\"column-3\">Type<\/th><th class=\"column-4\">Description<\/th>\n<\/tr>\n<\/thead>\n<tbody>\n<tr class=\"row-2\">\n\t<td class=\"column-1\">1<\/td><td class=\"column-2\">driver_id<\/td><td class=\"column-3\">string<\/td><td class=\"column-4\">Driver identifier, External driver ID<\/td>\n<\/tr>\n<tr class=\"row-3\">\n\t<td class=\"column-1\">2<\/td><td class=\"column-2\">object_id<\/td><td class=\"column-3\">string<\/td><td class=\"column-4\">Object identifier, External object ID<\/td>\n<\/tr>\n<tr class=\"row-4\">\n\t<td class=\"column-1\">3<\/td><td class=\"column-2\">event_type<\/td><td class=\"column-3\">string<\/td><td class=\"column-4\">Event type<\/td>\n<\/tr>\n<tr class=\"row-5\">\n\t<td class=\"column-1\">4<\/td><td class=\"column-2\">datetime<\/td><td class=\"column-3\">string<\/td><td class=\"column-4\">Datetime of START or STOP event<\/td>\n<\/tr>\n<\/tbody>\n<\/table>\n<!-- #tablepress-196 from cache --><\/div>\n<h4 id=\"DriverassignationsAPI-2.1.4.Responsesforincorrectrequest\">2.1.4. Odgovori za neto\u010dan zahtjev<span style=\"font-size: 17px; font-weight: 400;\"> <\/span><\/h4>\n<div class=\"code panel pdl conf-macro output-block\" data-hasbody=\"true\" data-macro-name=\"code\" data-macro-id=\"2058688a-1836-4597-8ea8-c31dc08a784e\">\n<div class=\"syntaxhighlighter sh-rdark js\">\n<div class=\"wp-block-codemirror-blocks code-block \">\n<pre class=\"CodeMirror\" data-setting='{\"mode\":\"javascript\",\"mime\":\"application\/json\",\"theme\":\"dracula\",\"lineNumbers\":false,\"lineWrapping\":false,\"styleActiveLine\":false,\"readOnly\":true,\"align\":\"\"}'>{\n    \"code\": 422,\n    \"message\": \"Validation failed, see 'fieldValidationErrors' for more details\",\n    \"field_validation_errors\": [\n        {\n            \"field\": \"objectId\",\n            \"reason\": \"must not be empty\",\n            \"rejected_value\": \"&lt;null value&gt;\"\n        },\n        {\n            \"field\": \"driverId\",\n            \"reason\": \"must not be empty\",\n            \"rejected_value\": \"&lt;null value&gt;\"\n        },\n        {\n            \"field\": \"eventType\",\n            \"reason\": \"must not be null\",\n            \"rejected_value\": \"&lt;null value&gt;\"\n        }\n    ]\n}<\/pre>\n<\/div>\n<div class=\"wp-block-codemirror-blocks code-block \">\n<pre class=\"CodeMirror\" data-setting='{\"mode\":\"javascript\",\"mime\":\"application\/json\",\"theme\":\"dracula\",\"lineNumbers\":false,\"lineWrapping\":false,\"styleActiveLine\":false,\"readOnly\":true,\"align\":\"\"}'>{\n    \"code\": 400,\n    \"message\": \"Please provide valid driver assignation event type START|STOP\"\n}<\/pre>\n<\/div>\n<div class=\"wp-block-codemirror-blocks code-block \">\n<pre class=\"CodeMirror\" data-setting='{\"mode\":\"javascript\",\"mime\":\"application\/json\",\"theme\":\"dracula\",\"lineNumbers\":false,\"lineWrapping\":false,\"styleActiveLine\":false,\"readOnly\":true,\"align\":\"\"}'>{\n    \"code\": 400,\n    \"message\": \"Invalid format: \\\"1993 05 04\\\" is malformed at \\\" 05 04\\\"\"\n}<\/pre>\n<\/div>\n<div class=\"wp-block-codemirror-blocks code-block \">\n<pre class=\"CodeMirror\" data-setting='{\"mode\":\"javascript\",\"mime\":\"application\/json\",\"theme\":\"dracula\",\"lineNumbers\":false,\"lineWrapping\":false,\"styleActiveLine\":false,\"readOnly\":true,\"align\":\"\"}'>{\n    \"code\": 404,\n    \"message\": \"Object with id 7bf8990c-dba6-11e9-bdfc-1ff21de66015asdasdasdasdasdadas not found\"\n}<\/pre>\n<\/div>\n<div class=\"wp-block-codemirror-blocks code-block \">\n<pre class=\"CodeMirror\" data-setting='{\"mode\":\"javascript\",\"mime\":\"application\/json\",\"theme\":\"dracula\",\"lineNumbers\":false,\"lineWrapping\":false,\"styleActiveLine\":false,\"readOnly\":true,\"align\":\"\"}'>{\n    \"code\": 404,\n    \"message\": \"Driver with id 240afea1-84ae-43ec-8139-f13casfa2f3094 not found\"\n}<\/pre>\n<\/div>\n<\/div>\n<\/div>\n<div><\/div>\n<div class=\"table-wrap\">\n<table id=\"tablepress-197\" class=\"tablepress tablepress-id-197\">\n<thead>\n<tr class=\"row-1\">\n\t<th class=\"column-1\">Parameter<\/th><th class=\"column-2\">Description<\/th>\n<\/tr>\n<\/thead>\n<tbody>\n<tr class=\"row-2\">\n\t<td class=\"column-1\">code<\/td><td class=\"column-2\">Error code<br \/>\n400 - server cannot or will not process the request due to an apparent client error;<br \/>\n404 - requested resource could not be found but may be available in the future;<\/td>\n<\/tr>\n<tr class=\"row-3\">\n\t<td class=\"column-1\">message<\/td><td class=\"column-2\">Error code message<\/td>\n<\/tr>\n<\/tbody>\n<\/table>\n<!-- #tablepress-197 from cache --><\/div>\n<h4 id=\"DriverassignationsAPI-2.2.GetlastAssignation\">2.2. Preuzmi zadnji zadatak<br \/>\n 2.2.1. Zahtjev od strane ObjectID-a <\/h4>\n<div class=\"wp-block-codemirror-blocks code-block \">\n<pre class=\"CodeMirror\" data-setting='{\"mode\":\"javascript\",\"mime\":\"application\/json\",\"theme\":\"dracula\",\"lineNumbers\":false,\"lineWrapping\":false,\"styleActiveLine\":false,\"readOnly\":true,\"align\":\"\"}'>GET \/driver\/assignations\/last?version=1&amp;byObjectId={objectId}&amp;api_key=&lt;...&gt;\nHOST: api.fm-track.com\nContent-Type: application\/json;charset=UTF-8<\/pre>\n<\/div>\n<h4 id=\"DriverassignationsAPI-2.2.2.ExamplebyObjectID\">2.2.2. Primjer byObjectID<\/h4>\n<div class=\"code panel pdl conf-macro output-block\" data-hasbody=\"true\" data-macro-name=\"code\" data-macro-id=\"eea94db5-a61d-4495-836c-2b490ddacd06\">\n<div class=\"codeContent panelContent pdl\">\n<div id=\"highlighter_161793\" class=\"syntaxhighlighter sh-rdark js\">\n<div class=\"wp-block-codemirror-blocks code-block \">\n<pre class=\"CodeMirror\" data-setting='{\"mode\":\"javascript\",\"mime\":\"application\/json\",\"theme\":\"dracula\",\"lineNumbers\":false,\"lineWrapping\":false,\"styleActiveLine\":false,\"readOnly\":true,\"align\":\"\"}'>GET \/driver\/assignations\/last?version=1&amp;byObjectId=7bf8990c-dba6-11e9-bdfc-1ff21de66015&amp;api_key=L6fwb1xODwA95qF7ybXJ4S2cSM49h1Wj\nHOST: api.fm-track.com\nContent-Type: application\/json;charset=UTF-8<\/pre>\n<\/div>\n<\/div>\n<\/div>\n<\/div>\n<h4 id=\"DriverassignationsAPI-2.2.3.RequestbyDriverId\">2.2.3. Zahtjev <span class=\"legacy-color-text-blue3\">od strane ID-a voza\u010da<\/span><\/h4>\n<div class=\"wp-block-codemirror-blocks code-block \">\n<pre class=\"CodeMirror\" data-setting='{\"mode\":\"javascript\",\"mime\":\"application\/json\",\"theme\":\"dracula\",\"lineNumbers\":false,\"lineWrapping\":false,\"styleActiveLine\":false,\"readOnly\":true,\"align\":\"\"}'>GET \/driver\/assignations\/last?version=1&amp;byDriverId={driverId}&amp;api_key=&lt;...&gt;\nHOST: api.fm-track.com\nContent-Type: application\/json;charset=UTF-8<\/pre>\n<\/div>\n<h4 id=\"DriverassignationsAPI-2.2.4.ExamplebyDriverId\">2.2.4. Primjer <span class=\"legacy-color-text-blue3\">byDriverId<\/span><\/h4>\n<div class=\"code panel pdl conf-macro output-block\" data-hasbody=\"true\" data-macro-name=\"code\" data-macro-id=\"d5aae59f-d753-4438-aa81-eca3e86fb381\">\n<div class=\"codeContent panelContent pdl\">\n<div id=\"highlighter_523243\" class=\"syntaxhighlighter sh-rdark js\">\n<div class=\"wp-block-codemirror-blocks code-block \">\n<pre class=\"CodeMirror\" data-setting='{\"mode\":\"javascript\",\"mime\":\"application\/json\",\"theme\":\"dracula\",\"lineNumbers\":false,\"lineWrapping\":false,\"styleActiveLine\":false,\"readOnly\":true,\"align\":\"\"}'>GET \/driver\/assignations\/last?version=1&amp;byDriverId=240afea1-84ae-43ec-8139-f13cfa2f3094&amp;api_key=L6fwb1xODwA95qF7ybXJ4S2cSM49h1Wj\nHOST: api.fm-track.com\nContent-Type: application\/json;charset=UTF-8<\/pre>\n<\/div>\n<\/div>\n<\/div>\n<\/div>\n<p>&nbsp;<\/p>\n\n<table id=\"tablepress-198\" class=\"tablepress tablepress-id-198\">\n<thead>\n<tr class=\"row-1\">\n\t<th class=\"column-1\">&nbsp;<\/th><th class=\"column-2\">Parameter<\/th><th class=\"column-3\">Type<\/th><th class=\"column-4\">Description<\/th><th class=\"column-5\">Is required<\/th><th class=\"column-6\">Validation<\/th>\n<\/tr>\n<\/thead>\n<tbody>\n<tr class=\"row-2\">\n\t<td class=\"column-1\">1<\/td><td class=\"column-2\">version<\/td><td class=\"column-3\">string<\/td><td class=\"column-4\">Version of API<\/td><td class=\"column-5\">+<\/td><td class=\"column-6\"><\/td>\n<\/tr>\n<tr class=\"row-3\">\n\t<td class=\"column-1\">2<\/td><td class=\"column-2\">api_key<\/td><td class=\"column-3\">string<\/td><td class=\"column-4\">User identification key<\/td><td class=\"column-5\">+<\/td><td class=\"column-6\"><\/td>\n<\/tr>\n<tr class=\"row-4\">\n\t<td class=\"column-1\">3<\/td><td class=\"column-2\">byDriverId<\/td><td class=\"column-3\">string<\/td><td class=\"column-4\">Driver identifier, External driver ID<\/td><td class=\"column-5\">+<\/td><td class=\"column-6\">Either byDriverId or byObjectId is required<\/td>\n<\/tr>\n<tr class=\"row-5\">\n\t<td class=\"column-1\">4<\/td><td class=\"column-2\">byObjectId<\/td><td class=\"column-3\">string<\/td><td class=\"column-4\">Object identifier, External object ID<\/td><td class=\"column-5\">+<\/td><td class=\"column-6\">Either byDriverId or byObjectId is required<\/td>\n<\/tr>\n<\/tbody>\n<\/table>\n<!-- #tablepress-198 from cache -->\n<h4 id=\"DriverassignationsAPI-2.2.5.Responseforcorrectrequest\">2.2.5. Odgovor na ispravan zahtjev<span style=\"font-size: 17px; font-weight: 400;\"> <\/span><\/h4>\n<div class=\"code panel pdl conf-macro output-block\" data-hasbody=\"true\" data-macro-name=\"code\" data-macro-id=\"b53c279e-3c77-4892-87eb-da17ca526203\">\n<div class=\"codeContent panelContent pdl\">\n<div id=\"highlighter_981184\" class=\"syntaxhighlighter sh-rdark js\">\n<div class=\"wp-block-codemirror-blocks code-block \">\n<pre class=\"CodeMirror\" data-setting='{\"mode\":\"javascript\",\"mime\":\"application\/json\",\"theme\":\"dracula\",\"lineNumbers\":false,\"lineWrapping\":false,\"styleActiveLine\":false,\"readOnly\":true,\"align\":\"\"}'>{\n    \"object_id\":\"7bf8990c-dba6-11e9-bdfc-1ff21de66015\",\n    \"driver_id\":\"240afea1-84ae-43ec-8139-f13cfa2f3094\",\n    \"event_type\":\"STOP\",\n    \"datetime\":\"2021-07-01T08:50:28.893Z\"\n}<\/pre>\n<\/div>\n<\/div>\n<\/div>\n<\/div>\n<p>&nbsp;<\/p>\n\n<table id=\"tablepress-199\" class=\"tablepress tablepress-id-199\">\n<thead>\n<tr class=\"row-1\">\n\t<th class=\"column-1\">&nbsp;<\/th><th class=\"column-2\">Parameter<\/th><th class=\"column-3\">Type<\/th><th class=\"column-4\">Description<\/th>\n<\/tr>\n<\/thead>\n<tbody>\n<tr class=\"row-2\">\n\t<td class=\"column-1\">1<\/td><td class=\"column-2\">driver_id<\/td><td class=\"column-3\">string<\/td><td class=\"column-4\">Driver identifier, External driver ID<\/td>\n<\/tr>\n<tr class=\"row-3\">\n\t<td class=\"column-1\">2<\/td><td class=\"column-2\">object_id<\/td><td class=\"column-3\">string<\/td><td class=\"column-4\">Object identifier, External object ID<\/td>\n<\/tr>\n<tr class=\"row-4\">\n\t<td class=\"column-1\">3<\/td><td class=\"column-2\">event_type<\/td><td class=\"column-3\">string<\/td><td class=\"column-4\">Event type<\/td>\n<\/tr>\n<tr class=\"row-5\">\n\t<td class=\"column-1\">4<\/td><td class=\"column-2\">datetime<\/td><td class=\"column-3\">string<\/td><td class=\"column-4\">Datetime of START or STOP event<\/td>\n<\/tr>\n<\/tbody>\n<\/table>\n<!-- #tablepress-199 from cache -->\n<h4 id=\"DriverassignationsAPI-2.2.6.Responsesforincorrectrequest\">2.2.6. Odgovori za neto\u010dan zahtjev<span style=\"font-size: 17px; font-weight: 400;\"> <\/span><\/h4>\n<div class=\"code panel pdl conf-macro output-block\" data-hasbody=\"true\" data-macro-name=\"code\" data-macro-id=\"316baf42-47a7-463f-b5c9-ce99ff20921e\">\n<div class=\"codeContent panelContent pdl\">\n<div id=\"highlighter_194350\" class=\"syntaxhighlighter sh-rdark js\">\n<div class=\"wp-block-codemirror-blocks code-block \">\n<pre class=\"CodeMirror\" data-setting='{\"mode\":\"javascript\",\"mime\":\"application\/json\",\"theme\":\"dracula\",\"lineNumbers\":false,\"lineWrapping\":false,\"styleActiveLine\":false,\"readOnly\":true,\"align\":\"\"}'>{\n    \"code\": 400,\n    \"message\": \"No query parameters were provided. Provide query parameters byDriverId or byObjectId\"\n}<\/pre>\n<\/div>\n<div class=\"wp-block-codemirror-blocks code-block \">\n<pre class=\"CodeMirror\" data-setting='{\"mode\":\"javascript\",\"mime\":\"application\/json\",\"theme\":\"dracula\",\"lineNumbers\":false,\"lineWrapping\":false,\"styleActiveLine\":false,\"readOnly\":true,\"align\":\"\"}'>{\n    \"code\": 404,\n    \"message\": \"Driver assignation event by driver id 8200f935-4970-43e3-8ab2-220c7f6463f4 not found\"\n}<\/pre>\n<\/div>\n<div class=\"wp-block-codemirror-blocks code-block \">\n<pre class=\"CodeMirror\" data-setting='{\"mode\":\"javascript\",\"mime\":\"application\/json\",\"theme\":\"dracula\",\"lineNumbers\":false,\"lineWrapping\":false,\"styleActiveLine\":false,\"readOnly\":true,\"align\":\"\"}'>{\n    \"code\": 404,\n    \"message\": \"Driver with id 240afea1-84ae-43ec-8139-f13cfa2f3a094 not found\"\n}<\/pre>\n<\/div>\n<div class=\"wp-block-codemirror-blocks code-block \">\n<pre class=\"CodeMirror\" data-setting='{\"mode\":\"javascript\",\"mime\":\"application\/json\",\"theme\":\"dracula\",\"lineNumbers\":false,\"lineWrapping\":false,\"styleActiveLine\":false,\"readOnly\":true,\"align\":\"\"}'>{\n    \"code\": 404,\n    \"message\": \"Object with id 7bf8990c-dba6-11de9-bdfc-1ff21de66015 not found\"\n}<\/pre>\n<\/div>\n<\/div>\n<\/div>\n<\/div>\n<div><\/div>\n<div class=\"table-wrap\">\n<table id=\"tablepress-200\" class=\"tablepress tablepress-id-200\">\n<thead>\n<tr class=\"row-1\">\n\t<th class=\"column-1\">Parameter<\/th><th class=\"column-2\">Description<\/th>\n<\/tr>\n<\/thead>\n<tbody>\n<tr class=\"row-2\">\n\t<td class=\"column-1\">code<\/td><td class=\"column-2\">Error code<br \/>\n400 - server cannot or will not process the request due to an apparent client error;<br \/>\n404 - requested resource could not be found but may be available in the future;<\/td>\n<\/tr>\n<tr class=\"row-3\">\n\t<td class=\"column-1\">message<\/td><td class=\"column-2\">Error code message<\/td>\n<\/tr>\n<\/tbody>\n<\/table>\n<!-- #tablepress-200 from cache --><\/div>\n","protected":false},"excerpt":{"rendered":"<p>1. Opis API za dodjeljivanje voza\u010da koristi se za dodjeljivanje voza\u010da objektima (vozilima). To omogu\u0107uje web korisnicima koji su generirali svoj API klju\u010d da kreiraju dodjele voza\u010da ili dobiju najnovije dodjele pomo\u0107u API poziva. 2. Verzija API-ja 1 2.1. Izradi zadatak 2.1.1. Zahtjev s datumom i vremenom POST \/driver\/assignations?version=1&amp;api_key=&lt;&#8230;&gt; HOST: api.fm-track.com Content-Type: application\/json;charset=UTF-8 BODY: { &hellip; <a href=\"https:\/\/www.fmsdocumentation.com\/hr\/apis\/api-za-dodjelu-vozaca\/\" class=\"more-link\">Continue reading <span class=\"screen-reader-text\">API za dodjelu voza\u010da<\/span><\/a><\/p>\n","protected":false},"author":19,"featured_media":0,"parent":15069,"menu_order":15,"comment_status":"closed","ping_status":"closed","template":"","meta":{"footnotes":""},"class_list":["post-14655","page","type-page","status-publish","hentry"],"_links":{"self":[{"href":"https:\/\/www.fmsdocumentation.com\/hr\/wp-json\/wp\/v2\/pages\/14655","targetHints":{"allow":["GET"]}}],"collection":[{"href":"https:\/\/www.fmsdocumentation.com\/hr\/wp-json\/wp\/v2\/pages"}],"about":[{"href":"https:\/\/www.fmsdocumentation.com\/hr\/wp-json\/wp\/v2\/types\/page"}],"author":[{"embeddable":true,"href":"https:\/\/www.fmsdocumentation.com\/hr\/wp-json\/wp\/v2\/users\/19"}],"replies":[{"embeddable":true,"href":"https:\/\/www.fmsdocumentation.com\/hr\/wp-json\/wp\/v2\/comments?post=14655"}],"version-history":[{"count":1,"href":"https:\/\/www.fmsdocumentation.com\/hr\/wp-json\/wp\/v2\/pages\/14655\/revisions"}],"predecessor-version":[{"id":15108,"href":"https:\/\/www.fmsdocumentation.com\/hr\/wp-json\/wp\/v2\/pages\/14655\/revisions\/15108"}],"up":[{"embeddable":true,"href":"https:\/\/www.fmsdocumentation.com\/hr\/wp-json\/wp\/v2\/pages\/15069"}],"wp:attachment":[{"href":"https:\/\/www.fmsdocumentation.com\/hr\/wp-json\/wp\/v2\/media?parent=14655"}],"curies":[{"name":"wp","href":"https:\/\/api.w.org\/{rel}","templated":true}]}}