{"id":14668,"date":"2025-05-29T13:24:20","date_gmt":"2025-05-29T10:24:20","guid":{"rendered":"https:\/\/www.fmsdocumentation.com\/aplikacija-za-putovanje\/"},"modified":"2025-05-29T13:24:20","modified_gmt":"2025-05-29T10:24:20","slug":"aplikacija-za-putovanje","status":"publish","type":"page","link":"https:\/\/www.fmsdocumentation.com\/hr\/aplikacija-za-putovanje\/","title":{"rendered":"Aplikacija za putovanje"},"content":{"rendered":"\n<h1 class=\"wp-block-heading\" id=\"Main-information\">Glavne informacije<\/h1>\n\n<p>Aplikacija Journey je alat za voza\u010da koji mu omogu\u0107uje dodjeljivanje vozila, upravljanje vrstama putovanja, ispunjavanje izvje\u0161\u0107a o pregledu i provjeru povijesti putovanja. Voza\u010d mo\u017ee provjeriti sa\u017eetak svojih putovanja. Voza\u010d mo\u017ee pratiti broj prije\u0111enih kilometara za privatna putovanja, \u0161to je vrlo va\u017eno za poreze.  <\/p>\n\n<p>Nema potrebe za instaliranjem i kupnjom dodatnog hardvera (ibutton, RFID kartice, \u010dita\u010di), dodjeljivanje voza\u010da mo\u017ee se obaviti od strane voza\u010da na njegovom telefonu.<\/p>\n\n<p>Aplikacija Journey mo\u017ee se koristiti na bilo kojem ure\u0111aju (ra\u010dunalo, tablet, mobilni telefon). Aplikacija Journey mo\u017ee se instalirati kao zasebna aplikacija ili joj se mo\u017ee pristupiti putem web preglednika. <\/p>\n\n<h2 class=\"wp-block-heading\" id=\"Journey-app-webpage\">Web stranica aplikacije Journey<\/h2>\n\n<p>Web stranica aplikacije Journey:<\/p>\n\n<p><a href=\"https:\/\/journey.fm-track.com\">https:\/\/journey.fm-track.com<\/a><\/p>\n\n<h2 class=\"wp-block-heading\" id=\"Journey-app-in-APP-and-PLAY-stores\">Aplikacija Journey u trgovinama APP i PLAY<\/h2>\n\n<p>Aplikaciju mo\u017eete prona\u0107i pomo\u0107u klju\u010dnih rije\u010di:<br\/> <em><strong>\u201ePutovanja\u201d<\/strong><\/em><\/p>\n\n<h2 class=\"wp-block-heading\" id=\"Journey-app-installation\">Instalacija aplikacije Journey<\/h2>\n\n<h2 class=\"wp-block-heading\" id=\"Android\">Android<\/h2>\n\n<p>Nakon prijave u aplikaciju za putovanje mo\u017eete je instalirati na ure\u0111aj:<br\/><\/p>\n\n<figure class=\"wp-block-image size-full\"><img loading=\"lazy\" decoding=\"async\" width=\"622\" height=\"686\" src=\"https:\/\/www.fmsdocumentation.com\/wp-content\/uploads\/2025\/05\/image-4.png\" alt=\"\" class=\"wp-image-14326\" srcset=\"https:\/\/www.fmsdocumentation.com\/wp-content\/uploads\/2025\/05\/image-4.png 622w, https:\/\/www.fmsdocumentation.com\/wp-content\/uploads\/2025\/05\/image-4-272x300.png 272w\" sizes=\"auto, (max-width: 622px) 100vw, 622px\" \/><\/figure>\n\n<h2 class=\"wp-block-heading\" id=\"IOs\">IO-ovi<\/h2>\n\n<p>U Safari pregledniku idite na <a href=\"https:\/\/journey.fm-track.com\/\">https:\/\/journey.fm-track.com\/<\/a> , pritisnite dijeljenje i pomaknite se prema dolje, pritisnite dodaj na po\u010detni zaslon:<\/p>\n\n<figure class=\"wp-block-image size-large\"><img loading=\"lazy\" decoding=\"async\" width=\"521\" height=\"1024\" src=\"https:\/\/www.fmsdocumentation.com\/wp-content\/uploads\/2025\/05\/image-5-521x1024.png\" alt=\"\" class=\"wp-image-14327\" srcset=\"https:\/\/www.fmsdocumentation.com\/wp-content\/uploads\/2025\/05\/image-5-521x1024.png 521w, https:\/\/www.fmsdocumentation.com\/wp-content\/uploads\/2025\/05\/image-5-153x300.png 153w, https:\/\/www.fmsdocumentation.com\/wp-content\/uploads\/2025\/05\/image-5.png 594w\" sizes=\"auto, (max-width: 521px) 100vw, 521px\" \/><\/figure>\n\n<h2 class=\"wp-block-heading\" id=\"Journey-app-logins\">Prijave u aplikaciju Journey<\/h2>\n\n<p>Vjerodajnice za aplikaciju Journey mogu se kreirati u modulu za voza\u010de Trust track 2:<br\/><\/p>\n\n<figure class=\"wp-block-image size-full\"><img loading=\"lazy\" decoding=\"async\" width=\"1020\" height=\"757\" src=\"https:\/\/www.fmsdocumentation.com\/wp-content\/uploads\/2025\/05\/image-7.png\" alt=\"\" class=\"wp-image-14329\" srcset=\"https:\/\/www.fmsdocumentation.com\/wp-content\/uploads\/2025\/05\/image-7.png 1020w, https:\/\/www.fmsdocumentation.com\/wp-content\/uploads\/2025\/05\/image-7-300x223.png 300w, https:\/\/www.fmsdocumentation.com\/wp-content\/uploads\/2025\/05\/image-7-768x570.png 768w\" sizes=\"auto, (max-width: 1020px) 100vw, 1020px\" \/><\/figure>\n\n<p>Kako biste omogu\u0107ili stvaranje vjerodajnica za aplikaciju za putovanja, registrirajte se za konzultacije i navedite ime klijenta i TT2 ID klijenta.<\/p>\n\n<p>Nakon unosa e-po\u0161te, voza\u010du \u0107e biti poslana pozivnica za postavljanje lozinke:<\/p>\n\n<figure class=\"wp-block-image size-full\"><img loading=\"lazy\" decoding=\"async\" width=\"977\" height=\"395\" src=\"https:\/\/www.fmsdocumentation.com\/wp-content\/uploads\/2025\/05\/image-8.png\" alt=\"\" class=\"wp-image-14330\" srcset=\"https:\/\/www.fmsdocumentation.com\/wp-content\/uploads\/2025\/05\/image-8.png 977w, https:\/\/www.fmsdocumentation.com\/wp-content\/uploads\/2025\/05\/image-8-300x121.png 300w, https:\/\/www.fmsdocumentation.com\/wp-content\/uploads\/2025\/05\/image-8-768x311.png 768w\" sizes=\"auto, (max-width: 977px) 100vw, 977px\" \/><\/figure>\n\n<h1 class=\"wp-block-heading\" id=\"Home-page\">Po\u010detna stranica<\/h1>\n\n<h2 class=\"wp-block-heading\" id=\"Assign-vehicle\">Dodijeli vozilo<\/h2>\n\n<p>Voza\u010d u aplikaciji mo\u017ee sam sebi dodijeliti vozilo:<\/p>\n\n<p><\/p>\n\n<figure class=\"wp-block-image size-full\"><img loading=\"lazy\" decoding=\"async\" width=\"615\" height=\"580\" src=\"https:\/\/www.fmsdocumentation.com\/wp-content\/uploads\/2025\/05\/image-9.png\" alt=\"\" class=\"wp-image-14331\" srcset=\"https:\/\/www.fmsdocumentation.com\/wp-content\/uploads\/2025\/05\/image-9.png 615w, https:\/\/www.fmsdocumentation.com\/wp-content\/uploads\/2025\/05\/image-9-300x283.png 300w\" sizes=\"auto, (max-width: 615px) 100vw, 615px\" \/><\/figure>\n\n<figure class=\"wp-block-image size-full\"><img loading=\"lazy\" decoding=\"async\" width=\"623\" height=\"566\" src=\"https:\/\/www.fmsdocumentation.com\/wp-content\/uploads\/2025\/05\/image-10.png\" alt=\"\" class=\"wp-image-14332\" srcset=\"https:\/\/www.fmsdocumentation.com\/wp-content\/uploads\/2025\/05\/image-10.png 623w, https:\/\/www.fmsdocumentation.com\/wp-content\/uploads\/2025\/05\/image-10-300x273.png 300w\" sizes=\"auto, (max-width: 623px) 100vw, 623px\" \/><\/figure>\n\n<figure class=\"wp-block-image size-full\"><img loading=\"lazy\" decoding=\"async\" width=\"612\" height=\"753\" src=\"https:\/\/www.fmsdocumentation.com\/wp-content\/uploads\/2025\/05\/image-11.png\" alt=\"\" class=\"wp-image-14333\" srcset=\"https:\/\/www.fmsdocumentation.com\/wp-content\/uploads\/2025\/05\/image-11.png 612w, https:\/\/www.fmsdocumentation.com\/wp-content\/uploads\/2025\/05\/image-11-244x300.png 244w\" sizes=\"auto, (max-width: 612px) 100vw, 612px\" \/><\/figure>\n\n<p>U aplikaciji Journey mo\u017ee se dodijeliti samo objekt s ru\u010dnim prepoznavanjem voza\u010da<\/p>\n\n<p>Ako je voza\u010d automatski dodijeljen vozilu, tada u aplikaciji za putovanja ne\u0107e biti mogu\u0107e promijeniti vozilo dok se voza\u010d ne odjavi:<br\/><\/p>\n\n<figure class=\"wp-block-image size-full\"><img loading=\"lazy\" decoding=\"async\" width=\"471\" height=\"534\" src=\"https:\/\/www.fmsdocumentation.com\/wp-content\/uploads\/2025\/05\/image-13.png\" alt=\"\" class=\"wp-image-14335\" srcset=\"https:\/\/www.fmsdocumentation.com\/wp-content\/uploads\/2025\/05\/image-13.png 471w, https:\/\/www.fmsdocumentation.com\/wp-content\/uploads\/2025\/05\/image-13-265x300.png 265w\" sizes=\"auto, (max-width: 471px) 100vw, 471px\" \/><\/figure>\n\n<h2 class=\"wp-block-heading\" id=\"Select-trip-type\">Odaberite vrstu putovanja<\/h2>\n\n<p>Voza\u010d u aplikaciji mo\u017ee odabrati vrstu putovanja. Tako da \u0107e sva budu\u0107a putovanja imati odabranu vrstu: <br\/><\/p>\n\n<figure class=\"wp-block-image size-full\"><img loading=\"lazy\" decoding=\"async\" width=\"604\" height=\"561\" src=\"https:\/\/www.fmsdocumentation.com\/wp-content\/uploads\/2025\/05\/image-14.png\" alt=\"\" class=\"wp-image-14336\" srcset=\"https:\/\/www.fmsdocumentation.com\/wp-content\/uploads\/2025\/05\/image-14.png 604w, https:\/\/www.fmsdocumentation.com\/wp-content\/uploads\/2025\/05\/image-14-300x279.png 300w\" sizes=\"auto, (max-width: 604px) 100vw, 604px\" \/><\/figure>\n\n<p>Samo za objekt s ru\u010dnim odabirom vrste putovanja mogu\u0107e je odabrati vrstu putovanja. Za objekt s automatskim otkrivanjem bit \u0107e vidljiva samo trenutna vrsta. <\/p>\n\n<h1 class=\"wp-block-heading\" id=\"Inspection-report\">Izvje\u0161\u0107e o inspekciji<\/h1>\n\n<p><a href=\"https:\/\/www.fmsdocumentation.com\/vehicle-inspection-report\/\">Inspection report and malfunctions | Fill questionnaire in Journey app<\/a><\/p>\n\n<h1 class=\"wp-block-heading\" id=\"History\">Povijest<\/h1>\n\n<figure class=\"wp-block-image size-full\"><img loading=\"lazy\" decoding=\"async\" width=\"495\" height=\"861\" src=\"https:\/\/www.fmsdocumentation.com\/wp-content\/uploads\/2025\/05\/image-15.png\" alt=\"\" class=\"wp-image-14337\" srcset=\"https:\/\/www.fmsdocumentation.com\/wp-content\/uploads\/2025\/05\/image-15.png 495w, https:\/\/www.fmsdocumentation.com\/wp-content\/uploads\/2025\/05\/image-15-172x300.png 172w\" sizes=\"auto, (max-width: 495px) 100vw, 495px\" \/><\/figure>\n\n<p>U kartici povijest voza\u010d \u0107e mo\u0107i provjeriti povijest svojih putovanja. Logika otkrivanja putovanja ista je kao u TT2, informacije su iste kao u izvje\u0161\u0107u o putovanjima za voza\u010da. <\/p>\n\n<p>Maksimalno razdoblje je 1 mjesec.<\/p>\n\n<ul class=\"wp-block-list\">\n<li>Sa\u017eetak sadr\u017ei ove podatke:\n<ul class=\"wp-block-list\">\n<li>Kilometra\u017ea za razdoblje &#8211; zbroj svih prije\u0111enih kilometara za odabrano razdoblje<\/li>\n\n\n\n<li>Kilometra\u017ea privatnog putovanja &#8211; zbroj svih kilometara privatnih putovanja za odabrano razdoblje<\/li>\n\n\n\n<li>Kilometra\u017ea poslovnog putovanja &#8211; zbroj svih kilometara poslovnih putovanja za odabrano razdoblje<\/li>\n\n\n\n<li>Kilometra\u017ea na poslovnom putovanju &#8211; zbroj svih kilometara na poslovnom putovanju za odabrano razdoblje<\/li>\n\n\n\n<li>Kilometra\u017ea bez putovanja &#8211; zbroj svih kilometara bez putovanja za odabrano razdoblje<\/li>\n\n\n\n<li>Radno vrijeme &#8211; zbroj trajanja vo\u017enje za odabrano razdoblje.<\/li>\n\n\n\n<li>Vrijeme zaustavljanja &#8211; zbroj svih trajanja zaustavljanja za odabrano razdoblje<\/li>\n<\/ul>\n<\/li>\n\n\n\n<li>Svako putovanje sadr\u017ei ove podatke:\n<ul class=\"wp-block-list\">\n<li>Vrijeme po\u010detka<\/li>\n\n\n\n<li>Vrijeme zavr\u0161etka<\/li>\n\n\n\n<li>Trajanje zaustavljanja<\/li>\n\n\n\n<li>Trajanje vo\u017enje<\/li>\n\n\n\n<li>Ukupno trajanje (vrijeme po\u010detka i zavr\u0161etka)<\/li>\n\n\n\n<li>Kilometra\u017ea<\/li>\n\n\n\n<li>Vrsta putovanja<\/li>\n\n\n\n<li>Bilje\u0161ke<\/li>\n\n\n\n<li>Vozilo<\/li>\n\n\n\n<li>Adrese zaustavljanja<\/li>\n\n\n\n<li>Adresa prve po\u010detne to\u010dke za odabrano razdoblje<\/li>\n<\/ul>\n<\/li>\n<\/ul>\n\n<p>Postoji mogu\u0107nost pregleda putovanja na karti, promjene vrste putovanja i dodavanja bilje\u0161ki:<br\/><\/p>\n\n<figure class=\"wp-block-image size-full\"><img loading=\"lazy\" decoding=\"async\" width=\"513\" height=\"869\" src=\"https:\/\/www.fmsdocumentation.com\/wp-content\/uploads\/2025\/05\/image-16.png\" alt=\"\" class=\"wp-image-14338\" srcset=\"https:\/\/www.fmsdocumentation.com\/wp-content\/uploads\/2025\/05\/image-16.png 513w, https:\/\/www.fmsdocumentation.com\/wp-content\/uploads\/2025\/05\/image-16-177x300.png 177w\" sizes=\"auto, (max-width: 513px) 100vw, 513px\" \/><\/figure>\n\n<h1 class=\"wp-block-heading\" id=\"Settings\">Postavke<\/h1>\n\n<figure class=\"wp-block-image size-full\"><img loading=\"lazy\" decoding=\"async\" width=\"487\" height=\"852\" src=\"https:\/\/www.fmsdocumentation.com\/wp-content\/uploads\/2025\/05\/image-17.png\" alt=\"\" class=\"wp-image-14339\" srcset=\"https:\/\/www.fmsdocumentation.com\/wp-content\/uploads\/2025\/05\/image-17.png 487w, https:\/\/www.fmsdocumentation.com\/wp-content\/uploads\/2025\/05\/image-17-171x300.png 171w\" sizes=\"auto, (max-width: 487px) 100vw, 487px\" \/><\/figure>\n\n<p>U postavkama mo\u017eete prona\u0107i ime i prezime voza\u010da te <s>e-mail<\/s> . Postoji i gumb za odjavu. <\/p>\n","protected":false},"excerpt":{"rendered":"<p>Glavne informacije Aplikacija Journey je alat za voza\u010da koji mu omogu\u0107uje dodjeljivanje vozila, upravljanje vrstama putovanja, ispunjavanje izvje\u0161\u0107a o pregledu i provjeru povijesti putovanja. Voza\u010d mo\u017ee provjeriti sa\u017eetak svojih putovanja. Voza\u010d mo\u017ee pratiti broj prije\u0111enih kilometara za privatna putovanja, \u0161to je vrlo va\u017eno za poreze. Nema potrebe za instaliranjem i kupnjom dodatnog hardvera (ibutton, RFID &hellip; <a href=\"https:\/\/www.fmsdocumentation.com\/hr\/aplikacija-za-putovanje\/\" class=\"more-link\">Continue reading <span class=\"screen-reader-text\">Aplikacija za putovanje<\/span><\/a><\/p>\n","protected":false},"author":9,"featured_media":0,"parent":0,"menu_order":140,"comment_status":"closed","ping_status":"closed","template":"","meta":{"footnotes":""},"class_list":["post-14668","page","type-page","status-publish","hentry"],"_links":{"self":[{"href":"https:\/\/www.fmsdocumentation.com\/hr\/wp-json\/wp\/v2\/pages\/14668","targetHints":{"allow":["GET"]}}],"collection":[{"href":"https:\/\/www.fmsdocumentation.com\/hr\/wp-json\/wp\/v2\/pages"}],"about":[{"href":"https:\/\/www.fmsdocumentation.com\/hr\/wp-json\/wp\/v2\/types\/page"}],"author":[{"embeddable":true,"href":"https:\/\/www.fmsdocumentation.com\/hr\/wp-json\/wp\/v2\/users\/9"}],"replies":[{"embeddable":true,"href":"https:\/\/www.fmsdocumentation.com\/hr\/wp-json\/wp\/v2\/comments?post=14668"}],"version-history":[{"count":1,"href":"https:\/\/www.fmsdocumentation.com\/hr\/wp-json\/wp\/v2\/pages\/14668\/revisions"}],"predecessor-version":[{"id":14680,"href":"https:\/\/www.fmsdocumentation.com\/hr\/wp-json\/wp\/v2\/pages\/14668\/revisions\/14680"}],"wp:attachment":[{"href":"https:\/\/www.fmsdocumentation.com\/hr\/wp-json\/wp\/v2\/media?parent=14668"}],"curies":[{"name":"wp","href":"https:\/\/api.w.org\/{rel}","templated":true}]}}