{"id":14681,"date":"2025-05-29T13:24:21","date_gmt":"2025-05-29T10:24:21","guid":{"rendered":"https:\/\/www.fmsdocumentation.com\/aplikacija-za-putovanje\/pravila-o-privatnosti\/"},"modified":"2025-05-29T13:24:21","modified_gmt":"2025-05-29T10:24:21","slug":"pravila-o-privatnosti","status":"publish","type":"page","link":"https:\/\/www.fmsdocumentation.com\/hr\/aplikacija-za-putovanje\/pravila-o-privatnosti\/","title":{"rendered":"Pravila o privatnosti"},"content":{"rendered":"\n<p>28.08.2023.<br\/> Vilnius<\/p>\n\n<p>Ova pravila o privatnosti aplikacije Journey (u daljnjem tekstu \u201ePravila o privatnosti\u201d) opisuju kako prikupljamo, koristimo, otkrivamo i pohranjujemo va\u0161e osobne podatke.<\/p>\n\n<ol class=\"wp-block-list\"><li><strong>Koje vrste informacija prikupljamo o vama?<\/strong><\/li><\/ol>\n\n<ul class=\"wp-block-list\"><li>ime, prezime;<\/li><li>e-mail adresa;<\/li><li>broj mobilnog ure\u0111aja;<\/li><li>podaci o va\u0161oj lokaciji;<\/li><li>fotografije i poruke poslane putem izvje\u0161\u0107a o inspekciji.<\/li><li>vrsta putovanja i bilje\u0161ke unesene u modul povijesti<\/li><\/ul>\n\n<ol class=\"wp-block-list\" start=\"2\"><li><strong>Koja je svrha ove Politike privatnosti?<\/strong><\/li><\/ol>\n\n<ul class=\"wp-block-list\"><li>Pru\u017eiti usluge kontrole prijevoza i osigurati kvalitetu;<\/li><li>Kako bismo vam pru\u017eili korisne i relevantne informacije;<\/li><li>Za ispunjavanje ugovornih obveza;<\/li><li>U drugim slu\u010dajevima predvi\u0111enim zakonom.<\/li><li>Tako\u0111er koristimo prikupljene podatke kako bismo odgovorili na va\u0161a pitanja o va\u0161em ra\u010dunu ili vam pomogli u rje\u0161avanju problema.<\/li><li>Tako\u0111er mo\u017eemo koristiti va\u0161e podatke za interne svrhe, kao \u0161to su revizija, analiza podataka i istra\u017eivanje kako bismo pobolj\u0161ali na\u0161e proizvode, usluge, komunikaciju s klijentima i sadr\u017eaj.<\/li><\/ul>\n\n<ol class=\"wp-block-list\" start=\"3\"><li><strong>Kako pohranjujemo i \u0161titimo podatke prikupljene o vama?<\/strong><\/li><\/ol>\n\n<ul class=\"wp-block-list\"><li>Koristimo fizi\u010dke, elektroni\u010dke i proceduralne za\u0161titne mjere kako bismo za\u0161titili va\u0161e osobne podatke dok su pod na\u0161om kontrolom, ali \u010dak ni uz te za\u0161titne mjere ne postoje jamstva da va\u0161i podaci ne\u0107e biti izgubljeni, zloupotrijebljeni ili izmijenjeni.<\/li><li>Podatke \u010duvamo samo dok poslujemo ili dok to zahtijevaju va\u017ee\u0107i zakoni, propisi ili vladine naredbe. Kada odla\u017eemo osobne podatke, koristimo razumne postupke osmi\u0161ljene za njihovo brisanje ili onemogu\u0107avanje \u010ditanja (na primjer, uni\u0161tavanje dokumenata i brisanje elektroni\u010dkih medija). <\/li><\/ul>\n\n<ol class=\"wp-block-list\" start=\"4\"><li><strong>Kada dijelimo prikupljene podatke o vama?<\/strong><\/li><\/ol>\n\n<ul class=\"wp-block-list\"><li>Ne prodajemo, ne licenciramo, ne iznajmljujemo niti na drugi na\u010din ne dajemo va\u0161e osobne podatke nepovezanim tre\u0107im stranama (stranama izvan tvrtke Linqo UAB) radi marketinga svojih usluga ili proizvoda vama bez va\u0161eg pristanka. Me\u0111utim, mo\u017eemo otkriti va\u0161e podatke nepovezanim tre\u0107im stranama na sljede\u0107i na\u010din: <ul><li>Mo\u017eemo otkriti va\u0161e osobne podatke tre\u0107im stranama uz va\u0161 pristanak;<\/li><li>Mo\u017eemo otkriti podatke o korisniku ra\u010duna primarnom vlasniku ra\u010duna (strani koja je financijski odgovorna za ra\u010dun);<\/li><li>Mo\u017eemo otkriti podatke tre\u0107im stranama, dobavlja\u010dima i partnerima, koji u na\u0161e ime dovr\u0161avaju transakcije ili obavljaju usluge (na primjer, naplata, popravak);<\/li><li>Mo\u017eemo prodati, otkriti ili prenijeti podatke o vama kao dio korporativne poslovne transakcije, kao \u0161to su spajanje ili akvizicija, zajedni\u010dko ulaganje, korporativna reorganizacija, financiranje ili prodaja imovine tvrtke ili u malo vjerojatnom slu\u010daju insolventnosti, ste\u010daja ili prinudne uprave, u kojem bi se takvi podaci mogli prenijeti tre\u0107im stranama kao poslovna imovina u transakciji;<\/li><li>Mo\u017eemo otkriti osobne podatke i druge informacije o vama ako u dobroj vjeri vjerujemo da je pristup, kori\u0161tenje, o\u010duvanje ili otkrivanje takvih informacija razumno potrebno;<\/li><li>Radi ispunjavanja bilo kojeg primjenjivog zakona, propisa, pravnog postupka ili provedivog vladinog zahtjeva;<\/li><li>U vezi s tu\u017ebama, sporovima ili parnicama \u2013 na sudu ili negdje drugdje;<\/li><li>Kako bismo za\u0161titili korisnike na\u0161ih usluga i drugih prijevoznika ili pru\u017eatelja usluga od prijevarne, zlouporabe ili nezakonite upotrebe ili pretplate na takve usluge.<\/li><\/ul><\/li><\/ul>\n\n<ol class=\"wp-block-list\" start=\"5\"><li><strong>\u0160to jo\u0161 trebate znati prilikom kori\u0161tenja mobilne aplikacije?<\/strong><\/li><\/ol>\n\n<ul class=\"wp-block-list\"><li>Odgovorni ste za sigurnost svog mobilnog ure\u0111aja; stoga morate osigurati da va\u0161 mobilni ure\u0111aj ispunjava tehni\u010dke i sigurnosne preporuke.<\/li><li>Odgovorni ste za osiguravanje da ste jedina osoba koja koristi usluge mobilne aplikacije; stoga morate osigurati da tre\u0107e strane nemaju pristup va\u0161em mobilnom ure\u0111aju i va\u0161im podacima za prijavu.<\/li><li>Podaci koje ste dostavili mogu se otkriti tre\u0107im stranama samo u iznimnim slu\u010dajevima predvi\u0111enim zakonodavstvom Republike Litve.<\/li><li>Imate pravo pristupiti svojim osobnim podacima koje obra\u0111uje Linqo UAB, dobiti informacije o izvorima iz kojih su ti podaci prikupljeni, svrhama u koje se podaci obra\u0111uju te zatra\u017eiti ispravak neto\u010dnih, nepotpunih i nepreciznih osobnih podataka, kao i druga prava predvi\u0111ena Zakonom o pravnoj za\u0161titi osobnih podataka Republike Litve.<\/li><li>Kako biste osigurali sigurnost podataka koje ste dali u slu\u010daju gubitka mobilnog ure\u0111aja i\/ili njegovog davanja tre\u0107im stranama, ili ako se utvrdi da su va\u0161i podaci (uklju\u010duju\u0107i podatke za prijavu) postali poznati tre\u0107im stranama i\/ili u drugim okolnostima, gdje postoji rizik da mobilni ure\u0111aj i\/ili va\u0161e podatke mogu koristiti neovla\u0161tene tre\u0107e strane, du\u017eni ste o tome odmah obavijestiti Linqo UAB.<\/li><\/ul>\n\n<ol class=\"wp-block-list\" start=\"6\"><li><strong>A\u017euriranja Pravila o privatnosti i kontaktni podaci<\/strong><\/li><\/ol>\n\n<ul class=\"wp-block-list\"><li>Ovu Politiku privatnosti mo\u017eemo a\u017eurirati u bilo kojem trenutku kako bismo pru\u017eili a\u017euriranja ili poja\u0161njenja na\u0161ih praksi. Ako napravimo promjene, revidirat \u0107emo datum na vrhu Politike privatnosti. Ako predlo\u017eimo kori\u0161tenje osobnih podataka na bitno druga\u010diji na\u010din, obavijestit \u0107emo vas objavljivanjem obavijesti o promjenama na na\u0161oj web stranici najmanje 30 (trideset) dana prije nego \u0161to implementiramo te promjene te \u0107emo dobiti va\u0161 pristanak kako je gore navedeno za svaku bitnu promjenu u vezi s otkrivanjem osobnih podataka. Trebali biste \u010desto provjeravati ovu Politiku privatnosti za najnovije informacije i datum stupanja na snagu bilo kakvih promjena.   <\/li><li>Osiguravamo da se ova Politika privatnosti stalno revidira i obnavlja. Politika privatnosti je u skladu s relevantnim zakonodavstvom i u slu\u010daju stupanja na snagu a\u017euriranja ili novog zakonodavstva, ova Politika privatnosti \u0107e biti a\u017eurirana. <\/li><li>Ako imate bilo kakvih pitanja ili komentara o ovim Pravilima o privatnosti ili o praksama privatnosti tvrtke Linqo UAB, nazovite +37052045030 ili po\u0161aljite e-poruku na support@linqo.eu. Svoje komentare ili pitanja vezana uz privatnost mo\u017eete uputiti i na dolje navedenu adresu: <\/li><\/ul>\n\n<p>UAB \u201eLinqo\u201d<br\/> Ulica Perk\u016bnkiemio 6-1.<br\/> LT-12130 Vilnius,<br\/> Litva<\/p>\n\n<p><div class=\"alignleft\"><a href=\"https:\/\/www.fmsdocumentation.com\/hr\/aplikacija-za-putovanje\/\" title=\"Aplikacija za putovanje\"><span class=\"arrow\">\u2039 &nbsp <\/span> Aplikacija za putovanje <\/a><\/div> <\/p>\n","protected":false},"excerpt":{"rendered":"<p>28.08.2023. Vilnius Ova pravila o privatnosti aplikacije Journey (u daljnjem tekstu \u201ePravila o privatnosti\u201d) opisuju kako prikupljamo, koristimo, otkrivamo i pohranjujemo va\u0161e osobne podatke. Koje vrste informacija prikupljamo o vama? ime, prezime; e-mail adresa; broj mobilnog ure\u0111aja; podaci o va\u0161oj lokaciji; fotografije i poruke poslane putem izvje\u0161\u0107a o inspekciji. vrsta putovanja i bilje\u0161ke unesene u &hellip; <a href=\"https:\/\/www.fmsdocumentation.com\/hr\/aplikacija-za-putovanje\/pravila-o-privatnosti\/\" class=\"more-link\">Continue reading <span class=\"screen-reader-text\">Pravila o privatnosti<\/span><\/a><\/p>\n","protected":false},"author":9,"featured_media":0,"parent":14668,"menu_order":0,"comment_status":"closed","ping_status":"closed","template":"","meta":{"footnotes":""},"class_list":["post-14681","page","type-page","status-publish","hentry"],"_links":{"self":[{"href":"https:\/\/www.fmsdocumentation.com\/hr\/wp-json\/wp\/v2\/pages\/14681","targetHints":{"allow":["GET"]}}],"collection":[{"href":"https:\/\/www.fmsdocumentation.com\/hr\/wp-json\/wp\/v2\/pages"}],"about":[{"href":"https:\/\/www.fmsdocumentation.com\/hr\/wp-json\/wp\/v2\/types\/page"}],"author":[{"embeddable":true,"href":"https:\/\/www.fmsdocumentation.com\/hr\/wp-json\/wp\/v2\/users\/9"}],"replies":[{"embeddable":true,"href":"https:\/\/www.fmsdocumentation.com\/hr\/wp-json\/wp\/v2\/comments?post=14681"}],"version-history":[{"count":1,"href":"https:\/\/www.fmsdocumentation.com\/hr\/wp-json\/wp\/v2\/pages\/14681\/revisions"}],"predecessor-version":[{"id":14682,"href":"https:\/\/www.fmsdocumentation.com\/hr\/wp-json\/wp\/v2\/pages\/14681\/revisions\/14682"}],"up":[{"embeddable":true,"href":"https:\/\/www.fmsdocumentation.com\/hr\/wp-json\/wp\/v2\/pages\/14668"}],"wp:attachment":[{"href":"https:\/\/www.fmsdocumentation.com\/hr\/wp-json\/wp\/v2\/media?parent=14681"}],"curies":[{"name":"wp","href":"https:\/\/api.w.org\/{rel}","templated":true}]}}