{"id":14685,"date":"2025-05-29T13:25:45","date_gmt":"2025-05-29T10:25:45","guid":{"rendered":"https:\/\/www.fmsdocumentation.com\/api-za-upravljacke-programe-v2\/"},"modified":"2025-05-29T13:27:54","modified_gmt":"2025-05-29T10:27:54","slug":"api-za-upravljacke-programe-v2","status":"publish","type":"page","link":"https:\/\/www.fmsdocumentation.com\/hr\/apis\/api-za-upravljacke-programe-v2\/","title":{"rendered":"API za upravlja\u010dke programe v2"},"content":{"rendered":"&#13;\n<p>Glavna svrha Driver API v2 je prikaz informacija o voza\u010du. Ovaj API ima dvije vrste zahtjeva &#8211; jedan za odre\u0111eni voza\u010d i jedan za sve voza\u010de. <\/p>&#13;\n&#13;\n<h4 class=\"wp-block-heading\">Zahtjev za odre\u0111enog voza\u010da<\/h4>&#13;\n\r\n<div class=\"wp-block-codemirror-blocks-code-block code-block\">\r\n<pre class=\"CodeMirror\" data-setting=\"{&quot;mode&quot;:&quot;javascript&quot;,&quot;mime&quot;:&quot;application\/json&quot;,&quot;theme&quot;:&quot;dracula&quot;,&quot;lineNumbers&quot;:false,&quot;styleActiveLine&quot;:false,&quot;lineWrapping&quot;:false,&quot;readOnly&quot;:true,&quot;language&quot;:&quot;JSON&quot;,&quot;modeName&quot;:&quot;json&quot;}\">GET \/drivers\/{driverId}?version=2&amp;api_key=&lt;...&gt;\r\nHOST: api.fm-track.com\r\nContent-Type: application\/json;charset=UTF-8<\/pre>\r\n<\/div>\r\n&#13;\n<p>Sljede\u0107i parametri su obavezni za ovaj zahtjev:<\/p>&#13;\n&#13;\n\n<table id=\"tablepress-159\" class=\"tablepress tablepress-id-159\">\n<thead>\n<tr class=\"row-1\">\n\t<th class=\"column-1\">Parameter<\/th><th class=\"column-2\">Type<\/th><th class=\"column-3\">Description<\/th>\n<\/tr>\n<\/thead>\n<tbody class=\"row-hover\">\n<tr class=\"row-2\">\n\t<td class=\"column-1\">driverId<\/td><td class=\"column-2\">String<\/td><td class=\"column-3\">Driver identifier<\/td>\n<\/tr>\n<tr class=\"row-3\">\n\t<td class=\"column-1\">version<\/td><td class=\"column-2\">String<\/td><td class=\"column-3\">Version of the API<\/td>\n<\/tr>\n<tr class=\"row-4\">\n\t<td class=\"column-1\">api_key<\/td><td class=\"column-2\">String<\/td><td class=\"column-3\">User identification key<\/td>\n<\/tr>\n<tr class=\"row-5\">\n\t<td class=\"column-1\"><\/td><td class=\"column-2\"><\/td><td class=\"column-3\"><\/td>\n<\/tr>\n<\/tbody>\n<\/table>\n<!-- #tablepress-159 from cache -->&#13;\n&#13;\n<p>Primjer odgovora prikazan je u nastavku:<\/p>&#13;\n\r\n<div class=\"wp-block-codemirror-blocks-code-block code-block\">\r\n<pre class=\"CodeMirror\" data-setting=\"{&quot;mode&quot;:&quot;javascript&quot;,&quot;mime&quot;:&quot;application\/json&quot;,&quot;theme&quot;:&quot;dracula&quot;,&quot;lineNumbers&quot;:false,&quot;styleActiveLine&quot;:false,&quot;lineWrapping&quot;:false,&quot;readOnly&quot;:true,&quot;language&quot;:&quot;JSON&quot;,&quot;modeName&quot;:&quot;json&quot;}\">{ \r\n    \"id\": \"ABC123\",\r\n    \"first_name\": \"Driver\",\r\n    \"last_name\": null,\r\n    \"address\": \"Lithuania, Vilnius\",\r\n    \"phone\": \"+3700000000\",\r\n    \"identifiers\": [\r\n        {\r\n            \"identifier\": \"343234323432342\",\r\n            \"type\": \"DLT\"\r\n        },\r\n        {\r\n            \"identifier\": \"123456789\",\r\n            \"type\": \"TACHOGRAPH\"\r\n        },\r\n        {\r\n            \"identifier\": \"3AC64785D2FF\",\r\n            \"type\": \"WIRELESS\"\r\n        },\r\n        {\r\n            \"identifier\": \"123456789\",\r\n            \"type\": \"IBUTTON\"\r\n        }\r\n    ]\r\n}<\/pre>\r\n<\/div>\r\n\r\n<p><p class=\"note\">Bilje\u0161ka<br\/> Parametri bez vrijednosti vra\u0107aju vrijednost \u201enull\u201d.<\/p>\r\n&#13;\n<p>Parametri odgovora opisani su u sljede\u0107oj tablici:<\/p>&#13;\n\n<table id=\"tablepress-160\" class=\"tablepress tablepress-id-160\">\n<thead>\n<tr class=\"row-1\">\n\t<th class=\"column-1\">Parameter<\/th><th class=\"column-2\">Type<\/th><th class=\"column-3\">Array<\/th><th class=\"column-4\">Description<\/th><th class=\"column-5\">Units<\/th>\n<\/tr>\n<\/thead>\n<tbody>\n<tr class=\"row-2\">\n\t<td class=\"column-1\">id<\/td><td class=\"column-2\">String<\/td><td class=\"column-3\"><\/td><td class=\"column-4\">Driver identifier<\/td><td class=\"column-5\">Text<\/td>\n<\/tr>\n<tr class=\"row-3\">\n\t<td class=\"column-1\">first_name<\/td><td class=\"column-2\">String<\/td><td class=\"column-3\"><\/td><td class=\"column-4\">The driver\u2019s first name<\/td><td class=\"column-5\">Text<\/td>\n<\/tr>\n<tr class=\"row-4\">\n\t<td class=\"column-1\">last_name<\/td><td class=\"column-2\">String<\/td><td class=\"column-3\"><\/td><td class=\"column-4\">The driver\u2019s last name<\/td><td class=\"column-5\">Text<\/td>\n<\/tr>\n<tr class=\"row-5\">\n\t<td class=\"column-1\">address<\/td><td class=\"column-2\">String<\/td><td class=\"column-3\"><\/td><td class=\"column-4\">The driver's address<\/td><td class=\"column-5\">Text<\/td>\n<\/tr>\n<tr class=\"row-6\">\n\t<td class=\"column-1\">phone<\/td><td class=\"column-2\">String<\/td><td class=\"column-3\"><\/td><td class=\"column-4\">The driver's telephone number<\/td><td class=\"column-5\">Text<\/td>\n<\/tr>\n<tr class=\"row-7\">\n\t<td class=\"column-1\">identifiers<\/td><td class=\"column-2\">Array<\/td><td class=\"column-3\"><\/td><td class=\"column-4\">Container for identification codes<\/td><td class=\"column-5\"><\/td>\n<\/tr>\n<tr class=\"row-8\">\n\t<td class=\"column-1\">identifier<\/td><td class=\"column-2\">String<\/td><td class=\"column-3\">identifiers<\/td><td class=\"column-4\">Identification code<\/td><td class=\"column-5\">Text<\/td>\n<\/tr>\n<tr class=\"row-9\">\n\t<td class=\"column-1\">type<\/td><td class=\"column-2\">String<\/td><td class=\"column-3\">identifiers<\/td><td class=\"column-4\">Identification code type<br \/>\nPossible values:<br \/>\nDLT<br \/>\nTACHOGRAPH<br \/>\nWIRELESS<br \/>\nIBUTTON<\/td><td class=\"column-5\">Text<\/td>\n<\/tr>\n<\/tbody>\n<\/table>\n<!-- #tablepress-160 from cache -->\n&#13;\n<h4 class=\"wp-block-heading\">Zahtjev za sve voza\u010de<\/h4>&#13;\n\r\n<div class=\"wp-block-codemirror-blocks-code-block code-block\">\r\n<pre class=\"CodeMirror\" data-setting=\"{&quot;mode&quot;:&quot;javascript&quot;,&quot;mime&quot;:&quot;application\/json&quot;,&quot;theme&quot;:&quot;dracula&quot;,&quot;lineNumbers&quot;:false,&quot;styleActiveLine&quot;:false,&quot;lineWrapping&quot;:false,&quot;readOnly&quot;:true,&quot;language&quot;:&quot;JSON&quot;,&quot;modeName&quot;:&quot;json&quot;}\">GET \/drivers?version=2&amp;api_key=&lt;...&gt;&amp;limit=&lt;...&gt;&amp;continuation_token=&lt;...&gt;&amp;identifier_type=&lt;...&gt;&amp;identifier=&lt;...&gt;\r\nHOST: api.fm-track.com\r\nContent-Type: application\/json;charset=UTF-8<\/pre>\r\n<\/div>\r\n&#13;\n<p>Ovaj zahtjev ima sljede\u0107e parametre:<\/p>&#13;\n\n<table id=\"tablepress-161\" class=\"tablepress tablepress-id-161\">\n<thead>\n<tr class=\"row-1\">\n\t<th class=\"column-1\">Parameter<\/th><th class=\"column-2\">Type<\/th><th class=\"column-3\">Description<\/th><th class=\"column-4\">Required<\/th>\n<\/tr>\n<\/thead>\n<tbody class=\"row-hover\">\n<tr class=\"row-2\">\n\t<td class=\"column-1\">version<\/td><td class=\"column-2\">String<\/td><td class=\"column-3\">Version of the API<\/td><td class=\"column-4\">Yes<\/td>\n<\/tr>\n<tr class=\"row-3\">\n\t<td class=\"column-1\">api_key<\/td><td class=\"column-2\">String<\/td><td class=\"column-3\">User identification key<\/td><td class=\"column-4\">Yes<\/td>\n<\/tr>\n<tr class=\"row-4\">\n\t<td class=\"column-1\">limit<\/td><td class=\"column-2\">Number<\/td><td class=\"column-3\">How many drivers should be included in the response<br \/>\nDefault value: 100<br \/>\nMaximum value: 1000<\/td><td class=\"column-4\">No<\/td>\n<\/tr>\n<tr class=\"row-5\">\n\t<td class=\"column-1\">continuation_token<\/td><td class=\"column-2\">Number<\/td><td class=\"column-3\"><\/td><td class=\"column-4\">No<\/td>\n<\/tr>\n<tr class=\"row-6\">\n\t<td class=\"column-1\">identifier_type<\/td><td class=\"column-2\">String<\/td><td class=\"column-3\">Identification type, used to get specific driver data<br \/>\nPossible values:<br \/>\nDLT<br \/>\nTACHOGRAPH<br \/>\nWIRELESS<br \/>\nIBUTTON<\/td><td class=\"column-4\">No<\/td>\n<\/tr>\n<tr class=\"row-7\">\n\t<td class=\"column-1\">identifier<\/td><td class=\"column-2\">String<\/td><td class=\"column-3\">Identification code, used to get specific driver data<\/td><td class=\"column-4\">No<\/td>\n<\/tr>\n<\/tbody>\n<\/table>\n<!-- #tablepress-161 from cache -->\n&#13;\n<p>Primjer odgovora prikazan je u nastavku:<\/p>&#13;\n\r\n<div class=\"wp-block-codemirror-blocks-code-block code-block\">\r\n<pre class=\"CodeMirror\" data-setting=\"{&quot;mode&quot;:&quot;javascript&quot;,&quot;mime&quot;:&quot;application\/json&quot;,&quot;theme&quot;:&quot;dracula&quot;,&quot;lineNumbers&quot;:false,&quot;styleActiveLine&quot;:false,&quot;lineWrapping&quot;:false,&quot;readOnly&quot;:true,&quot;language&quot;:&quot;JSON&quot;,&quot;modeName&quot;:&quot;json&quot;}\">{\r\n\"count\": 100, \r\n\"continuation_token\": 123,\r\n\"items\": [\r\n    {\r\n    \"id\": \"ABC123\",\r\n    \"first_name\": \"Driver\",\r\n    \"last_name\": null,\r\n    \"address\": \"Lithuania, Vilnius\",\r\n    \"phone\": \"+3700000000\",\r\n    \"identifiers\": [\r\n        {\r\n            \"identifier\": \"343234323432342\",\r\n            \"type\": \"DLT\"\r\n        },\r\n        {\r\n            \"identifier\": \"123456789\",\r\n            \"type\": \"TACHOGRAPH\"\r\n        },\r\n        {\r\n            \"identifier\": \"3AC64785D2FF\",\r\n            \"type\": \"WIRELESS\"\r\n        },\r\n        {\r\n            \"identifier\": \"123456789\",\r\n            \"type\": \"IBUTTON\"\r\n        }\r\n    ]\r\n    },\r\n...\r\n]\r\n}<\/pre>\r\n<\/div>\r\n\r\n<p><p class=\"note\">Bilje\u0161ka<br\/> Parametri bez vrijednosti vra\u0107aju vrijednost \u201enull\u201d.<\/p>\r\n\n<table id=\"tablepress-162\" class=\"tablepress tablepress-id-162\">\n<thead>\n<tr class=\"row-1\">\n\t<th class=\"column-1\">Parameter<\/th><th class=\"column-2\">Type<\/th><th class=\"column-3\">Array<\/th><th class=\"column-4\">Description<\/th><th class=\"column-5\">Units<\/th>\n<\/tr>\n<\/thead>\n<tbody class=\"row-hover\">\n<tr class=\"row-2\">\n\t<td class=\"column-1\">count<\/td><td class=\"column-2\">Number<\/td><td class=\"column-3\"><\/td><td class=\"column-4\">How many records are included in the response<\/td><td class=\"column-5\"><\/td>\n<\/tr>\n<tr class=\"row-3\">\n\t<td class=\"column-1\">continuation_token<\/td><td class=\"column-2\">Number<\/td><td class=\"column-3\"><\/td><td class=\"column-4\">Displays from which record the data is shown if the record limit was reached<\/td><td class=\"column-5\"><\/td>\n<\/tr>\n<tr class=\"row-4\">\n\t<td class=\"column-1\">items<\/td><td class=\"column-2\">Array<\/td><td class=\"column-3\"><\/td><td class=\"column-4\">Container for all drivers<\/td><td class=\"column-5\"><\/td>\n<\/tr>\n<tr class=\"row-5\">\n\t<td class=\"column-1\">id<\/td><td class=\"column-2\">String<\/td><td class=\"column-3\">items<\/td><td class=\"column-4\">Driver identifier<\/td><td class=\"column-5\">Text<\/td>\n<\/tr>\n<tr class=\"row-6\">\n\t<td class=\"column-1\">first_name<\/td><td class=\"column-2\">String<\/td><td class=\"column-3\">items<\/td><td class=\"column-4\">The driver\u2019s first name<\/td><td class=\"column-5\">Text<\/td>\n<\/tr>\n<tr class=\"row-7\">\n\t<td class=\"column-1\">last_name<\/td><td class=\"column-2\">String<\/td><td class=\"column-3\">items<\/td><td class=\"column-4\">The driver\u2019s last name<\/td><td class=\"column-5\">Text<\/td>\n<\/tr>\n<tr class=\"row-8\">\n\t<td class=\"column-1\">address<\/td><td class=\"column-2\">String<\/td><td class=\"column-3\">items<\/td><td class=\"column-4\">The driver's address<\/td><td class=\"column-5\">Text<\/td>\n<\/tr>\n<tr class=\"row-9\">\n\t<td class=\"column-1\">phone<\/td><td class=\"column-2\">String<\/td><td class=\"column-3\">items<\/td><td class=\"column-4\">The driver's telephone number<\/td><td class=\"column-5\">Text<\/td>\n<\/tr>\n<tr class=\"row-10\">\n\t<td class=\"column-1\">identifiers<\/td><td class=\"column-2\">Array<\/td><td class=\"column-3\">items<\/td><td class=\"column-4\">Container for identification codes<\/td><td class=\"column-5\"><\/td>\n<\/tr>\n<tr class=\"row-11\">\n\t<td class=\"column-1\">identifier<\/td><td class=\"column-2\">String<\/td><td class=\"column-3\">identifiers<\/td><td class=\"column-4\">Identification code<\/td><td class=\"column-5\">Text<\/td>\n<\/tr>\n<tr class=\"row-12\">\n\t<td class=\"column-1\">type<\/td><td class=\"column-2\">String<\/td><td class=\"column-3\">identifiers<\/td><td class=\"column-4\">Identification code type<br \/>\nPossible values:<br \/>\nDLT<br \/>\nTACHOGRAPH<br \/>\nWIRELESS<br \/>\nIBUTTON<\/td><td class=\"column-5\">Text<\/td>\n<\/tr>\n<\/tbody>\n<\/table>\n<!-- #tablepress-162 from cache -->\n<hr class=\"wp-block-separator\" \/>&#13;\n<p><div class=\"alignleft\"><a href=\"https:\/\/www.fmsdocumentation.com\/hr\/apis\/api-za-upravljacke-programe\/\" title=\"API za upravlja\u010dke programe\"><span class=\"arrow\">\u2039 &nbsp <\/span> API za upravlja\u010dke programe <\/a><\/div> <div class=\"alignright\"><a href=\"https:\/\/www.fmsdocumentation.com\/hr\/apis\/api-za-upravljanje-upravljackim-programima\/\" title=\"API za upravljanje upravlja\u010dkim programima\">API za upravljanje upravlja\u010dkim programima <span class=\"arrow\"> &nbsp\u203a <\/span> <\/a><\/div><\/p>&#13;\n","protected":false},"excerpt":{"rendered":"<p>&#13; Glavna svrha Driver API v2 je prikaz informacija o voza\u010du. Ovaj API ima dvije vrste zahtjeva &#8211; jedan za odre\u0111eni voza\u010d i jedan za sve voza\u010de. &#13; &#13; Zahtjev za odre\u0111enog voza\u010da &#13; &#13; Sljede\u0107i parametri su obavezni za ovaj zahtjev: &#13; &#13; &#13; &#13; Primjer odgovora prikazan je u nastavku: &#13; Bilje\u0161ka Parametri &hellip; <a href=\"https:\/\/www.fmsdocumentation.com\/hr\/apis\/api-za-upravljacke-programe-v2\/\" class=\"more-link\">Continue reading <span class=\"screen-reader-text\">API za upravlja\u010dke programe v2<\/span><\/a><\/p>\n","protected":false},"author":5,"featured_media":0,"parent":15069,"menu_order":9,"comment_status":"closed","ping_status":"closed","template":"","meta":{"footnotes":""},"class_list":["post-14685","page","type-page","status-publish","hentry"],"_links":{"self":[{"href":"https:\/\/www.fmsdocumentation.com\/hr\/wp-json\/wp\/v2\/pages\/14685","targetHints":{"allow":["GET"]}}],"collection":[{"href":"https:\/\/www.fmsdocumentation.com\/hr\/wp-json\/wp\/v2\/pages"}],"about":[{"href":"https:\/\/www.fmsdocumentation.com\/hr\/wp-json\/wp\/v2\/types\/page"}],"author":[{"embeddable":true,"href":"https:\/\/www.fmsdocumentation.com\/hr\/wp-json\/wp\/v2\/users\/5"}],"replies":[{"embeddable":true,"href":"https:\/\/www.fmsdocumentation.com\/hr\/wp-json\/wp\/v2\/comments?post=14685"}],"version-history":[{"count":1,"href":"https:\/\/www.fmsdocumentation.com\/hr\/wp-json\/wp\/v2\/pages\/14685\/revisions"}],"predecessor-version":[{"id":14715,"href":"https:\/\/www.fmsdocumentation.com\/hr\/wp-json\/wp\/v2\/pages\/14685\/revisions\/14715"}],"up":[{"embeddable":true,"href":"https:\/\/www.fmsdocumentation.com\/hr\/wp-json\/wp\/v2\/pages\/15069"}],"wp:attachment":[{"href":"https:\/\/www.fmsdocumentation.com\/hr\/wp-json\/wp\/v2\/media?parent=14685"}],"curies":[{"name":"wp","href":"https:\/\/api.w.org\/{rel}","templated":true}]}}