{"id":14701,"date":"2025-05-29T13:25:46","date_gmt":"2025-05-29T10:25:46","guid":{"rendered":"https:\/\/www.fmsdocumentation.com\/komunikacija-s-dispecerom\/"},"modified":"2025-05-29T13:25:52","modified_gmt":"2025-05-29T10:25:52","slug":"komunikacija-s-dispecerom","status":"publish","type":"page","link":"https:\/\/www.fmsdocumentation.com\/hr\/aplikacija-ontrack-go\/komunikacija-s-dispecerom\/","title":{"rendered":"Komunikacija s dispe\u010derom"},"content":{"rendered":"&#13;\n<p>Za komunikaciju s dispe\u010derima dodirnite <strong>Chat<\/strong> i dodirnite dispe\u010dera za otvaranje razgovora.<\/p>&#13;\n&#13;\n<figure class=\"wp-block-image size-large is-resized\"><a href=\"https:\/\/www.fmsdocumentation.com\/wp-content\/uploads\/2020\/05\/413.png\"><img loading=\"lazy\" decoding=\"async\" class=\"wp-image-9065\" src=\"https:\/\/www.fmsdocumentation.com\/wp-content\/uploads\/2020\/05\/413-531x1024.png\" alt=\"\" width=\"266\" height=\"512\" srcset=\"https:\/\/www.fmsdocumentation.com\/wp-content\/uploads\/2020\/05\/413-531x1024.png 531w, https:\/\/www.fmsdocumentation.com\/wp-content\/uploads\/2020\/05\/413-156x300.png 156w, https:\/\/www.fmsdocumentation.com\/wp-content\/uploads\/2020\/05\/413-768x1480.png 768w, https:\/\/www.fmsdocumentation.com\/wp-content\/uploads\/2020\/05\/413-797x1536.png 797w, https:\/\/www.fmsdocumentation.com\/wp-content\/uploads\/2020\/05\/413-1063x2048.png 1063w, https:\/\/www.fmsdocumentation.com\/wp-content\/uploads\/2020\/05\/413.png 1080w\" sizes=\"auto, (max-width: 266px) 100vw, 266px\" \/><\/a><\/figure>&#13;\n&#13;\n<p>Tipkajte i \u0161aljite poruke kao u bilo kojoj drugoj aplikaciji za razmjenu poruka. Poslane poruke dispe\u010der mo\u017ee vidjeti u <a href=\"https:\/\/www.fmsdocumentation.com\/communications-menu\/\">izborniku Komunikacije<\/a> . <\/p>&#13;\n&#13;\n<h4 class=\"wp-block-heading\">Dodavanje priloga<\/h4>&#13;\n&#13;\n<p>Za dodavanje privitaka dodirnite ikonu datoteke u donjem lijevom kutu zaslona. Prona\u0111ite i odaberite datoteku koju \u017eelite prilo\u017eiti (koristi se zadana aplikacija za upravljanje datotekama). <\/p>&#13;\n\r\n<p><p class=\"note\">Bilje\u0161ka<br\/> Prilozi ne mogu biti ve\u0107i od 3 MB.<\/p>\r\n&#13;\n<figure class=\"wp-block-image size-large is-resized\"><a href=\"https:\/\/www.fmsdocumentation.com\/wp-content\/uploads\/2021\/01\/414.png\"><img loading=\"lazy\" decoding=\"async\" class=\"alignnone wp-image-10584 \" src=\"https:\/\/www.fmsdocumentation.com\/wp-content\/uploads\/2021\/01\/414-551x1024.png\" alt=\"\" width=\"310\" height=\"577\" srcset=\"https:\/\/www.fmsdocumentation.com\/wp-content\/uploads\/2021\/01\/414-551x1024.png 551w, https:\/\/www.fmsdocumentation.com\/wp-content\/uploads\/2021\/01\/414-161x300.png 161w, https:\/\/www.fmsdocumentation.com\/wp-content\/uploads\/2021\/01\/414-768x1428.png 768w, https:\/\/www.fmsdocumentation.com\/wp-content\/uploads\/2021\/01\/414-826x1536.png 826w, https:\/\/www.fmsdocumentation.com\/wp-content\/uploads\/2021\/01\/414.png 1080w\" sizes=\"auto, (max-width: 310px) 100vw, 310px\" \/><\/a><\/figure>&#13;\n&#13;\n<h4 class=\"wp-block-heading\">Preuzimanje privitaka<\/h4>&#13;\n&#13;\n<p>Za preuzimanje privitaka dodirnite privitak. Privitak se automatski preuzima u mapu Preuzimanja. <\/p>&#13;\n\r\n<p><p class=\"note\">Bilje\u0161ka<br\/> Trenutno nema indikacije prilikom preuzimanja datoteka. Provjerite mapu Preuzimanja nakon \u0161to dodirnete potrebnu datoteku. <\/p>\r\n&#13;\n<h4 class=\"wp-block-heading\">Snimanje slika<\/h4>&#13;\n&#13;\n<p>Postoje dva na\u010dina za snimanje slika:<\/p>&#13;\n&#13;\n<ul class=\"wp-block-list\">&#13;\n<li>Dodirom kartice <strong>Kamera<\/strong> . Nakon snimanja slike mo\u017eete je poslati izravno dispe\u010deru. Bit \u0107ete preusmjereni na karticu <strong>Zadaci<\/strong> .  <\/li>&#13;\n<li>Dodirivanje ikone kamere tijekom razgovora. Nakon snimanja slike, mo\u017eete je poslati izravno dispe\u010deru. Ostat \u0107ete na zaslonu za razgovor.  <\/li>&#13;\n<\/ul>&#13;\n&#13;\n<p>Dodirnite gumb na dnu zaslona za snimanje slike. Dodirnite ikonu munje u gornjem desnom kutu zaslona za promjenu postavki bljeskalice (bljeskalica je uklju\u010dena prema zadanim postavkama). <\/p>&#13;\n&#13;\n<figure class=\"wp-block-image is-resized\"><img loading=\"lazy\" decoding=\"async\" src=\"https:\/\/www.fmsdocumentation.com\/wp-content\/uploads\/2020\/05\/415-533x1024.png\" alt=\"Ova slika ima prazan atribut alt; naziv datoteke je 415-533x1024.png\" width=\"267\" height=\"512\"\/><\/figure>&#13;\n&#13;\n<p><div class=\"alignleft\"><a href=\"https:\/\/www.fmsdocumentation.com\/hr\/aplikacija-ontrack-go\/zadaci\/\" title=\"Zadaci\"><span class=\"arrow\">\u2039 &nbsp <\/span> Zadaci <\/a><\/div><div class=\"alignright\"><a href=\"https:\/\/www.fmsdocumentation.com\/hr\/aplikacija-ontrack-go\/izvjesce-o-pregledu-i-kvarovi\/\" title=\"Izvje\u0161\u0107e o pregledu i kvarovi\">Izvje\u0161\u0107e o pregledu i kvarovi <span class=\"arrow\"> &nbsp\u203a <\/span> <\/a><\/div><\/p>&#13;\n","protected":false},"excerpt":{"rendered":"<p>&#13; Za komunikaciju s dispe\u010derima dodirnite Chat i dodirnite dispe\u010dera za otvaranje razgovora. &#13; &#13; Tipkajte i \u0161aljite poruke kao u bilo kojoj drugoj aplikaciji za razmjenu poruka. Poslane poruke dispe\u010der mo\u017ee vidjeti u izborniku Komunikacije . &#13; &#13; Dodavanje priloga &#13; &#13; Za dodavanje privitaka dodirnite ikonu datoteke u donjem lijevom kutu zaslona. Prona\u0111ite &hellip; <a href=\"https:\/\/www.fmsdocumentation.com\/hr\/aplikacija-ontrack-go\/komunikacija-s-dispecerom\/\" class=\"more-link\">Continue reading <span class=\"screen-reader-text\">Komunikacija s dispe\u010derom<\/span><\/a><\/p>\n","protected":false},"author":5,"featured_media":0,"parent":14761,"menu_order":2,"comment_status":"closed","ping_status":"closed","template":"","meta":{"footnotes":""},"class_list":["post-14701","page","type-page","status-publish","hentry"],"_links":{"self":[{"href":"https:\/\/www.fmsdocumentation.com\/hr\/wp-json\/wp\/v2\/pages\/14701","targetHints":{"allow":["GET"]}}],"collection":[{"href":"https:\/\/www.fmsdocumentation.com\/hr\/wp-json\/wp\/v2\/pages"}],"about":[{"href":"https:\/\/www.fmsdocumentation.com\/hr\/wp-json\/wp\/v2\/types\/page"}],"author":[{"embeddable":true,"href":"https:\/\/www.fmsdocumentation.com\/hr\/wp-json\/wp\/v2\/users\/5"}],"replies":[{"embeddable":true,"href":"https:\/\/www.fmsdocumentation.com\/hr\/wp-json\/wp\/v2\/comments?post=14701"}],"version-history":[{"count":1,"href":"https:\/\/www.fmsdocumentation.com\/hr\/wp-json\/wp\/v2\/pages\/14701\/revisions"}],"predecessor-version":[{"id":14730,"href":"https:\/\/www.fmsdocumentation.com\/hr\/wp-json\/wp\/v2\/pages\/14701\/revisions\/14730"}],"up":[{"embeddable":true,"href":"https:\/\/www.fmsdocumentation.com\/hr\/wp-json\/wp\/v2\/pages\/14761"}],"wp:attachment":[{"href":"https:\/\/www.fmsdocumentation.com\/hr\/wp-json\/wp\/v2\/media?parent=14701"}],"curies":[{"name":"wp","href":"https:\/\/api.w.org\/{rel}","templated":true}]}}