{"id":14716,"date":"2025-05-29T13:25:46","date_gmt":"2025-05-29T10:25:46","guid":{"rendered":"https:\/\/www.fmsdocumentation.com\/izbornik-rutiranje-i-zadaci\/"},"modified":"2025-05-29T13:25:47","modified_gmt":"2025-05-29T10:25:47","slug":"izbornik-rutiranje-i-zadaci","status":"publish","type":"page","link":"https:\/\/www.fmsdocumentation.com\/hr\/izbornik-rutiranje-i-zadaci\/","title":{"rendered":"Izbornik Rutiranje i zadaci"},"content":{"rendered":"&#13;\n<p>Izbornik <strong>Rute i zadaci<\/strong> koristi se za planiranje ruta i njihovo pretvaranje u zadatke koji se mogu dodijeliti voza\u010dima. Za pristup izborniku <strong>Rute i zadaci<\/strong> kliknite ikonu u navigacijskoj plo\u010di kao \u0161to je prikazano na slici ispod. <\/p>&#13;\n&#13;\n<figure class=\"wp-block-image size-large\"><a href=\"https:\/\/www.fmsdocumentation.com\/wp-content\/uploads\/2021\/12\/396-1.png\"><img loading=\"lazy\" decoding=\"async\" class=\"alignnone wp-image-10915 \" src=\"https:\/\/www.fmsdocumentation.com\/wp-content\/uploads\/2021\/12\/396-1.png\" alt=\"\" width=\"1024\" height=\"388\" srcset=\"https:\/\/www.fmsdocumentation.com\/wp-content\/uploads\/2021\/12\/396-1.png 2551w, https:\/\/www.fmsdocumentation.com\/wp-content\/uploads\/2021\/12\/396-1-300x114.png 300w, https:\/\/www.fmsdocumentation.com\/wp-content\/uploads\/2021\/12\/396-1-1024x389.png 1024w, https:\/\/www.fmsdocumentation.com\/wp-content\/uploads\/2021\/12\/396-1-768x291.png 768w, https:\/\/www.fmsdocumentation.com\/wp-content\/uploads\/2021\/12\/396-1-1536x583.png 1536w, https:\/\/www.fmsdocumentation.com\/wp-content\/uploads\/2021\/12\/396-1-2048x777.png 2048w\" sizes=\"auto, (max-width: 1024px) 100vw, 1024px\" \/><\/a><\/figure>&#13;\n&#13;\n<p><div class=\"alignleft\"><a href=\"https:\/\/www.fmsdocumentation.com\/hr\/izbornik-dogadaja\/izmjene-popisa-dogadaja\/\" title=\"Izmjene popisa doga\u0111aja\"><span class=\"arrow\">\u2039 &nbsp <\/span> Izmjene popisa doga\u0111aja <\/a><\/div> <div class=\"alignright\"><a href=\"https:\/\/www.fmsdocumentation.com\/hr\/izbornik-rutiranje-i-zadaci\/izrada-putovanja\/\" title=\"Izrada putovanja\">Izrada putovanja <span class=\"arrow\"> &nbsp\u203a <\/span> <\/a><\/div><\/p>&#13;\n","protected":false},"excerpt":{"rendered":"<p>&#13; Izbornik Rute i zadaci koristi se za planiranje ruta i njihovo pretvaranje u zadatke koji se mogu dodijeliti voza\u010dima. Za pristup izborniku Rute i zadaci kliknite ikonu u navigacijskoj plo\u010di kao \u0161to je prikazano na slici ispod. &#13; &#13; &#13;<\/p>\n","protected":false},"author":5,"featured_media":0,"parent":0,"menu_order":69,"comment_status":"closed","ping_status":"closed","template":"","meta":{"footnotes":""},"class_list":["post-14716","page","type-page","status-publish","hentry"],"_links":{"self":[{"href":"https:\/\/www.fmsdocumentation.com\/hr\/wp-json\/wp\/v2\/pages\/14716","targetHints":{"allow":["GET"]}}],"collection":[{"href":"https:\/\/www.fmsdocumentation.com\/hr\/wp-json\/wp\/v2\/pages"}],"about":[{"href":"https:\/\/www.fmsdocumentation.com\/hr\/wp-json\/wp\/v2\/types\/page"}],"author":[{"embeddable":true,"href":"https:\/\/www.fmsdocumentation.com\/hr\/wp-json\/wp\/v2\/users\/5"}],"replies":[{"embeddable":true,"href":"https:\/\/www.fmsdocumentation.com\/hr\/wp-json\/wp\/v2\/comments?post=14716"}],"version-history":[{"count":1,"href":"https:\/\/www.fmsdocumentation.com\/hr\/wp-json\/wp\/v2\/pages\/14716\/revisions"}],"predecessor-version":[{"id":14735,"href":"https:\/\/www.fmsdocumentation.com\/hr\/wp-json\/wp\/v2\/pages\/14716\/revisions\/14735"}],"wp:attachment":[{"href":"https:\/\/www.fmsdocumentation.com\/hr\/wp-json\/wp\/v2\/media?parent=14716"}],"curies":[{"name":"wp","href":"https:\/\/api.w.org\/{rel}","templated":true}]}}