{"id":14761,"date":"2025-05-29T13:25:51","date_gmt":"2025-05-29T10:25:51","guid":{"rendered":"https:\/\/www.fmsdocumentation.com\/aplikacija-ontrack-go\/"},"modified":"2025-05-29T13:25:53","modified_gmt":"2025-05-29T10:25:53","slug":"aplikacija-ontrack-go","status":"publish","type":"page","link":"https:\/\/www.fmsdocumentation.com\/hr\/aplikacija-ontrack-go\/","title":{"rendered":"Aplikacija OnTrack Go"},"content":{"rendered":"&#13;\n<figure class=\"wp-block-image size-large is-resized\"><img loading=\"lazy\" decoding=\"async\" class=\"wp-image-9144\" src=\"https:\/\/www.fmsdocumentation.com\/wp-content\/uploads\/2020\/05\/Main-image-1.png\" alt=\"\" width=\"512\" height=\"250\" srcset=\"https:\/\/www.fmsdocumentation.com\/wp-content\/uploads\/2020\/05\/Main-image-1.png 1024w, https:\/\/www.fmsdocumentation.com\/wp-content\/uploads\/2020\/05\/Main-image-1-300x146.png 300w, https:\/\/www.fmsdocumentation.com\/wp-content\/uploads\/2020\/05\/Main-image-1-768x375.png 768w\" sizes=\"auto, (max-width: 512px) 100vw, 512px\" \/><\/figure>&#13;\n&#13;\n<p>Aplikacija OnTrack Go je mobilna aplikacija koja omogu\u0107uje voza\u010du komunikaciju s dispe\u010derom, razmjenu informacija i upravljanje dodijeljenim zadacima.<\/p>&#13;\n&#13;\n<p><strong>Sistemski zahtjevi<\/strong><\/p>&#13;\n&#13;\n<ul class=\"wp-block-list\">&#13;\n<li>Android 6.0 ili noviji<\/li>&#13;\n<li>Internetska veza<\/li>&#13;\n<\/ul>&#13;\n&#13;\n<p>Preuzmite aplikaciju OnTrack Go iz Appstorea ili <a href=\"https:\/\/play.google.com\/store\/apps\/details?id=apk.drivers\" target=\"_blank\" rel=\"noreferrer noopener\">Google Play trgovine<\/a><\/p>&#13;\n&#13;\n<h4 class=\"wp-block-heading\">Prvo lansiranje<\/h4>&#13;\n&#13;\n<p>Nakon prvog pokretanja aplikacije, morat \u0107ete se prijaviti i unijeti sljede\u0107e podatke za prijavu:<\/p>&#13;\n&#13;\n<ul class=\"wp-block-list\">&#13;\n<li>ID klijenta<\/li>&#13;\n<li>Korisni\u010dko ime<\/li>&#13;\n<li>Lozinka<\/li>&#13;\n<\/ul>&#13;\n&#13;\n<p>Vjerodajnice se dodjeljuju voza\u010du u <a href=\"https:\/\/www.fmsdocumentation.com\/drivers-menu\/drivers-management\/\" target=\"_blank\" rel=\"noreferrer noopener\">izborniku Voza\u010di<\/a> . Dodirnite <strong>Prijava<\/strong> nakon unosa vjerodajnica. <\/p>&#13;\n&#13;\n<p>Jezik aplikacije mo\u017eete promijeniti dodirom na naziv jezika ispod gumba <strong>Prijava<\/strong> .<\/p>&#13;\n&#13;\n<figure class=\"wp-block-image size-large is-resized\"><a href=\"https:\/\/www.fmsdocumentation.com\/wp-content\/uploads\/2020\/05\/410.png\"><img loading=\"lazy\" decoding=\"async\" class=\"wp-image-9061\" src=\"https:\/\/www.fmsdocumentation.com\/wp-content\/uploads\/2020\/05\/410-714x1024.png\" alt=\"\" width=\"357\" height=\"512\" srcset=\"https:\/\/www.fmsdocumentation.com\/wp-content\/uploads\/2020\/05\/410-714x1024.png 714w, https:\/\/www.fmsdocumentation.com\/wp-content\/uploads\/2020\/05\/410-209x300.png 209w, https:\/\/www.fmsdocumentation.com\/wp-content\/uploads\/2020\/05\/410-768x1101.png 768w, https:\/\/www.fmsdocumentation.com\/wp-content\/uploads\/2020\/05\/410-1072x1536.png 1072w, https:\/\/www.fmsdocumentation.com\/wp-content\/uploads\/2020\/05\/410.png 1080w\" sizes=\"auto, (max-width: 357px) 100vw, 357px\" \/><\/a><\/figure>&#13;\n&#13;\n<h4 class=\"wp-block-heading\">Struktura aplikacije<\/h4>&#13;\n&#13;\n<p class=\"p1\">Dostupne funkcije mogu se razlikovati ovisno o pretplatni\u010dkom planu va\u0161e tvrtke, pa \u0107ete mo\u017eda vidjeti vi\u0161e ili manje opcija.<\/p>&#13;\n&#13;\n<ul class=\"wp-block-list\">&#13;\n<li><strong>Zadaci<\/strong> &#8211; zadaci dodijeljeni voza\u010du putem izbornika Rutiranje i zadaci<\/li>&#13;\n<li><strong>Izvje\u0161\u0107e o \u0161teti<\/strong> i registracija kvara<\/li>&#13;\n<li><strong>Prekr\u0161aji<\/strong> &#8211; prema propisima EU s voza\u010dke kartice.<\/li>&#13;\n<li><strong>Taho na zahtjev<\/strong> &#8211; preuzimanje najnovijih podataka s voza\u010dke kartice na zahtjev voza\u010da<\/li>&#13;\n<li><strong>Chat<\/strong> &#8211; omogu\u0107uje voza\u010du razgovor s dispe\u010derom putem tekstualnih poruka te razmjenu datoteka i fotografija.<\/li>&#13;\n<li><strong>Rezultat ekovo\u017enje<\/strong> &#8211; Mo\u017eete pregledati svoje izvje\u0161\u0107e o ekovo\u017enji za odabrano razdoblje.<\/li>&#13;\n<li><strong>Postavke &#8211;<\/strong> razne dodatne postavke aplikacije<\/li>&#13;\n<\/ul>&#13;\n&#13;\n<p>\u00a0<\/p>&#13;\n&#13;\n<p>U izborniku <strong>Postavke<\/strong> mo\u017eete:<\/p>&#13;\n&#13;\n<ul class=\"wp-block-list\">&#13;\n<li>Upravljanje kartama \u2013 preuzmite karte zemalja u memoriju ure\u0111aja za izvanmre\u017enu upotrebu, pobolj\u0161ana kvaliteta navigacije na lokacijama sa slabom pokriveno\u0161\u0107u mre\u017ee i smanjena potro\u0161nja podataka<\/li>&#13;\n<li>Uklju\u010di no\u0107ni na\u010din rada<\/li>&#13;\n<li>Postavite jezik aplikacije<\/li>&#13;\n<li>Promijeni sustav jedinica &#8211; metri\u010dki, imperijalni UK\/US<\/li>&#13;\n<\/ul>&#13;\n","protected":false},"excerpt":{"rendered":"<p>&#13; Aplikacija OnTrack Go je mobilna aplikacija koja omogu\u0107uje voza\u010du komunikaciju s dispe\u010derom, razmjenu informacija i upravljanje dodijeljenim zadacima. &#13; &#13; Sistemski zahtjevi &#13; &#13; &#13; Android 6.0 ili noviji &#13; Internetska veza &#13; &#13; &#13; Preuzmite aplikaciju OnTrack Go iz Appstorea ili Google Play trgovine &#13; &#13; Prvo lansiranje &#13; &#13; Nakon prvog pokretanja &hellip; <a href=\"https:\/\/www.fmsdocumentation.com\/hr\/aplikacija-ontrack-go\/\" class=\"more-link\">Continue reading <span class=\"screen-reader-text\">Aplikacija OnTrack Go<\/span><\/a><\/p>\n","protected":false},"author":5,"featured_media":0,"parent":0,"menu_order":135,"comment_status":"closed","ping_status":"closed","template":"","meta":{"footnotes":""},"class_list":["post-14761","page","type-page","status-publish","hentry"],"_links":{"self":[{"href":"https:\/\/www.fmsdocumentation.com\/hr\/wp-json\/wp\/v2\/pages\/14761","targetHints":{"allow":["GET"]}}],"collection":[{"href":"https:\/\/www.fmsdocumentation.com\/hr\/wp-json\/wp\/v2\/pages"}],"about":[{"href":"https:\/\/www.fmsdocumentation.com\/hr\/wp-json\/wp\/v2\/types\/page"}],"author":[{"embeddable":true,"href":"https:\/\/www.fmsdocumentation.com\/hr\/wp-json\/wp\/v2\/users\/5"}],"replies":[{"embeddable":true,"href":"https:\/\/www.fmsdocumentation.com\/hr\/wp-json\/wp\/v2\/comments?post=14761"}],"version-history":[{"count":1,"href":"https:\/\/www.fmsdocumentation.com\/hr\/wp-json\/wp\/v2\/pages\/14761\/revisions"}],"predecessor-version":[{"id":14798,"href":"https:\/\/www.fmsdocumentation.com\/hr\/wp-json\/wp\/v2\/pages\/14761\/revisions\/14798"}],"wp:attachment":[{"href":"https:\/\/www.fmsdocumentation.com\/hr\/wp-json\/wp\/v2\/media?parent=14761"}],"curies":[{"name":"wp","href":"https:\/\/api.w.org\/{rel}","templated":true}]}}