{"id":14800,"date":"2025-05-29T13:25:55","date_gmt":"2025-05-29T10:25:55","guid":{"rendered":"https:\/\/www.fmsdocumentation.com\/api-za-upravljacke-programe\/"},"modified":"2025-05-29T13:27:54","modified_gmt":"2025-05-29T10:27:54","slug":"api-za-upravljacke-programe","status":"publish","type":"page","link":"https:\/\/www.fmsdocumentation.com\/hr\/apis\/api-za-upravljacke-programe\/","title":{"rendered":"API za upravlja\u010dke programe"},"content":{"rendered":"\n<p>Glavna svrha Driver API-ja je prikaz informacija o voza\u010du. Ovaj API ima dvije vrste zahtjeva \u2013 jedan za odre\u0111enog voza\u010da i jedan za sve voza\u010de. <\/p>\n\n<p>\n\nPrimjer zahtjeva za odre\u0111enog voza\u010da:\n\n<\/p>\n\n<p style=\"background-color: #000000; color: #bbbdc0; font-family: Lucida Console; padding-left: 10px; padding-right: 10px;\">GET \/upravlja\u010dki programi\/{driverId} ?verzija=1&#038;api_key= <...><br\/>DOMA\u0106IN: api.fm-track.com<br\/> Vrsta sadr\u017eaja: aplikacija\/json; skup znakova=UTF-8<\/p>\n\n<p>Sljede\u0107i parametar je opcionalan. Ako je uklju\u010den, zahtjev \u0107e vratiti podatke za jednog voza\u010da. Ako je izostavljen, vratit \u0107e se podaci za sve voza\u010de.  <\/p>\n\n<table id=\"tablepress-71\" class=\"tablepress tablepress-id-71\">\n<thead>\n<tr class=\"row-1\">\n\t<th class=\"column-1\">Parameter<\/th><th class=\"column-2\">Type<\/th><th class=\"column-3\">Description<\/th>\n<\/tr>\n<\/thead>\n<tbody>\n<tr class=\"row-2\">\n\t<td class=\"column-1\">driverId<\/td><td class=\"column-2\">String<\/td><td class=\"column-3\">Driver identifier<\/td>\n<\/tr>\n<\/tbody>\n<\/table>\n<!-- #tablepress-71 from cache -->\n\n<p>Da bi ovaj API radio, sljede\u0107i parametri su obavezni:<\/p>\n\n<table id=\"tablepress-72\" class=\"tablepress tablepress-id-72\">\n<thead>\n<tr class=\"row-1\">\n\t<th class=\"column-1\">Parameter<\/th><th class=\"column-2\">Type<\/th><th class=\"column-3\">Description<\/th>\n<\/tr>\n<\/thead>\n<tbody>\n<tr class=\"row-2\">\n\t<td class=\"column-1\">version<\/td><td class=\"column-2\">String<\/td><td class=\"column-3\">Version of the API, currently only version=1 is available<\/td>\n<\/tr>\n<tr class=\"row-3\">\n\t<td class=\"column-1\">api_key<\/td><td class=\"column-2\">String<\/td><td class=\"column-3\">User identification key<\/td>\n<\/tr>\n<\/tbody>\n<\/table>\n<!-- #tablepress-72 from cache -->\n\n<p>Primjer odgovora prikazan je u nastavku:<\/p>\n\n<div class=\"wp-block-codemirror-blocks-code-block code-block\"><pre class=\"CodeMirror\" data-setting=\"{&quot;mode&quot;:&quot;javascript&quot;,&quot;mime&quot;:&quot;application\/json&quot;,&quot;theme&quot;:&quot;dracula&quot;,&quot;lineNumbers&quot;:true,&quot;styleActiveLine&quot;:false,&quot;lineWrapping&quot;:false,&quot;readOnly&quot;:true,&quot;translatedWithWPMLTM&quot;:&quot;1&quot;,&quot;language&quot;:&quot;JSON&quot;,&quot;modeName&quot;:&quot;json&quot;}\">{\n  \"id\": \"string\",\n  \"first_name\": \"string\",\n  \"last_name\": \"string\"\n}<\/pre><\/div>\n\n<p>Polja odgovora koja se mogu primiti sa svakom vrstom parametra opisana su u sljede\u0107oj tablici:<\/p>\n\n<table id=\"tablepress-73\" class=\"tablepress tablepress-id-73\">\n<thead>\n<tr class=\"row-1\">\n\t<th class=\"column-1\">Parameter<\/th><th class=\"column-2\">Type<\/th><th class=\"column-3\">Description<\/th><th class=\"column-4\">Units<\/th>\n<\/tr>\n<\/thead>\n<tbody>\n<tr class=\"row-2\">\n\t<td class=\"column-1\">id<\/td><td class=\"column-2\">String<\/td><td class=\"column-3\">Driver identifier<\/td><td class=\"column-4\">Text<\/td>\n<\/tr>\n<tr class=\"row-3\">\n\t<td class=\"column-1\">first_name<\/td><td class=\"column-2\">String<\/td><td class=\"column-3\">The driver\u2019s first name<\/td><td class=\"column-4\">Text<\/td>\n<\/tr>\n<tr class=\"row-4\">\n\t<td class=\"column-1\">last_name<\/td><td class=\"column-2\">String<\/td><td class=\"column-3\">The driver\u2019s last name<\/td><td class=\"column-4\">Text<\/td>\n<\/tr>\n<\/tbody>\n<\/table>\n<!-- #tablepress-73 from cache -->\n\n<p>API krajnje to\u010dke, parametri zahtjeva i odgovori mogu se pregledati u \u201eSwaggeru\u201d putem ove poveznice: <a href=\"https:\/\/api.fm-track.com\/swagger-ui.html\">https:\/\/api.fm-track.com<\/a><\/p>\n\n<hr class=\"wp-block-separator\"\/>\n\n<p>  <div class=\"alignleft\"><a href=\"https:\/\/www.fmsdocumentation.com\/hr\/apis\/api-za-analizu-vremena-vozaca\/\" title=\"API za analizu vremena voza\u010da\"><span class=\"arrow\">\u2039 &nbsp <\/span> API za analizu vremena voza\u010da <\/a><\/div> <div class=\"alignright\"><a href=\"https:\/\/www.fmsdocumentation.com\/hr\/apis\/api-za-upravljacke-programe-v2\/\" title=\"API za upravlja\u010dke programe v2\">API za upravlja\u010dke programe v2 <span class=\"arrow\"> &nbsp\u203a <\/span> <\/a><\/div> <\/p>\n","protected":false},"excerpt":{"rendered":"<p>Glavna svrha Driver API-ja je prikaz informacija o voza\u010du. Ovaj API ima dvije vrste zahtjeva \u2013 jedan za odre\u0111enog voza\u010da i jedan za sve voza\u010de. Primjer zahtjeva za odre\u0111enog voza\u010da: GET \/upravlja\u010dki programi\/{driverId} ?verzija=1&#038;api_key= DOMA\u0106IN: api.fm-track.com Vrsta sadr\u017eaja: aplikacija\/json; skup znakova=UTF-8 Sljede\u0107i parametar je opcionalan. Ako je uklju\u010den, zahtjev \u0107e vratiti podatke za jednog voza\u010da. &hellip; <a href=\"https:\/\/www.fmsdocumentation.com\/hr\/apis\/api-za-upravljacke-programe\/\" class=\"more-link\">Continue reading <span class=\"screen-reader-text\">API za upravlja\u010dke programe<\/span><\/a><\/p>\n","protected":false},"author":5,"featured_media":0,"parent":15069,"menu_order":8,"comment_status":"closed","ping_status":"closed","template":"","meta":{"footnotes":""},"class_list":["post-14800","page","type-page","status-publish","hentry"],"_links":{"self":[{"href":"https:\/\/www.fmsdocumentation.com\/hr\/wp-json\/wp\/v2\/pages\/14800","targetHints":{"allow":["GET"]}}],"collection":[{"href":"https:\/\/www.fmsdocumentation.com\/hr\/wp-json\/wp\/v2\/pages"}],"about":[{"href":"https:\/\/www.fmsdocumentation.com\/hr\/wp-json\/wp\/v2\/types\/page"}],"author":[{"embeddable":true,"href":"https:\/\/www.fmsdocumentation.com\/hr\/wp-json\/wp\/v2\/users\/5"}],"replies":[{"embeddable":true,"href":"https:\/\/www.fmsdocumentation.com\/hr\/wp-json\/wp\/v2\/comments?post=14800"}],"version-history":[{"count":1,"href":"https:\/\/www.fmsdocumentation.com\/hr\/wp-json\/wp\/v2\/pages\/14800\/revisions"}],"predecessor-version":[{"id":14822,"href":"https:\/\/www.fmsdocumentation.com\/hr\/wp-json\/wp\/v2\/pages\/14800\/revisions\/14822"}],"up":[{"embeddable":true,"href":"https:\/\/www.fmsdocumentation.com\/hr\/wp-json\/wp\/v2\/pages\/15069"}],"wp:attachment":[{"href":"https:\/\/www.fmsdocumentation.com\/hr\/wp-json\/wp\/v2\/media?parent=14800"}],"curies":[{"name":"wp","href":"https:\/\/api.w.org\/{rel}","templated":true}]}}