{"id":14807,"date":"2025-05-29T13:25:55","date_gmt":"2025-05-29T10:25:55","guid":{"rendered":"https:\/\/www.fmsdocumentation.com\/predlosci-izvjesca\/"},"modified":"2025-05-29T13:30:42","modified_gmt":"2025-05-29T10:30:42","slug":"predlosci-izvjesca","status":"publish","type":"page","link":"https:\/\/www.fmsdocumentation.com\/hr\/izbornik-izvjesca\/predlosci-izvjesca\/","title":{"rendered":"Predlo\u0161ci izvje\u0161\u0107a"},"content":{"rendered":"<p>Predlo\u0161ci izvje\u0161\u0107a koriste se za brzo stvaranje novih izvje\u0161\u0107a, koriste\u0107i postoje\u0107e izvje\u0161\u0107e kao predlo\u017eak.<\/p>\n<hr>\n<h3>Izrada predlo\u0161ka<\/h3>\n<p>Postoje dva na\u010dina za izradu predlo\u017eaka izvje\u0161\u0107a.<\/p>\n<p><strong>Opcija 1:<\/strong> za izradu novog predlo\u0161ka izvje\u0161\u0107a, korisnik mo\u017ee stvoriti novo izvje\u0161\u0107e i kliknuti gumb \u201eSpremi kao predlo\u017eak\u201d umjesto \u201eGeneriraj\u201d.<\/p>\n<p><a href=\"https:\/\/www.fmsdocumentation.com\/wp-content\/uploads\/2018\/11\/381.png\"><img loading=\"lazy\" decoding=\"async\" class=\"alignnone wp-image-6245\" src=\"https:\/\/www.fmsdocumentation.com\/wp-content\/uploads\/2018\/11\/381-1024x148.png\" alt=\"\" width=\"750\" height=\"108\" srcset=\"https:\/\/www.fmsdocumentation.com\/wp-content\/uploads\/2018\/11\/381-1024x148.png 1024w, https:\/\/www.fmsdocumentation.com\/wp-content\/uploads\/2018\/11\/381-300x43.png 300w, https:\/\/www.fmsdocumentation.com\/wp-content\/uploads\/2018\/11\/381-768x111.png 768w, https:\/\/www.fmsdocumentation.com\/wp-content\/uploads\/2018\/11\/381.png 1860w\" sizes=\"auto, (max-width: 750px) 100vw, 750px\" \/><\/a><\/p>\n<p>Otvorit \u0107e se novi prozor \u201eSpremi kao predlo\u017eak\u201d u kojem korisnik mora nazvati novi predlo\u017eak. Za spremanje predlo\u0161ka potrebno je kliknuti gumb \u201eSpremi\u201d. Nakon spremanja predlo\u0161ka, \u200b\u200bprikazat \u0107e se poruka o uspjehu.  <\/p>\n<p><a href=\"https:\/\/www.fmsdocumentation.com\/wp-content\/uploads\/2018\/11\/382.png\"><img loading=\"lazy\" decoding=\"async\" class=\"alignnone size-full wp-image-6246\" src=\"https:\/\/www.fmsdocumentation.com\/wp-content\/uploads\/2018\/11\/382.png\" alt=\"\" width=\"750\" height=\"301\" srcset=\"https:\/\/www.fmsdocumentation.com\/wp-content\/uploads\/2018\/11\/382.png 750w, https:\/\/www.fmsdocumentation.com\/wp-content\/uploads\/2018\/11\/382-300x120.png 300w\" sizes=\"auto, (max-width: 750px) 100vw, 750px\" \/><\/a><\/p>\n<p><strong>Opcija 2:<\/strong> za izradu novog predlo\u0161ka izvje\u0161\u0107a korisnik mo\u017ee kliknuti gumb \u201eNovi predlo\u017eak\u201d na kartici \u201ePredlo\u0161ci\u201d.<\/p>\n<p><a href=\"https:\/\/www.fmsdocumentation.com\/wp-content\/uploads\/2018\/12\/385.png\"><img loading=\"lazy\" decoding=\"async\" class=\"alignnone wp-image-6751\" src=\"https:\/\/www.fmsdocumentation.com\/wp-content\/uploads\/2018\/12\/385-1024x92.png\" alt=\"\" width=\"750\" height=\"68\" srcset=\"https:\/\/www.fmsdocumentation.com\/wp-content\/uploads\/2018\/12\/385-1024x92.png 1024w, https:\/\/www.fmsdocumentation.com\/wp-content\/uploads\/2018\/12\/385-300x27.png 300w, https:\/\/www.fmsdocumentation.com\/wp-content\/uploads\/2018\/12\/385-768x69.png 768w, https:\/\/www.fmsdocumentation.com\/wp-content\/uploads\/2018\/12\/385.png 1861w\" sizes=\"auto, (max-width: 750px) 100vw, 750px\" \/><\/a><\/p>\n<p>Otvorit \u0107e se novi prozor za izradu predlo\u0161ka u kojem korisnik mo\u017ee izraditi predlo\u017eak na isti na\u010din kao i za izradu izvje\u0161\u0107a. Postoje dvije razlike: korisnik mora unijeti naziv predlo\u0161ka, \u200b\u200ba umjesto odabira odre\u0111enog datuma postoji odabir duljine razdoblja. Za spremanje predlo\u0161ka potrebno je kliknuti gumb \u201eSpremi\u201d.  <\/p>\n<p><a href=\"https:\/\/www.fmsdocumentation.com\/wp-content\/uploads\/2018\/12\/386.png\"><img loading=\"lazy\" decoding=\"async\" class=\"alignnone wp-image-6752\" src=\"https:\/\/www.fmsdocumentation.com\/wp-content\/uploads\/2018\/12\/386-1024x628.png\" alt=\"\" width=\"750\" height=\"460\" srcset=\"https:\/\/www.fmsdocumentation.com\/wp-content\/uploads\/2018\/12\/386-1024x628.png 1024w, https:\/\/www.fmsdocumentation.com\/wp-content\/uploads\/2018\/12\/386-300x184.png 300w, https:\/\/www.fmsdocumentation.com\/wp-content\/uploads\/2018\/12\/386-768x471.png 768w, https:\/\/www.fmsdocumentation.com\/wp-content\/uploads\/2018\/12\/386.png 1214w\" sizes=\"auto, (max-width: 750px) 100vw, 750px\" \/><\/a><\/p>\n<hr>\n<h3>Upravljanje predlo\u0161cima<\/h3>\n<p>Postoje\u0107im predlo\u0161cima mo\u017eete upravljati na kartici \u201ePredlo\u0161ci\u201d. Predlo\u0161ci se mogu filtrirati prema nazivu, vrsti i na \u010demu se temelje. Klikom na gumb \u201eGeneriraj izvje\u0161\u0107e\u201d otvorit \u0107e se novi prozor za izradu izvje\u0161\u0107a, sva polja i postavke bit \u0107e kopirani iz predlo\u0161ka, \u200b\u200bosim raspona datuma. Klikom na gumb \u201ePretplati se\u201d otvorit \u0107e se novi prozor za izradu pretplate, sva polja i postavke bit \u0107e kopirani iz predlo\u0161ka, \u200b\u200bosim naziva pretplate i adrese e-po\u0161te.   <\/p>\n<p>Predlo\u0161ke mo\u017eete ure\u0111ivati \u200b\u200bklikom na ikonu olovke. Predlo\u0161ke mo\u017eete duplicirati klikom na tri to\u010dke s krajnje desne strane i klikom na \u201eDupliciraj predlo\u017eak\u201d. Predlo\u0161ke mo\u017eete izbrisati ozna\u010davanjem potvrdnih okvira pored njih i klikom na \u201eIzbri\u0161i odabrano\u201d ili klikom na tri to\u010dke s krajnje desne strane i klikom na \u201eIzbri\u0161i predlo\u017eak\u201d.  <\/p>\n<p><a href=\"https:\/\/www.fmsdocumentation.com\/wp-content\/uploads\/2018\/12\/383.png\"><img loading=\"lazy\" decoding=\"async\" class=\"alignnone wp-image-6753\" src=\"https:\/\/www.fmsdocumentation.com\/wp-content\/uploads\/2018\/12\/383-1024x267.png\" alt=\"\" width=\"750\" height=\"196\" srcset=\"https:\/\/www.fmsdocumentation.com\/wp-content\/uploads\/2018\/12\/383-1024x267.png 1024w, https:\/\/www.fmsdocumentation.com\/wp-content\/uploads\/2018\/12\/383-300x78.png 300w, https:\/\/www.fmsdocumentation.com\/wp-content\/uploads\/2018\/12\/383-768x200.png 768w, https:\/\/www.fmsdocumentation.com\/wp-content\/uploads\/2018\/12\/383.png 1860w\" sizes=\"auto, (max-width: 750px) 100vw, 750px\" \/><\/a><\/p>\n<hr>\n<p><div class=\"alignleft\"><a href=\"https:\/\/www.fmsdocumentation.com\/hr\/izbornik-izvjesca\/prijavi-pretplate\/\" title=\"Prijavi pretplate\"><span class=\"arrow\">\u2039 &nbsp <\/span> Prijavi pretplate <\/a><\/div> <div class=\"alignright\"><a href=\"https:\/\/www.fmsdocumentation.com\/hr\/izbornik-izvjesca\/izvjesce-o-zemlji\/\" title=\"Izvje\u0161\u0107e o zemlji\">Izvje\u0161\u0107e o zemlji <span class=\"arrow\"> &nbsp\u203a <\/span> <\/a><\/div><\/p>\n","protected":false},"excerpt":{"rendered":"<p>Predlo\u0161ci izvje\u0161\u0107a koriste se za brzo stvaranje novih izvje\u0161\u0107a, koriste\u0107i postoje\u0107e izvje\u0161\u0107e kao predlo\u017eak. Izrada predlo\u0161ka Postoje dva na\u010dina za izradu predlo\u017eaka izvje\u0161\u0107a. Opcija 1: za izradu novog predlo\u0161ka izvje\u0161\u0107a, korisnik mo\u017ee stvoriti novo izvje\u0161\u0107e i kliknuti gumb \u201eSpremi kao predlo\u017eak\u201d umjesto \u201eGeneriraj\u201d. Otvorit \u0107e se novi prozor \u201eSpremi kao predlo\u017eak\u201d u kojem korisnik mora &hellip; <a href=\"https:\/\/www.fmsdocumentation.com\/hr\/izbornik-izvjesca\/predlosci-izvjesca\/\" class=\"more-link\">Continue reading <span class=\"screen-reader-text\">Predlo\u0161ci izvje\u0161\u0107a<\/span><\/a><\/p>\n","protected":false},"author":5,"featured_media":0,"parent":15255,"menu_order":3,"comment_status":"closed","ping_status":"closed","template":"","meta":{"footnotes":""},"class_list":["post-14807","page","type-page","status-publish","hentry"],"_links":{"self":[{"href":"https:\/\/www.fmsdocumentation.com\/hr\/wp-json\/wp\/v2\/pages\/14807","targetHints":{"allow":["GET"]}}],"collection":[{"href":"https:\/\/www.fmsdocumentation.com\/hr\/wp-json\/wp\/v2\/pages"}],"about":[{"href":"https:\/\/www.fmsdocumentation.com\/hr\/wp-json\/wp\/v2\/types\/page"}],"author":[{"embeddable":true,"href":"https:\/\/www.fmsdocumentation.com\/hr\/wp-json\/wp\/v2\/users\/5"}],"replies":[{"embeddable":true,"href":"https:\/\/www.fmsdocumentation.com\/hr\/wp-json\/wp\/v2\/comments?post=14807"}],"version-history":[{"count":1,"href":"https:\/\/www.fmsdocumentation.com\/hr\/wp-json\/wp\/v2\/pages\/14807\/revisions"}],"predecessor-version":[{"id":15311,"href":"https:\/\/www.fmsdocumentation.com\/hr\/wp-json\/wp\/v2\/pages\/14807\/revisions\/15311"}],"up":[{"embeddable":true,"href":"https:\/\/www.fmsdocumentation.com\/hr\/wp-json\/wp\/v2\/pages\/15255"}],"wp:attachment":[{"href":"https:\/\/www.fmsdocumentation.com\/hr\/wp-json\/wp\/v2\/media?parent=14807"}],"curies":[{"name":"wp","href":"https:\/\/api.w.org\/{rel}","templated":true}]}}