{"id":14817,"date":"2025-05-29T13:25:55","date_gmt":"2025-05-29T10:25:55","guid":{"rendered":"https:\/\/www.fmsdocumentation.com\/pregled-vremenske-analize\/"},"modified":"2025-06-10T11:41:36","modified_gmt":"2025-06-10T08:41:36","slug":"pregled-vremenske-analize","status":"publish","type":"page","link":"https:\/\/www.fmsdocumentation.com\/hr\/izbornik-statusa-flote\/pregled-vremenske-analize\/","title":{"rendered":"Pregled vremenske analize"},"content":{"rendered":"<p>Plo\u010da za analizu vremena omogu\u0107uje korisniku analizu vremena vo\u017enje i odmora voza\u010da koji upravljaju vozilom. Vrijeme vo\u017enje i odmora temelji se na <a href=\"https:\/\/eur-lex.europa.eu\/legal-content\/EN\/TXT\/?uri=CELEX:02006R0561-20150302\">Uredbi (EZ) br. 561\/2006 Europskog parlamenta i Vije\u0107a<\/a> i primjenjuje se <strong>samo na vozila u Europi.<\/strong> <\/p>\n<p><p class=\"note\">Bilje\u0161ka<br \/>\n Vrijeme vo\u017enje i odmora izra\u010dunava se pomo\u0107u podataka tahografa iz K-Line su\u010delja i .DDD datoteka voza\u010dke kartice. Zbog toga je plo\u010da za analizu vremena dostupna i prikazuje se samo za vozila s podacima tahografa.<\/p><\/p>\n<p>Plo\u010da Vremenska analiza prikazuje sljede\u0107e informacije:<\/p>\n<ul>\n<li>Kada je primljen zadnji zapis;<\/li>\n<li>Ime voza\u010da\/voza\u010da, status voza\u010da i trajanje;<\/li>\n<li>Broj preostalih razdoblja produ\u017eene vo\u017enje i skra\u0107enog odmora;<\/li>\n<li>Informacije o danu voza\u010da;<\/li>\n<li>Informacije o tjednu voza\u010da;<\/li>\n<li>Sa\u017eetak voza\u010devog prethodnog tjedna.<\/li>\n<\/ul>\n<p><a href=\"https:\/\/www.fmsdocumentation.com\/wp-content\/uploads\/2018\/08\/353.png\"><img loading=\"lazy\" decoding=\"async\" class=\"alignnone size-full wp-image-5732\" src=\"https:\/\/www.fmsdocumentation.com\/wp-content\/uploads\/2018\/08\/353.png\" alt=\"\" width=\"360\" height=\"889\" srcset=\"https:\/\/www.fmsdocumentation.com\/wp-content\/uploads\/2018\/08\/353.png 360w, https:\/\/www.fmsdocumentation.com\/wp-content\/uploads\/2018\/08\/353-121x300.png 121w\" sizes=\"auto, (max-width: 360px) 100vw, 360px\" \/><\/a><\/p>\n<hr>\n<h3>Jedan voza\u010d<\/h3>\n<p>Na vrhu plo\u010de prikazuje se vrijeme od primitka posljednjeg zapisa (zadnja sinkronizacija). Status voza\u010da a\u017eurira se sa svakim zapisom, stoga je va\u017eno uzeti u obzir kada je primljen posljednji zapis. Ako je voza\u010dka kartica u bilo kojem trenutku izva\u0111ena, pojavit \u0107e se poruka upozorenja koja korisnika obavje\u0161tava da \u0107e vrijeme tijekom kojeg nisu primljeni podaci biti ozna\u010deno kao vrijeme odmora. Kako bi sinkronizirao podatke, korisnik mo\u017ee preuzeti najnoviju .DDD datoteku. Preuzimanje datoteke opisano je u odjeljku <a href=\"https:\/\/www.fmsdocumentation.com\/tachograph-menu\/\">izbornika Tahograf<\/a> .<\/p>\n<p><a href=\"https:\/\/www.fmsdocumentation.com\/wp-content\/uploads\/2018\/08\/354.png\"><img loading=\"lazy\" decoding=\"async\" class=\"alignnone size-full wp-image-5733\" src=\"https:\/\/www.fmsdocumentation.com\/wp-content\/uploads\/2018\/08\/354.png\" alt=\"\" width=\"352\" height=\"172\" srcset=\"https:\/\/www.fmsdocumentation.com\/wp-content\/uploads\/2018\/08\/354.png 352w, https:\/\/www.fmsdocumentation.com\/wp-content\/uploads\/2018\/08\/354-300x147.png 300w\" sizes=\"auto, (max-width: 352px) 100vw, 352px\" \/><\/a><\/p>\n<p>Klikom na ikonu ili ime voza\u010da korisnik \u0107e biti preusmjeren na plo\u010du Voza\u010di i odabrati voza\u010da. Status voza\u010da mo\u017ee biti sljede\u0107i: <em>Miruje, Dostupan, Radi, Vozi, Gre\u0161ka, Nije dostupan<\/em> . <\/p>\n<p><p class=\"note\">Bilje\u0161ka<br \/>\n Mogu postojati razlike u trajanju statusa voza\u010da u plo\u010dama Sa\u017eetak i Analiza vremena. Analiza vremena primjenjuje pravilo \u201e1 minuta\u201d. Na primjer, ako je voza\u010d vozio, slu\u010dajno odabere status \u201eOdmor\u201d i promijeni ga u \u201eVo\u017enja\u201d unutar jedne minute, svo vrijeme proteklo od prvog odabira statusa ra\u010dunat \u0107e se kao \u201eVo\u017enja\u201d. U me\u0111uvremenu, plo\u010da Sa\u017eetak ne primjenjuje ovo pravilo i jednostavno prikazuje vrijeme od posljednje promjene statusa, a u ovom primjeru prikazivala bi samo vrijeme od promjene statusa iz \u201eOdmor\u201d u \u201eVo\u017enja\u201d.  <\/p><\/p>\n<p><a href=\"https:\/\/www.fmsdocumentation.com\/wp-content\/uploads\/2018\/08\/355.png\"><img loading=\"lazy\" decoding=\"async\" class=\"alignnone size-full wp-image-5734\" src=\"https:\/\/www.fmsdocumentation.com\/wp-content\/uploads\/2018\/08\/355.png\" alt=\"\" width=\"352\" height=\"93\" srcset=\"https:\/\/www.fmsdocumentation.com\/wp-content\/uploads\/2018\/08\/355.png 352w, https:\/\/www.fmsdocumentation.com\/wp-content\/uploads\/2018\/08\/355-300x79.png 300w\" sizes=\"auto, (max-width: 352px) 100vw, 352px\" \/><\/a><\/p>\n<p>Na desnoj strani nalaze se krugovi koji pokazuju koliko je preostalo produ\u017eenih i skra\u0107enih razdoblja odmora. Kada se razdoblje koristi za produ\u017eenu vo\u017enju ili skra\u0107eni odmor, krug svijetli. Dostupna razdoblja ozna\u010dena su sivom bojom.  <\/p>\n<p><a href=\"https:\/\/www.fmsdocumentation.com\/wp-content\/uploads\/2018\/08\/356.png\"><img loading=\"lazy\" decoding=\"async\" class=\"alignnone size-full wp-image-5735\" src=\"https:\/\/www.fmsdocumentation.com\/wp-content\/uploads\/2018\/08\/356.png\" alt=\"\" width=\"352\" height=\"93\" srcset=\"https:\/\/www.fmsdocumentation.com\/wp-content\/uploads\/2018\/08\/356.png 352w, https:\/\/www.fmsdocumentation.com\/wp-content\/uploads\/2018\/08\/356-300x79.png 300w\" sizes=\"auto, (max-width: 352px) 100vw, 352px\" \/><\/a><\/p>\n<p><strong>Dan voza\u010da<\/strong> \u2013 prikazuje informacije o danu voza\u010da. Navode se sljede\u0107e informacije: <\/p>\n<ul>\n<li>Preostalo vrijeme vo\u017enje \u2013 koliko je vremena voza\u010du preostalo za vo\u017enju ovog voza\u010dkog dana. Ovaj parametar prikazan je brojkama i trakom u boji, gdje siva boja ozna\u010dava vrijeme vo\u017enje, a plava vrijeme preostalo za vo\u017enju. Ako voza\u010du preostaju dulja razdoblja vo\u017enje, iznad trake \u0107e se prikazati \u201e(+1 h)\u201d. To zna\u010di da voza\u010d mo\u017ee voziti dodatni sat kada vi\u0161e nema preostalog vremena vo\u017enje.   <\/li>\n<li>Preko ograni\u010denja \u2013 prikazuje se umjesto \u201eLijeva vo\u017enja\u201d ako je voza\u010d vozio nakon \u0161to je isteklo vrijeme u \u201eLijeva vo\u017enja\u201d. U tom slu\u010daju, traka u boji postaje crvena i prikazuje se samo vrijeme vo\u017enje preko ograni\u010denja. <\/li>\n<li>Ve\u0107 je vozio \u2013 koliko dugo voza\u010d vozi ovog voza\u010dkog dana. Ako vrijeme vo\u017enje prelazi ograni\u010denje, prikazat \u0107e se crveni uskli\u010dnik. <\/li>\n<li>Ve\u0107 je radio \u2013 koliko dugo voza\u010d radi ovaj voza\u010dki dan. Ovo vrijeme ni na koji na\u010din NE utje\u010de na vrijeme vo\u017enje. <\/li>\n<li>Sljede\u0107i dnevni odmor \u2013 kada bi trebao zapo\u010deti dnevni odmor voza\u010da.<\/li>\n<\/ul>\n<p><a href=\"https:\/\/www.fmsdocumentation.com\/wp-content\/uploads\/2018\/06\/357.png\"><img loading=\"lazy\" decoding=\"async\" class=\"alignnone size-full wp-image-5289\" src=\"https:\/\/www.fmsdocumentation.com\/wp-content\/uploads\/2018\/06\/357.png\" alt=\"\" width=\"700\" height=\"248\" srcset=\"https:\/\/www.fmsdocumentation.com\/wp-content\/uploads\/2018\/06\/357.png 700w, https:\/\/www.fmsdocumentation.com\/wp-content\/uploads\/2018\/06\/357-300x106.png 300w\" sizes=\"auto, (max-width: 700px) 100vw, 700px\" \/><\/a><\/p>\n<p><strong>Voza\u010dev tjedan<\/strong> \u2013 prikazuje informacije o voza\u010devom tjednu. Navode se sljede\u0107e informacije: <\/p>\n<ul>\n<li>Preostalo vrijeme vo\u017enje \u2013 koliko je vremena voza\u010du preostalo za vo\u017enju ovog tjedna. Ovaj parametar prikazan je brojkama i trakom u boji, gdje siva boja ozna\u010dava vrijeme vo\u017enje, a plava preostalo vrijeme vo\u017enje. <\/li>\n<li>Preko ograni\u010denja \u2013 prikazuje se umjesto \u201eLijeva vo\u017enja\u201d ako je voza\u010d vozio nakon \u0161to je isteklo vrijeme u \u201eLijeva vo\u017enja\u201d. U tom slu\u010daju, traka u boji postaje crvena i prikazuje se samo vrijeme vo\u017enje preko ograni\u010denja. <\/li>\n<li>Ve\u0107 je vozio \u2013 koliko dugo voza\u010d vozi ovaj tjedan. Ako vrijeme vo\u017enje prelazi ograni\u010denje, prikazat \u0107e se crveni uskli\u010dnik. <\/li>\n<li>Ve\u0107 je radio \u2013 koliko dugo voza\u010d radi ovaj tjedan. Ovo vrijeme ni na koji na\u010din NE utje\u010de na vrijeme vo\u017enje. <\/li>\n<li>Sljede\u0107i tjedni odmor \u2013 kada bi trebao zapo\u010deti tjedni odmor voza\u010da.<\/li>\n<\/ul>\n<p><a href=\"https:\/\/www.fmsdocumentation.com\/wp-content\/uploads\/2018\/06\/358.png\"><img loading=\"lazy\" decoding=\"async\" class=\"alignnone size-full wp-image-5290\" src=\"https:\/\/www.fmsdocumentation.com\/wp-content\/uploads\/2018\/06\/358.png\" alt=\"\" width=\"352\" height=\"246\" srcset=\"https:\/\/www.fmsdocumentation.com\/wp-content\/uploads\/2018\/06\/358.png 352w, https:\/\/www.fmsdocumentation.com\/wp-content\/uploads\/2018\/06\/358-300x210.png 300w\" sizes=\"auto, (max-width: 352px) 100vw, 352px\" \/><\/a><\/p>\n<p><strong>Voza\u010dev prethodni tjedan<\/strong> \u2013 prikazuje informacije o voza\u010devom prethodnom tjednu. Navode se sljede\u0107e informacije: <\/p>\n<ul>\n<li>Trajanje vo\u017enje prethodnog tjedna \u2013 koliko je dugo voza\u010d vozio prethodnog tjedna;<\/li>\n<li>Trajanje odmora prethodnog tjedna \u2013 koliko se voza\u010d odmarao prethodnog tjedna.<\/li>\n<\/ul>\n<p><a href=\"https:\/\/www.fmsdocumentation.com\/wp-content\/uploads\/2018\/06\/359.png\"><img loading=\"lazy\" decoding=\"async\" class=\"alignnone size-full wp-image-5291\" src=\"https:\/\/www.fmsdocumentation.com\/wp-content\/uploads\/2018\/06\/359.png\" alt=\"\" width=\"360\" height=\"83\" srcset=\"https:\/\/www.fmsdocumentation.com\/wp-content\/uploads\/2018\/06\/359.png 360w, https:\/\/www.fmsdocumentation.com\/wp-content\/uploads\/2018\/06\/359-300x69.png 300w\" sizes=\"auto, (max-width: 360px) 100vw, 360px\" \/><\/a><\/p>\n<hr>\n<h3>Dva voza\u010da<\/h3>\n<p>Ako vozilom upravljaju dva voza\u010da, informacije prikazane na plo\u010di Analiza vremena u osnovi su iste kao i za jednog voza\u010da. Glavna razlika je u tome \u0161to se vrijeme vo\u017enje i odmora izra\u010dunava za oba voza\u010da kao posadu, a dostupna su samo produ\u017eena razdoblja odmora. <\/p>\n<p><a href=\"https:\/\/www.fmsdocumentation.com\/wp-content\/uploads\/2018\/08\/360.png\"><img loading=\"lazy\" decoding=\"async\" class=\"alignnone size-full wp-image-5736\" src=\"https:\/\/www.fmsdocumentation.com\/wp-content\/uploads\/2018\/08\/360.png\" alt=\"\" width=\"352\" height=\"153\" srcset=\"https:\/\/www.fmsdocumentation.com\/wp-content\/uploads\/2018\/08\/360.png 352w, https:\/\/www.fmsdocumentation.com\/wp-content\/uploads\/2018\/08\/360-300x130.png 300w\" sizes=\"auto, (max-width: 352px) 100vw, 352px\" \/><\/a><\/p>\n<p><p class=\"note\">Bilje\u0161ka<br \/>\n Ako jedan od voza\u010da nije na vrijeme umetnuo voza\u010dku karticu, sustav interpretira da je samo prvi voza\u010d dio posade, a drugi voza\u010d bit \u0107e siv. Svi izra\u010duni vremena vo\u017enje i odmora bit \u0107e izvr\u0161eni kao da je rije\u010d o jednom voza\u010du. <\/p><\/p>\n<p><a href=\"https:\/\/www.fmsdocumentation.com\/wp-content\/uploads\/2018\/08\/361.png\"><img loading=\"lazy\" decoding=\"async\" class=\"alignnone size-full wp-image-5737\" src=\"https:\/\/www.fmsdocumentation.com\/wp-content\/uploads\/2018\/08\/361.png\" alt=\"\" width=\"352\" height=\"121\" srcset=\"https:\/\/www.fmsdocumentation.com\/wp-content\/uploads\/2018\/08\/361.png 352w, https:\/\/www.fmsdocumentation.com\/wp-content\/uploads\/2018\/08\/361-300x103.png 300w\" sizes=\"auto, (max-width: 352px) 100vw, 352px\" \/><\/a><\/p>\n<hr>\n<h3>Dodatne informacije<\/h3>\n<p>Neki podaci vremenske analize prikazuju se i u drugim dijelovima FMS-a. Preostalo vrijeme vo\u017enje za teku\u0107i dan\/tjedan mo\u017ee se prikazati na popisu vozila odabirom parametra \u201ePreostalo za vo\u017enju danas\/ovaj tjedan\u201d. Vrijeme vo\u017enje preko ograni\u010denja prikazuje se crvenom bojom.  <\/p>\n<p><a href=\"https:\/\/www.fmsdocumentation.com\/wp-content\/uploads\/2018\/08\/367.png\"><img loading=\"lazy\" decoding=\"async\" class=\"alignnone size-full wp-image-5812\" src=\"https:\/\/www.fmsdocumentation.com\/wp-content\/uploads\/2018\/08\/367.png\" alt=\"\" width=\"711\" height=\"240\" srcset=\"https:\/\/www.fmsdocumentation.com\/wp-content\/uploads\/2018\/08\/367.png 711w, https:\/\/www.fmsdocumentation.com\/wp-content\/uploads\/2018\/08\/367-300x101.png 300w\" sizes=\"auto, (max-width: 711px) 100vw, 711px\" \/><\/a><\/p>\n<p>Stanja voza\u010da i njihova trajanja, kao i ukupno trajanje vo\u017enje, odmora i rada tako\u0111er se prikazuju u sko\u010dnom prozoru kada se pokaziva\u010d mi\u0161a zadr\u017ei iznad vozila. Zvjezdica pored trajanja trenutnog stanja zna\u010di da se pravila vremenske analize nisu primijenila za ovo stanje (vidi gornju napomenu u odjeljku \u201eJedan voza\u010d\u201d). <\/p>\n<p><a href=\"https:\/\/www.fmsdocumentation.com\/wp-content\/uploads\/2018\/08\/368.png\"><img loading=\"lazy\" decoding=\"async\" class=\"alignnone size-full wp-image-5813\" src=\"https:\/\/www.fmsdocumentation.com\/wp-content\/uploads\/2018\/08\/368.png\" alt=\"\" width=\"446\" height=\"247\" srcset=\"https:\/\/www.fmsdocumentation.com\/wp-content\/uploads\/2018\/08\/368.png 446w, https:\/\/www.fmsdocumentation.com\/wp-content\/uploads\/2018\/08\/368-300x166.png 300w\" sizes=\"auto, (max-width: 446px) 100vw, 446px\" \/><\/a><\/p>\n<hr>\n<p><div class=\"alignleft\"><a href=\"https:\/\/www.fmsdocumentation.com\/hr\/izbornik-statusa-flote\/pregled-odrzavanja\/\" title=\"Pregled odr\u017eavanja\"><span class=\"arrow\">\u2039 &nbsp <\/span> Pregled odr\u017eavanja <\/a><\/div> <div class=\"alignright\"><a href=\"https:\/\/www.fmsdocumentation.com\/hr\/izbornik-vozaca\/\" title=\"Izbornik voza\u010da\">Izbornik voza\u010da <span class=\"arrow\"> &nbsp\u203a <\/span> <\/a><\/div><\/p>\n","protected":false},"excerpt":{"rendered":"<p>Plo\u010da za analizu vremena omogu\u0107uje korisniku analizu vremena vo\u017enje i odmora voza\u010da koji upravljaju vozilom. Vrijeme vo\u017enje i odmora temelji se na Uredbi (EZ) br. 561\/2006 Europskog parlamenta i Vije\u0107a i primjenjuje se samo na vozila u Europi. Bilje\u0161ka Vrijeme vo\u017enje i odmora izra\u010dunava se pomo\u0107u podataka tahografa iz K-Line su\u010delja i .DDD datoteka voza\u010dke &hellip; <a href=\"https:\/\/www.fmsdocumentation.com\/hr\/izbornik-statusa-flote\/pregled-vremenske-analize\/\" class=\"more-link\">Continue reading <span class=\"screen-reader-text\">Pregled vremenske analize<\/span><\/a><\/p>\n","protected":false},"author":5,"featured_media":0,"parent":15569,"menu_order":7,"comment_status":"closed","ping_status":"closed","template":"","meta":{"footnotes":""},"class_list":["post-14817","page","type-page","status-publish","hentry"],"_links":{"self":[{"href":"https:\/\/www.fmsdocumentation.com\/hr\/wp-json\/wp\/v2\/pages\/14817","targetHints":{"allow":["GET"]}}],"collection":[{"href":"https:\/\/www.fmsdocumentation.com\/hr\/wp-json\/wp\/v2\/pages"}],"about":[{"href":"https:\/\/www.fmsdocumentation.com\/hr\/wp-json\/wp\/v2\/types\/page"}],"author":[{"embeddable":true,"href":"https:\/\/www.fmsdocumentation.com\/hr\/wp-json\/wp\/v2\/users\/5"}],"replies":[{"embeddable":true,"href":"https:\/\/www.fmsdocumentation.com\/hr\/wp-json\/wp\/v2\/comments?post=14817"}],"version-history":[{"count":1,"href":"https:\/\/www.fmsdocumentation.com\/hr\/wp-json\/wp\/v2\/pages\/14817\/revisions"}],"predecessor-version":[{"id":15609,"href":"https:\/\/www.fmsdocumentation.com\/hr\/wp-json\/wp\/v2\/pages\/14817\/revisions\/15609"}],"up":[{"embeddable":true,"href":"https:\/\/www.fmsdocumentation.com\/hr\/wp-json\/wp\/v2\/pages\/15569"}],"wp:attachment":[{"href":"https:\/\/www.fmsdocumentation.com\/hr\/wp-json\/wp\/v2\/media?parent=14817"}],"curies":[{"name":"wp","href":"https:\/\/api.w.org\/{rel}","templated":true}]}}