{"id":14821,"date":"2025-05-29T13:25:56","date_gmt":"2025-05-29T10:25:56","guid":{"rendered":"https:\/\/www.fmsdocumentation.com\/izradi-novu-narudzbu\/"},"modified":"2025-05-29T13:27:49","modified_gmt":"2025-05-29T10:27:49","slug":"izradi-novu-narudzbu","status":"publish","type":"page","link":"https:\/\/www.fmsdocumentation.com\/hr\/izbornik-narudzbi\/izradi-novu-narudzbu\/","title":{"rendered":"Izradi novu narud\u017ebu"},"content":{"rendered":"<p>Za izradu nove narud\u017ebe korisnik mora kliknuti gumb \u201e+ Izradi novu narud\u017ebu\u201d koji se nalazi na vrhu izbornika.<\/p>\n<p><a href=\"https:\/\/www.fmsdocumentation.com\/wp-content\/uploads\/2017\/12\/304.png\"><img loading=\"lazy\" decoding=\"async\" class=\"alignnone size-full wp-image-4162\" src=\"https:\/\/www.fmsdocumentation.com\/wp-content\/uploads\/2017\/12\/304.png\" alt=\"\" width=\"360\" height=\"390\" srcset=\"https:\/\/www.fmsdocumentation.com\/wp-content\/uploads\/2017\/12\/304.png 360w, https:\/\/www.fmsdocumentation.com\/wp-content\/uploads\/2017\/12\/304-277x300.png 277w\" sizes=\"auto, (max-width: 360px) 100vw, 360px\" \/><\/a><\/p>\n<p>Ovim \u0107e se otvoriti prozor \u201eKreiraj novu narud\u017ebu\u201d. Ovdje korisnik mora navesti detalje o teretu. Ve\u0107ina polja je sama po sebi razumljiva. Sva polja su obavezna:   <\/p>\n<ul>\n<li>Naslov \u2013 prikazni naziv narud\u017ebe, bit \u0107e prikazan u preglednom popisu svih narud\u017ebi;<\/li>\n<li>Ime klijenta \u2013 Ime klijenta, samo u informativne svrhe;<\/li>\n<li>Adresa preuzimanja \u2013 adresa lokacije tereta, ovo polje slu\u017ei kao traka za pretra\u017eivanje, prijedlog adrese \u0107e se pojaviti sa svakim unesenim slovom;<\/li>\n<li>Adresa za dostavu \u2013 adresa na koju se teret mora dostaviti, ovo polje slu\u017ei kao traka za pretra\u017eivanje, prijedlog adrese \u0107e se pojaviti sa svakim unesenim slovom;<\/li>\n<\/ul>\n<p><a href=\"https:\/\/www.fmsdocumentation.com\/wp-content\/uploads\/2017\/12\/305.png\"><img loading=\"lazy\" decoding=\"async\" class=\"alignnone size-full wp-image-4163\" src=\"https:\/\/www.fmsdocumentation.com\/wp-content\/uploads\/2017\/12\/305.png\" alt=\"\" width=\"750\" height=\"759\" srcset=\"https:\/\/www.fmsdocumentation.com\/wp-content\/uploads\/2017\/12\/305.png 750w, https:\/\/www.fmsdocumentation.com\/wp-content\/uploads\/2017\/12\/305-296x300.png 296w\" sizes=\"auto, (max-width: 750px) 100vw, 750px\" \/><\/a><\/p>\n<p>Zatim korisnik mora unijeti specifi\u010dne podatke o teretu:<\/p>\n<ul>\n<li>Naziv tereta \u2013 prikazni naziv tereta, ovaj naziv \u0107e se prikazivati \u200b\u200bprilikom pregleda narud\u017ebe s popisa;<\/li>\n<li>Jedinice \u2013 koliko se artikala (paleta, kutija, ba\u010dvi itd.) mora preuzeti. Korisnik mora unijeti samo numeri\u010dku vrijednost; <\/li>\n<li>Te\u017eina po jedinici \u2013 te\u017eina jedne stavke, mjerne jedinice ovise o postavkama ra\u010duna, opisanim u izborniku \u201ePostavke ra\u010duna\u201d, ovo se koristi za izra\u010dun te\u017eine cijelog tereta. Ti se brojevi kasnije koriste prilikom dodjeljivanja narud\u017ebe vozilu; <\/li>\n<li>Dimenzije (\u0161irina, duljina, visina) \u2013 <strong>dimenzije jednog artikla<\/strong> , a ne cijelog tereta. Ovo se koristi za izra\u010dun volumena artikla i cijelog tereta. Ovi brojevi se kasnije koriste prilikom dodjeljivanja narud\u017ebe vozilu;  <\/li>\n<\/ul>\n<p>Nakon \u0161to se unesu svi specifi\u010dni podaci, sustav \u0107e pru\u017eiti kratki sa\u017eetak za ovaj teret.<\/p>\n<p><a href=\"https:\/\/www.fmsdocumentation.com\/wp-content\/uploads\/2017\/12\/306.png\"><img loading=\"lazy\" decoding=\"async\" class=\"alignnone size-full wp-image-4164\" src=\"https:\/\/www.fmsdocumentation.com\/wp-content\/uploads\/2017\/12\/306.png\" alt=\"\" width=\"750\" height=\"759\" srcset=\"https:\/\/www.fmsdocumentation.com\/wp-content\/uploads\/2017\/12\/306.png 750w, https:\/\/www.fmsdocumentation.com\/wp-content\/uploads\/2017\/12\/306-296x300.png 296w\" sizes=\"auto, (max-width: 750px) 100vw, 750px\" \/><\/a><\/p>\n<p>Korisnik mo\u017ee dodati nekoliko tereta jednoj narud\u017ebi, za to mora kliknuti na ikonu \u201e+\u201d koja se nalazi nakon sa\u017eetka tereta. Tereti se tako\u0111er mogu ukloniti s popisa (ako se na popisu nalazi vi\u0161e tereta) klikom na mali simbol \u201ex\u201d koji se nalazi u gornjem desnom kutu tereta. <\/p>\n<p><a href=\"https:\/\/www.fmsdocumentation.com\/wp-content\/uploads\/2017\/12\/307.png\"><img loading=\"lazy\" decoding=\"async\" class=\"alignnone size-full wp-image-4165\" src=\"https:\/\/www.fmsdocumentation.com\/wp-content\/uploads\/2017\/12\/307.png\" alt=\"\" width=\"750\" height=\"759\" srcset=\"https:\/\/www.fmsdocumentation.com\/wp-content\/uploads\/2017\/12\/307.png 750w, https:\/\/www.fmsdocumentation.com\/wp-content\/uploads\/2017\/12\/307-296x300.png 296w\" sizes=\"auto, (max-width: 750px) 100vw, 750px\" \/><\/a><\/p>\n<p>Za dovr\u0161etak narud\u017ebe korisnik mora kliknuti na \u201eKreiraj\u201d, za otkazivanje kreiranja narud\u017ebe kliknuti na \u201eZatvori\u201d.<\/p>\n<p>Nakon kreiranja, narud\u017eba \u0107e biti dodana na popis svih narud\u017ebi.<\/p>\n<hr>\n<p>  <div class=\"alignright\"><a href=\"https:\/\/www.fmsdocumentation.com\/hr\/tovarni-list\/\" title=\"Tovarni list\">Tovarni list <span class=\"arrow\"> &nbsp\u203a <\/span> <\/a><\/div><\/p>\n","protected":false},"excerpt":{"rendered":"<p>Za izradu nove narud\u017ebe korisnik mora kliknuti gumb \u201e+ Izradi novu narud\u017ebu\u201d koji se nalazi na vrhu izbornika. Ovim \u0107e se otvoriti prozor \u201eKreiraj novu narud\u017ebu\u201d. Ovdje korisnik mora navesti detalje o teretu. Ve\u0107ina polja je sama po sebi razumljiva. Sva polja su obavezna: Naslov \u2013 prikazni naziv narud\u017ebe, bit \u0107e prikazan u preglednom popisu &hellip; <a href=\"https:\/\/www.fmsdocumentation.com\/hr\/izbornik-narudzbi\/izradi-novu-narudzbu\/\" class=\"more-link\">Continue reading <span class=\"screen-reader-text\">Izradi novu narud\u017ebu<\/span><\/a><\/p>\n","protected":false},"author":1,"featured_media":0,"parent":15015,"menu_order":1,"comment_status":"closed","ping_status":"closed","template":"","meta":{"footnotes":""},"class_list":["post-14821","page","type-page","status-publish","hentry"],"_links":{"self":[{"href":"https:\/\/www.fmsdocumentation.com\/hr\/wp-json\/wp\/v2\/pages\/14821","targetHints":{"allow":["GET"]}}],"collection":[{"href":"https:\/\/www.fmsdocumentation.com\/hr\/wp-json\/wp\/v2\/pages"}],"about":[{"href":"https:\/\/www.fmsdocumentation.com\/hr\/wp-json\/wp\/v2\/types\/page"}],"author":[{"embeddable":true,"href":"https:\/\/www.fmsdocumentation.com\/hr\/wp-json\/wp\/v2\/users\/1"}],"replies":[{"embeddable":true,"href":"https:\/\/www.fmsdocumentation.com\/hr\/wp-json\/wp\/v2\/comments?post=14821"}],"version-history":[{"count":1,"href":"https:\/\/www.fmsdocumentation.com\/hr\/wp-json\/wp\/v2\/pages\/14821\/revisions"}],"predecessor-version":[{"id":15017,"href":"https:\/\/www.fmsdocumentation.com\/hr\/wp-json\/wp\/v2\/pages\/14821\/revisions\/15017"}],"up":[{"embeddable":true,"href":"https:\/\/www.fmsdocumentation.com\/hr\/wp-json\/wp\/v2\/pages\/15015"}],"wp:attachment":[{"href":"https:\/\/www.fmsdocumentation.com\/hr\/wp-json\/wp\/v2\/media?parent=14821"}],"curies":[{"name":"wp","href":"https:\/\/api.w.org\/{rel}","templated":true}]}}