{"id":14827,"date":"2025-05-29T13:25:56","date_gmt":"2025-05-29T10:25:56","guid":{"rendered":"https:\/\/www.fmsdocumentation.com\/izbornik-rutiranje-i-zadaci\/izrada-putovanja\/"},"modified":"2025-05-29T13:25:56","modified_gmt":"2025-05-29T10:25:56","slug":"izrada-putovanja","status":"publish","type":"page","link":"https:\/\/www.fmsdocumentation.com\/hr\/izbornik-rutiranje-i-zadaci\/izrada-putovanja\/","title":{"rendered":"Izrada putovanja"},"content":{"rendered":"\n<p>Za po\u010detak kori\u0161tenja modula <strong>Rutiranje i zadaci<\/strong> , morate stvoriti putovanje. Kliknite <strong>Stvori putovanje<\/strong> u gornjem desnom kutu prozora da biste stvorili novo putovanje. Bit \u0107ete preusmjereni na plo\u010du za stvaranje putovanja.  <\/p>\n\n<figure class=\"wp-block-image size-large\"><img loading=\"lazy\" decoding=\"async\" width=\"420\" height=\"241\" src=\"https:\/\/www.fmsdocumentation.com\/wp-content\/uploads\/2021\/12\/397.png\" alt=\"\" class=\"wp-image-10881\" srcset=\"https:\/\/www.fmsdocumentation.com\/wp-content\/uploads\/2021\/12\/397.png 420w, https:\/\/www.fmsdocumentation.com\/wp-content\/uploads\/2021\/12\/397-300x172.png 300w\" sizes=\"auto, (max-width: 420px) 100vw, 420px\" \/><\/figure>\n\n<p><strong>Ure\u0111iva\u010d ruta i zadataka za putovanje:<\/strong><\/p>\n\n<p>Tijekom kreiranja putovanja morate dodijeliti vozilo i upisati naziv putovanja.  <\/p>\n\n<p>Drugo, mo\u017eete ru\u010dno dodijeliti voza\u010da s padaju\u0107eg popisa (u slu\u010daju da voza\u010d trenutno nije u vozilu). Da biste to u\u010dinili, uklju\u010dite\/isklju\u010dite \u201eRu\u010dno dodjeljivanje\u201d. <\/p>\n\n<figure class=\"wp-block-image size-large\"><img loading=\"lazy\" decoding=\"async\" width=\"1024\" height=\"529\" src=\"https:\/\/www.fmsdocumentation.com\/wp-content\/uploads\/2025\/01\/image-1024x529.png\" alt=\"\" class=\"wp-image-13633\" srcset=\"https:\/\/www.fmsdocumentation.com\/wp-content\/uploads\/2025\/01\/image-1024x529.png 1024w, https:\/\/www.fmsdocumentation.com\/wp-content\/uploads\/2025\/01\/image-300x155.png 300w, https:\/\/www.fmsdocumentation.com\/wp-content\/uploads\/2025\/01\/image-768x397.png 768w, https:\/\/www.fmsdocumentation.com\/wp-content\/uploads\/2025\/01\/image-1536x794.png 1536w, https:\/\/www.fmsdocumentation.com\/wp-content\/uploads\/2025\/01\/image-2048x1058.png 2048w\" sizes=\"auto, (max-width: 1024px) 100vw, 1024px\" \/><\/figure>\n\n<p>Prema zadanim postavkama imate 2 to\u010dke. <strong>1. mjesto ukrcaja<\/strong> i <strong>2. mjesto istovara<\/strong> . Vrste mo\u017eete promijeniti klikom na ikonu to\u010dke. Tako\u0111er, klikom na ikonu (Dodatna ikona) otvara se prozor s detaljima to\u010dke. Dodatni detalji nisu obavezni, ali se toplo preporu\u010duju.   <\/p>\n\n<p><strong>Utovar<\/strong> &#8211; vrsta me\u0111uto\u010dke gdje vi kao dispe\u010der pokazujete voza\u010du gdje treba preuzeti robu. U dodatnim informacijama navedite va\u017ena polja kao \u0161to su: \u201eNaziv tvrtke\u201d, voza\u010d \u0107e znati \u0161to tra\u017eiti kada stigne. <\/p>\n\n<p><strong>Vrijeme dolaska<\/strong> &#8211; kada bi voza\u010d trebao biti na to\u010dki. Mo\u017ee se odabrati fiksno vrijeme dolaska ili vremenski raspon. Nakon odabira kliknite Primijeni.  <\/p>\n\n<figure class=\"wp-block-image size-large is-resized\"><img loading=\"lazy\" decoding=\"async\" src=\"https:\/\/www.fmsdocumentation.com\/wp-content\/uploads\/2025\/01\/image-2-789x1024.png\" alt=\"\" class=\"wp-image-13635\" width=\"315\" height=\"409\" srcset=\"https:\/\/www.fmsdocumentation.com\/wp-content\/uploads\/2025\/01\/image-2-789x1024.png 789w, https:\/\/www.fmsdocumentation.com\/wp-content\/uploads\/2025\/01\/image-2-231x300.png 231w, https:\/\/www.fmsdocumentation.com\/wp-content\/uploads\/2025\/01\/image-2-768x997.png 768w, https:\/\/www.fmsdocumentation.com\/wp-content\/uploads\/2025\/01\/image-2.png 818w\" sizes=\"auto, (max-width: 315px) 100vw, 315px\" \/><\/figure>\n\n<p><em><strong>Trajanje<\/strong> &#8211; va\u017ean parametar koji se koristi za ispravan izra\u010dun predvi\u0111enog vremena dolaska. Ovdje biste trebali ozna\u010diti koliko vremena trebate provesti na odre\u0111enoj to\u010dki. <\/em><\/p>\n\n<p><strong>Istovar<\/strong> &#8211; vrsta me\u0111uto\u010dke gdje vi kao dispe\u010der pokazujete voza\u010du gdje treba isporu\u010diti robu.<\/p>\n\n<p><strong>Dopuni gorivo<\/strong> &#8211; vrsta to\u010dke na kojoj odabirete detalje o dopuni goriva.  <\/p>\n\n<p><strong>Parkiranje<\/strong> &#8211; upi\u0161ite gdje  <\/p>\n\n<h4 class=\"wp-block-heading\">Vrsta i postavke usmjeravanja<\/h4>\n\n<p>Dodijelite vozilo na vrhu prozora <strong>Kreiraj putovanje<\/strong> . Kliknite ikonu <strong>Postavke<\/strong> za otvaranje postavki rute. <\/p>\n\n<figure class=\"wp-block-image size-large\"><a href=\"https:\/\/www.fmsdocumentation.com\/wp-content\/uploads\/2021\/12\/435.png\"><img loading=\"lazy\" decoding=\"async\" class=\"alignnone wp-image-10893 \" src=\"https:\/\/www.fmsdocumentation.com\/wp-content\/uploads\/2021\/12\/435.png\" alt=\"\" width=\"764\" height=\"376\" srcset=\"https:\/\/www.fmsdocumentation.com\/wp-content\/uploads\/2021\/12\/435.png 2498w, https:\/\/www.fmsdocumentation.com\/wp-content\/uploads\/2021\/12\/435-300x148.png 300w, https:\/\/www.fmsdocumentation.com\/wp-content\/uploads\/2021\/12\/435-1024x505.png 1024w, https:\/\/www.fmsdocumentation.com\/wp-content\/uploads\/2021\/12\/435-768x378.png 768w, https:\/\/www.fmsdocumentation.com\/wp-content\/uploads\/2021\/12\/435-1536x757.png 1536w, https:\/\/www.fmsdocumentation.com\/wp-content\/uploads\/2021\/12\/435-2048x1009.png 2048w\" sizes=\"auto, (max-width: 764px) 100vw, 764px\" \/><\/a><\/figure>\n\n<p>Za laka komercijalna vozila odaberite \u017eelite li izbjegavati trajekte, autoceste i cestarine na ruti. Odaberite \u017eelite li prikazati odmori\u0161ta na karti ili ne. Rute se ponovno izra\u010dunavaju nakon \u0161to je svaka promjena spremljena.  <\/p>\n\n<figure class=\"wp-block-image is-resized\"><a href=\"https:\/\/www.fmsdocumentation.com\/wp-content\/uploads\/2020\/08\/436.png\"><img loading=\"lazy\" decoding=\"async\" src=\"https:\/\/www.fmsdocumentation.com\/wp-content\/uploads\/2020\/08\/436.png\" alt=\"\" class=\"wp-image-9292\" width=\"570\" height=\"329\" srcset=\"https:\/\/www.fmsdocumentation.com\/wp-content\/uploads\/2020\/08\/436.png 836w, https:\/\/www.fmsdocumentation.com\/wp-content\/uploads\/2020\/08\/436-300x173.png 300w, https:\/\/www.fmsdocumentation.com\/wp-content\/uploads\/2020\/08\/436-768x444.png 768w\" sizes=\"auto, (max-width: 570px) 100vw, 570px\" \/><\/a><\/figure>\n\n<p>Za te\u0161ka komercijalna vozila mo\u017eete odabrati sljede\u0107e:<\/p>\n\n<p><strong>Glavni<\/strong><\/p>\n\n<ul class=\"wp-block-list\"><li>Parametri vozila:<br\/> &#8211; Duljina u metrima<br\/> &#8211; \u0160irina u metrima<br\/> &#8211; Visina u metrima<br\/> &#8211; Te\u017eina u tonama<br\/> &#8211; Te\u017eina po osovini u tonama<br\/> &#8211; Broj prikolica<br\/> &#8211; Vrsta emisije<\/li><li>Parametri rute:<br\/> &#8211; Izbjegavajte &#8211; cestarine, tunele, trajekte, te\u0161ke zavoje<\/li><\/ul>\n\n<p><\/p><p>Odaberite parametar Dr\u017ei se <strong>rute<\/strong> kako biste zaklju\u010dali rutu i voza\u010da vodili to\u010dno prema kreiranoj ruti. Odaberite <strong>Uklju\u010di promet<\/strong> kako biste primijenili informacije vezane uz promet gdje su dostupne.   <\/p>\n<p><a href=\"https:\/\/www.fmsdocumentation.com\/wp-content\/uploads\/2021\/12\/437-2.png\"><img loading=\"lazy\" decoding=\"async\" class=\"alignnone wp-image-10900\" src=\"https:\/\/www.fmsdocumentation.com\/wp-content\/uploads\/2021\/12\/437-2.png\" alt=\"\" width=\"479\" height=\"554\" srcset=\"https:\/\/www.fmsdocumentation.com\/wp-content\/uploads\/2021\/12\/437-2.png 670w, https:\/\/www.fmsdocumentation.com\/wp-content\/uploads\/2021\/12\/437-2-259x300.png 259w\" sizes=\"auto, (max-width: 479px) 100vw, 479px\" \/><\/a><\/p>\n\n<p><strong>Ne\u017eeljena reakcija<\/strong><\/p>\n\n<ul class=\"wp-block-list\"><li>Opasni materijali &#8211; ozna\u010dite potvrdni okvir za svaki opasni materijal koji teret sadr\u017ei. Ova ograni\u010denja isklju\u010duju ceste na kojima je prijevoz opasnih materijala zabranjen. <\/li><li>Kategorije tunela &#8211; odredite koje kategorije tunela treba izbjegavati. <a href=\"https:\/\/adrbook.com\/en\/2017\/ADR\/8.6.3\" class=\"broken_link\">Kategorije tunela<\/a> odre\u0111uju koje opasne tvari ne smiju ulaziti u tunel.<\/li><\/ul>\n\n<figure class=\"wp-block-image is-resized\"><a href=\"https:\/\/www.fmsdocumentation.com\/wp-content\/uploads\/2020\/08\/438.png\"><img loading=\"lazy\" decoding=\"async\" src=\"https:\/\/www.fmsdocumentation.com\/wp-content\/uploads\/2020\/08\/438.png\" alt=\"\" class=\"wp-image-9294\" width=\"531\" height=\"553\" srcset=\"https:\/\/www.fmsdocumentation.com\/wp-content\/uploads\/2020\/08\/438.png 827w, https:\/\/www.fmsdocumentation.com\/wp-content\/uploads\/2020\/08\/438-288x300.png 288w, https:\/\/www.fmsdocumentation.com\/wp-content\/uploads\/2020\/08\/438-768x801.png 768w\" sizes=\"auto, (max-width: 531px) 100vw, 531px\" \/><\/a><\/figure>\n\n<p>Rute se ponovno izra\u010dunavaju nakon \u0161to je svaka promjena spremljena.<\/p>\n\n<figure class=\"wp-block-image size-large\"><\/figure>\n\n<h4 class=\"wp-block-heading\">Definiranje i odabir ruta<\/h4>\n\n<p>Putovanje mora imati naziv i rutu. Unesite odabrani naziv putovanja i definirajte po\u010detnu (1) i krajnju (2) to\u010dku rute. To\u010dke mo\u017eete definirati unosom u polja ili klikom na kartu. Kao to\u010dku mo\u017eete koristiti adresu, koordinate, geozonu ili lokaciju objekta. Sustav zatim izra\u010dunava nekoliko mogu\u0107ih ruta izme\u0111u dvije to\u010dke. Rute se prikazuju i na plo\u010di za izradu putovanja i na karti.     <\/p>\n\n<p>Odaberite rutu klikom na nju na plo\u010di ili na karti. Ukupno trajanje i duljina rute prikazuju se izme\u0111u to\u010daka na plo\u010di i na karti. <\/p>\n\n<p><p class=\"note\">Bilje\u0161ka<br\/> Zadr\u017eite pokaziva\u010d iznad sa\u017eetka rute na karti za prikaz dodatnih informacija o ruti. Kliknite i povucite to\u010dku na ruti da biste je promijenili. <\/p>\n\n<p><\/p>\n\n<figure class=\"wp-block-image is-resized size-large\"><a href=\"https:\/\/www.fmsdocumentation.com\/wp-content\/uploads\/2021\/12\/398-1.png\"><img loading=\"lazy\" decoding=\"async\" class=\"alignnone wp-image-10902 size-large\" src=\"https:\/\/www.fmsdocumentation.com\/wp-content\/uploads\/2021\/12\/398-1-1024x502.png\" alt=\"\" width=\"660\" height=\"324\" srcset=\"https:\/\/www.fmsdocumentation.com\/wp-content\/uploads\/2021\/12\/398-1-1024x502.png 1024w, https:\/\/www.fmsdocumentation.com\/wp-content\/uploads\/2021\/12\/398-1-300x147.png 300w, https:\/\/www.fmsdocumentation.com\/wp-content\/uploads\/2021\/12\/398-1-768x376.png 768w, https:\/\/www.fmsdocumentation.com\/wp-content\/uploads\/2021\/12\/398-1-1536x752.png 1536w, https:\/\/www.fmsdocumentation.com\/wp-content\/uploads\/2021\/12\/398-1-2048x1003.png 2048w\" sizes=\"auto, (max-width: 660px) 100vw, 660px\" \/><\/a><\/figure>&#13;\n<p>You may also add a note of information to each point of the route. To do this, click the icon located on the right of the field in which the point was entered. Set a scheduled arrival time by picking a day and an hour in the calendar. Include any information for the driver to see in the <strong>Notes<\/strong> section. Click\u00a0<strong>Save\u00a0<\/strong>to add this note to the point.<\/p>&#13;\n<p><a href=\"https:\/\/www.fmsdocumentation.com\/wp-content\/uploads\/2021\/12\/455-1.png\"><img loading=\"lazy\" decoding=\"async\" class=\"alignnone wp-image-10904 \" src=\"https:\/\/www.fmsdocumentation.com\/wp-content\/uploads\/2021\/12\/455-1.png\" alt=\"\" width=\"582\" height=\"210\" srcset=\"https:\/\/www.fmsdocumentation.com\/wp-content\/uploads\/2021\/12\/455-1.png 916w, https:\/\/www.fmsdocumentation.com\/wp-content\/uploads\/2021\/12\/455-1-300x108.png 300w, https:\/\/www.fmsdocumentation.com\/wp-content\/uploads\/2021\/12\/455-1-768x278.png 768w\" sizes=\"auto, (max-width: 582px) 100vw, 582px\" \/><\/a><\/p>\n\n<h4 class=\"wp-block-heading\">Dodavanje dodatnih bodova<\/h4>\n\n<p>Ruta mo\u017ee imati do 20 to\u010daka. Dodatne to\u010dke mo\u017eete dodati ruti na sljede\u0107i na\u010din: <\/p>\n\n<ul class=\"wp-block-list\"><li>Klikom na <strong>Dodaj vi\u0161e to\u010daka<\/strong> u plo\u010di i definiranjem nove to\u010dke<\/li><li>Lijevim ili desnim klikom mi\u0161a na rutu na karti i povla\u010denjem kursora do mjesta gdje \u017eelite dodati to\u010dku<\/li><li>Desnim klikom na kartu i klikom na <strong>Dodaj to\u010dku ruti<\/strong><\/li><\/ul>\n\n<p>Redoslijed to\u010daka mo\u017eete promijeniti povla\u010denjem i ispu\u0161tanjem u plo\u010di. Kliknite <strong>X<\/strong> za uklanjanje to\u010dke. <\/p>\n\n<figure class=\"wp-block-image is-resized size-large\"><a href=\"https:\/\/www.fmsdocumentation.com\/wp-content\/uploads\/2021\/12\/400.png\"><img loading=\"lazy\" decoding=\"async\" class=\"alignnone wp-image-10905 size-large\" src=\"https:\/\/www.fmsdocumentation.com\/wp-content\/uploads\/2021\/12\/400-1024x502.png\" alt=\"\" width=\"660\" height=\"324\" srcset=\"https:\/\/www.fmsdocumentation.com\/wp-content\/uploads\/2021\/12\/400-1024x502.png 1024w, https:\/\/www.fmsdocumentation.com\/wp-content\/uploads\/2021\/12\/400-300x147.png 300w, https:\/\/www.fmsdocumentation.com\/wp-content\/uploads\/2021\/12\/400-768x377.png 768w, https:\/\/www.fmsdocumentation.com\/wp-content\/uploads\/2021\/12\/400-1536x753.png 1536w, https:\/\/www.fmsdocumentation.com\/wp-content\/uploads\/2021\/12\/400-2048x1004.png 2048w\" sizes=\"auto, (max-width: 660px) 100vw, 660px\" \/><\/a><\/figure>\n\n<figure class=\"wp-block-image size-large is-resized\"><\/figure>\n\n<p><p class=\"note\">Bilje\u0161ka<br\/> Siva linija prikazuje rutu kojom vozilo mora prije\u0107i do po\u010detne to\u010dke. Ova ruta nije uklju\u010dena u kona\u010dnu rutu. <\/p>\n\n<p>Kliknite <strong>Spremi<\/strong> za spremanje putovanja i povratak na popis putovanja. Kliknite <strong>Zatvori<\/strong> za odbacivanje putovanja i povratak na popis putovanja. <\/p>\n\n<p><div class=\"alignleft\"><a href=\"https:\/\/www.fmsdocumentation.com\/hr\/izbornik-rutiranje-i-zadaci\/\" title=\"Izbornik Rutiranje i zadaci\"><span class=\"arrow\">\u2039 &nbsp <\/span> Izbornik Rutiranje i zadaci <\/a><\/div><div class=\"alignright\"><a href=\"https:\/\/www.fmsdocumentation.com\/hr\/izbornik-rutiranje-i-zadaci\/upravljanje-putovanjima\/\" title=\"Upravljanje putovanjima\">Upravljanje putovanjima <span class=\"arrow\"> &nbsp\u203a <\/span> <\/a><\/div><\/p>\n","protected":false},"excerpt":{"rendered":"<p>Za po\u010detak kori\u0161tenja modula Rutiranje i zadaci , morate stvoriti putovanje. Kliknite Stvori putovanje u gornjem desnom kutu prozora da biste stvorili novo putovanje. Bit \u0107ete preusmjereni na plo\u010du za stvaranje putovanja. Ure\u0111iva\u010d ruta i zadataka za putovanje: Tijekom kreiranja putovanja morate dodijeliti vozilo i upisati naziv putovanja. Drugo, mo\u017eete ru\u010dno dodijeliti voza\u010da s padaju\u0107eg &hellip; <a href=\"https:\/\/www.fmsdocumentation.com\/hr\/izbornik-rutiranje-i-zadaci\/izrada-putovanja\/\" class=\"more-link\">Continue reading <span class=\"screen-reader-text\">Izrada putovanja<\/span><\/a><\/p>\n","protected":false},"author":5,"featured_media":0,"parent":14716,"menu_order":0,"comment_status":"closed","ping_status":"closed","template":"","meta":{"footnotes":""},"class_list":["post-14827","page","type-page","status-publish","hentry"],"_links":{"self":[{"href":"https:\/\/www.fmsdocumentation.com\/hr\/wp-json\/wp\/v2\/pages\/14827","targetHints":{"allow":["GET"]}}],"collection":[{"href":"https:\/\/www.fmsdocumentation.com\/hr\/wp-json\/wp\/v2\/pages"}],"about":[{"href":"https:\/\/www.fmsdocumentation.com\/hr\/wp-json\/wp\/v2\/types\/page"}],"author":[{"embeddable":true,"href":"https:\/\/www.fmsdocumentation.com\/hr\/wp-json\/wp\/v2\/users\/5"}],"replies":[{"embeddable":true,"href":"https:\/\/www.fmsdocumentation.com\/hr\/wp-json\/wp\/v2\/comments?post=14827"}],"version-history":[{"count":1,"href":"https:\/\/www.fmsdocumentation.com\/hr\/wp-json\/wp\/v2\/pages\/14827\/revisions"}],"predecessor-version":[{"id":14847,"href":"https:\/\/www.fmsdocumentation.com\/hr\/wp-json\/wp\/v2\/pages\/14827\/revisions\/14847"}],"up":[{"embeddable":true,"href":"https:\/\/www.fmsdocumentation.com\/hr\/wp-json\/wp\/v2\/pages\/14716"}],"wp:attachment":[{"href":"https:\/\/www.fmsdocumentation.com\/hr\/wp-json\/wp\/v2\/media?parent=14827"}],"curies":[{"name":"wp","href":"https:\/\/api.w.org\/{rel}","templated":true}]}}