{"id":14864,"date":"2025-05-29T13:25:57","date_gmt":"2025-05-29T10:25:57","guid":{"rendered":"https:\/\/www.fmsdocumentation.com\/izvjesce-o-parametrima-preko-ogranicenja\/"},"modified":"2025-05-29T13:30:43","modified_gmt":"2025-05-29T10:30:43","slug":"izvjesce-o-parametrima-preko-ogranicenja","status":"publish","type":"page","link":"https:\/\/www.fmsdocumentation.com\/hr\/izbornik-izvjesca\/izvjesce-o-parametrima-preko-ogranicenja\/","title":{"rendered":"Izvje\u0161\u0107e o parametrima preko ograni\u010denja"},"content":{"rendered":"<p><strong>Izvje\u0161\u0107e o parametrima prekora\u010denja ograni\u010denja<\/strong> \u2013 ova vrsta izvje\u0161\u0107a usmjerena je na informacije o brzini voza\u010da i praznom hodu, uglavnom kako bi se znalo kada je voza\u010d vozio preko ograni\u010denja brzine, a kada je vozilo radilo u praznom hodu. Prvo \u0161to korisnik mora odabrati je raspon datuma za koji \u0107e se ovo izvje\u0161\u0107e generirati. <\/p>\n<p><strong>Raspon datuma<\/strong> \u2013 za odabir datuma korisnik mora kliknuti na \u201eOdaberi raspon datuma\u201d \u0161to \u0107e otvoriti plo\u010du kalendara. Plo\u010da kalendara identi\u010dna je u svim FMS-ovima. Za odabir po\u010detnog\/zavr\u0161nog datuma, korisnik jednostavno mora kliknuti na \u017eeljeni datum, a zatim kliknuti na suprotni datum. Odabrani dani bit \u0107e ozna\u010deni plavom bojom. Trenutni dan ozna\u010den je malim plavim trokutom u gornjem lijevom kutu tog dana. Ako je odabran (ozna\u010den) trenutni dan, trokut \u0107e postati bijel. Nakon toga korisnik mo\u017ee odrediti od kojeg sata po\u010detnog datuma do kojeg sata zavr\u0161nog datuma \u017eeli se prikazati povijest. Za primjenu promjena potrebno je kliknuti gumb \u201ePrimijeni\u201d, ina\u010de se promjene ne\u0107e spremiti.       <\/p>\n<p><a href=\"https:\/\/www.fmsdocumentation.com\/wp-content\/uploads\/2017\/04\/136-11.png\" data-featherlight=\"image\"><img loading=\"lazy\" decoding=\"async\" class=\"alignnone size-full wp-image-1174\" src=\"https:\/\/www.fmsdocumentation.com\/wp-content\/uploads\/2017\/04\/136-11.png\" sizes=\"auto, (max-width: 503px) 100vw, 503px\" srcset=\"https:\/\/www.fmsdocumentation.com\/wp-content\/uploads\/2017\/04\/136-11.png 503w, https:\/\/www.fmsdocumentation.com\/wp-content\/uploads\/2017\/04\/136-11-300x288.png 300w\" alt=\"\" width=\"503\" height=\"483\"><\/a><\/p>\n<p>Minimalno razdoblje je jedan dan. Za odabir jednog dana jednostavno dvaput kliknite lijevu tipku mi\u0161a na \u017eeljeni dan. Maksimalno razdoblje je 1 mjesec.  <\/p>\n<p><strong>Izvje\u0161\u0107e na temelju<\/strong> \u2013 ova postavka definira glavni cilj izvje\u0161\u0107a. Dostupne su dvije opcije: <\/p>\n<ul>\n<li>Voza\u010di;<\/li>\n<li>Predmeti.<\/li>\n<\/ul>\n<p>To\u010dno to radi, generirano izvje\u0161\u0107e \u0107e prikazati informacije za odabrani cilj ( <em>pogonske programe ili objekte<\/em> ). Ako su odabrani <strong>objekti<\/strong> , tada \u0107e izvje\u0161\u0107e prikazati informacije za odre\u0111ene odabrane objekte. <\/p>\n<p><strong>Objekti\/Upravlja\u010dki programi<\/strong> \u2013 ( <em>ovisi o odabiru u opciji \u201eIzvje\u0161\u0107e na temelju\u201d<\/em> ) ovo omogu\u0107uje korisniku da odabere za koje \u0107e se objekte\/upravlja\u010dke programe generirati izvje\u0161\u0107e.<\/p>\n<p>Ako su odabrani <em>Objekti<\/em> , popis \u0107e sadr\u017eavati i <strong>grupe<\/strong> objekata. Korisnik mo\u017ee odabrati cijelu grupu ozna\u010davanjem potvrdnog okvira ispred grupe ili kliknuti gumb \u201e+\u201d da bi pro\u0161irio grupu i vidio koji se objekti nalaze u grupi. Da bi sa\u017eeo grupu, korisnik mora kliknuti gumb \u201e-\u201d. <strong>Pojedina\u010dni objekti mogu se odabrati iz grupe<\/strong> . Va\u017eno je napomenuti da ako je odabran objekt koji je prisutan u nekoliko grupa, bit \u0107e ozna\u010den u svakoj grupi kao \u0161to je prikazano na slici ispod. Ako je odabrana cijela grupa, potvrdni okvir bit \u0107e plav s bijelom kva\u010dicom. Ako je odabran samo dio grupe, grupa \u0107e imati plavi kvadrat u potvrdnom okviru (prikazano na slici ispod). Korisnik tako\u0111er mo\u017ee koristiti pretra\u017eivanje za brzo pregledavanje velikog popisa objekata i grupa. Sve grupe mogu se odabrati\/poni\u0161titi ozna\u010davanjem potvrdnog okvira pored \u201eOdaberi sve grupe\u201d. Broj odabranih objekata i ukupan broj objekata prikazuje se u gornjem desnom kutu popisa.         <\/p>\n<p><a href=\"https:\/\/www.fmsdocumentation.com\/wp-content\/uploads\/2018\/12\/281.png\" data-featherlight=\"image\"><img loading=\"lazy\" decoding=\"async\" class=\"alignnone size-full wp-image-6727\" src=\"https:\/\/www.fmsdocumentation.com\/wp-content\/uploads\/2018\/12\/281.png\" sizes=\"auto, (max-width: 549px) 100vw, 549px\" srcset=\"https:\/\/www.fmsdocumentation.com\/wp-content\/uploads\/2018\/12\/281.png 549w, https:\/\/www.fmsdocumentation.com\/wp-content\/uploads\/2018\/12\/281-300x162.png 300w\" alt=\"\" width=\"549\" height=\"297\"><\/a><\/p>\n<p>Ako je odabrana <em>opcija Voza\u010di<\/em> , upravlja\u010dki programi bit \u0107e prikazani na padaju\u0107em popisu. Za odabir upravlja\u010dkog programa korisnik mora ozna\u010diti potvrdni okvir pored upravlja\u010dkog programa. Ozna\u010davanjem potvrdnog okvira pored opcije \u201eOdaberi sve\u201d odabrat \u0107e se\/poni\u0161titi odabir svih upravlja\u010dkih programa. Popis se automatski a\u017eurira sa svakim simbolom upisanim u traku za pretra\u017eivanje. Broj odabranih upravlja\u010dkih programa i ukupan broj upravlja\u010dkih programa prikazuje se u gornjem desnom kutu popisa.    <\/p>\n<p><a href=\"https:\/\/www.fmsdocumentation.com\/wp-content\/uploads\/2018\/12\/340.png\" data-featherlight=\"image\"><img loading=\"lazy\" decoding=\"async\" class=\"alignnone size-full wp-image-6718\" src=\"https:\/\/www.fmsdocumentation.com\/wp-content\/uploads\/2018\/12\/340.png\" sizes=\"auto, (max-width: 549px) 100vw, 549px\" srcset=\"https:\/\/www.fmsdocumentation.com\/wp-content\/uploads\/2018\/12\/340.png 549w, https:\/\/www.fmsdocumentation.com\/wp-content\/uploads\/2018\/12\/340-300x161.png 300w\" alt=\"\" width=\"549\" height=\"295\"><\/a><\/p>\n<p><strong>Prekora\u010dena vrijednost<\/strong> \u2013 ova postavka definira koji \u0107e se parametar pratiti. Dostupne su sljede\u0107e mogu\u0107nosti: <\/p>\n<ul>\n<li>Vrijednost praznog hoda<\/li>\n<li>Vrijednost prekora\u010denja brzine<\/li>\n<\/ul>\n<p><strong>Minimalno razdoblje mirovanja (sekunde)<\/strong> \u2013 dostupno ako je odabrana <em>vrijednost mirovanja<\/em> , ova postavka definira minimalno razdoblje mirovanja u sekundama koje \u0107e se koristiti kao referenca. Mogu se unijeti samo cijeli brojevi. <\/p>\n<p><strong>Vrijednost brzine<\/strong> \u2013 dostupno ako je odabrana <em>Vrijednost brzine<\/em> , ova postavka definira ograni\u010denje brzine koje \u0107e se koristiti kao referenca. Mogu se unositi samo cijeli brojevi. <\/p>\n<p>Zatim korisnik mora konfigurirati <strong>popis stupaca<\/strong> . Sljede\u0107i parametri su odabrani prema zadanim postavkama ako je odabrana <em>vrijednost mirovanja<\/em> : <\/p>\n<ul>\n<li>Vrijeme po\u010detka praznog hoda \u2013 vrijeme u koje je pokrenut doga\u0111aj praznog hoda;<\/li>\n<li>Trajanje praznog hoda \u2013 trajanje detektiranog praznog hoda.<\/li>\n<\/ul>\n<p>Sljede\u0107i parametri su odabrani prema zadanim postavkama ako je odabrana <em>vrijednost Prekora\u010denje brzine<\/em> :<\/p>\n<ul>\n<li>Vrijeme prekora\u010denja brzine \u2013 vrijeme u kojem se aktivirao doga\u0111aj prekora\u010denja brzine;<\/li>\n<li>Trajanje prekora\u010denja brzine \u2013 trajanje detektiranog prekora\u010denja brzine;<\/li>\n<li>Maksimalna brzina \u2013 maksimalna brzina tijekom prekora\u010denja brzine;<\/li>\n<\/ul>\n<p>Sljede\u0107i parametri bit \u0107e uklju\u010deni u popis stupaca prema zadanim postavkama, bez obzira na odabir:<\/p>\n<ul>\n<li>Po\u010detne koordinate \u2013 koordinate na kojima je doga\u0111aj pokrenut;<\/li>\n<li>Po\u010detna lokacija \u2013 adresa na kojoj je doga\u0111aj pokrenut;<\/li>\n<li>Google po\u010detna lokacija \u2013 hiperveza na po\u010detnu lokaciju doga\u0111aja na Google kartama;<\/li>\n<li>Voza\u010d \u2013 voza\u010d dodijeljen vozilu.<\/li>\n<\/ul>\n<p>Ostali opcionalni parametri koji se mogu odabrati u <strong>popisu stupaca<\/strong> :<\/p>\n<ul>\n<li>Zavr\u0161ne koordinate \u2013 koordinate na kojima je doga\u0111aj zavr\u0161io;<\/li>\n<li>Zavr\u0161na lokacija \u2013 adresa na kojoj je doga\u0111aj zavr\u0161io;<\/li>\n<li>Google krajnja lokacija \u2013 hiperveza na krajnju lokaciju doga\u0111aja na Google kartama;<\/li>\n<li>Vrijeme zavr\u0161etka praznog hoda \u2013 vrijeme kada je doga\u0111aj praznog hoda zavr\u0161io (ako je odabrana <em>vrijednost praznog hoda<\/em> )<\/li>\n<li>Vrijeme zavr\u0161etka prekora\u010denja brzine \u2013 vrijeme u koje je zavr\u0161io doga\u0111aj prekora\u010denja brzine (ako je odabrana <em>vrijednost Prekora\u010denje brzine<\/em> ).<\/li>\n<\/ul>\n<p>Nakon odabira parametara, korisnik mo\u017ee omogu\u0107iti ili onemogu\u0107iti sljede\u0107u opciju:<\/p>\n<ul>\n<li><strong>Sa\u017eetak izvje\u0161\u0107a<\/strong> \u2013 omogu\u0107ena prema zadanim postavkama, ova \u0107e opcija uklju\u010divati \u200b\u200bodjeljak sa\u017eetka u izvje\u0161\u0107e. Ovo \u0107e sa\u017eeti sve informacije u izvje\u0161\u0107u i uklju\u010diti prethodno odabrane <strong>stupce u sa\u017eetak.<\/strong> <\/li>\n<\/ul>\n<p><a href=\"https:\/\/www.fmsdocumentation.com\/wp-content\/uploads\/2018\/11\/384.png\"><img loading=\"lazy\" decoding=\"async\" class=\"alignnone size-large wp-image-6251\" src=\"https:\/\/www.fmsdocumentation.com\/wp-content\/uploads\/2018\/11\/384-1024x610.png\" alt=\"\" width=\"660\" height=\"393\" srcset=\"https:\/\/www.fmsdocumentation.com\/wp-content\/uploads\/2018\/11\/384-1024x610.png 1024w, https:\/\/www.fmsdocumentation.com\/wp-content\/uploads\/2018\/11\/384-300x179.png 300w, https:\/\/www.fmsdocumentation.com\/wp-content\/uploads\/2018\/11\/384-768x458.png 768w, https:\/\/www.fmsdocumentation.com\/wp-content\/uploads\/2018\/11\/384.png 1220w\" sizes=\"auto, (max-width: 660px) 100vw, 660px\" \/><\/a><\/p>\n<p>Za dovr\u0161etak i generiranje izvje\u0161\u0107a korisnik mora kliknuti gumb \u201eGeneriraj\u201d. Za otkazivanje izrade izvje\u0161\u0107a korisnik mora kliknuti gumb \u201eOtka\u017ei\u201d ili kliknuti bilo gdje izvan prozora \u201eGeneriraj novo izvje\u0161\u0107e\u201d. <\/p>\n<p><a href=\"https:\/\/www.fmsdocumentation.com\/wp-content\/uploads\/2017\/04\/202.png\" data-featherlight=\"image\"><img loading=\"lazy\" decoding=\"async\" class=\"alignnone size-full wp-image-398\" src=\"https:\/\/www.fmsdocumentation.com\/wp-content\/uploads\/2017\/04\/202.png\" sizes=\"auto, (max-width: 569px) 100vw, 569px\" srcset=\"https:\/\/www.fmsdocumentation.com\/wp-content\/uploads\/2017\/04\/202.png 569w, https:\/\/www.fmsdocumentation.com\/wp-content\/uploads\/2017\/04\/202-300x42.png 300w\" alt=\"\" width=\"569\" height=\"79\"><\/a><\/p>\n<hr>\n<p><div class=\"alignleft\"><a href=\"https:\/\/www.fmsdocumentation.com\/hr\/izbornik-izvjesca\/izvjesce-o-geozonama\/\" title=\"Izvje\u0161\u0107e o geozonama\"><span class=\"arrow\">\u2039 &nbsp <\/span> Izvje\u0161\u0107e o geozonama <\/a><\/div> <div class=\"alignright\"><a href=\"https:\/\/www.fmsdocumentation.com\/hr\/izbornik-izvjesca\/izvjesce-drzava\/\" title=\"Izvje\u0161\u0107e dr\u017eava\">Izvje\u0161\u0107e dr\u017eava <span class=\"arrow\"> &nbsp\u203a <\/span> <\/a><\/div><\/p>\n","protected":false},"excerpt":{"rendered":"<p>Izvje\u0161\u0107e o parametrima prekora\u010denja ograni\u010denja \u2013 ova vrsta izvje\u0161\u0107a usmjerena je na informacije o brzini voza\u010da i praznom hodu, uglavnom kako bi se znalo kada je voza\u010d vozio preko ograni\u010denja brzine, a kada je vozilo radilo u praznom hodu. Prvo \u0161to korisnik mora odabrati je raspon datuma za koji \u0107e se ovo izvje\u0161\u0107e generirati. Raspon &hellip; <a href=\"https:\/\/www.fmsdocumentation.com\/hr\/izbornik-izvjesca\/izvjesce-o-parametrima-preko-ogranicenja\/\" class=\"more-link\">Continue reading <span class=\"screen-reader-text\">Izvje\u0161\u0107e o parametrima preko ograni\u010denja<\/span><\/a><\/p>\n","protected":false},"author":5,"featured_media":0,"parent":15255,"menu_order":10,"comment_status":"closed","ping_status":"closed","template":"","meta":{"footnotes":""},"class_list":["post-14864","page","type-page","status-publish","hentry"],"_links":{"self":[{"href":"https:\/\/www.fmsdocumentation.com\/hr\/wp-json\/wp\/v2\/pages\/14864","targetHints":{"allow":["GET"]}}],"collection":[{"href":"https:\/\/www.fmsdocumentation.com\/hr\/wp-json\/wp\/v2\/pages"}],"about":[{"href":"https:\/\/www.fmsdocumentation.com\/hr\/wp-json\/wp\/v2\/types\/page"}],"author":[{"embeddable":true,"href":"https:\/\/www.fmsdocumentation.com\/hr\/wp-json\/wp\/v2\/users\/5"}],"replies":[{"embeddable":true,"href":"https:\/\/www.fmsdocumentation.com\/hr\/wp-json\/wp\/v2\/comments?post=14864"}],"version-history":[{"count":1,"href":"https:\/\/www.fmsdocumentation.com\/hr\/wp-json\/wp\/v2\/pages\/14864\/revisions"}],"predecessor-version":[{"id":15314,"href":"https:\/\/www.fmsdocumentation.com\/hr\/wp-json\/wp\/v2\/pages\/14864\/revisions\/15314"}],"up":[{"embeddable":true,"href":"https:\/\/www.fmsdocumentation.com\/hr\/wp-json\/wp\/v2\/pages\/15255"}],"wp:attachment":[{"href":"https:\/\/www.fmsdocumentation.com\/hr\/wp-json\/wp\/v2\/media?parent=14864"}],"curies":[{"name":"wp","href":"https:\/\/api.w.org\/{rel}","templated":true}]}}