{"id":14872,"date":"2025-05-29T13:25:57","date_gmt":"2025-05-29T10:25:57","guid":{"rendered":"https:\/\/www.fmsdocumentation.com\/generirane-poveznice\/"},"modified":"2025-06-10T11:41:35","modified_gmt":"2025-06-10T08:41:35","slug":"generirane-poveznice","status":"publish","type":"page","link":"https:\/\/www.fmsdocumentation.com\/hr\/glavni-fms-prozor\/generirane-poveznice\/","title":{"rendered":"Generirane poveznice"},"content":{"rendered":"<p>Ovdje korisnik mo\u017ee generirati poveznice s lokacijama vozila koje se mogu dijeliti, kao i upravljati ve\u0107 generiranim poveznicama. Za svaku poveznicu prikazuju se sljede\u0107e informacije: <\/p>\n<ul>\n<li>Kreirao \u2013 korisnik koji je generirao poveznicu;<\/li>\n<li>Status \u2013 status poveznice. Status mo\u017ee biti <em>Isti\u010de za (preostalo vrijeme)<\/em> ili <em>Istekla.<\/em> Zadr\u017eavanjem pokaziva\u010da iznad statusa prikazat \u0107e se to\u010dan datum i vrijeme va\u017eenja; <\/li>\n<li>Vozila \u2013 vozila koja su prikazana u poveznici;<\/li>\n<li>E-po\u0161ta \u2013 adrese e-po\u0161te na koje \u0107e biti poslana poveznica;<\/li>\n<li>Veza \u2013 stvarna veza, klikom na nju kopirat \u0107ete je u me\u0111uspremnik.<\/li>\n<\/ul>\n<p><a href=\"https:\/\/www.fmsdocumentation.com\/wp-content\/uploads\/2018\/03\/336.png\"><img loading=\"lazy\" decoding=\"async\" class=\"alignnone size-large wp-image-4525\" src=\"https:\/\/www.fmsdocumentation.com\/wp-content\/uploads\/2018\/03\/336-1024x506.png\" alt=\"\" width=\"660\" height=\"326\" srcset=\"https:\/\/www.fmsdocumentation.com\/wp-content\/uploads\/2018\/03\/336-1024x506.png 1024w, https:\/\/www.fmsdocumentation.com\/wp-content\/uploads\/2018\/03\/336-300x148.png 300w, https:\/\/www.fmsdocumentation.com\/wp-content\/uploads\/2018\/03\/336-768x380.png 768w, https:\/\/www.fmsdocumentation.com\/wp-content\/uploads\/2018\/03\/336.png 1920w\" sizes=\"auto, (max-width: 660px) 100vw, 660px\" \/><\/a><\/p>\n<p>Nove poveznice mogu se generirati klikom na gumb \u201eNova poveznica\u201d. Postupak generiranja poveznica opisan je u <a href=\"https:\/\/www.fmsdocumentation.com\/overview-menu\/\">\u201eIzborniku statusa flote\u201d<\/a> . Poveznice se mogu izbrisati ozna\u010davanjem potvrdnih okvira pored ne\u017eeljenih poveznica i klikom na gumb \u201eIzbri\u0161i odabrano\u201d. Ozna\u010davanjem potvrdnog okvira pored \u201eIzradio\u201d odabrat \u0107e se\/poni\u0161titi odabir svih poveznica.   <\/p>\n<p><a href=\"https:\/\/www.fmsdocumentation.com\/wp-content\/uploads\/2018\/03\/337.png\"><img loading=\"lazy\" decoding=\"async\" class=\"alignnone size-large wp-image-4526\" src=\"https:\/\/www.fmsdocumentation.com\/wp-content\/uploads\/2018\/03\/337-1024x262.png\" alt=\"\" width=\"660\" height=\"169\" srcset=\"https:\/\/www.fmsdocumentation.com\/wp-content\/uploads\/2018\/03\/337-1024x262.png 1024w, https:\/\/www.fmsdocumentation.com\/wp-content\/uploads\/2018\/03\/337-300x77.png 300w, https:\/\/www.fmsdocumentation.com\/wp-content\/uploads\/2018\/03\/337-768x196.png 768w, https:\/\/www.fmsdocumentation.com\/wp-content\/uploads\/2018\/03\/337.png 1860w\" sizes=\"auto, (max-width: 660px) 100vw, 660px\" \/><\/a><\/p>\n<p>Datum i vrijeme isteka mogu\u0107e je promijeniti klikom na status poveznice i odabirom novog datuma i vremena. To se mo\u017ee u\u010diniti i s isteklim poveznicama, \u0161to zna\u010di da se istekle poveznice mogu ponovno aktivirati. <\/p>\n<p><a href=\"https:\/\/www.fmsdocumentation.com\/wp-content\/uploads\/2018\/03\/338.png\"><img loading=\"lazy\" decoding=\"async\" class=\"alignnone size-full wp-image-4527\" src=\"https:\/\/www.fmsdocumentation.com\/wp-content\/uploads\/2018\/03\/338.png\" alt=\"\" width=\"277\" height=\"82\"><\/a><\/p>\n<p>\u201eOpcije \u2013 korisnik mo\u017ee odabrati uklju\u010divanje podataka o vremenu vo\u017enje zajedno s polo\u017eajem vozila prilikom generiranja veze. Ova opcija prikazuje preostalo vrijeme vo\u017enje i za jedan dan i za cijeli tjedan. Ove informacije mogu se koristiti kako bi se pomoglo korisnicima da procijene kada \u0107e vozilo sti\u0107i na odredi\u0161te.\u201d  <\/p>\n<p><img loading=\"lazy\" decoding=\"async\" class=\"alignnone wp-image-13294 \" src=\"https:\/\/www.fmsdocumentation.com\/wp-content\/uploads\/2022\/07\/%D0%A1%D0%BD%D0%B8%D0%BC%D0%BE%D0%BA-%D1%8D%D0%BA%D1%80%D0%B0%D0%BD%D0%B0-2022-07-29-%D0%B2-08.12.00.png\" alt=\"\" width=\"408\" height=\"107\"><\/p>\n<hr>\n<p><div class=\"alignleft\"><a href=\"https:\/\/www.fmsdocumentation.com\/hr\/glavni-fms-prozor\/postavke-racuna\/\" title=\"Postavke ra\u010duna\"><span class=\"arrow\">\u2039 &nbsp <\/span> Postavke ra\u010duna <\/a><\/div>  <div class=\"alignright\"><a href=\"https:\/\/www.fmsdocumentation.com\/hr\/izbornik-statusa-flote\/\" title=\"Izbornik statusa flote\">Izbornik statusa flote <span class=\"arrow\"> &nbsp\u203a <\/span> <\/a><\/div><\/p>\n","protected":false},"excerpt":{"rendered":"<p>Ovdje korisnik mo\u017ee generirati poveznice s lokacijama vozila koje se mogu dijeliti, kao i upravljati ve\u0107 generiranim poveznicama. Za svaku poveznicu prikazuju se sljede\u0107e informacije: Kreirao \u2013 korisnik koji je generirao poveznicu; Status \u2013 status poveznice. Status mo\u017ee biti Isti\u010de za (preostalo vrijeme) ili Istekla. Zadr\u017eavanjem pokaziva\u010da iznad statusa prikazat \u0107e se to\u010dan datum i &hellip; <a href=\"https:\/\/www.fmsdocumentation.com\/hr\/glavni-fms-prozor\/generirane-poveznice\/\" class=\"more-link\">Continue reading <span class=\"screen-reader-text\">Generirane poveznice<\/span><\/a><\/p>\n","protected":false},"author":5,"featured_media":0,"parent":15560,"menu_order":9,"comment_status":"closed","ping_status":"closed","template":"","meta":{"footnotes":""},"class_list":["post-14872","page","type-page","status-publish","hentry"],"_links":{"self":[{"href":"https:\/\/www.fmsdocumentation.com\/hr\/wp-json\/wp\/v2\/pages\/14872","targetHints":{"allow":["GET"]}}],"collection":[{"href":"https:\/\/www.fmsdocumentation.com\/hr\/wp-json\/wp\/v2\/pages"}],"about":[{"href":"https:\/\/www.fmsdocumentation.com\/hr\/wp-json\/wp\/v2\/types\/page"}],"author":[{"embeddable":true,"href":"https:\/\/www.fmsdocumentation.com\/hr\/wp-json\/wp\/v2\/users\/5"}],"replies":[{"embeddable":true,"href":"https:\/\/www.fmsdocumentation.com\/hr\/wp-json\/wp\/v2\/comments?post=14872"}],"version-history":[{"count":1,"href":"https:\/\/www.fmsdocumentation.com\/hr\/wp-json\/wp\/v2\/pages\/14872\/revisions"}],"predecessor-version":[{"id":15601,"href":"https:\/\/www.fmsdocumentation.com\/hr\/wp-json\/wp\/v2\/pages\/14872\/revisions\/15601"}],"up":[{"embeddable":true,"href":"https:\/\/www.fmsdocumentation.com\/hr\/wp-json\/wp\/v2\/pages\/15560"}],"wp:attachment":[{"href":"https:\/\/www.fmsdocumentation.com\/hr\/wp-json\/wp\/v2\/media?parent=14872"}],"curies":[{"name":"wp","href":"https:\/\/api.w.org\/{rel}","templated":true}]}}