{"id":14888,"date":"2025-05-29T13:25:59","date_gmt":"2025-05-29T10:25:59","guid":{"rendered":"https:\/\/www.fmsdocumentation.com\/izbornik-rutiranje-i-zadaci\/upravljanje-putovanjima\/"},"modified":"2025-05-29T13:25:59","modified_gmt":"2025-05-29T10:25:59","slug":"upravljanje-putovanjima","status":"publish","type":"page","link":"https:\/\/www.fmsdocumentation.com\/hr\/izbornik-rutiranje-i-zadaci\/upravljanje-putovanjima\/","title":{"rendered":"Upravljanje putovanjima"},"content":{"rendered":"&#13;\n<p>Kliknite putovanje na popisu putovanja da biste prikazali rutu putovanja na karti. Na popisu \u0107ete vidjeti samo putovanja koja ste vi kreirali. <\/p>&#13;\n&#13;\n<p>Karta prikazuje rutu odabranog putovanja u sljede\u0107im kategorijama:<\/p>&#13;\n&#13;\n<ul class=\"wp-block-list\">&#13;\n<li>Isprekidana plava linija \u2013 planirana ruta putovanja<\/li>&#13;\n<li>Puna plava linija \u2013 stvarna ruta<\/li>&#13;\n<li>Puna crvena linija \u2013 stvarna ruta na kojoj je prekora\u010dena granica tolerancije odstupanja<\/li>&#13;\n<\/ul>&#13;\n&#13;\n<p>Zadr\u017eavanjem pokaziva\u010da iznad to\u010dke na karti prikazuju se detaljne informacije o vremenu dolaska, procijenjenoj i stvarnoj udaljenosti te vremenu putovanja.<\/p>&#13;\n&#13;\n<figure class=\"wp-block-image size-full is-resized\"><img loading=\"lazy\" decoding=\"async\" class=\"wp-image-10672\" src=\"https:\/\/www.fmsdocumentation.com\/wp-content\/uploads\/2021\/03\/461.png\" alt=\"\" width=\"561\" height=\"202\" srcset=\"https:\/\/www.fmsdocumentation.com\/wp-content\/uploads\/2021\/03\/461.png 705w, https:\/\/www.fmsdocumentation.com\/wp-content\/uploads\/2021\/03\/461-300x109.png 300w\" sizes=\"auto, (max-width: 561px) 100vw, 561px\" \/><\/figure>&#13;\n&#13;\n<p>Popis putovanja pru\u017ea sljede\u0107e informacije o putovanjima:<\/p>&#13;\n&#13;\n<ul class=\"wp-block-list\">&#13;\n<li>Vozilo \u2013 vozilo dodijeljeno putovanju<\/li>&#13;\n<li>Voza\u010d &#8211; ime voza\u010da dodijeljenog vozilu<\/li>&#13;\n<li>Putovanje \u2013 naziv putovanja<\/li>&#13;\n<li>Status putovanja &#8211; ukupni status putovanja<\/li>&#13;\n<li>Trenutna lokacija &#8211; trenutna lokacija vozila<\/li>&#13;\n<li>Vremenska crta rute &#8211; trenutni status me\u0111uto\u010dke rute<\/li>&#13;\n<li>Vrijeme dolaska &#8211; procijenjeno vrijeme dolaska na sljede\u0107u to\u010dku i trenutni status rute (rano, na vrijeme, kasno)<\/li>&#13;\n<li>Status voza\u010da &#8211; status voza\u010da (potrebni su podaci tahografa)<\/li>&#13;\n<\/ul>&#13;\n&#13;\n<p><p class=\"note\">Bilje\u0161ka<br\/> Ukupno se mo\u017ee prikazati najvi\u0161e 7 stupaca. Da biste promijenili koji su vidljivi, pogledajte odjeljak postavki stupaca. <\/p>&#13;\n&#13;\n<p>Putovanja mogu imati sljede\u0107e op\u0107e statuse:<\/p>&#13;\n&#13;\n<ul class=\"wp-block-list\">&#13;\n<li>Novi  <img loading=\"lazy\" decoding=\"async\" src=\"https:\/\/www.fmsdocumentation.com\/wp-content\/uploads\/2017\/04\/84.png\" alt=\"\" width=\"19\" height=\"20\"\/><\/li>&#13;\n<li>U tijeku  <img loading=\"lazy\" decoding=\"async\" class=\"alignnone wp-image-9302 \" src=\"https:\/\/www.fmsdocumentation.com\/wp-content\/uploads\/2020\/08\/arrow_right-2.png\" alt=\"\" width=\"18\" height=\"12\"\/><\/li>&#13;\n<li>Zavr\u0161eno  <img loading=\"lazy\" decoding=\"async\" src=\"https:\/\/www.fmsdocumentation.com\/wp-content\/uploads\/2017\/04\/85.png\" alt=\"\" width=\"19\" height=\"18\"\/><\/li>&#13;\n<li>Otkazano  <img loading=\"lazy\" decoding=\"async\" class=\"alignnone wp-image-9303\" src=\"https:\/\/www.fmsdocumentation.com\/wp-content\/uploads\/2020\/08\/canceled.png\" alt=\"\" width=\"17\" height=\"16\"\/><\/li>&#13;\n<\/ul>&#13;\n&#13;\n<figure class=\"wp-block-image is-resized size-large\"><a href=\"https:\/\/www.fmsdocumentation.com\/wp-content\/uploads\/2021\/12\/402.png\"><img loading=\"lazy\" decoding=\"async\" class=\"alignnone wp-image-10918 size-large\" src=\"https:\/\/www.fmsdocumentation.com\/wp-content\/uploads\/2021\/12\/402-1024x405.png\" alt=\"\" width=\"660\" height=\"261\" srcset=\"https:\/\/www.fmsdocumentation.com\/wp-content\/uploads\/2021\/12\/402-1024x405.png 1024w, https:\/\/www.fmsdocumentation.com\/wp-content\/uploads\/2021\/12\/402-300x119.png 300w, https:\/\/www.fmsdocumentation.com\/wp-content\/uploads\/2021\/12\/402-768x304.png 768w, https:\/\/www.fmsdocumentation.com\/wp-content\/uploads\/2021\/12\/402-1536x607.png 1536w, https:\/\/www.fmsdocumentation.com\/wp-content\/uploads\/2021\/12\/402-2048x809.png 2048w\" sizes=\"auto, (max-width: 660px) 100vw, 660px\" \/><\/a><\/figure>&#13;\n&#13;\n<p>Veli\u010dinu popisa putovanja mo\u017eete promijeniti zadr\u017eavanjem pokaziva\u010da mi\u0161a iznad ruba popisa putovanja i kori\u0161tenjem strelica:<\/p>&#13;\n&#13;\n<ul class=\"wp-block-list\">&#13;\n<li>Strelica prema gore &#8211; pro\u0161iruje popis putovanja na cijeli zaslon<\/li>&#13;\n<li>Strelica prema dolje &#8211; skriva popis putovanja<\/li>&#13;\n<\/ul>&#13;\n&#13;\n<p>Ako se popis pro\u0161iri\/minimizira, klikom na drugu strelicu popis putovanja vratit \u0107ete na zadanu veli\u010dinu. Mo\u017eete kliknuti i povu\u0107i rub popisa putovanja da biste ga prilagodili svojim potrebama. <\/p>&#13;\n&#13;\n<figure class=\"wp-block-image size-large is-resized\"><a href=\"https:\/\/www.fmsdocumentation.com\/wp-content\/uploads\/2021\/12\/408.png\"><img loading=\"lazy\" decoding=\"async\" class=\"alignnone wp-image-10919 \" src=\"https:\/\/www.fmsdocumentation.com\/wp-content\/uploads\/2021\/12\/408.png\" alt=\"\" width=\"658\" height=\"285\" srcset=\"https:\/\/www.fmsdocumentation.com\/wp-content\/uploads\/2021\/12\/408.png 760w, https:\/\/www.fmsdocumentation.com\/wp-content\/uploads\/2021\/12\/408-300x130.png 300w\" sizes=\"auto, (max-width: 658px) 100vw, 658px\" \/><\/a><\/figure>&#13;\n&#13;\n<p>Kliknite tri to\u010dke s desne strane putovanja da biste otvorili sa\u017eetak putovanja ili uredili\/izbrisali putovanje.<\/p>&#13;\n&#13;\n<figure class=\"wp-block-image size-large is-resized\"><a href=\"https:\/\/www.fmsdocumentation.com\/wp-content\/uploads\/2021\/12\/403.png\"><img loading=\"lazy\" decoding=\"async\" class=\"alignnone wp-image-10920 size-full\" src=\"https:\/\/www.fmsdocumentation.com\/wp-content\/uploads\/2021\/12\/403.png\" alt=\"\" width=\"484\" height=\"238\" srcset=\"https:\/\/www.fmsdocumentation.com\/wp-content\/uploads\/2021\/12\/403.png 484w, https:\/\/www.fmsdocumentation.com\/wp-content\/uploads\/2021\/12\/403-300x148.png 300w\" sizes=\"auto, (max-width: 484px) 100vw, 484px\" \/><\/a><\/figure>&#13;\n&#13;\n<h4 class=\"wp-block-heading\">Sa\u017eetak putovanja<\/h4>&#13;\n&#13;\n<p>Sa\u017eetak putovanja prikazuje pregled putovanja i rute. Sadr\u017ei sljede\u0107e informacije o putovanju: <\/p>&#13;\n&#13;\n<ul class=\"wp-block-list\">&#13;\n<li>Op\u0107i status<\/li>&#13;\n<li>Gumb za promjenu statusa<\/li>&#13;\n<li>Vrijeme dolaska<\/li>&#13;\n<li>Naslov putovanja<\/li>&#13;\n<li>Vozilo<\/li>&#13;\n<li>Voza\u010d<\/li>&#13;\n<li>Planirana udaljenost putovanja<\/li>&#13;\n<li>Odstupana udaljenost<\/li>&#13;\n<li>Stvarna udaljenost putovanja<\/li>&#13;\n<li>Planirano vrijeme putovanja<\/li>&#13;\n<li>Bilje\u0161ke<\/li>&#13;\n<\/ul>&#13;\n&#13;\n<figure class=\"wp-block-image size-large\"><a href=\"https:\/\/www.fmsdocumentation.com\/wp-content\/uploads\/2021\/12\/404.png\"><img loading=\"lazy\" decoding=\"async\" class=\"alignnone wp-image-10921 size-large\" src=\"https:\/\/www.fmsdocumentation.com\/wp-content\/uploads\/2021\/12\/404-1024x508.png\" alt=\"\" width=\"660\" height=\"327\" srcset=\"https:\/\/www.fmsdocumentation.com\/wp-content\/uploads\/2021\/12\/404-1024x508.png 1024w, https:\/\/www.fmsdocumentation.com\/wp-content\/uploads\/2021\/12\/404-300x149.png 300w, https:\/\/www.fmsdocumentation.com\/wp-content\/uploads\/2021\/12\/404-768x381.png 768w, https:\/\/www.fmsdocumentation.com\/wp-content\/uploads\/2021\/12\/404-1536x762.png 1536w, https:\/\/www.fmsdocumentation.com\/wp-content\/uploads\/2021\/12\/404-2048x1017.png 2048w\" sizes=\"auto, (max-width: 660px) 100vw, 660px\" \/><\/a><\/figure>&#13;\n&#13;\n<p>Informacije o to\u010dkama puta prikazuju lokaciju i dovr\u0161etak svake to\u010dke, kao i planirano vrijeme isporuke. Procijenjena cesta i preostala udaljenost za vo\u017enju tako\u0111er se prikazuju ispod svake to\u010dke puta. Klikom na adresu to\u010dke puta pro\u0161irit \u0107ete je kako biste vidjeli dodane bilje\u0161ke. Zadr\u017eavanjem pokaziva\u010da iznad to\u010dke puta prikazuje se gumb <strong>Gotovo<\/strong> kako biste ozna\u010dili to\u010dku puta kao dovr\u0161enu.   <\/p>&#13;\n<figure class=\"wp-block-image is-resized\"><a href=\"https:\/\/www.fmsdocumentation.com\/wp-content\/uploads\/2021\/03\/439.png\"><img loading=\"lazy\" decoding=\"async\" class=\"alignnone wp-image-10682 \" src=\"https:\/\/www.fmsdocumentation.com\/wp-content\/uploads\/2021\/03\/439.png\" alt=\"\" width=\"540\" height=\"336\" srcset=\"https:\/\/www.fmsdocumentation.com\/wp-content\/uploads\/2021\/03\/439.png 797w, https:\/\/www.fmsdocumentation.com\/wp-content\/uploads\/2021\/03\/439-300x187.png 300w, https:\/\/www.fmsdocumentation.com\/wp-content\/uploads\/2021\/03\/439-768x479.png 768w\" sizes=\"auto, (max-width: 540px) 100vw, 540px\" \/><\/a><\/figure>\n&#13;\n<h4 class=\"wp-block-heading\">Ure\u0111ivanje putovanja<\/h4>&#13;\n&#13;\n<p>Putovanja se mogu ure\u0111ivati \u200b\u200bputem:<\/p>&#13;\n&#13;\n<ul class=\"wp-block-list\">&#13;\n<li>Klikom na <strong>Uredi putovanje<\/strong> nakon klika na tri to\u010dke pored putovanja<\/li>&#13;\n<li>Klikom na <strong>Uredi<\/strong> u sa\u017eetku putovanja<\/li>&#13;\n<\/ul>&#13;\n&#13;\n<p>Putovanja se ure\u0111uju na isti na\u010din na koji su i kreirana. Mo\u017eete dodati dodatne to\u010dke ili odabrati drugu rutu ako je to potrebno. Nakon ure\u0111ivanja kliknite <strong>Spremi<\/strong> za spremanje promjena ili <strong>Zatvori<\/strong> za povratak na popis putovanja bez spremanja.  <\/p>&#13;\n&#13;\n<p><p class=\"note\">Bilje\u0161ka<br\/> Ne mo\u017eete ure\u0111ivati \u200b\u200bdovr\u0161ena\/otkazana putovanja.<\/p>&#13;\n&#13;\n<h4 class=\"wp-block-heading\">Brisanje putovanja<\/h4>&#13;\n&#13;\n<p>Putovanja se mogu izbrisati na sljede\u0107i na\u010din:<\/p>&#13;\n&#13;\n<ul class=\"wp-block-list\">&#13;\n<li>Ozna\u010dite potvrdni okvir pored putovanja koje \u017eelite izbrisati i kliknite ikonu za brisanje u gornjem desnom kutu prozora. Ozna\u010davanjem potvrdnog okvira u gornjem retku odabiru se sva putovanja. <\/li>&#13;\n<li>Klikom na <strong>Izbri\u0161i putovanje<\/strong> nakon klika na tri to\u010dke pored putovanja.<\/li>&#13;\n<\/ul>&#13;\n&#13;\n<p><p class=\"note\">Bilje\u0161ka<br\/> Putovanja koja su u tijeku ne mogu se izbrisati.<\/p>&#13;\n&#13;\n<figure class=\"wp-block-image size-large\"><a href=\"https:\/\/www.fmsdocumentation.com\/wp-content\/uploads\/2021\/12\/407.png\"><img loading=\"lazy\" decoding=\"async\" class=\"alignnone wp-image-10922 size-large\" src=\"https:\/\/www.fmsdocumentation.com\/wp-content\/uploads\/2021\/12\/407-1024x448.png\" alt=\"\" width=\"660\" height=\"289\" srcset=\"https:\/\/www.fmsdocumentation.com\/wp-content\/uploads\/2021\/12\/407-1024x448.png 1024w, https:\/\/www.fmsdocumentation.com\/wp-content\/uploads\/2021\/12\/407-300x131.png 300w, https:\/\/www.fmsdocumentation.com\/wp-content\/uploads\/2021\/12\/407-768x336.png 768w, https:\/\/www.fmsdocumentation.com\/wp-content\/uploads\/2021\/12\/407-1536x672.png 1536w, https:\/\/www.fmsdocumentation.com\/wp-content\/uploads\/2021\/12\/407-2048x896.png 2048w\" sizes=\"auto, (max-width: 660px) 100vw, 660px\" \/><\/a><\/figure>&#13;\n&#13;\n<h4 class=\"wp-block-heading\">Postavke stupaca<\/h4>&#13;\n&#13;\n<p>Istovremeno se mo\u017ee prikazati do 7 stupaca. Za dodavanje\/uklanjanje stupaca kliknite na tri to\u010dke na vrhu tablice putovanja.   <\/p>&#13;\n&#13;\n<figure class=\"wp-block-image\"><a href=\"https:\/\/www.fmsdocumentation.com\/wp-content\/uploads\/2021\/12\/440.png\"><img loading=\"lazy\" decoding=\"async\" class=\"alignnone wp-image-10923 \" src=\"https:\/\/www.fmsdocumentation.com\/wp-content\/uploads\/2021\/12\/440.png\" alt=\"\" width=\"644\" height=\"444\" srcset=\"https:\/\/www.fmsdocumentation.com\/wp-content\/uploads\/2021\/12\/440.png 722w, https:\/\/www.fmsdocumentation.com\/wp-content\/uploads\/2021\/12\/440-300x207.png 300w\" sizes=\"auto, (max-width: 644px) 100vw, 644px\" \/><\/a><\/figure>&#13;\n&#13;\n<p>Odaberite stupce klikom na njih na popisu s lijeve strane. Nakon \u0161to se element doda, pojavit \u0107e se na popisu s desne strane. Ovdje ih mo\u017eete promijeniti povla\u010denjem gore ili dolje i izbrisati klikom na ikonu X. Za primjenu promjena kliknite <strong>Potvrdi<\/strong> .   <\/p>&#13;\n&#13;\n<figure class=\"wp-block-image is-resized\"><a href=\"https:\/\/www.fmsdocumentation.com\/wp-content\/uploads\/2021\/12\/441.png\"><img loading=\"lazy\" decoding=\"async\" class=\"alignnone wp-image-10924 \" src=\"https:\/\/www.fmsdocumentation.com\/wp-content\/uploads\/2021\/12\/441.png\" alt=\"\" width=\"605\" height=\"519\" srcset=\"https:\/\/www.fmsdocumentation.com\/wp-content\/uploads\/2021\/12\/441.png 871w, https:\/\/www.fmsdocumentation.com\/wp-content\/uploads\/2021\/12\/441-300x257.png 300w, https:\/\/www.fmsdocumentation.com\/wp-content\/uploads\/2021\/12\/441-768x659.png 768w\" sizes=\"auto, (max-width: 605px) 100vw, 605px\" \/><\/a><\/figure>&#13;\n&#13;\n<h4 class=\"wp-block-heading\">Pretraga putovanja<\/h4>&#13;\n&#13;\n<p>Pomo\u0107u trake za pretra\u017eivanje filtrirajte putovanja koja sadr\u017ee unesene klju\u010dne rije\u010di. Ova funkcija \u0107e koristiti filtere ako su primijenjeni i ne\u0107e pretra\u017eivati \u200b\u200bizvan njihovog opsega. Pretra\u017eivanje \u0107e se izvr\u0161iti samo za stupac naziva putovanja, a ne za ostale stupce.  <\/p>&#13;\n&#13;\n<figure class=\"wp-block-image is-resized\"><a href=\"https:\/\/www.fmsdocumentation.com\/wp-content\/uploads\/2021\/12\/444.png\"><img loading=\"lazy\" decoding=\"async\" class=\"alignnone wp-image-10925 size-large\" src=\"https:\/\/www.fmsdocumentation.com\/wp-content\/uploads\/2021\/12\/444-1024x471.png\" alt=\"\" width=\"660\" height=\"304\" srcset=\"https:\/\/www.fmsdocumentation.com\/wp-content\/uploads\/2021\/12\/444-1024x471.png 1024w, https:\/\/www.fmsdocumentation.com\/wp-content\/uploads\/2021\/12\/444-300x138.png 300w, https:\/\/www.fmsdocumentation.com\/wp-content\/uploads\/2021\/12\/444-768x353.png 768w, https:\/\/www.fmsdocumentation.com\/wp-content\/uploads\/2021\/12\/444.png 1090w\" sizes=\"auto, (max-width: 660px) 100vw, 660px\" \/><\/a><\/figure>&#13;\n<h4>Active deviations<\/h4>&#13;\n<p>The total number of currently deviating drivers is displayed next to the search bar and a red circle notification in the main menu.\u00a0<\/p>&#13;\n<p><a href=\"https:\/\/www.fmsdocumentation.com\/wp-content\/uploads\/2021\/08\/462.png\"><img loading=\"lazy\" decoding=\"async\" class=\"alignnone wp-image-10728 \" src=\"https:\/\/www.fmsdocumentation.com\/wp-content\/uploads\/2021\/08\/462.png\" alt=\"\" width=\"547\" height=\"194\" srcset=\"https:\/\/www.fmsdocumentation.com\/wp-content\/uploads\/2021\/08\/462.png 845w, https:\/\/www.fmsdocumentation.com\/wp-content\/uploads\/2021\/08\/462-300x106.png 300w, https:\/\/www.fmsdocumentation.com\/wp-content\/uploads\/2021\/08\/462-768x272.png 768w\" sizes=\"auto, (max-width: 547px) 100vw, 547px\" \/><\/a><\/p>&#13;\n&#13;\n<h4 class=\"wp-block-heading\">Filtriranje putovanja<\/h4>&#13;\n&#13;\n<p>Sljede\u0107i stupci popisa putovanja imaju filtre:<\/p>&#13;\n\r\n<figure class=\"wp-block-table\"><\/figure>\r\n\r\n<figure class=\"wp-block-table\">\r\n<table style=\"height: 131px;\" width=\"5\">\r\n<tbody>\r\n<tr>\r\n<td><strong>Kolona<\/strong><\/td>\r\n <td><strong>Vrsta(e) filtra<\/strong><\/td>\r\n<\/tr>\r\n<tr>\r\n<td>Putovanje<\/td>\r\n <td>Sortiraj po silaznom\/uzlaznom redoslijedu<\/td>\r\n<\/tr>\r\n<tr>\r\n<td>Voza\u010d<\/td>\r\n <td>Sortiraj po silaznom\/uzlaznom redoslijedu<br\/> Prika\u017ei samo putovanja dodijeljena odabranim voza\u010dima<\/td>\r\n<\/tr>\r\n<tr>\r\n<td>Status voza\u010da<\/td>\r\n <td>Prika\u017ei samo putovanja s odabranim statusima voza\u010da<\/td>\r\n<\/tr>\r\n<tr>\r\n<td>Vozilo<\/td>\r\n <td>Sortiraj po silaznom\/uzlaznom redoslijedu<br\/> Prika\u017ei samo putovanja dodijeljena odabranim vozilima<\/td>\r\n<\/tr>\r\n<tr>\r\n<td>Vrijeme dolaska<\/td>\r\n <td>Sortiraj po silaznom\/uzlaznom redoslijedu<br\/> Prika\u017ei samo putovanja s odabranim vremenom dolaska<\/td>\r\n<\/tr>\r\n<tr>\r\n<td>Status putovanja<\/td>\r\n <td>Sortiraj po silaznom\/uzlaznom redoslijedu<br\/> Prika\u017ei samo putovanja s odabranim statusom putovanja<\/td>\r\n<\/tr>\r\n<\/tbody>\r\n<\/table>\r\n<\/figure>\r\n&#13;\n<p>Sortirajte stupce klikom na naziv stupca. Istovremeno se mo\u017ee sortirati samo jedan stupac. Nakon sortiranja, ikona prikazuje primijenjeni redoslijed sortiranja.  <\/p>&#13;\n&#13;\n<figure class=\"wp-block-image is-resized size-large\"><a href=\"https:\/\/www.fmsdocumentation.com\/wp-content\/uploads\/2021\/12\/405.png\"><img loading=\"lazy\" decoding=\"async\" class=\"alignnone wp-image-10926 \" src=\"https:\/\/www.fmsdocumentation.com\/wp-content\/uploads\/2021\/12\/405.png\" alt=\"\" width=\"652\" height=\"241\" srcset=\"https:\/\/www.fmsdocumentation.com\/wp-content\/uploads\/2021\/12\/405.png 780w, https:\/\/www.fmsdocumentation.com\/wp-content\/uploads\/2021\/12\/405-300x111.png 300w, https:\/\/www.fmsdocumentation.com\/wp-content\/uploads\/2021\/12\/405-768x284.png 768w\" sizes=\"auto, (max-width: 652px) 100vw, 652px\" \/><\/a><\/figure>&#13;\n&#13;\n<p>Filtrirajte putovanja klikom na ikonu filtra koja se pojavljuje kada zadr\u017eite pokaziva\u010d mi\u0161a iznad naziva stupca. I sortiranje i filtriranje mogu se primijeniti na isti stupac. <\/p>&#13;\n&#13;\n<figure class=\"wp-block-image is-resized size-large\"><a href=\"https:\/\/www.fmsdocumentation.com\/wp-content\/uploads\/2021\/12\/406.png\"><img loading=\"lazy\" decoding=\"async\" class=\"alignnone wp-image-10927 \" src=\"https:\/\/www.fmsdocumentation.com\/wp-content\/uploads\/2021\/12\/406.png\" alt=\"\" width=\"573\" height=\"290\" srcset=\"https:\/\/www.fmsdocumentation.com\/wp-content\/uploads\/2021\/12\/406.png 597w, https:\/\/www.fmsdocumentation.com\/wp-content\/uploads\/2021\/12\/406-300x152.png 300w\" sizes=\"auto, (max-width: 573px) 100vw, 573px\" \/><\/a><\/figure>&#13;\n&#13;\n<p>Primijenjeni filtri navedeni su na po\u010detku popisa putovanja. Za brisanje jednog filtra kliknite <strong>X.<\/strong> Za brisanje svih filtra kliknite <strong>Izbri\u0161i sve filtre<\/strong> .  <\/p>&#13;\n&#13;\n<figure class=\"wp-block-image size-large\"><a href=\"https:\/\/www.fmsdocumentation.com\/wp-content\/uploads\/2021\/12\/409.png\"><img loading=\"lazy\" decoding=\"async\" class=\"alignnone wp-image-10928 \" src=\"https:\/\/www.fmsdocumentation.com\/wp-content\/uploads\/2021\/12\/409.png\" alt=\"\" width=\"647\" height=\"249\" srcset=\"https:\/\/www.fmsdocumentation.com\/wp-content\/uploads\/2021\/12\/409.png 657w, https:\/\/www.fmsdocumentation.com\/wp-content\/uploads\/2021\/12\/409-300x116.png 300w\" sizes=\"auto, (max-width: 647px) 100vw, 647px\" \/><\/a><\/figure>&#13;\n&#13;\n<figure class=\"wp-block-image is-resized\"><\/figure>&#13;\n&#13;\n<p><div class=\"alignleft\"><a href=\"https:\/\/www.fmsdocumentation.com\/hr\/izbornik-rutiranje-i-zadaci\/izrada-putovanja\/\" title=\"Izrada putovanja\"><span class=\"arrow\">\u2039 &nbsp <\/span> Izrada putovanja <\/a><\/div> <div class=\"alignright\"><a href=\"https:\/\/www.fmsdocumentation.com\/hr\/izbornik-zadataka-odrzavanja\/\" title=\"Izbornik zadataka odr\u017eavanja\">Izbornik zadataka odr\u017eavanja <span class=\"arrow\"> &nbsp\u203a <\/span> <\/a><\/div><\/p>&#13;\n<p>&nbsp;<\/p>\n","protected":false},"excerpt":{"rendered":"<p>&#13; Kliknite putovanje na popisu putovanja da biste prikazali rutu putovanja na karti. Na popisu \u0107ete vidjeti samo putovanja koja ste vi kreirali. &#13; &#13; Karta prikazuje rutu odabranog putovanja u sljede\u0107im kategorijama: &#13; &#13; &#13; Isprekidana plava linija \u2013 planirana ruta putovanja &#13; Puna plava linija \u2013 stvarna ruta &#13; Puna crvena linija \u2013 &hellip; <a href=\"https:\/\/www.fmsdocumentation.com\/hr\/izbornik-rutiranje-i-zadaci\/upravljanje-putovanjima\/\" class=\"more-link\">Continue reading <span class=\"screen-reader-text\">Upravljanje putovanjima<\/span><\/a><\/p>\n","protected":false},"author":5,"featured_media":0,"parent":14716,"menu_order":2,"comment_status":"closed","ping_status":"closed","template":"","meta":{"footnotes":""},"class_list":["post-14888","page","type-page","status-publish","hentry"],"_links":{"self":[{"href":"https:\/\/www.fmsdocumentation.com\/hr\/wp-json\/wp\/v2\/pages\/14888","targetHints":{"allow":["GET"]}}],"collection":[{"href":"https:\/\/www.fmsdocumentation.com\/hr\/wp-json\/wp\/v2\/pages"}],"about":[{"href":"https:\/\/www.fmsdocumentation.com\/hr\/wp-json\/wp\/v2\/types\/page"}],"author":[{"embeddable":true,"href":"https:\/\/www.fmsdocumentation.com\/hr\/wp-json\/wp\/v2\/users\/5"}],"replies":[{"embeddable":true,"href":"https:\/\/www.fmsdocumentation.com\/hr\/wp-json\/wp\/v2\/comments?post=14888"}],"version-history":[{"count":1,"href":"https:\/\/www.fmsdocumentation.com\/hr\/wp-json\/wp\/v2\/pages\/14888\/revisions"}],"predecessor-version":[{"id":14889,"href":"https:\/\/www.fmsdocumentation.com\/hr\/wp-json\/wp\/v2\/pages\/14888\/revisions\/14889"}],"up":[{"embeddable":true,"href":"https:\/\/www.fmsdocumentation.com\/hr\/wp-json\/wp\/v2\/pages\/14716"}],"wp:attachment":[{"href":"https:\/\/www.fmsdocumentation.com\/hr\/wp-json\/wp\/v2\/media?parent=14888"}],"curies":[{"name":"wp","href":"https:\/\/api.w.org\/{rel}","templated":true}]}}