{"id":14890,"date":"2025-05-29T13:26:01","date_gmt":"2025-05-29T10:26:01","guid":{"rendered":"https:\/\/www.fmsdocumentation.com\/izvjesce-o-zemlji\/"},"modified":"2025-05-29T13:30:42","modified_gmt":"2025-05-29T10:30:42","slug":"izvjesce-o-zemlji","status":"publish","type":"page","link":"https:\/\/www.fmsdocumentation.com\/hr\/izbornik-izvjesca\/izvjesce-o-zemlji\/","title":{"rendered":"Izvje\u0161\u0107e o zemlji"},"content":{"rendered":"<p><strong>Izvje\u0161\u0107e po dr\u017eavama<\/strong> \u2013 ova vrsta izvje\u0161\u0107a odabrana je prema zadanim postavkama i uglavnom je usmjerena na aktivnost u odre\u0111enim dr\u017eavama. Prvo \u0161to korisnik mora odabrati je raspon datuma za koji \u0107e se ovo izvje\u0161\u0107e generirati. <\/p>\n<p><strong>Podvrsta izvje\u0161\u0107a<\/strong> \u2013 odaberite podvrstu izvje\u0161\u0107a izme\u0111u <em>Zadano izvje\u0161\u0107e po dr\u017eavi<\/em> i <em>Izvje\u0161\u0107e po dr\u017eavi za 4trans.<\/em> Ostavite zadanu vrijednost ako ne koristite 4trans.<\/p>\n<p><strong>Izvje\u0161\u0107e na temelju<\/strong> \u2013 ova postavka definira glavni cilj izvje\u0161\u0107a. Dostupne su dvije opcije: <\/p>\n<ul>\n<li>Voza\u010di<\/li>\n<li>Objekti<\/li>\n<\/ul>\n<p>To\u010dno to radi, generirano izvje\u0161\u0107e \u0107e prikazati informacije ( <em>parametri: udaljenost putovanja, lokacija po\u010detka rada itd.)<\/em> za odabrani cilj ( <em>Voza\u010di ili Objekti<\/em> ). Dakle, ako su odabrani Objekti, izvje\u0161\u0107e \u0107e prikazati informacije za odre\u0111ene odabrane objekte. <\/p>\n<p><strong>Objekti\/Upravlja\u010dki programi<\/strong> \u2013 ( <em>ovisi o odabiru u opciji \u201eIzvje\u0161\u0107e na temelju\u201d<\/em> ) ovo omogu\u0107uje korisniku da odabere za koje \u0107e se objekte\/upravlja\u010dke programe generirati izvje\u0161\u0107e.<\/p>\n<p>Ako su odabrani <em>Objekti<\/em> , popis \u0107e sadr\u017eavati i <strong>grupe<\/strong> objekata. Korisnik mo\u017ee odabrati cijelu grupu ozna\u010davanjem potvrdnog okvira ispred grupe ili kliknuti gumb \u201e+\u201d da bi pro\u0161irio grupu i vidio koji se objekti nalaze u grupi. Da bi sa\u017eeo grupu, korisnik mora kliknuti gumb \u201e-\u201d. <strong>Pojedina\u010dni objekti mogu se odabrati iz grupe<\/strong> . Va\u017eno je napomenuti da ako je odabran objekt koji je prisutan u nekoliko grupa, bit \u0107e ozna\u010den u svakoj grupi kao \u0161to je prikazano na slici ispod. Ako je odabrana cijela grupa, potvrdni okvir bit \u0107e plav s bijelom kva\u010dicom. Ako je odabran samo dio grupe, grupa \u0107e imati plavi kvadrat u potvrdnom okviru (prikazano na slici ispod). Korisnik tako\u0111er mo\u017ee koristiti pretra\u017eivanje za brzo pregledavanje velikog popisa objekata i grupa. Sve grupe mogu se odabrati\/poni\u0161titi ozna\u010davanjem potvrdnog okvira pored \u201eOdaberi sve grupe\u201d. Broj odabranih objekata i ukupan broj objekata prikazuje se u gornjem desnom kutu popisa.         <\/p>\n<p><a href=\"https:\/\/www.fmsdocumentation.com\/wp-content\/uploads\/2018\/12\/281.png\" data-featherlight=\"image\"><img loading=\"lazy\" decoding=\"async\" class=\"alignnone size-full wp-image-6727\" src=\"https:\/\/www.fmsdocumentation.com\/wp-content\/uploads\/2018\/12\/281.png\" sizes=\"auto, (max-width: 549px) 100vw, 549px\" srcset=\"https:\/\/www.fmsdocumentation.com\/wp-content\/uploads\/2018\/12\/281.png 549w, https:\/\/www.fmsdocumentation.com\/wp-content\/uploads\/2018\/12\/281-300x162.png 300w\" alt=\"\" width=\"549\" height=\"297\"><\/a><\/p>\n<p>Ako je odabrana <em>opcija Voza\u010di<\/em> , upravlja\u010dki programi bit \u0107e prikazani na padaju\u0107em popisu. Za odabir upravlja\u010dkog programa korisnik mora ozna\u010diti potvrdni okvir pored upravlja\u010dkog programa. Ozna\u010davanjem potvrdnog okvira pored opcije \u201eOdaberi sve\u201d odabrat \u0107e se\/poni\u0161titi odabir svih upravlja\u010dkih programa. Popis se automatski a\u017eurira sa svakim simbolom upisanim u traku za pretra\u017eivanje. Broj odabranih upravlja\u010dkih programa i ukupan broj upravlja\u010dkih programa prikazuje se u gornjem desnom kutu popisa.    <\/p>\n<p><a href=\"https:\/\/www.fmsdocumentation.com\/wp-content\/uploads\/2018\/12\/340.png\"><img loading=\"lazy\" decoding=\"async\" class=\"alignnone size-full wp-image-6718\" src=\"https:\/\/www.fmsdocumentation.com\/wp-content\/uploads\/2018\/12\/340.png\" alt=\"\" width=\"549\" height=\"295\" srcset=\"https:\/\/www.fmsdocumentation.com\/wp-content\/uploads\/2018\/12\/340.png 549w, https:\/\/www.fmsdocumentation.com\/wp-content\/uploads\/2018\/12\/340-300x161.png 300w\" sizes=\"auto, (max-width: 549px) 100vw, 549px\" \/><\/a><\/p>\n<p><strong>Zemlje \u2013<\/strong> odaberite koje zemlje treba uklju\u010diti u izvje\u0161\u0107e. Prema zadanim postavkama, odabrane su sve zemlje ( <em>235 od 235 odabranih)<\/em> . Da biste promijenili koje zemlje treba uklju\u010diti, kliknite traku da biste otvorili padaju\u0107i izbornik s popisom zemalja za odabir. Za odabir zemlje, pokraj nje mora biti ozna\u010den potvrdni okvir. Ozna\u010davanjem potvrdnog okvira pored \u201eOdaberi sve\u201d odabrat \u0107e se\/poni\u0161titi odabir svih zemalja. Popis se automatski a\u017eurira svakim simbolom upisanim u traku za pretra\u017eivanje. Broj odabranih zemalja i ukupan broj zemalja prikazuje se u gornjem desnom kutu popisa.      <\/p>\n<p><a href=\"https:\/\/www.fmsdocumentation.com\/wp-content\/uploads\/2020\/08\/445.png\"><img loading=\"lazy\" decoding=\"async\" class=\"alignnone wp-image-9475\" src=\"https:\/\/www.fmsdocumentation.com\/wp-content\/uploads\/2020\/08\/445.png\" alt=\"\" width=\"541\" height=\"291\" srcset=\"https:\/\/www.fmsdocumentation.com\/wp-content\/uploads\/2020\/08\/445.png 686w, https:\/\/www.fmsdocumentation.com\/wp-content\/uploads\/2020\/08\/445-300x161.png 300w\" sizes=\"auto, (max-width: 541px) 100vw, 541px\" \/><\/a><\/p>\n<p><strong>Raspon datuma<\/strong> \u2013 za odabir datuma korisnik mora kliknuti na \u201eOdaberi raspon datuma\u201d \u0161to \u0107e otvoriti plo\u010du kalendara. Plo\u010da kalendara identi\u010dna je u svim FMS-ovima. Za odabir po\u010detnog\/zavr\u0161nog datuma korisnik jednostavno mora kliknuti na \u017eeljeni datum, a zatim kliknuti na suprotni datum. Odabrani dani bit \u0107e ozna\u010deni plavom bojom. Trenutni dan ozna\u010den je malim plavim trokutom u gornjem lijevom kutu tog dana. Ako je odabran (ozna\u010den) trenutni dan, trokut \u0107e postati bijel. Nakon toga korisnik mo\u017ee odrediti od kojeg sata po\u010detnog datuma do kojeg sata zavr\u0161nog datuma \u017eeli se prikazati povijest. Za primjenu promjena potrebno je kliknuti gumb \u201ePrimijeni\u201d, ina\u010de se promjene ne\u0107e spremiti.       <\/p>\n<p><a href=\"https:\/\/www.fmsdocumentation.com\/wp-content\/uploads\/2017\/04\/136-9.png\"><img loading=\"lazy\" decoding=\"async\" class=\"alignnone size-full wp-image-1170\" src=\"https:\/\/www.fmsdocumentation.com\/wp-content\/uploads\/2017\/04\/136-9.png\" alt=\"\" width=\"503\" height=\"483\" srcset=\"https:\/\/www.fmsdocumentation.com\/wp-content\/uploads\/2017\/04\/136-9.png 503w, https:\/\/www.fmsdocumentation.com\/wp-content\/uploads\/2017\/04\/136-9-300x288.png 300w\" sizes=\"auto, (max-width: 503px) 100vw, 503px\" \/><\/a><\/p>\n<p>Minimalno razdoblje je jedan dan. Za odabir jednog dana jednostavno dvaput kliknite lijevu tipku mi\u0161a na \u017eeljeni dan.<br \/>\n Maksimalno razdoblje je tri mjeseca (90 dana). Ne mo\u017eete odabrati dulje razdoblje.  <\/p>\n<p>Zatim korisnik mora konfigurirati <strong>popis stupaca<\/strong> . Ovo izvje\u0161\u0107e uklju\u010divat \u0107e sljede\u0107e parametre odabrane prema zadanim postavkama: <\/p>\n<ul>\n<li>Vrijeme po\u010detka rada \u2013 vrijeme prvog doga\u0111aja paljenja ili prvog zapisa u odre\u0111enoj zemlji. Ne mo\u017ee se poni\u0161titi odabir. <\/li>\n<li>Vrijeme zavr\u0161etka rada \u2013 vrijeme posljednjeg doga\u0111aja isklju\u010denja paljenja ili posljednjeg zapisa u odre\u0111enoj zemlji. Ne mo\u017ee se poni\u0161titi odabir. <\/li>\n<li>Pozivni broj dr\u017eave \u2013 dvoslovni kod odre\u0111ene dr\u017eave<\/li>\n<li>Radno trajanje \u2013 ukupno radno trajanje u odre\u0111enoj zemlji<\/li>\n<li>Trajanje zaustavljanja \u2013 ukupno trajanje zaustavljanja u odre\u0111enoj zemlji<\/li>\n<li>Kilometra\u017ea \u2013 ukupna prije\u0111ena kilometra\u017ea u odre\u0111enoj zemlji<\/li>\n<li>Voza\u010d br. 1 \u2013 ime prvog voza\u010da<\/li>\n<\/ul>\n<p>Ostali opcionalni parametri koji se mogu odabrati u <strong>popisu stupaca<\/strong> :<\/p>\n<ul>\n<li>Prosje\u010dna potro\u0161nja goriva \u2013 potro\u0161nja goriva na 100 km<\/li>\n<li>Naziv dr\u017eave \u2013 naziv odre\u0111ene dr\u017eave<\/li>\n<li>ID voza\u010da br. 1 \u2013 ID prvog voza\u010da <\/li>\n<li>Voza\u010d br. 2 \u2013 ime drugog voza\u010da<\/li>\n<li>ID voza\u010da br. 2 \u2013 ID drugog voza\u010da <\/li>\n<li>Uneseno iz \u2013 dvoslovni kod dr\u017eave iz koje je vozilo u\u0161lo<\/li>\n<li>Izlaz u \u2013 dvoslovni kod zemlje u koju je vozilo iza\u0161lo<\/li>\n<li>Potro\u0161eno gorivo \u2013 koli\u010dina goriva potro\u0161enog u odre\u0111enoj zemlji<\/li>\n<li>Trajanje praznog hoda \u2013 ukupno trajanje praznog hoda u odre\u0111enoj zemlji<\/li>\n<li>Kilometra\u017ea (virtualni broja\u010d kilometara) \u2013 ukupna prije\u0111ena kilometra\u017ea u odre\u0111enoj zemlji (izra\u010dunata putem virtualnog broja\u010da kilometara)<\/li>\n<li>Koordinate po\u010detka rada \u2013 koordinate lokacije prvog doga\u0111aja paljenja ili prvog zapisa u odre\u0111enoj zemlji<\/li>\n<li>Mjesto po\u010detka rada \u2013 mjesto prvog doga\u0111aja paljenja ili prvog zapisa u odre\u0111enoj zemlji<\/li>\n<li>Koordinate zavr\u0161etka rada \u2013 koordinate lokacije posljednjeg doga\u0111aja isklju\u010denja paljenja ili posljednjeg zapisa u odre\u0111enoj zemlji<\/li>\n<li>Lokacija zavr\u0161etka rada \u2013 lokacija posljednjeg doga\u0111aja isklju\u010denja paljenja ili posljednjeg zapisa u odre\u0111enoj zemlji<\/li>\n<\/ul>\n<p><strong>Prika\u017ei sa\u017eetak izvje\u0161\u0107a<\/strong> \u2013 omogu\u0107eno prema zadanim postavkama, ova \u0107e opcija uklju\u010divati \u200b\u200bodjeljak sa\u017eetka u izvje\u0161\u0107e. Ovo \u0107e sa\u017eeti sve informacije u izvje\u0161\u0107u i uklju\u010diti odabrane <strong>stupce u sa\u017eetak.<\/strong> <\/p>\n<p>Zatim korisnik mo\u017ee odabrati stupce koji \u0107e biti u <strong>sa\u017eetku<\/strong> :<\/p>\n<ul>\n<li>Vozilo \u2013 naziv vozila. Ne mo\u017ee se poni\u0161titi odabir. <\/li>\n<li>Vrijeme po\u010detka rada \u2013 vrijeme prvog doga\u0111aja paljenja. Ne mo\u017ee se poni\u0161titi odabir. <\/li>\n<li>Vrijeme zavr\u0161etka rada \u2013 vrijeme posljednjeg doga\u0111aja isklju\u010denja paljenja. Ne mo\u017ee se poni\u0161titi odabir. <\/li>\n<li>Kod dr\u017eave \u2013 dvoslovni kodovi svih dr\u017eava u kojima je vozilo bilo<\/li>\n<li>Radno vrijeme \u2013 ukupno radno vrijeme<\/li>\n<li>Trajanje zaustavljanja \u2013 ukupno trajanje zaustavljanja<\/li>\n<li>Kilometra\u017ea \u2013 ukupna prije\u0111ena kilometra\u017ea<\/li>\n<\/ul>\n<p>Ostali opcionalni parametri koji se mogu odabrati u <strong>popisu stupaca sa\u017eetka<\/strong> :<\/p>\n<ul>\n<li>Potro\u0161eno gorivo \u2013 ukupna koli\u010dina potro\u0161enog goriva<\/li>\n<li>Trajanje praznog hoda \u2013 ukupno trajanje praznog hoda<\/li>\n<li>Kilometra\u017ea (virtualni broja\u010d kilometara) \u2013 ukupna prije\u0111ena kilometra\u017ea (izra\u010dunata putem virtualnog broja\u010da kilometara)<\/li>\n<\/ul>\n<p><a href=\"https:\/\/www.fmsdocumentation.com\/wp-content\/uploads\/2020\/08\/343.png\"><img loading=\"lazy\" decoding=\"async\" class=\"alignnone wp-image-9476 size-large\" src=\"https:\/\/www.fmsdocumentation.com\/wp-content\/uploads\/2020\/08\/343-1024x439.png\" alt=\"\" width=\"660\" height=\"283\" srcset=\"https:\/\/www.fmsdocumentation.com\/wp-content\/uploads\/2020\/08\/343-1024x439.png 1024w, https:\/\/www.fmsdocumentation.com\/wp-content\/uploads\/2020\/08\/343-300x129.png 300w, https:\/\/www.fmsdocumentation.com\/wp-content\/uploads\/2020\/08\/343-768x330.png 768w, https:\/\/www.fmsdocumentation.com\/wp-content\/uploads\/2020\/08\/343.png 1510w\" sizes=\"auto, (max-width: 660px) 100vw, 660px\" \/><\/a><\/p>\n<p>Za dovr\u0161etak i generiranje izvje\u0161\u0107a korisnik mora kliknuti gumb <strong>Generiraj<\/strong> . Za otkazivanje izrade izvje\u0161\u0107a korisnik mora kliknuti gumb <strong>Otka\u017ei<\/strong> . <\/p>\n<p><a href=\"https:\/\/www.fmsdocumentation.com\/wp-content\/uploads\/2017\/04\/202.png\"><img loading=\"lazy\" decoding=\"async\" class=\"alignnone size-full wp-image-398\" src=\"https:\/\/www.fmsdocumentation.com\/wp-content\/uploads\/2017\/04\/202.png\" alt=\"\" width=\"569\" height=\"79\" srcset=\"https:\/\/www.fmsdocumentation.com\/wp-content\/uploads\/2017\/04\/202.png 569w, https:\/\/www.fmsdocumentation.com\/wp-content\/uploads\/2017\/04\/202-300x42.png 300w\" sizes=\"auto, (max-width: 569px) 100vw, 569px\" \/><\/a><\/p>\n<hr>\n<p><div class=\"alignleft\"><a href=\"https:\/\/www.fmsdocumentation.com\/hr\/izbornik-izvjesca\/predlosci-izvjesca\/\" title=\"Predlo\u0161ci izvje\u0161\u0107a\"><span class=\"arrow\">\u2039 &nbsp <\/span> Predlo\u0161ci izvje\u0161\u0107a <\/a><\/div> <div class=\"alignright\"><a href=\"https:\/\/www.fmsdocumentation.com\/hr\/izbornik-izvjesca\/izvjesce-o-eko-voznji\/\" title=\"Izvje\u0161\u0107e o eko-vo\u017enji\">Izvje\u0161\u0107e o eko-vo\u017enji <span class=\"arrow\"> &nbsp\u203a <\/span> <\/a><\/div><\/p>\n","protected":false},"excerpt":{"rendered":"<p>Izvje\u0161\u0107e po dr\u017eavama \u2013 ova vrsta izvje\u0161\u0107a odabrana je prema zadanim postavkama i uglavnom je usmjerena na aktivnost u odre\u0111enim dr\u017eavama. Prvo \u0161to korisnik mora odabrati je raspon datuma za koji \u0107e se ovo izvje\u0161\u0107e generirati. Podvrsta izvje\u0161\u0107a \u2013 odaberite podvrstu izvje\u0161\u0107a izme\u0111u Zadano izvje\u0161\u0107e po dr\u017eavi i Izvje\u0161\u0107e po dr\u017eavi za 4trans. Ostavite zadanu &hellip; <a href=\"https:\/\/www.fmsdocumentation.com\/hr\/izbornik-izvjesca\/izvjesce-o-zemlji\/\" class=\"more-link\">Continue reading <span class=\"screen-reader-text\">Izvje\u0161\u0107e o zemlji<\/span><\/a><\/p>\n","protected":false},"author":5,"featured_media":0,"parent":15255,"menu_order":4,"comment_status":"closed","ping_status":"closed","template":"","meta":{"footnotes":""},"class_list":["post-14890","page","type-page","status-publish","hentry"],"_links":{"self":[{"href":"https:\/\/www.fmsdocumentation.com\/hr\/wp-json\/wp\/v2\/pages\/14890","targetHints":{"allow":["GET"]}}],"collection":[{"href":"https:\/\/www.fmsdocumentation.com\/hr\/wp-json\/wp\/v2\/pages"}],"about":[{"href":"https:\/\/www.fmsdocumentation.com\/hr\/wp-json\/wp\/v2\/types\/page"}],"author":[{"embeddable":true,"href":"https:\/\/www.fmsdocumentation.com\/hr\/wp-json\/wp\/v2\/users\/5"}],"replies":[{"embeddable":true,"href":"https:\/\/www.fmsdocumentation.com\/hr\/wp-json\/wp\/v2\/comments?post=14890"}],"version-history":[{"count":1,"href":"https:\/\/www.fmsdocumentation.com\/hr\/wp-json\/wp\/v2\/pages\/14890\/revisions"}],"predecessor-version":[{"id":15306,"href":"https:\/\/www.fmsdocumentation.com\/hr\/wp-json\/wp\/v2\/pages\/14890\/revisions\/15306"}],"up":[{"embeddable":true,"href":"https:\/\/www.fmsdocumentation.com\/hr\/wp-json\/wp\/v2\/pages\/15255"}],"wp:attachment":[{"href":"https:\/\/www.fmsdocumentation.com\/hr\/wp-json\/wp\/v2\/media?parent=14890"}],"curies":[{"name":"wp","href":"https:\/\/api.w.org\/{rel}","templated":true}]}}