{"id":14893,"date":"2025-05-29T13:26:01","date_gmt":"2025-05-29T10:26:01","guid":{"rendered":"https:\/\/www.fmsdocumentation.com\/pregled-i-dodjela-narudzbe\/"},"modified":"2025-05-29T13:27:49","modified_gmt":"2025-05-29T10:27:49","slug":"pregled-i-dodjela-narudzbe","status":"publish","type":"page","link":"https:\/\/www.fmsdocumentation.com\/hr\/izbornik-narudzbi\/pregled-i-dodjela-narudzbe\/","title":{"rendered":"Pregled i dodjela narud\u017ebe"},"content":{"rendered":"<p>Odmah ispod gumba \u201eKreiraj novi nalog\u201d korisnik mo\u017ee prona\u0107i popis svih prethodno kreiranih naloga. Nalozi se mogu filtrirati klikom na polje \u201eFiltriraj naloge\u201d. Prema zadanim postavkama, svi nalozi se prikazuju na popisu. Mo\u017ee se primijeniti sljede\u0107i filter:   <\/p>\n<ul>\n<li>Sve \u2013 prikaz svih narud\u017ebi;<\/li>\n<li>Novo \u2013 prikaz novokreiranih naloga koji jo\u0161 nisu dodijeljeni (dodjeljivanje je opisano u nastavku);<\/li>\n<li>Rezervirano \u2013 ve\u0107 dodijeljeni nalozi, ali jo\u0161 nisu u obradi;<\/li>\n<li>U tijeku \u2013 narud\u017ebe koje su ve\u0107 u isporuci;<\/li>\n<li>Nije isporu\u010deno \u2013 narud\u017ebe koje je voza\u010d odbio;<\/li>\n<li>Dostavljeno \u2013 dovr\u0161ene narud\u017ebe.<\/li>\n<\/ul>\n<p>Status narud\u017ebe prikazuje se na popisu u obliku ikone za svaku narud\u017ebu, korisnik mo\u017ee pomaknuti mi\u0161 preko ikone kako bi vidio status.<\/p>\n<p><a href=\"https:\/\/www.fmsdocumentation.com\/wp-content\/uploads\/2017\/12\/308.png\"><img loading=\"lazy\" decoding=\"async\" class=\"alignnone size-full wp-image-4168\" src=\"https:\/\/www.fmsdocumentation.com\/wp-content\/uploads\/2017\/12\/308.png\" alt=\"\" width=\"386\" height=\"351\" srcset=\"https:\/\/www.fmsdocumentation.com\/wp-content\/uploads\/2017\/12\/308.png 386w, https:\/\/www.fmsdocumentation.com\/wp-content\/uploads\/2017\/12\/308-300x273.png 300w\" sizes=\"auto, (max-width: 386px) 100vw, 386px\" \/><\/a><\/p>\n<p>Za pregled i\/ili dodjeljivanje narud\u017ebe, korisnik prvo mora odabrati narud\u017ebu na popisu. Za dodjeljivanje, status narud\u017ebe mora biti \u201eNovo\u201d. Nakon odabira, otvorit \u0107e se dodatna bo\u010dna plo\u010da, a karta \u0107e se automatski prilagoditi kako bi prikazala lokaciju narud\u017ebe.  <\/p>\n<p><a href=\"https:\/\/www.fmsdocumentation.com\/wp-content\/uploads\/2017\/12\/309.png\"><img loading=\"lazy\" decoding=\"async\" class=\"alignnone size-large wp-image-4169\" src=\"https:\/\/www.fmsdocumentation.com\/wp-content\/uploads\/2017\/12\/309-1024x489.png\" alt=\"\" width=\"660\" height=\"315\" srcset=\"https:\/\/www.fmsdocumentation.com\/wp-content\/uploads\/2017\/12\/309-1024x489.png 1024w, https:\/\/www.fmsdocumentation.com\/wp-content\/uploads\/2017\/12\/309-300x143.png 300w, https:\/\/www.fmsdocumentation.com\/wp-content\/uploads\/2017\/12\/309-768x367.png 768w, https:\/\/www.fmsdocumentation.com\/wp-content\/uploads\/2017\/12\/309.png 1860w\" sizes=\"auto, (max-width: 660px) 100vw, 660px\" \/><\/a><\/p>\n<p>Pregledna plo\u010da sastoji se od dvije kartice, jedne za op\u0107e informacije o narud\u017ebi (otvorena prema zadanim postavkama), kao \u0161to su ukupna te\u017eina tereta, volumen, adresa dostave itd. U osnovi sve informacije koje je korisnik unio prilikom kreiranja narud\u017ebe. Dok je narud\u017eba jo\u0161 uvijek Nova ili u statusu \u201eRezervirana\u201d, mo\u017ee se ure\u0111ivati \u200b\u200bili brisati. Ovi gumbi nalaze se na dnu pregledne plo\u010de. Gumb \u201eUredi\u201d otvara prozor identi\u010dan prozoru za kreiranje nove narud\u017ebe. Ako se naprave bilo kakve promjene, potrebno je kliknuti gumb \u201eA\u017euriraj\u201d, ina\u010de \u0107e se sve promjene odbaciti. Gumb \u201eIzbri\u0161i\u201d otvorit \u0107e prozor za potvrdu u slu\u010daju da se radilo o nesre\u0107i.      <\/p>\n<p><a href=\"https:\/\/www.fmsdocumentation.com\/wp-content\/uploads\/2017\/12\/310.png\"><img loading=\"lazy\" decoding=\"async\" class=\"alignnone size-full wp-image-4170\" src=\"https:\/\/www.fmsdocumentation.com\/wp-content\/uploads\/2017\/12\/310.png\" alt=\"\" width=\"720\" height=\"889\" srcset=\"https:\/\/www.fmsdocumentation.com\/wp-content\/uploads\/2017\/12\/310.png 720w, https:\/\/www.fmsdocumentation.com\/wp-content\/uploads\/2017\/12\/310-243x300.png 243w\" sizes=\"auto, (max-width: 720px) 100vw, 720px\" \/><\/a><\/p>\n<p>Druga kartica sadr\u017ei popis svih tereta za ovu narud\u017ebu. Korisnik mo\u017ee pregledati te\u017einu i volumen odre\u0111enog tereta (ako je u narud\u017ebu uneseno vi\u0161e od jednog tereta). <\/p>\n<p><a href=\"https:\/\/www.fmsdocumentation.com\/wp-content\/uploads\/2017\/12\/313.png\"><img loading=\"lazy\" decoding=\"async\" class=\"alignnone size-full wp-image-4171\" src=\"https:\/\/www.fmsdocumentation.com\/wp-content\/uploads\/2017\/12\/313.png\" alt=\"\" width=\"360\" height=\"571\" srcset=\"https:\/\/www.fmsdocumentation.com\/wp-content\/uploads\/2017\/12\/313.png 360w, https:\/\/www.fmsdocumentation.com\/wp-content\/uploads\/2017\/12\/313-189x300.png 189w\" sizes=\"auto, (max-width: 360px) 100vw, 360px\" \/><\/a><\/p>\n<p>Na kartici s op\u0107im informacijama, korisnik mo\u017ee dodijeliti ovu narud\u017ebu klikom na gumb \u201e+ dodaj rutu\u201d. Time \u0107e se otvoriti izbornik \u201eRutiranje i zadatak\u201d s ve\u0107 odabranom rutom prema mjestu preuzimanja tereta i mjestu isporuke. Izbornik \u201e<a href=\"https:\/\/www.fmsdocumentation.com\/routing-menu\/task-management\/\">Rutiranje i zadatak<\/a>\u201d detaljno je opisan u sljede\u0107em odjeljku, a u ovom odjeljku prikazane su samo glavne razlike. Izradom rute putem narud\u017ebe, putovanje \u0107e <strong>sadr\u017eavati podatke o te\u017eini i volumenu<\/strong> kao \u0161to je prikazano u nastavku. <\/p>\n<p><a href=\"https:\/\/www.fmsdocumentation.com\/wp-content\/uploads\/2017\/12\/312.png\"><img loading=\"lazy\" decoding=\"async\" class=\"alignnone size-full wp-image-4172\" src=\"https:\/\/www.fmsdocumentation.com\/wp-content\/uploads\/2017\/12\/312.png\" alt=\"\" width=\"720\" height=\"659\" srcset=\"https:\/\/www.fmsdocumentation.com\/wp-content\/uploads\/2017\/12\/312.png 720w, https:\/\/www.fmsdocumentation.com\/wp-content\/uploads\/2017\/12\/312-300x275.png 300w\" sizes=\"auto, (max-width: 720px) 100vw, 720px\" \/><\/a><\/p>\n<p>Ovo prikazuje ukupnu te\u017einu i volumen tereta u postocima od ukupne slobodne te\u017eine i volumena odabranog vozila. Te\u017eina i volumen vozila postavljaju se ru\u010dno u odjeljku \u201eDetalji vozila \u2013 Detalji o kapacitetu tereta\u201d, opisanom u \u201e<a href=\"https:\/\/www.fmsdocumentation.com\/overview-menu\/summary-overview\/\">Izborniku statusa voznog parka \u2013 Sa\u017eeti pregled<\/a>\u201d. <\/p>\n<p><a href=\"https:\/\/www.fmsdocumentation.com\/wp-content\/uploads\/2017\/12\/314-1.png\"><img loading=\"lazy\" decoding=\"async\" class=\"alignnone size-large wp-image-4173\" src=\"https:\/\/www.fmsdocumentation.com\/wp-content\/uploads\/2017\/12\/314-1-1024x216.png\" alt=\"\" width=\"660\" height=\"139\" srcset=\"https:\/\/www.fmsdocumentation.com\/wp-content\/uploads\/2017\/12\/314-1-1024x216.png 1024w, https:\/\/www.fmsdocumentation.com\/wp-content\/uploads\/2017\/12\/314-1-300x63.png 300w, https:\/\/www.fmsdocumentation.com\/wp-content\/uploads\/2017\/12\/314-1-768x162.png 768w, https:\/\/www.fmsdocumentation.com\/wp-content\/uploads\/2017\/12\/314-1.png 1182w\" sizes=\"auto, (max-width: 660px) 100vw, 660px\" \/><\/a><\/p>\n<p>Nakon \u0161to korisnik klikne gumb \u201eKreiraj zadatak\u201d, pojavit \u0107e se novi prozor u kojem korisnik mora navesti naslov novog zadatka, postaviti \u017eeljeno vrijeme dolaska i dodati dodatne napomene lokacijama preuzimanja\/dostave.<\/p>\n<p><a href=\"https:\/\/www.fmsdocumentation.com\/wp-content\/uploads\/2017\/12\/311.png\"><img loading=\"lazy\" decoding=\"async\" class=\"alignnone size-full wp-image-4174\" src=\"https:\/\/www.fmsdocumentation.com\/wp-content\/uploads\/2017\/12\/311.png\" alt=\"\" width=\"750\" height=\"651\" srcset=\"https:\/\/www.fmsdocumentation.com\/wp-content\/uploads\/2017\/12\/311.png 750w, https:\/\/www.fmsdocumentation.com\/wp-content\/uploads\/2017\/12\/311-300x260.png 300w\" sizes=\"auto, (max-width: 750px) 100vw, 750px\" \/><\/a><\/p>\n<p>Nakon toga, zadatak \u0107e biti dodan na popis zadataka, a korisnik ih mo\u017ee pregledati na popisu zadataka opisanom u odjeljku \u201e<a href=\"https:\/\/www.fmsdocumentation.com\/routing-menu\/task-management\/\">Upravljanje zadacima<\/a>\u201d. Nakon toga, zadatak \u0107e se nastaviti isto kao i ostali zadaci. Voza\u010d \u0107e primiti obavijest u aplikaciji i mo\u0107i \u0107e nastaviti s dostavom. A\u017euriranja statusa a\u017eurirat \u0107e se i za zadatak i za narud\u017ebu. Istovremeno se mo\u017ee dodijeliti nekoliko zadataka narud\u017ebe (do 5 zadataka narud\u017ebe na jednoj ruti). Sve informacije o zadacima i dodjeli vi\u0161e narud\u017ebi navedene su u <a href=\"https:\/\/www.fmsdocumentation.com\/routing-menu\/task-management\/\">sljede\u0107em odjeljku<\/a> .    <\/p>\n<hr>\n<p> <div class=\"alignright\"><a href=\"https:\/\/www.fmsdocumentation.com\/hr\/tovarni-list\/\" title=\"Tovarni list\">Tovarni list <span class=\"arrow\"> &nbsp\u203a <\/span> <\/a><\/div><\/p>\n","protected":false},"excerpt":{"rendered":"<p>Odmah ispod gumba \u201eKreiraj novi nalog\u201d korisnik mo\u017ee prona\u0107i popis svih prethodno kreiranih naloga. Nalozi se mogu filtrirati klikom na polje \u201eFiltriraj naloge\u201d. Prema zadanim postavkama, svi nalozi se prikazuju na popisu. Mo\u017ee se primijeniti sljede\u0107i filter: Sve \u2013 prikaz svih narud\u017ebi; Novo \u2013 prikaz novokreiranih naloga koji jo\u0161 nisu dodijeljeni (dodjeljivanje je opisano u &hellip; <a href=\"https:\/\/www.fmsdocumentation.com\/hr\/izbornik-narudzbi\/pregled-i-dodjela-narudzbe\/\" class=\"more-link\">Continue reading <span class=\"screen-reader-text\">Pregled i dodjela narud\u017ebe<\/span><\/a><\/p>\n","protected":false},"author":1,"featured_media":0,"parent":15015,"menu_order":2,"comment_status":"closed","ping_status":"closed","template":"","meta":{"footnotes":""},"class_list":["post-14893","page","type-page","status-publish","hentry"],"_links":{"self":[{"href":"https:\/\/www.fmsdocumentation.com\/hr\/wp-json\/wp\/v2\/pages\/14893","targetHints":{"allow":["GET"]}}],"collection":[{"href":"https:\/\/www.fmsdocumentation.com\/hr\/wp-json\/wp\/v2\/pages"}],"about":[{"href":"https:\/\/www.fmsdocumentation.com\/hr\/wp-json\/wp\/v2\/types\/page"}],"author":[{"embeddable":true,"href":"https:\/\/www.fmsdocumentation.com\/hr\/wp-json\/wp\/v2\/users\/1"}],"replies":[{"embeddable":true,"href":"https:\/\/www.fmsdocumentation.com\/hr\/wp-json\/wp\/v2\/comments?post=14893"}],"version-history":[{"count":1,"href":"https:\/\/www.fmsdocumentation.com\/hr\/wp-json\/wp\/v2\/pages\/14893\/revisions"}],"predecessor-version":[{"id":15020,"href":"https:\/\/www.fmsdocumentation.com\/hr\/wp-json\/wp\/v2\/pages\/14893\/revisions\/15020"}],"up":[{"embeddable":true,"href":"https:\/\/www.fmsdocumentation.com\/hr\/wp-json\/wp\/v2\/pages\/15015"}],"wp:attachment":[{"href":"https:\/\/www.fmsdocumentation.com\/hr\/wp-json\/wp\/v2\/media?parent=14893"}],"curies":[{"name":"wp","href":"https:\/\/api.w.org\/{rel}","templated":true}]}}