{"id":14926,"date":"2025-05-29T13:26:02","date_gmt":"2025-05-29T10:26:02","guid":{"rendered":"https:\/\/www.fmsdocumentation.com\/izvjesce-o-eko-voznji\/"},"modified":"2025-05-29T13:30:42","modified_gmt":"2025-05-29T10:30:42","slug":"izvjesce-o-eko-voznji","status":"publish","type":"page","link":"https:\/\/www.fmsdocumentation.com\/hr\/izbornik-izvjesca\/izvjesce-o-eko-voznji\/","title":{"rendered":"Izvje\u0161\u0107e o eko-vo\u017enji"},"content":{"rendered":"<p><strong>Izvje\u0161\u0107e o eko-pogoni<\/strong> \u2013 ova vrsta izvje\u0161\u0107a usmjerena je na funkcionalnost eko-pogona i njegove parametre. Prvo \u0161to korisnik mora odabrati je raspon datuma za koji \u0107e se ovo izvje\u0161\u0107e generirati. <\/p>\n<p><strong>Raspon datuma<\/strong> \u2013 za odabir datuma korisnik mora kliknuti polje \u201eRaspon datuma\u201d koje \u0107e otvoriti plo\u010du kalendara. Za odabir po\u010detnog\/zavr\u0161nog datuma korisnik jednostavno mora kliknuti \u017eeljeni datum, a zatim kliknuti suprotni datum. Odabrani dani bit \u0107e ozna\u010deni plavom bojom. Trenutni dan ozna\u010den je malim plavim trokutom u gornjem lijevom kutu tog dana. Ako je odabran (ozna\u010den) trenutni dan, trokut \u0107e postati bijel. Nakon toga korisnik mo\u017ee odrediti od kojeg vremena po\u010detnog datuma do kojeg vremena zavr\u0161nog datuma \u0107e se prikazivati \u200b\u200bpodaci. Vrijeme se mo\u017ee mijenjati postupno za jedan sat pomo\u0107u tipki sa strelicama. Za primjenu promjena potrebno je kliknuti gumb <strong>Primijeni<\/strong> , ina\u010de se promjene ne\u0107e spremiti.       <\/p>\n<p><a href=\"https:\/\/www.fmsdocumentation.com\/wp-content\/uploads\/2018\/10\/374.png\"><img loading=\"lazy\" decoding=\"async\" class=\"alignnone size-full wp-image-5885\" src=\"https:\/\/www.fmsdocumentation.com\/wp-content\/uploads\/2018\/10\/374.png\" alt=\"\" width=\"578\" height=\"562\" srcset=\"https:\/\/www.fmsdocumentation.com\/wp-content\/uploads\/2018\/10\/374.png 578w, https:\/\/www.fmsdocumentation.com\/wp-content\/uploads\/2018\/10\/374-300x292.png 300w\" sizes=\"auto, (max-width: 578px) 100vw, 578px\" \/><\/a><\/p>\n<p>Minimalno razdoblje je jedan dan. Za odabir jednog dana jednostavno dvaput kliknite lijevu tipku mi\u0161a na \u017eeljeni dan.<br \/>\n Maksimalno razdoblje je tri mjeseca (90 dana). Ne mo\u017eete odabrati dulje razdoblje.  <\/p>\n<p><strong>Izvje\u0161\u0107e na temelju<\/strong> \u2013 ova postavka definira glavni cilj izvje\u0161\u0107a. Dostupne su dvije opcije: <\/p>\n<ul>\n<li>Voza\u010di<\/li>\n<li>Objekti<\/li>\n<\/ul>\n<p>To\u010dno to radi, generirano izvje\u0161\u0107e \u0107e prikazati informacije ( <em>parametri: udaljenost putovanja, lokacija po\u010detka rada itd.)<\/em> za odabrani cilj ( <em>Voza\u010di ili Objekti<\/em> ). Dakle, ako su odabrani Objekti, izvje\u0161\u0107e \u0107e prikazati informacije za specifi\u010dno odabrane objekte. <\/p>\n<p><strong>Objekti\/Upravlja\u010dki programi<\/strong> \u2013 ( <em>ovisi o odabiru u opciji \u201eIzvje\u0161\u0107e na temelju\u201d<\/em> ) ovo omogu\u0107uje korisniku da odabere za koje \u0107e se objekte\/upravlja\u010dke programe generirati izvje\u0161\u0107e.<\/p>\n<p>Ako su odabrani <em>Objekti<\/em> , popis \u0107e sadr\u017eavati i <strong>grupe<\/strong> objekata. Korisnik mo\u017ee odabrati cijelu grupu ozna\u010davanjem potvrdnog okvira ispred grupe ili klikom na gumb <strong>+<\/strong> pro\u0161iriti grupu i vidjeti koji se objekti nalaze u grupi. Da bi sa\u017eeo grupu, korisnik mora kliknuti gumb <strong>&#8211;<\/strong> . <strong>Pojedina\u010dni objekti mogu se odabrati iz grupe<\/strong> . Va\u017eno je napomenuti da ako je odabran objekt koji je prisutan u nekoliko grupa, bit \u0107e ozna\u010den u svakoj grupi kao \u0161to je prikazano na slici ispod. Ako je odabrana cijela grupa, potvrdni okvir bit \u0107e plav s bijelom kva\u010dicom. Ako je odabran samo dio grupe, grupa \u0107e imati plavi kvadrat u potvrdnom okviru (prikazano na slici ispod). Korisnik tako\u0111er mo\u017ee koristiti pretra\u017eivanje za brzo pregledavanje velikog popisa objekata i grupa. Sve grupe mogu se odabrati\/poni\u0161titi ozna\u010davanjem potvrdnog okvira pored \u201eOdaberi sve grupe\u201d. Broj odabranih objekata i ukupan broj objekata prikazuje se u gornjem desnom kutu popisa.         <\/p>\n<p><a href=\"https:\/\/www.fmsdocumentation.com\/wp-content\/uploads\/2018\/12\/281.png\" data-featherlight=\"image\"><img loading=\"lazy\" decoding=\"async\" class=\"alignnone size-full wp-image-6727\" src=\"https:\/\/www.fmsdocumentation.com\/wp-content\/uploads\/2018\/12\/281.png\" sizes=\"auto, (max-width: 549px) 100vw, 549px\" srcset=\"https:\/\/www.fmsdocumentation.com\/wp-content\/uploads\/2018\/12\/281.png 549w, https:\/\/www.fmsdocumentation.com\/wp-content\/uploads\/2018\/12\/281-300x162.png 300w\" alt=\"\" width=\"549\" height=\"297\"><\/a><\/p>\n<p>Ako je odabrana <em>opcija Voza\u010di<\/em> , upravlja\u010dki programi bit \u0107e prikazani na padaju\u0107em popisu. Za odabir upravlja\u010dkog programa korisnik mora ozna\u010diti potvrdni okvir pored upravlja\u010dkog programa. Ozna\u010davanjem potvrdnog okvira pored opcije \u201eOdaberi sve\u201d odabrat \u0107e se\/poni\u0161titi odabir svih upravlja\u010dkih programa. Popis se automatski a\u017eurira sa svakim simbolom upisanim u traku za pretra\u017eivanje. Broj odabranih upravlja\u010dkih programa i ukupan broj upravlja\u010dkih programa prikazuje se u gornjem desnom kutu popisa.    <\/p>\n<p><a href=\"https:\/\/www.fmsdocumentation.com\/wp-content\/uploads\/2018\/12\/340.png\" data-featherlight=\"image\"><img loading=\"lazy\" decoding=\"async\" class=\"alignnone size-full wp-image-6718\" src=\"https:\/\/www.fmsdocumentation.com\/wp-content\/uploads\/2018\/12\/340.png\" sizes=\"auto, (max-width: 549px) 100vw, 549px\" srcset=\"https:\/\/www.fmsdocumentation.com\/wp-content\/uploads\/2018\/12\/340.png 549w, https:\/\/www.fmsdocumentation.com\/wp-content\/uploads\/2018\/12\/340-300x161.png 300w\" alt=\"\" width=\"549\" height=\"295\"><\/a><\/p>\n<p>Zatim korisnik mora konfigurirati <strong>popis stupaca<\/strong> . Ovo izvje\u0161\u0107e uklju\u010divat \u0107e sljede\u0107e parametre odabrane prema zadanim postavkama: <\/p>\n<ul>\n<li>Bodovna stopa za opasnu vo\u017enju<\/li>\n<li>Stopa rasipanja goriva<\/li>\n<li>Prije\u0111ena udaljenost<\/li>\n<li>Vrijeme vo\u017enje<\/li>\n<li>Potro\u0161nja goriva<\/li>\n<li>Prekora\u010denje brzine % vremena vo\u017enje<\/li>\n<li>O\/min u crvenom pojasu vremena vo\u017enje<\/li>\n<li>Stopa ekstremnog ko\u010denja<\/li>\n<li>Stopa naglog ko\u010denja<\/li>\n<li>Stopa doga\u0111aja naglog ubrzanja<\/li>\n<li>Prekomjerni prazan hod %<\/li>\n<li>Kori\u0161tenje tempomata % dostupno za kori\u0161tenje<\/li>\n<\/ul>\n<p>Ostali opcionalni parametri koji se mogu odabrati u <strong>popisu stupaca<\/strong> :<\/p>\n<ul>\n<li>Prosje\u010dna brzina<\/li>\n<li>Opasne to\u010dke vo\u017enje<\/li>\n<li>Ekstremni doga\u0111aji ko\u010denja<\/li>\n<li>Potro\u0161eno gorivo<\/li>\n<li>Rasipanje goriva<\/li>\n<li>Doga\u0111aji naglog ubrzanja<\/li>\n<li>Naglo ko\u010denje<\/li>\n<li>Trajanje praznog hoda<\/li>\n<li>Maksimalni broj okretaja u minuti<\/li>\n<li>Maksimalna brzina<\/li>\n<li>Normalna u\u010destalost ko\u010denja<\/li>\n<li>Normalni doga\u0111aji ko\u010denja<\/li>\n<li>Trajanje prekora\u010denja brzine<\/li>\n<li>Potro\u0161eno gorivo % potro\u0161enog goriva<\/li>\n<\/ul>\n<p>Nakon odabira parametara, korisnik mo\u017ee omogu\u0107iti ili onemogu\u0107iti sljede\u0107e opcije:<\/p>\n<ul>\n<li><strong>Prika\u017ei detalje<\/strong> \u2013 omogu\u0107ena prema zadanim postavkama, ova \u0107e opcija uklju\u010divati \u200b\u200bpodatke za svako vozilo u zasebne tablice, uklju\u010duju\u0107i podatke za svakog voza\u010da koji je vozio vozilo tijekom odabranog vremenskog razdoblja.<\/li>\n<\/ul>\n<p><a href=\"https:\/\/www.fmsdocumentation.com\/wp-content\/uploads\/2018\/10\/375.png\"><img loading=\"lazy\" decoding=\"async\" class=\"alignnone wp-image-5886\" src=\"https:\/\/www.fmsdocumentation.com\/wp-content\/uploads\/2018\/10\/375-1024x430.png\" alt=\"\" width=\"1000\" height=\"420\" srcset=\"https:\/\/www.fmsdocumentation.com\/wp-content\/uploads\/2018\/10\/375-1024x430.png 1024w, https:\/\/www.fmsdocumentation.com\/wp-content\/uploads\/2018\/10\/375-300x126.png 300w, https:\/\/www.fmsdocumentation.com\/wp-content\/uploads\/2018\/10\/375-768x323.png 768w, https:\/\/www.fmsdocumentation.com\/wp-content\/uploads\/2018\/10\/375.png 1250w\" sizes=\"auto, (max-width: 1000px) 100vw, 1000px\" \/><\/a><\/p>\n<p>Za dovr\u0161etak i generiranje izvje\u0161\u0107a korisnik mora kliknuti gumb <strong>Generiraj<\/strong> . Za otkazivanje izrade izvje\u0161\u0107a korisnik mora kliknuti gumb <strong>Otka\u017ei<\/strong> . <\/p>\n<p><a href=\"https:\/\/www.fmsdocumentation.com\/wp-content\/uploads\/2017\/04\/202.png\" data-featherlight=\"image\"><img loading=\"lazy\" decoding=\"async\" class=\"alignnone size-full wp-image-398\" src=\"https:\/\/www.fmsdocumentation.com\/wp-content\/uploads\/2017\/04\/202.png\" sizes=\"auto, (max-width: 569px) 100vw, 569px\" srcset=\"https:\/\/www.fmsdocumentation.com\/wp-content\/uploads\/2017\/04\/202.png 569w, https:\/\/www.fmsdocumentation.com\/wp-content\/uploads\/2017\/04\/202-300x42.png 300w\" alt=\"\" width=\"569\" height=\"79\"><\/a><\/p>\n<hr>\n<p><div class=\"alignleft\"><a href=\"https:\/\/www.fmsdocumentation.com\/hr\/izbornik-izvjesca\/izvjesce-o-zemlji\/\" title=\"Izvje\u0161\u0107e o zemlji\"><span class=\"arrow\">\u2039 &nbsp <\/span> Izvje\u0161\u0107e o zemlji <\/a><\/div><div class=\"alignright\"><a href=\"https:\/\/www.fmsdocumentation.com\/hr\/izbornik-izvjesca\/izvjesce-o-dogadajima\/\" title=\"Izvje\u0161\u0107e o doga\u0111ajima\">Izvje\u0161\u0107e o doga\u0111ajima <span class=\"arrow\"> &nbsp\u203a <\/span> <\/a><\/div><\/p>\n","protected":false},"excerpt":{"rendered":"<p>Izvje\u0161\u0107e o eko-pogoni \u2013 ova vrsta izvje\u0161\u0107a usmjerena je na funkcionalnost eko-pogona i njegove parametre. Prvo \u0161to korisnik mora odabrati je raspon datuma za koji \u0107e se ovo izvje\u0161\u0107e generirati. Raspon datuma \u2013 za odabir datuma korisnik mora kliknuti polje \u201eRaspon datuma\u201d koje \u0107e otvoriti plo\u010du kalendara. Za odabir po\u010detnog\/zavr\u0161nog datuma korisnik jednostavno mora kliknuti &hellip; <a href=\"https:\/\/www.fmsdocumentation.com\/hr\/izbornik-izvjesca\/izvjesce-o-eko-voznji\/\" class=\"more-link\">Continue reading <span class=\"screen-reader-text\">Izvje\u0161\u0107e o eko-vo\u017enji<\/span><\/a><\/p>\n","protected":false},"author":5,"featured_media":0,"parent":15255,"menu_order":6,"comment_status":"closed","ping_status":"closed","template":"","meta":{"footnotes":""},"class_list":["post-14926","page","type-page","status-publish","hentry"],"_links":{"self":[{"href":"https:\/\/www.fmsdocumentation.com\/hr\/wp-json\/wp\/v2\/pages\/14926","targetHints":{"allow":["GET"]}}],"collection":[{"href":"https:\/\/www.fmsdocumentation.com\/hr\/wp-json\/wp\/v2\/pages"}],"about":[{"href":"https:\/\/www.fmsdocumentation.com\/hr\/wp-json\/wp\/v2\/types\/page"}],"author":[{"embeddable":true,"href":"https:\/\/www.fmsdocumentation.com\/hr\/wp-json\/wp\/v2\/users\/5"}],"replies":[{"embeddable":true,"href":"https:\/\/www.fmsdocumentation.com\/hr\/wp-json\/wp\/v2\/comments?post=14926"}],"version-history":[{"count":1,"href":"https:\/\/www.fmsdocumentation.com\/hr\/wp-json\/wp\/v2\/pages\/14926\/revisions"}],"predecessor-version":[{"id":15310,"href":"https:\/\/www.fmsdocumentation.com\/hr\/wp-json\/wp\/v2\/pages\/14926\/revisions\/15310"}],"up":[{"embeddable":true,"href":"https:\/\/www.fmsdocumentation.com\/hr\/wp-json\/wp\/v2\/pages\/15255"}],"wp:attachment":[{"href":"https:\/\/www.fmsdocumentation.com\/hr\/wp-json\/wp\/v2\/media?parent=14926"}],"curies":[{"name":"wp","href":"https:\/\/api.w.org\/{rel}","templated":true}]}}