{"id":14965,"date":"2025-05-29T13:27:45","date_gmt":"2025-05-29T10:27:45","guid":{"rendered":"https:\/\/www.fmsdocumentation.com\/posebni-uvjeti\/"},"modified":"2025-06-10T11:41:22","modified_gmt":"2025-06-10T08:41:22","slug":"posebni-uvjeti","status":"publish","type":"page","link":"https:\/\/www.fmsdocumentation.com\/hr\/osnove\/posebni-uvjeti\/","title":{"rendered":"Posebni uvjeti"},"content":{"rendered":"<p>Neke funkcionalnosti ili objekti mogu imati posebne uvjete ili ograni\u010denja kori\u0161tenja u sustavu upravljanja voznim parkom. Ti posebni uvjeti opisani su na ovoj stranici. Imajte na umu da su opisani samo op\u0107i uvjeti koji utje\u010du na veliki dio FMS-a, dok \u0107e manji problemi biti prikazani u odgovaraju\u0107im odjeljcima.  <\/p>\n<hr>\n<h3>Prikolice<\/h3>\n<p>Nedavno su prikolice dodane u sustav upravljanja voznim parkom. One se unutar sustava prikazuju kao objekti. No, nisu sve funkcionalnosti dostupne za prikolice. Naveden je popis ograni\u010denja:   <\/p>\n<ul>\n<li>Voza\u010di se ne mogu dodijeliti prikolici;<\/li>\n<li>Zadaci se ne mogu dodijeliti prikolici, a prikolice se ne\u0107e prikazivati \u200b\u200bu izborniku \u201enajbli\u017ee vozilo\u201d;<\/li>\n<li>Prikolice se ne mogu odabrati u modulu tahografa;<\/li>\n<li>Komunikacija s prikolicom je nemogu\u0107a;<\/li>\n<li>Prikolice se ne mogu odabrati u odjeljku Eko vo\u017enja;<\/li>\n<\/ul>\n<p>Ostali posebni uvjeti:<\/p>\n<ul>\n<li>Prikolice se automatski dodjeljuju vozilu nakon \u0161to ure\u0111aj za pra\u0107enje u vozilu po\u010dne slati ID prikolice. Sustav stalno provjerava je li ID prikolice prisutan u zapisima. <\/li>\n<li>Samo jedna prikolica mo\u017ee biti dodijeljena jednom vozilu istovremeno. Ako se prepozna nova dodjela, prethodna dodjela \u0107e biti uklonjena; <\/li>\n<li>Prikolica se odvaja od vozila nakon \u0161to se primi paket podataka s novom koordinatom i bez prisutnog ID-a prikolice.<\/li>\n<\/ul>\n<hr>\n<h3>Grupe<\/h3>\n<p>Posebni uvjeti primjenjuju se kada se prikolica i vozilo iz razli\u010ditih grupa priklju\u010de. Ako korisnik odabere prikaz samo jedne grupe, gdje je vidljiv samo jedan od objekata, ali se naknadno priklju\u010duje drugoj, obje grupe \u0107e se automatski odabrati za prikaz. Ista logika vrijedi i pri odabiru grupe s objektom kojem je pri\u010dvr\u0161\u0107en drugi objekt iz druge grupe. U tom slu\u010daju obje grupe \u0107e se automatski odabrati.   <\/p>\n<hr>\n<p><div class=\"alignleft\"><a href=\"https:\/\/www.fmsdocumentation.com\/hr\/osnove\/planovi-naplate\/\" title=\"Planovi naplate\"><span class=\"arrow\">\u2039 &nbsp <\/span> Planovi naplate <\/a><\/div> <div class=\"alignright\"><a href=\"https:\/\/www.fmsdocumentation.com\/hr\/izvjesce-o-pregledu-vozila\/\" title=\"Izvje\u0161\u0107e o pregledu vozila\">Izvje\u0161\u0107e o pregledu vozila <span class=\"arrow\"> &nbsp\u203a <\/span> <\/a><\/div><\/p>\n","protected":false},"excerpt":{"rendered":"<p>Neke funkcionalnosti ili objekti mogu imati posebne uvjete ili ograni\u010denja kori\u0161tenja u sustavu upravljanja voznim parkom. Ti posebni uvjeti opisani su na ovoj stranici. Imajte na umu da su opisani samo op\u0107i uvjeti koji utje\u010du na veliki dio FMS-a, dok \u0107e manji problemi biti prikazani u odgovaraju\u0107im odjeljcima. Prikolice Nedavno su prikolice dodane u sustav &hellip; <a href=\"https:\/\/www.fmsdocumentation.com\/hr\/osnove\/posebni-uvjeti\/\" class=\"more-link\">Continue reading <span class=\"screen-reader-text\">Posebni uvjeti<\/span><\/a><\/p>\n","protected":false},"author":1,"featured_media":0,"parent":15522,"menu_order":7,"comment_status":"closed","ping_status":"closed","template":"","meta":{"footnotes":""},"class_list":["post-14965","page","type-page","status-publish","hentry"],"_links":{"self":[{"href":"https:\/\/www.fmsdocumentation.com\/hr\/wp-json\/wp\/v2\/pages\/14965","targetHints":{"allow":["GET"]}}],"collection":[{"href":"https:\/\/www.fmsdocumentation.com\/hr\/wp-json\/wp\/v2\/pages"}],"about":[{"href":"https:\/\/www.fmsdocumentation.com\/hr\/wp-json\/wp\/v2\/types\/page"}],"author":[{"embeddable":true,"href":"https:\/\/www.fmsdocumentation.com\/hr\/wp-json\/wp\/v2\/users\/1"}],"replies":[{"embeddable":true,"href":"https:\/\/www.fmsdocumentation.com\/hr\/wp-json\/wp\/v2\/comments?post=14965"}],"version-history":[{"count":1,"href":"https:\/\/www.fmsdocumentation.com\/hr\/wp-json\/wp\/v2\/pages\/14965\/revisions"}],"predecessor-version":[{"id":15554,"href":"https:\/\/www.fmsdocumentation.com\/hr\/wp-json\/wp\/v2\/pages\/14965\/revisions\/15554"}],"up":[{"embeddable":true,"href":"https:\/\/www.fmsdocumentation.com\/hr\/wp-json\/wp\/v2\/pages\/15522"}],"wp:attachment":[{"href":"https:\/\/www.fmsdocumentation.com\/hr\/wp-json\/wp\/v2\/media?parent=14965"}],"curies":[{"name":"wp","href":"https:\/\/api.w.org\/{rel}","templated":true}]}}