{"id":14977,"date":"2025-05-29T13:27:46","date_gmt":"2025-05-29T10:27:46","guid":{"rendered":"https:\/\/www.fmsdocumentation.com\/api-objekata\/"},"modified":"2025-05-29T13:27:54","modified_gmt":"2025-05-29T10:27:54","slug":"api-objekata","status":"publish","type":"page","link":"https:\/\/www.fmsdocumentation.com\/hr\/apis\/api-objekata\/","title":{"rendered":"API objekata"},"content":{"rendered":"\n<p>  Glavna svrha objektnih API-ja je pru\u017eanje osnovnih informacija o jednom ili svim objektima klijenta. Objektni API mo\u017ee zatra\u017eiti ili jedan odre\u0111eni objekt ili, ako nijedan objekt nije naveden, API \u0107e vratiti sve postoje\u0107e objekte klijenta.   <\/p>\n\n<p>Primjer API zahtjeva za odre\u0111eni objekt:<\/p>\n\n<p style=\"background-color: #000000; color: #bbbdc0; font-family: Lucida Console; padding-left: 10px; padding-right: 10px;\">GET \/objekti\/{object_id} ?verzija=1&#038;api_key= <...><br\/>DOMA\u0106IN: api.fm-track.com<br\/> Vrsta sadr\u017eaja: aplikacija\/json; skup znakova=UTF-8<\/p>\n\n<p>Da bi ovaj API radio, obavezna su dva parametra (ne ra\u010dunaju\u0107i API_key):<\/p>\n\n<table id=\"tablepress-12\" class=\"tablepress tablepress-id-12\">\n<thead>\n<tr class=\"row-1\">\n\t<th class=\"column-1\">Parameter<\/th><th class=\"column-2\">Type<\/th><th class=\"column-3\">Description<\/th>\n<\/tr>\n<\/thead>\n<tbody>\n<tr class=\"row-2\">\n\t<td class=\"column-1\">objectId<\/td><td class=\"column-2\">String<\/td><td class=\"column-3\">Object identifier (This ID can be acquired by sending and API request for clients all available objects)<\/td>\n<\/tr>\n<tr class=\"row-3\">\n\t<td class=\"column-1\">version<\/td><td class=\"column-2\">String<\/td><td class=\"column-3\">Version of the API, currently only version=1 is available<\/td>\n<\/tr>\n<tr class=\"row-4\">\n\t<td class=\"column-1\">api_key<\/td><td class=\"column-2\">String<\/td><td class=\"column-3\">User identification key<\/td>\n<\/tr>\n<\/tbody>\n<\/table>\n<!-- #tablepress-12 from cache -->\n\n<div class=\"wp-block-codemirror-blocks-code-block code-block\"><pre class=\"CodeMirror\" data-setting=\"{&quot;mode&quot;:&quot;javascript&quot;,&quot;mime&quot;:&quot;application\/json&quot;,&quot;theme&quot;:&quot;dracula&quot;,&quot;lineNumbers&quot;:true,&quot;styleActiveLine&quot;:false,&quot;lineWrapping&quot;:false,&quot;readOnly&quot;:true,&quot;translatedWithWPMLTM&quot;:&quot;1&quot;,&quot;language&quot;:&quot;JSON&quot;,&quot;modeName&quot;:&quot;json&quot;}\">{\n            \"id\": \"abc123\",\n            \"name\": \"AAA 000\",\n            \"imei\": \"123456789123\",\n            \"vehicle_params\": {\n                \"vin\": null,\n                \"make\": null,\n                \"model\": null,\n              \t\"plate_number\": null\n            }\n}<\/pre><\/div>\n\n<p>Ako je parametar neto\u010dno unesen, sustav \u0107e odgovoriti kodom pogre\u0161ke. Svi kodovi pogre\u0161aka opisani su u odjeljku <a href=\"https:\/\/www.fmsdocumentation.com\/apis\/\">API-ji<\/a> . Parametri za koje nisu navedeni podaci nisu uklju\u010deni u odgovor. Potpuni popis parametara odgovora dostupan je na kraju ovog odjeljka.     <\/p>\n\n<p>Primjer API zahtjeva za sve klijentske objekte:<\/p>\n\n<p style=\"background-color: #000000; color: #bbbdc0; font-family: Lucida Console; padding-left: 10px; padding-right: 10px;\">GET \/objekti?verzija=1&#038;api_key= <...><br\/>DOMA\u0106IN: api.fm-track.com<br\/> Vrsta sadr\u017eaja: aplikacija\/json; skup znakova=UTF-8<\/p>\n<p>Da bi ovaj API radio, obavezan je samo jedan parametar (ne ra\u010dunaju\u0107i API_key):<\/p>\n\n<table id=\"tablepress-13\" class=\"tablepress tablepress-id-13\">\n<thead>\n<tr class=\"row-1\">\n\t<th class=\"column-1\">Parameter<\/th><th class=\"column-2\">Type<\/th><th class=\"column-3\">Description<\/th>\n<\/tr>\n<\/thead>\n<tbody>\n<tr class=\"row-2\">\n\t<td class=\"column-1\">version<\/td><td class=\"column-2\">String<\/td><td class=\"column-3\">Version of the API, currently only version=1 is available<\/td>\n<\/tr>\n<tr class=\"row-3\">\n\t<td class=\"column-1\">api_key<\/td><td class=\"column-2\">String<\/td><td class=\"column-3\">User identification key<\/td>\n<\/tr>\n<\/tbody>\n<\/table>\n<!-- #tablepress-13 from cache -->\n<p>Odgovor poslu\u017eitelja identi\u010dan je odgovoru za jedan objekt, osim \u0161to se popis nastavlja za svaki od klijentskih objekata.<\/p>\n<p>Sva polja odgovora koja se mogu primiti sa svakom vrstom parametra opisana su u sljede\u0107oj tablici:<\/p>\n\n<table id=\"tablepress-14\" class=\"tablepress tablepress-id-14\">\n<thead>\n<tr class=\"row-1\">\n\t<th class=\"column-1\">Name<\/th><th class=\"column-2\">Type<\/th><th class=\"column-3\">Description<\/th>\n<\/tr>\n<\/thead>\n<tbody>\n<tr class=\"row-2\">\n\t<td class=\"column-1\">name<\/td><td class=\"column-2\">String<\/td><td class=\"column-3\">Visible vehicle name<\/td>\n<\/tr>\n<tr class=\"row-3\">\n\t<td class=\"column-1\">imei<\/td><td class=\"column-2\">String<\/td><td class=\"column-3\">Vehicle hardware IMEI code<\/td>\n<\/tr>\n<tr class=\"row-4\">\n\t<td class=\"column-1\">make<\/td><td class=\"column-2\">String<\/td><td class=\"column-3\">Vehicle brand<\/td>\n<\/tr>\n<tr class=\"row-5\">\n\t<td class=\"column-1\">model<\/td><td class=\"column-2\">String<\/td><td class=\"column-3\">Vehicle brand model<\/td>\n<\/tr>\n<tr class=\"row-6\">\n\t<td class=\"column-1\">object_id<\/td><td class=\"column-2\">String<\/td><td class=\"column-3\">Object identifier (external)<\/td>\n<\/tr>\n<tr class=\"row-7\">\n\t<td class=\"column-1\">vin<\/td><td class=\"column-2\">String<\/td><td class=\"column-3\">VIN of object<\/td>\n<\/tr>\n<tr class=\"row-8\">\n\t<td class=\"column-1\">plate_number<\/td><td class=\"column-2\">String<\/td><td class=\"column-3\">Plate number of object<\/td>\n<\/tr>\n<\/tbody>\n<\/table>\n<!-- #tablepress-14 from cache -->\n<p>API krajnje to\u010dke, parametri zahtjeva i odgovori mogu se pregledati u \u201eSwaggeru\u201d putem ove poveznice: <a href=\"https:\/\/api.fm-track.com\/swagger-ui.html\">https:\/\/api.fm-track.com<\/a><\/p>\n<hr>\n<p><div class=\"alignleft\"><a href=\"https:\/\/www.fmsdocumentation.com\/hr\/apis\/api-za-strujanje-koordinata-objekata-v2\/\" title=\"API za strujanje koordinata objekata v2\"><span class=\"arrow\">\u2039 &nbsp <\/span> API za strujanje koordinata objekata v2 <\/a><\/div> <div class=\"alignright\"><a href=\"https:\/\/www.fmsdocumentation.com\/hr\/apis\/api-za-strujanje-koordinata-objekata-v3\/\" title=\"API za strujanje koordinata objekata v3\">API za strujanje koordinata objekata v3 <span class=\"arrow\"> &nbsp\u203a <\/span> <\/a><\/div><\/p>\n","protected":false},"excerpt":{"rendered":"<p>Glavna svrha objektnih API-ja je pru\u017eanje osnovnih informacija o jednom ili svim objektima klijenta. Objektni API mo\u017ee zatra\u017eiti ili jedan odre\u0111eni objekt ili, ako nijedan objekt nije naveden, API \u0107e vratiti sve postoje\u0107e objekte klijenta. Primjer API zahtjeva za odre\u0111eni objekt: GET \/objekti\/{object_id} ?verzija=1&#038;api_key= DOMA\u0106IN: api.fm-track.com Vrsta sadr\u017eaja: aplikacija\/json; skup znakova=UTF-8 Da bi ovaj API &hellip; <a href=\"https:\/\/www.fmsdocumentation.com\/hr\/apis\/api-objekata\/\" class=\"more-link\">Continue reading <span class=\"screen-reader-text\">API objekata<\/span><\/a><\/p>\n","protected":false},"author":1,"featured_media":0,"parent":15069,"menu_order":5,"comment_status":"closed","ping_status":"closed","template":"","meta":{"footnotes":""},"class_list":["post-14977","page","type-page","status-publish","hentry"],"_links":{"self":[{"href":"https:\/\/www.fmsdocumentation.com\/hr\/wp-json\/wp\/v2\/pages\/14977","targetHints":{"allow":["GET"]}}],"collection":[{"href":"https:\/\/www.fmsdocumentation.com\/hr\/wp-json\/wp\/v2\/pages"}],"about":[{"href":"https:\/\/www.fmsdocumentation.com\/hr\/wp-json\/wp\/v2\/types\/page"}],"author":[{"embeddable":true,"href":"https:\/\/www.fmsdocumentation.com\/hr\/wp-json\/wp\/v2\/users\/1"}],"replies":[{"embeddable":true,"href":"https:\/\/www.fmsdocumentation.com\/hr\/wp-json\/wp\/v2\/comments?post=14977"}],"version-history":[{"count":1,"href":"https:\/\/www.fmsdocumentation.com\/hr\/wp-json\/wp\/v2\/pages\/14977\/revisions"}],"predecessor-version":[{"id":15012,"href":"https:\/\/www.fmsdocumentation.com\/hr\/wp-json\/wp\/v2\/pages\/14977\/revisions\/15012"}],"up":[{"embeddable":true,"href":"https:\/\/www.fmsdocumentation.com\/hr\/wp-json\/wp\/v2\/pages\/15069"}],"wp:attachment":[{"href":"https:\/\/www.fmsdocumentation.com\/hr\/wp-json\/wp\/v2\/media?parent=14977"}],"curies":[{"name":"wp","href":"https:\/\/api.w.org\/{rel}","templated":true}]}}