{"id":14978,"date":"2025-05-29T13:27:47","date_gmt":"2025-05-29T10:27:47","guid":{"rendered":"https:\/\/www.fmsdocumentation.com\/prijavi-pretplate\/"},"modified":"2025-05-29T13:30:42","modified_gmt":"2025-05-29T10:30:42","slug":"prijavi-pretplate","status":"publish","type":"page","link":"https:\/\/www.fmsdocumentation.com\/hr\/izbornik-izvjesca\/prijavi-pretplate\/","title":{"rendered":"Prijavi pretplate"},"content":{"rendered":"<p>Za pristup odjeljku pretplate na izvje\u0161\u0107a, korisnik mora kliknuti karticu <strong>Pretplate<\/strong> . Ovdje korisnik mo\u017ee pregledati postoje\u0107e pretplate na izvje\u0161\u0107a, ure\u0111ivati \u200b\u200bih, brisati ili stvarati nove. Pretplate na izvje\u0161\u0107a stalno generiraju izvje\u0161\u0107e zadanog tipa, dok standardno izvje\u0161\u0107e stvara samo jednokratno izvje\u0161\u0107e za odre\u0111eni datum. Pretplate na izvje\u0161\u0107a mogu se postaviti da se generiraju u razli\u010ditim vremenskim intervalima i sadr\u017ee odre\u0111enu koli\u010dinu informacija za odabrano razdoblje. Op\u0107enito, pretplata na izvje\u0161\u0107a uglavnom je identi\u010dna stvaranju standardnog izvje\u0161\u0107a, osim \u0161to dodaje polja za vremenska razdoblja i opcije obavijesti. Upute za konfiguriranje razli\u010ditih izvje\u0161\u0107a opisane su na sljede\u0107im stranicama, ova stranica pokrivat \u0107e samo postavke pretplate na izvje\u0161\u0107a.     <\/p>\n<p>Za stvaranje nove pretplate, korisnik prvo mora kliknuti gumb <strong>+ Nova pretplata<\/strong> koji se nalazi u gornjem desnom kutu prozora.<\/p>\n<p><a href=\"https:\/\/www.fmsdocumentation.com\/wp-content\/uploads\/2018\/12\/269.png\"><img loading=\"lazy\" decoding=\"async\" class=\"alignnone size-large wp-image-6758\" src=\"https:\/\/www.fmsdocumentation.com\/wp-content\/uploads\/2018\/12\/269-1024x500.png\" alt=\"\" width=\"660\" height=\"322\" srcset=\"https:\/\/www.fmsdocumentation.com\/wp-content\/uploads\/2018\/12\/269-1024x500.png 1024w, https:\/\/www.fmsdocumentation.com\/wp-content\/uploads\/2018\/12\/269-300x147.png 300w, https:\/\/www.fmsdocumentation.com\/wp-content\/uploads\/2018\/12\/269-768x375.png 768w, https:\/\/www.fmsdocumentation.com\/wp-content\/uploads\/2018\/12\/269.png 1920w\" sizes=\"auto, (max-width: 660px) 100vw, 660px\" \/><\/a><\/p>\n<hr>\n<h3>Izrada pretplate od nule<\/h3>\n<p>Ako korisnik odlu\u010di stvoriti novu pretplatu od nule, otvorit \u0107e se novi prozor za stvaranje pretplate. Uglavnom je identi\u010dan prozoru za stvaranje novog izvje\u0161\u0107a. Sve postavke za pretplatu nalaze se na desnoj polovici zaslona. Te postavke uklju\u010duju:   <\/p>\n<p><strong>Razdoblje<\/strong> \u2013 postavljeno vremensko razdoblje informacija koje \u0107e biti uklju\u010dene u svako izvje\u0161\u0107e, ova postavka ima padaju\u0107i izbornik s dodatnim numeri\u010dkim unosom, mogu\u0107e je odabrati sljede\u0107e:<\/p>\n<ul>\n<li>Dani;<\/li>\n<li>Tjedni;<\/li>\n<li>Mjeseci.<\/li>\n<\/ul>\n<p><a href=\"https:\/\/www.fmsdocumentation.com\/wp-content\/uploads\/2017\/08\/270-1.png\"><img loading=\"lazy\" decoding=\"async\" class=\"alignnone wp-image-905 size-large\" src=\"https:\/\/www.fmsdocumentation.com\/wp-content\/uploads\/2017\/08\/270-1-1024x507.png\" alt=\"\" width=\"660\" height=\"327\" srcset=\"https:\/\/www.fmsdocumentation.com\/wp-content\/uploads\/2017\/08\/270-1-1024x507.png 1024w, https:\/\/www.fmsdocumentation.com\/wp-content\/uploads\/2017\/08\/270-1-300x148.png 300w, https:\/\/www.fmsdocumentation.com\/wp-content\/uploads\/2017\/08\/270-1-768x380.png 768w, https:\/\/www.fmsdocumentation.com\/wp-content\/uploads\/2017\/08\/270-1.png 1920w\" sizes=\"auto, (max-width: 660px) 100vw, 660px\" \/><\/a><\/p>\n<p><strong>Ponavljanje<\/strong> \u2013 ova postavka postavlja koliko se \u010desto generira izvje\u0161\u0107e. Ova postavka tako\u0111er nudi padaju\u0107i izbornik s dodatnim numeri\u010dkim unosom (ili odabirom datuma) ovisno o odabiru. Mogu\u0107e je odabrati sljede\u0107e:  <\/p>\n<ul>\n<li>Svaki (dani);<\/li>\n<li>Svaki tjedan dalje;<\/li>\n<li>Isti dan svakog mjeseca;<\/li>\n<li>Prvi dan u mjesecu.<\/li>\n<\/ul>\n<p><a href=\"https:\/\/www.fmsdocumentation.com\/wp-content\/uploads\/2018\/12\/271.png\"><img loading=\"lazy\" decoding=\"async\" class=\"alignnone size-full wp-image-6761\" src=\"https:\/\/www.fmsdocumentation.com\/wp-content\/uploads\/2018\/12\/271.png\" alt=\"\" width=\"557\" height=\"272\" srcset=\"https:\/\/www.fmsdocumentation.com\/wp-content\/uploads\/2018\/12\/271.png 557w, https:\/\/www.fmsdocumentation.com\/wp-content\/uploads\/2018\/12\/271-300x146.png 300w\" sizes=\"auto, (max-width: 557px) 100vw, 557px\" \/><\/a><\/p>\n<p><strong>Razdoblje<\/strong> i <strong>ponavljanje<\/strong> funkcioniraju zajedno prema sljede\u0107oj logici: na primjer, korisnik je postavio razdoblje na 7 dana, a ponavljanje na 2 dana. Sustav \u0107e generirati izvje\u0161\u0107e svaka 2 dana za posljednjih 7 dana od trenutka generiranja novog izvje\u0161\u0107a. To zna\u010di da \u0107e se neki dani preklapati u izvje\u0161\u0107ima.  <\/p>\n<p>Kona\u010dno, korisnik mo\u017ee postaviti obavijesti putem e-po\u0161te. Da bi to u\u010dinio, korisnik jednostavno mora unijeti adrese e-po\u0161te koje \u0107e primati e-poruke s obavijestima. Mo\u017ee se unijeti nekoliko adresa e-po\u0161te istovremeno. Svaka adresa e-po\u0161te mora biti odvojena zarezom \u201e,\u201d ili nakon svake unesene adrese e-po\u0161te mora se pritisnuti tipka <strong>Enter<\/strong> .   <\/p>\n<p><a href=\"https:\/\/www.fmsdocumentation.com\/wp-content\/uploads\/2017\/08\/272.png\"><img loading=\"lazy\" decoding=\"async\" class=\"alignnone wp-image-910 size-full\" src=\"https:\/\/www.fmsdocumentation.com\/wp-content\/uploads\/2017\/08\/272.png\" alt=\"\" width=\"576\" height=\"104\" srcset=\"https:\/\/www.fmsdocumentation.com\/wp-content\/uploads\/2017\/08\/272.png 576w, https:\/\/www.fmsdocumentation.com\/wp-content\/uploads\/2017\/08\/272-300x54.png 300w\" sizes=\"auto, (max-width: 576px) 100vw, 576px\" \/><\/a><\/p>\n<p>Ako su postavke izvje\u0161\u0107a ve\u0107 postavljene, korisnik mo\u017ee kliknuti gumb <strong>Izradi<\/strong> . Postavke izvje\u0161\u0107a za svaku vrstu opisane su zasebno na sljede\u0107im stranicama. <\/p>\n<hr>\n<h3>Izrada pretplata iz predlo\u017eaka<\/h3>\n<p>Ako korisnik odlu\u010di stvoriti novu pretplatu koriste\u0107i postoje\u0107i predlo\u017eak, otvorit \u0107e se prozor za odabir predlo\u0161ka. Prisutna je traka za pretra\u017eivanje, popis se automatski a\u017eurira sa svakim unesenim simbolom. Predlo\u0161ci se tako\u0111er mogu filtrirati prema vrsti izvje\u0161\u0107a. Za odabir predlo\u0161ka korisnik mora kliknuti na njega i kliknuti gumb <strong>Gotovo<\/strong> .<br \/>\n<p class=\"note\">Bilje\u0161ka<br \/>\n Izrada pretplata iz predlo\u017eaka ne\u0107e biti dostupna ako nema dostupnih predlo\u017eaka.<\/p><\/p>\n<p><a href=\"https:\/\/www.fmsdocumentation.com\/wp-content\/uploads\/2018\/11\/380.png\"><img loading=\"lazy\" decoding=\"async\" class=\"alignnone size-full wp-image-6240\" src=\"https:\/\/www.fmsdocumentation.com\/wp-content\/uploads\/2018\/11\/380.png\" alt=\"\" width=\"750\" height=\"750\" srcset=\"https:\/\/www.fmsdocumentation.com\/wp-content\/uploads\/2018\/11\/380.png 750w, https:\/\/www.fmsdocumentation.com\/wp-content\/uploads\/2018\/11\/380-150x150.png 150w, https:\/\/www.fmsdocumentation.com\/wp-content\/uploads\/2018\/11\/380-300x300.png 300w\" sizes=\"auto, (max-width: 750px) 100vw, 750px\" \/><\/a><\/p>\n<p>Otvorit \u0107e se novi prozor za stvaranje pretplate, sva polja i postavke bit \u0107e kopirani iz predlo\u0161ka, \u200b\u200bosim razdoblja i u\u010destalosti ponavljanja. Me\u0111utim, u po\u010detku \u0107e se prikazati samo nekoliko polja. Korisnik mo\u017ee kliknuti <strong>Prika\u017ei sve postavke<\/strong> za prikaz svih polja.  <\/p>\n<p><a href=\"https:\/\/www.fmsdocumentation.com\/wp-content\/uploads\/2019\/02\/390.png\"><img loading=\"lazy\" decoding=\"async\" class=\"alignnone size-full wp-image-7259\" src=\"https:\/\/www.fmsdocumentation.com\/wp-content\/uploads\/2019\/02\/390.png\" alt=\"\" width=\"607\" height=\"689\" srcset=\"https:\/\/www.fmsdocumentation.com\/wp-content\/uploads\/2019\/02\/390.png 607w, https:\/\/www.fmsdocumentation.com\/wp-content\/uploads\/2019\/02\/390-264x300.png 264w\" sizes=\"auto, (max-width: 607px) 100vw, 607px\" \/><\/a><\/p>\n<hr>\n<p><div class=\"alignleft\"><a href=\"https:\/\/www.fmsdocumentation.com\/hr\/izbornik-izvjesca\/generiraj-novo-izvjesce\/\" title=\"Generiraj novo izvje\u0161\u0107e\"><span class=\"arrow\">\u2039 &nbsp <\/span> Generiraj novo izvje\u0161\u0107e <\/a><\/div> <div class=\"alignright\"><a href=\"https:\/\/www.fmsdocumentation.com\/hr\/izbornik-izvjesca\/predlosci-izvjesca\/\" title=\"Predlo\u0161ci izvje\u0161\u0107a\">Predlo\u0161ci izvje\u0161\u0107a <span class=\"arrow\"> &nbsp\u203a <\/span> <\/a><\/div><\/p>\n<p>&nbsp;<\/p>\n","protected":false},"excerpt":{"rendered":"<p>Za pristup odjeljku pretplate na izvje\u0161\u0107a, korisnik mora kliknuti karticu Pretplate . Ovdje korisnik mo\u017ee pregledati postoje\u0107e pretplate na izvje\u0161\u0107a, ure\u0111ivati \u200b\u200bih, brisati ili stvarati nove. Pretplate na izvje\u0161\u0107a stalno generiraju izvje\u0161\u0107e zadanog tipa, dok standardno izvje\u0161\u0107e stvara samo jednokratno izvje\u0161\u0107e za odre\u0111eni datum. Pretplate na izvje\u0161\u0107a mogu se postaviti da se generiraju u razli\u010ditim &hellip; <a href=\"https:\/\/www.fmsdocumentation.com\/hr\/izbornik-izvjesca\/prijavi-pretplate\/\" class=\"more-link\">Continue reading <span class=\"screen-reader-text\">Prijavi pretplate<\/span><\/a><\/p>\n","protected":false},"author":1,"featured_media":0,"parent":15255,"menu_order":2,"comment_status":"closed","ping_status":"closed","template":"","meta":{"footnotes":""},"class_list":["post-14978","page","type-page","status-publish","hentry"],"_links":{"self":[{"href":"https:\/\/www.fmsdocumentation.com\/hr\/wp-json\/wp\/v2\/pages\/14978","targetHints":{"allow":["GET"]}}],"collection":[{"href":"https:\/\/www.fmsdocumentation.com\/hr\/wp-json\/wp\/v2\/pages"}],"about":[{"href":"https:\/\/www.fmsdocumentation.com\/hr\/wp-json\/wp\/v2\/types\/page"}],"author":[{"embeddable":true,"href":"https:\/\/www.fmsdocumentation.com\/hr\/wp-json\/wp\/v2\/users\/1"}],"replies":[{"embeddable":true,"href":"https:\/\/www.fmsdocumentation.com\/hr\/wp-json\/wp\/v2\/comments?post=14978"}],"version-history":[{"count":1,"href":"https:\/\/www.fmsdocumentation.com\/hr\/wp-json\/wp\/v2\/pages\/14978\/revisions"}],"predecessor-version":[{"id":15304,"href":"https:\/\/www.fmsdocumentation.com\/hr\/wp-json\/wp\/v2\/pages\/14978\/revisions\/15304"}],"up":[{"embeddable":true,"href":"https:\/\/www.fmsdocumentation.com\/hr\/wp-json\/wp\/v2\/pages\/15255"}],"wp:attachment":[{"href":"https:\/\/www.fmsdocumentation.com\/hr\/wp-json\/wp\/v2\/media?parent=14978"}],"curies":[{"name":"wp","href":"https:\/\/api.w.org\/{rel}","templated":true}]}}