{"id":14983,"date":"2025-05-29T13:27:47","date_gmt":"2025-05-29T10:27:47","guid":{"rendered":"https:\/\/www.fmsdocumentation.com\/planovi-naplate\/"},"modified":"2025-06-10T11:41:21","modified_gmt":"2025-06-10T08:41:21","slug":"planovi-naplate","status":"publish","type":"page","link":"https:\/\/www.fmsdocumentation.com\/hr\/osnove\/planovi-naplate\/","title":{"rendered":"Planovi naplate"},"content":{"rendered":"<p>Planovi naplate primjenjuju se pojedina\u010dno za svaki objekt u voznom parku. To zna\u010di da jedan korisnik mo\u017ee imati neke objekte s vi\u0161im planom, dok neki objekti mogu imati ni\u017ei plan. To je prakti\u010dno u slu\u010dajevima kada neko vozilo zahtijeva dodatnu kontrolu i pa\u017enju, dok je za druga dovoljno osnovno pra\u0107enje. Objekti (vozila) imaju ograni\u010denu (ili neograni\u010denu) funkcionalnost na temelju odabranih planova naplate. Vi\u0161i plan naplate za jedan objekt ne\u0107e otklju\u010dati sve premium funkcionalnosti za objekte s ni\u017eim planom.<br \/>\n<p class=\"note\">Primjer: Objekt A ima premium plan, dok Objekt B ima Basic Plus plan. Korisnik \u0107e mo\u0107i pregledati podatke o eko-vo\u017enji za Objekt A, ali ne\u0107e biti dostupni za Objekt B jer modul eko-vo\u017enje nije uklju\u010den u Basic Plus plan. <\/p><\/p>\n<p>Trenutno postoji \u0161est planova naplate:<\/p>\n<ul>\n<li>Osnovni (LC)<\/li>\n<li>Osnovno Plus<\/li>\n<li>Standard<\/li>\n<li>Premija<\/li>\n<li>Osnovni SAD<\/li>\n<li>Standardni SAD<\/li>\n<\/ul>\n<p><p class=\"note\">Bilje\u0161ka<br \/>\n Sve funkcionalnosti ni\u017eeg plana dostupne su i za vi\u0161i plan. Premium plan \u0107e tako\u0111er uklju\u010divati \u200b\u200bsve funkcionalnosti Standardnog, Basic Plus i Basic (LC) plana. <\/p><\/p>\n<p>Tablica funkcionalnosti za svaki plan prikazana je u nastavku:<\/p>\n<p><a href=\"https:\/\/www.fmsdocumentation.com\/wp-content\/uploads\/2021\/03\/265LC.png\"><img loading=\"lazy\" decoding=\"async\" class=\"alignnone wp-image-10650 size-large\" src=\"https:\/\/www.fmsdocumentation.com\/wp-content\/uploads\/2021\/03\/265LC-744x1024.png\" alt=\"\" width=\"660\" height=\"908\" srcset=\"https:\/\/www.fmsdocumentation.com\/wp-content\/uploads\/2021\/03\/265LC-744x1024.png 744w, https:\/\/www.fmsdocumentation.com\/wp-content\/uploads\/2021\/03\/265LC-218x300.png 218w, https:\/\/www.fmsdocumentation.com\/wp-content\/uploads\/2021\/03\/265LC-768x1057.png 768w, https:\/\/www.fmsdocumentation.com\/wp-content\/uploads\/2021\/03\/265LC.png 802w\" sizes=\"auto, (max-width: 660px) 100vw, 660px\" \/><\/a><\/p>\n<p>Mo\u017eete vidjeti objekte kod jednog web korisnika s razli\u010ditim planovima. Me\u0111utim, ako postoji barem jedan objekt s BASIC (LC) planom (OSM rje\u0161enje bez Google karata) &#8211; svi objekti \u0107e se smatrati objektima BASIC (LC) plana i vidjet \u0107ete samo rje\u0161enje s niskom cijenom (bez Google karata i drugih funkcionalnosti koje su namijenjene vi\u0161im planovima \u010dak i ako postoji jedan ili vi\u0161e objekata s BASIC PLUS ili vi\u0161im planovima). <\/p>\n<p>Web korisnik \u0107e vidjeti funkcionalnosti u sustavu prema najvi\u0161em planu svojih objekata (osim ako postoje objekti s OSNOVNIM (LC) planom, u ovom slu\u010daju pogledajte prethodno pravilo). Ako postoje objekti s razli\u010ditim razinama plana pla\u0107anja vidljivi web korisniku &#8211; neke funkcionalnosti mogu biti vidljive, ali zaklju\u010dane za neke objekte ako imaju ni\u017ei plan pla\u0107anja u usporedbi s drugim objektima vidljivim web korisniku. <\/p>\n<p>Na primjer, ako web korisnik vidi 2 BASIC PLUS objekta i 1 STANDARD \u2013 web korisnik \u0107e vidjeti sve funkcije i gumbe dostupne u STANDARD planu, ali te \u0107e funkcije\/gumbi biti otklju\u010dani samo za objekte sa STANDARD planom (sve funkcije iz PREMIUM plana bit \u0107e skrivene dok ne nabavite barem jedan objekt s tim planom).<\/p>\n<p><p class=\"note\">Bilje\u0161ka<br \/>\n U slu\u010dajevima kada korisnik snizi plan za objekt, na primjer sa Standard na Basic Plus, podaci koji su bili dostupni za vozilo dok je bilo s vi\u0161im planom bit \u0107e izbrisani i ne\u0107e se mo\u0107i oporaviti. U ovom slu\u010daju to bi uklju\u010divalo podatke o eko vo\u017enji, sa\u017eetak putovanja, geozone i izvje\u0161\u0107a o gorivu, kao i preuzete podatke o tahometrima i zadatke odr\u017eavanja. <\/p><\/p>\n<p>Klijenti \u0107e biti obavije\u0161teni o dospjelim pla\u0107anjima za usluge putem sko\u010dnog prozora, odmah nakon prijave u sustav. Ovaj prozor \u0107e tako\u0111er obavijestiti korisnika o postavljenim vremenskim rokovima u kojima moraju platiti usluge. Ako se pla\u0107anje ne obradi u zadanom roku, korisniku \u0107e biti blokiran pristup sustavu za upravljanje voznim parkom. Za promjenu plana objekta, deblokiranje nepla\u0107enog ra\u010duna ili bilo koje druge potrebe naplate i administracije, obratite se izravno svom pru\u017eatelju usluga.   <\/p>\n<hr>\n<p><div class=\"alignleft\"><a href=\"https:\/\/www.fmsdocumentation.com\/hr\/osnove\/ogranicenja-mobilnih-uredaja\/\" title=\"Ograni\u010denja mobilnih ure\u0111aja\"><span class=\"arrow\">\u2039 &nbsp <\/span> Ograni\u010denja mobilnih ure\u0111aja <\/a><\/div> <div class=\"alignright\"><a href=\"https:\/\/www.fmsdocumentation.com\/hr\/osnove\/posebni-uvjeti\/\" title=\"Posebni uvjeti\">Posebni uvjeti <span class=\"arrow\"> &nbsp\u203a <\/span> <\/a><\/div><\/p>\n<p>&nbsp;<\/p>\n","protected":false},"excerpt":{"rendered":"<p>Planovi naplate primjenjuju se pojedina\u010dno za svaki objekt u voznom parku. To zna\u010di da jedan korisnik mo\u017ee imati neke objekte s vi\u0161im planom, dok neki objekti mogu imati ni\u017ei plan. To je prakti\u010dno u slu\u010dajevima kada neko vozilo zahtijeva dodatnu kontrolu i pa\u017enju, dok je za druga dovoljno osnovno pra\u0107enje. Objekti (vozila) imaju ograni\u010denu (ili &hellip; <a href=\"https:\/\/www.fmsdocumentation.com\/hr\/osnove\/planovi-naplate\/\" class=\"more-link\">Continue reading <span class=\"screen-reader-text\">Planovi naplate<\/span><\/a><\/p>\n","protected":false},"author":1,"featured_media":0,"parent":15522,"menu_order":6,"comment_status":"closed","ping_status":"closed","template":"","meta":{"footnotes":""},"class_list":["post-14983","page","type-page","status-publish","hentry"],"_links":{"self":[{"href":"https:\/\/www.fmsdocumentation.com\/hr\/wp-json\/wp\/v2\/pages\/14983","targetHints":{"allow":["GET"]}}],"collection":[{"href":"https:\/\/www.fmsdocumentation.com\/hr\/wp-json\/wp\/v2\/pages"}],"about":[{"href":"https:\/\/www.fmsdocumentation.com\/hr\/wp-json\/wp\/v2\/types\/page"}],"author":[{"embeddable":true,"href":"https:\/\/www.fmsdocumentation.com\/hr\/wp-json\/wp\/v2\/users\/1"}],"replies":[{"embeddable":true,"href":"https:\/\/www.fmsdocumentation.com\/hr\/wp-json\/wp\/v2\/comments?post=14983"}],"version-history":[{"count":1,"href":"https:\/\/www.fmsdocumentation.com\/hr\/wp-json\/wp\/v2\/pages\/14983\/revisions"}],"predecessor-version":[{"id":15552,"href":"https:\/\/www.fmsdocumentation.com\/hr\/wp-json\/wp\/v2\/pages\/14983\/revisions\/15552"}],"up":[{"embeddable":true,"href":"https:\/\/www.fmsdocumentation.com\/hr\/wp-json\/wp\/v2\/pages\/15522"}],"wp:attachment":[{"href":"https:\/\/www.fmsdocumentation.com\/hr\/wp-json\/wp\/v2\/media?parent=14983"}],"curies":[{"name":"wp","href":"https:\/\/api.w.org\/{rel}","templated":true}]}}