{"id":15016,"date":"2025-05-29T13:27:49","date_gmt":"2025-05-29T10:27:49","guid":{"rendered":"https:\/\/www.fmsdocumentation.com\/postavke-racuna\/"},"modified":"2025-06-10T11:41:34","modified_gmt":"2025-06-10T08:41:34","slug":"postavke-racuna","status":"publish","type":"page","link":"https:\/\/www.fmsdocumentation.com\/hr\/glavni-fms-prozor\/postavke-racuna\/","title":{"rendered":"Postavke ra\u010duna"},"content":{"rendered":"\n<p>Postavke ra\u010duna omogu\u0107uju promjenu nekih op\u0107ih postavki koje utje\u010du na neke podatke prikazane unutar sustava za upravljanje voznim parkom. Mogu se mijenjati sljede\u0107e postavke: <\/p>\n<hr class=\"wp-block-separator\">\n\n<h3 class=\"wp-block-heading\">Ra\u010dun<\/h3>\n\n<p>Stranica ra\u010duna omogu\u0107uje vam pregled e-po\u0161te i promjenu lozinke.<\/p>\n\n<figure class=\"wp-block-image size-large\"><img loading=\"lazy\" decoding=\"async\" width=\"872\" height=\"790\" src=\"https:\/\/www.fmsdocumentation.com\/wp-content\/uploads\/2022\/06\/5698-1.jpg\" alt=\"\" class=\"wp-image-11794\" srcset=\"https:\/\/www.fmsdocumentation.com\/wp-content\/uploads\/2022\/06\/5698-1.jpg 872w, https:\/\/www.fmsdocumentation.com\/wp-content\/uploads\/2022\/06\/5698-1-300x272.jpg 300w, https:\/\/www.fmsdocumentation.com\/wp-content\/uploads\/2022\/06\/5698-1-768x696.jpg 768w\" sizes=\"auto, (max-width: 872px) 100vw, 872px\" \/><\/figure>\n\n<p>Za promjenu lozinke kliknite poveznicu <strong>Promijeni lozinku<\/strong> . Pojavit \u0107e se novi prozor u kojem \u0107ete morati unijeti trenutnu i novu lozinku. <\/p>\n\n<ul class=\"wp-block-list\"><li>Trenutna lozinka &#8211; unesite trenutnu lozinku koju koristite za prijavu.<\/li><li>Nova lozinka &#8211; unesite novu lozinku za svoj ra\u010dun. Ne smije se podudarati s va\u0161om trenutnom i mora ispunjavati dolje navedene zahtjeve za lozinku. <\/li><li>Ponovo upi\u0161ite novu lozinku &#8211; ponovno unesite novu lozinku. Mora se podudarati s prethodno unesenom lozinkom. <\/li><\/ul>\n\n<figure class=\"wp-block-image is-resized\"><img loading=\"lazy\" decoding=\"async\" src=\"https:\/\/www.fmsdocumentation.com\/wp-content\/uploads\/2020\/08\/434.png\" alt=\"\" class=\"wp-image-9269\" width=\"409\" height=\"599\" srcset=\"https:\/\/www.fmsdocumentation.com\/wp-content\/uploads\/2020\/08\/434.png 502w, https:\/\/www.fmsdocumentation.com\/wp-content\/uploads\/2020\/08\/434-205x300.png 205w\" sizes=\"auto, (max-width: 409px) 100vw, 409px\" \/><\/figure>\n\n<p>Nakon \u0161to ispunite sva tri polja, kliknite gumb <strong>Promijeni lozinku<\/strong> . Ako su svi uneseni podaci to\u010dni, va\u0161a \u0107e se lozinka promijeniti. Da biste zaustavili promjene, kliknite <strong>Zatvori<\/strong> .  <\/p>\n\n<hr class=\"wp-block-separator\"\/>\n\n<h3 class=\"wp-block-heading\">Konfiguracija sustava<\/h3>\n\n<ul class=\"wp-block-list\"><li>Lokalizacija sustava &#8211; mo\u017ee se postaviti po dr\u017eavi. Implementirana je traka za pretra\u017eivanje kako bi se brzo prona\u0161la dr\u017eava. Ova lokalizacija se uglavnom koristi za Google karte kako bi se osiguralo da je postavka u skladu sa zakonima i propisima odabrane dr\u017eave. Ako ova postavka nije postavljena, sustav \u0107e automatski sinkronizirati postavke lokalizacije s ra\u010dunala s kojeg se prijavljujete pri svakoj prijavi. Nakon \u0161to je lokalizacija odabrana, automatska sinkronizacija \u0107e se zaustaviti.    <\/li><li>Vremenske zone &#8211; ova postavka omogu\u0107uje korisniku odabir trenutne vremenske zone. S postavljenom vremenskom zonom, sustav \u0107e automatski prilagoditi primljene zapise kako bi odgovarali odabranoj vremenskoj zoni. <\/li><li>Jezik sustava &#8211; korisnik mo\u017ee odabrati jezik sustava. Sustav \u0107e automatski prikazati odgovaraju\u0107i format datuma prema odabranom jeziku. <\/li><li>Mjerne jedinice &#8211; ovdje korisnik mo\u017ee odabrati u kojem \u0107e se formatu jedinice prikazivati \u200b\u200bunutar sustava. Mogu se odabrati imperijalne, metri\u010dke jedinice, metri\u010dke jedinice s potro\u0161njom prikazanom u km\/l ili uobi\u010dajene ameri\u010dke jedinice. <\/li><\/ul>\n\n<figure class=\"wp-block-image is-resized\"><a href=\"https:\/\/www.fmsdocumentation.com\/wp-content\/uploads\/2020\/11\/273.png\"><img loading=\"lazy\" decoding=\"async\" class=\"alignnone wp-image-10452 \" src=\"https:\/\/www.fmsdocumentation.com\/wp-content\/uploads\/2020\/11\/273-1024x518.png\" alt=\"\" width=\"652\" height=\"330\" srcset=\"https:\/\/www.fmsdocumentation.com\/wp-content\/uploads\/2020\/11\/273-1024x518.png 1024w, https:\/\/www.fmsdocumentation.com\/wp-content\/uploads\/2020\/11\/273-300x152.png 300w, https:\/\/www.fmsdocumentation.com\/wp-content\/uploads\/2020\/11\/273-768x389.png 768w, https:\/\/www.fmsdocumentation.com\/wp-content\/uploads\/2020\/11\/273-1536x777.png 1536w, https:\/\/www.fmsdocumentation.com\/wp-content\/uploads\/2020\/11\/273-2048x1036.png 2048w\" sizes=\"auto, (max-width: 652px) 100vw, 652px\" \/><\/a><\/figure>\n\n<p>Nakon \u0161to se naprave bilo kakve promjene, potrebno je kliknuti gumb <strong>Spremi<\/strong> , ina\u010de \u0107e se promjene odbaciti nakon \u0161to korisnik napusti ovu stranicu. Ako korisnik poku\u0161a napustiti stranicu nakon \u0161to je napravio neke promjene bez spremanja, pojavit \u0107e se sko\u010dni prozor s obavijesti o nespremljenim promjenama. <\/p>\n\n<hr class=\"wp-block-separator\"\/>\n\n<h3 class=\"wp-block-heading\">Postavke karte<\/h3>\n\n<p>Postavke karte omogu\u0107uju promjenu nekih zna\u010dajki prikaza na karti. Mogu se mijenjati sljede\u0107e opcije: <\/p>\n\n<ul class=\"wp-block-list\"><li>Oznake klastera vozila &#8211; omogu\u0107uje\/onemogu\u0107uje prikaz klastera na karti;<\/li><li>Vozila su grupirana do &#8211; ova postavka definira na kojoj razini zumiranja se objekti prikazuju kao skupina, \u0161to je broj manji, to je razina zumiranja bli\u017ea. Prozor primjera pored postavke prikazuje broj trenutne razine zumiranja, \u0161to korisniku omogu\u0107uje postavljanje razine zumiranja; <\/li><li>Prika\u017ei ikonu u oznaci vozila &#8211; omogu\u0107uje\/onemogu\u0107uje prikaz tipa vozila na karti;<\/li><li>Prika\u017ei naziv u oznaci vozila &#8211; omogu\u0107uje\/onemogu\u0107uje prikaz naziva vozila na karti;<\/li><li>Oznake kompaktnih vozila &#8211; omogu\u0107uje\/onemogu\u0107uje prikaz ikona manjih i kompaktnijih vozila na karti.<\/li><li>Prika\u017ei oznake geozona &#8211; omogu\u0107uje\/onemogu\u0107uje prikaz odabranih geozona na karti.<\/li><\/ul>\n\n<p><p class=\"note\">Bilje\u0161ka<br\/> Sve promjene se pregledavaju na mini-karti pored postavki.<\/p><\/p>\n\n<figure class=\"wp-block-image is-resized\"><a href=\"https:\/\/www.fmsdocumentation.com\/wp-content\/uploads\/2020\/11\/290.png\"><img loading=\"lazy\" decoding=\"async\" class=\"alignnone wp-image-10453 \" src=\"https:\/\/www.fmsdocumentation.com\/wp-content\/uploads\/2020\/11\/290-1024x516.png\" alt=\"\" width=\"632\" height=\"319\" srcset=\"https:\/\/www.fmsdocumentation.com\/wp-content\/uploads\/2020\/11\/290-1024x516.png 1024w, https:\/\/www.fmsdocumentation.com\/wp-content\/uploads\/2020\/11\/290-300x151.png 300w, https:\/\/www.fmsdocumentation.com\/wp-content\/uploads\/2020\/11\/290-768x387.png 768w, https:\/\/www.fmsdocumentation.com\/wp-content\/uploads\/2020\/11\/290-1536x775.png 1536w, https:\/\/www.fmsdocumentation.com\/wp-content\/uploads\/2020\/11\/290-2048x1033.png 2048w\" sizes=\"auto, (max-width: 632px) 100vw, 632px\" \/><\/a><\/figure>\n\n<p>Nakon \u0161to se naprave bilo kakve promjene, potrebno je kliknuti gumb <strong>Spremi<\/strong> . Ako se naprave promjene i korisnik odlu\u010di napustiti stranicu, pojavit \u0107e se prozor upozorenja koji \u0107e korisnika obavijestiti o nespremljenim promjenama. <\/p>\n\n<hr class=\"wp-block-separator\"\/>\n\n<h3 class=\"wp-block-heading\">Postavke adrese<\/h3>\n\n<p><strong>Postavke adrese<\/strong> omogu\u0107uju promjenu na\u010dina prikaza nekih podataka o adresi u sustavu.<\/p>\n\n<figure class=\"wp-block-image is-resized\"><a href=\"https:\/\/www.fmsdocumentation.com\/wp-content\/uploads\/2020\/11\/320.png\"><img loading=\"lazy\" decoding=\"async\" class=\"alignnone wp-image-10454 \" src=\"https:\/\/www.fmsdocumentation.com\/wp-content\/uploads\/2020\/11\/320-1024x520.png\" alt=\"\" width=\"652\" height=\"331\" srcset=\"https:\/\/www.fmsdocumentation.com\/wp-content\/uploads\/2020\/11\/320-1024x520.png 1024w, https:\/\/www.fmsdocumentation.com\/wp-content\/uploads\/2020\/11\/320-300x152.png 300w, https:\/\/www.fmsdocumentation.com\/wp-content\/uploads\/2020\/11\/320-768x390.png 768w, https:\/\/www.fmsdocumentation.com\/wp-content\/uploads\/2020\/11\/320-1536x780.png 1536w, https:\/\/www.fmsdocumentation.com\/wp-content\/uploads\/2020\/11\/320-2048x1040.png 2048w\" sizes=\"auto, (max-width: 652px) 100vw, 652px\" \/><\/a><\/figure>\n\n<p>To\u010dnije, korisnik mo\u017ee odabrati kako se trenutna lokacija vozila prikazuje u izvje\u0161\u0107ima (duga adresa) i popisu vozila (kratka adresa).<\/p>\n\n<p>Duga adresa mo\u017ee se sastojati od:<\/p>\n\n<ul class=\"wp-block-list\"><li>Samo adresa &#8211; u izvje\u0161\u0107ima \u0107e se prikazivati \u200b\u200bsamo adresa vozila;<\/li><li>Samo geozone &#8211; u izvje\u0161\u0107ima \u0107e se prikazivati \u200b\u200bsamo geozone vozila. Ako vozilo nije bilo ni u jednoj geozoni, polje \u0107e biti prazno; <\/li><li>Adresa i geozone &#8211; u izvje\u0161\u0107ima \u0107e se prikazivati \u200b\u200bi adrese i geozone.<\/li><\/ul>\n\n<p>Primjeri prikaza za isto izvje\u0161\u0107e: <strong>prikaz samo adrese na vrhu, prikaz samo geozone u sredini, prikaz adrese i geozone na dnu.<\/strong><\/p>\n\n<figure class=\"wp-block-image is-resized\"><a href=\"https:\/\/www.fmsdocumentation.com\/wp-content\/uploads\/2018\/02\/326.png\"><img loading=\"lazy\" decoding=\"async\" src=\"https:\/\/www.fmsdocumentation.com\/wp-content\/uploads\/2018\/02\/326-1024x444.png\" alt=\"\" class=\"wp-image-4411\" width=\"580\" height=\"251\" srcset=\"https:\/\/www.fmsdocumentation.com\/wp-content\/uploads\/2018\/02\/326-1024x444.png 1024w, https:\/\/www.fmsdocumentation.com\/wp-content\/uploads\/2018\/02\/326-300x130.png 300w, https:\/\/www.fmsdocumentation.com\/wp-content\/uploads\/2018\/02\/326-768x333.png 768w, https:\/\/www.fmsdocumentation.com\/wp-content\/uploads\/2018\/02\/326.png 1276w\" sizes=\"auto, (max-width: 580px) 100vw, 580px\" \/><\/a><\/figure>\n\n<p>Kratka adresa mo\u017ee se sastojati od:<\/p>\n\n<ul class=\"wp-block-list\"><li>Samo adresa \u2013 prikazat \u0107e adresu vozila na popisu vozila u izborniku statusa voznog parka<\/li><li>Samo geozone \u2013 prikazat \u0107e se naziv geozone u kojoj se vozilo trenutno nalazi. Ako se vozilo ne nalazi u geozoni, polje \u0107e biti prazno. <\/li><\/ul>\n\n<p>Primjeri prikaza za ista vozila: <strong>prikaz samo geozone s lijeve strane, prikaz samo adrese s desne strane.<\/strong><\/p>\n\n<figure class=\"wp-block-image is-resized\"><a href=\"https:\/\/www.fmsdocumentation.com\/wp-content\/uploads\/2018\/01\/321.png\"><img loading=\"lazy\" decoding=\"async\" src=\"https:\/\/www.fmsdocumentation.com\/wp-content\/uploads\/2018\/01\/321.png\" alt=\"\" class=\"wp-image-4306\" width=\"580\" height=\"177\" srcset=\"https:\/\/www.fmsdocumentation.com\/wp-content\/uploads\/2018\/01\/321.png 691w, https:\/\/www.fmsdocumentation.com\/wp-content\/uploads\/2018\/01\/321-300x92.png 300w\" sizes=\"auto, (max-width: 580px) 100vw, 580px\" \/><\/a><\/figure>\n\n<hr class=\"wp-block-separator\"\/>\n\n<h3 class=\"wp-block-heading\">Postavke API klju\u010da<\/h3>\n\n<p>Postavke API klju\u010da omogu\u0107uju generiranje API klju\u010deva koji se mogu koristiti u integracijama.<\/p>\n\n<p><p class=\"note\">Bilje\u0161ka<br\/> Generiranje API klju\u010deva mora biti omogu\u0107eno za svakog korisnika pojedina\u010dno, ina\u010de postavke ne\u0107e biti dostupne. To je opisano u <a href=\"https:\/\/www.fmsdocumentation.com\/main-tms-window\/webusers-admin-panel\/\">administratorskoj plo\u010di Webusers<\/a> . Postavke su administratorima dostupne prema zadanim postavkama.    <\/p><\/p>\n\n<p>Korisnik mo\u017ee generirati novi API klju\u010d klikom na gumb <strong>Novi API klju\u010d<\/strong> u gornjem desnom kutu prozora. Otvorit \u0107e se prozor <strong>Novi API klju\u010d<\/strong> u kojem korisnik mora navesti naziv novog API klju\u010da. Za spremanje klju\u010da potrebno je kliknuti na gumb <strong>Spremi<\/strong> .  <\/p>\n\n<figure class=\"wp-block-image is-resized\"><a href=\"https:\/\/www.fmsdocumentation.com\/wp-content\/uploads\/2020\/11\/387.png\"><img loading=\"lazy\" decoding=\"async\" class=\"alignnone wp-image-10455 size-large\" src=\"https:\/\/www.fmsdocumentation.com\/wp-content\/uploads\/2020\/11\/387-1024x519.png\" alt=\"\" width=\"660\" height=\"335\" srcset=\"https:\/\/www.fmsdocumentation.com\/wp-content\/uploads\/2020\/11\/387-1024x519.png 1024w, https:\/\/www.fmsdocumentation.com\/wp-content\/uploads\/2020\/11\/387-300x152.png 300w, https:\/\/www.fmsdocumentation.com\/wp-content\/uploads\/2020\/11\/387-768x389.png 768w, https:\/\/www.fmsdocumentation.com\/wp-content\/uploads\/2020\/11\/387-1536x778.png 1536w, https:\/\/www.fmsdocumentation.com\/wp-content\/uploads\/2020\/11\/387-2048x1038.png 2048w\" sizes=\"auto, (max-width: 660px) 100vw, 660px\" \/><\/a><\/figure>\n\n<p>Svi API klju\u010devi koje generira korisnik prikazani su u tablici. Klikom na sam klju\u010d prikazat \u0107e se cijeli klju\u010d u sko\u010dnom prozoru. Klikom na klju\u010d u sko\u010dnom prozoru kopirat \u0107e se. Klju\u010devi se mogu izbrisati klikom na ikonu ko\u0161a za sme\u0107e. Pojavit \u0107e se poruka upozorenja, korisnik mora kliknuti <strong>Izbri\u0161i<\/strong> da bi izbrisao klju\u010d.    <\/p>\n\n<figure class=\"wp-block-image is-resized\"><a href=\"https:\/\/www.fmsdocumentation.com\/wp-content\/uploads\/2020\/11\/388.png\"><img loading=\"lazy\" decoding=\"async\" class=\"alignnone wp-image-10456 \" src=\"https:\/\/www.fmsdocumentation.com\/wp-content\/uploads\/2020\/11\/388-1024x453.png\" alt=\"\" width=\"631\" height=\"279\" srcset=\"https:\/\/www.fmsdocumentation.com\/wp-content\/uploads\/2020\/11\/388-1024x453.png 1024w, https:\/\/www.fmsdocumentation.com\/wp-content\/uploads\/2020\/11\/388-300x133.png 300w, https:\/\/www.fmsdocumentation.com\/wp-content\/uploads\/2020\/11\/388-768x340.png 768w, https:\/\/www.fmsdocumentation.com\/wp-content\/uploads\/2020\/11\/388-1536x680.png 1536w, https:\/\/www.fmsdocumentation.com\/wp-content\/uploads\/2020\/11\/388-2048x906.png 2048w\" sizes=\"auto, (max-width: 631px) 100vw, 631px\" \/><\/a><\/figure>&#13;\n<p>\u00a0<\/p>\n<hr class=\"wp-block-separator\">\n\n<h3 class=\"wp-block-heading\">Postavke tahografa<\/h3>\n\n<p>Prozor <strong>postavki tahografa<\/strong> omogu\u0107uje konfiguriranje podataka vezanih uz tahografe.<\/p>\n\n<p><strong>Imenovanje datoteka tahografa \u2013<\/strong> odaberite kako \u0107e se generirane datoteke tahografa imenovati. Dostupne opcije su: <\/p>\n\n<ul class=\"wp-block-list\"><li>Naziv objekta s razdobljem datoteke<\/li><li>Europski<\/li><li>\u0161panjolski<\/li><li>francuski<\/li><\/ul>\n\n<p><strong>Upravlja\u010dki programi \u2013<\/strong> stanje NEPOZNATO za svaki odabrani upravlja\u010dki program bit \u0107e promijenjeno u REST. To ne utje\u010de na samu DDD datoteku. Mo\u017eete kliknuti <strong>Automatski omogu\u0107i za sve nove upravlja\u010dke programe<\/strong> kako bi se ova postavka automatski primijenila na svaki novokreirani upravlja\u010dki program.  <\/p>\n\n<figure class=\"wp-block-image is-resized size-large\"><a href=\"https:\/\/www.fmsdocumentation.com\/wp-content\/uploads\/2020\/11\/454-1.png\"><img loading=\"lazy\" decoding=\"async\" src=\"https:\/\/www.fmsdocumentation.com\/wp-content\/uploads\/2020\/11\/454-1-1024x530.png\" alt=\"\" class=\"wp-image-10450\" width=\"576\" height=\"298\" srcset=\"https:\/\/www.fmsdocumentation.com\/wp-content\/uploads\/2020\/11\/454-1-1024x530.png 1024w, https:\/\/www.fmsdocumentation.com\/wp-content\/uploads\/2020\/11\/454-1-300x155.png 300w, https:\/\/www.fmsdocumentation.com\/wp-content\/uploads\/2020\/11\/454-1-768x398.png 768w, https:\/\/www.fmsdocumentation.com\/wp-content\/uploads\/2020\/11\/454-1-1536x796.png 1536w, https:\/\/www.fmsdocumentation.com\/wp-content\/uploads\/2020\/11\/454-1-2048x1061.png 2048w\" sizes=\"auto, (max-width: 576px) 100vw, 576px\" \/><\/a><\/figure>\n\n<hr class=\"wp-block-separator\"\/>\n\n<h3 class=\"wp-block-heading\">Postavke putovanja<\/h3>\n\n<p><strong>Postavke putovanja<\/strong> omogu\u0107uju korisnicima odabir zadane vrste putovanja koja \u0107e se postaviti za sva putovanja za objekte koji nemaju automatsko prepoznavanje vrste putovanja. Nakon odabira vrste putovanja iz padaju\u0107eg izbornika, korisnik mora kliknuti gumb \u201eSpremi\u201d. <\/p>\n\n<figure class=\"wp-block-image size-large\"><img loading=\"lazy\" decoding=\"async\" width=\"871\" height=\"776\" src=\"https:\/\/www.fmsdocumentation.com\/wp-content\/uploads\/2022\/06\/5699.jpg\" alt=\"\" class=\"wp-image-11791\" srcset=\"https:\/\/www.fmsdocumentation.com\/wp-content\/uploads\/2022\/06\/5699.jpg 871w, https:\/\/www.fmsdocumentation.com\/wp-content\/uploads\/2022\/06\/5699-300x267.jpg 300w, https:\/\/www.fmsdocumentation.com\/wp-content\/uploads\/2022\/06\/5699-768x684.jpg 768w\" sizes=\"auto, (max-width: 871px) 100vw, 871px\" \/><\/figure>\n\n<p>U postavkama Putovanja korisnik tako\u0111er mo\u017ee odabrati <strong>prikaz sa\u017eete povijesti putovanja<\/strong> . Ako je funkcija prikaza sa\u017eete povijesti putovanja onemogu\u0107ena, korisnik \u0107e vidjeti pro\u0161ireni prikaz s potpunim informacijama u odjeljku povijesti putovanja. <\/p>\n\n<figure class=\"wp-block-image size-large\"><img loading=\"lazy\" decoding=\"async\" width=\"381\" height=\"902\" src=\"https:\/\/www.fmsdocumentation.com\/wp-content\/uploads\/2022\/06\/5701.jpg\" alt=\"\" class=\"wp-image-11792\" srcset=\"https:\/\/www.fmsdocumentation.com\/wp-content\/uploads\/2022\/06\/5701.jpg 381w, https:\/\/www.fmsdocumentation.com\/wp-content\/uploads\/2022\/06\/5701-127x300.jpg 127w\" sizes=\"auto, (max-width: 381px) 100vw, 381px\" \/><\/figure>\n\n<p>Ako je omogu\u0107ena funkcija sa\u017eetog prikaza povijesti putovanja, korisnik \u0107e vidjeti sa\u017eeti prikaz u odjeljku povijesti putovanja s nekim skrivenim informacijama.<\/p>\n\n<figure class=\"wp-block-image size-large\"><img loading=\"lazy\" decoding=\"async\" width=\"373\" height=\"766\" src=\"https:\/\/www.fmsdocumentation.com\/wp-content\/uploads\/2022\/06\/5702.jpg\" alt=\"\" class=\"wp-image-11793\" srcset=\"https:\/\/www.fmsdocumentation.com\/wp-content\/uploads\/2022\/06\/5702.jpg 373w, https:\/\/www.fmsdocumentation.com\/wp-content\/uploads\/2022\/06\/5702-146x300.jpg 146w\" sizes=\"auto, (max-width: 373px) 100vw, 373px\" \/><\/figure>\n\n<p><div class=\"alignleft\"><a href=\"https:\/\/www.fmsdocumentation.com\/hr\/glavni-fms-prozor\/administratorska-ploca-za-web-korisnike\/\" title=\"Administratorska plo\u010da za web korisnike\"><span class=\"arrow\">\u2039 &nbsp <\/span> Administratorska plo\u010da za web korisnike <\/a><\/div> <div class=\"alignright\"><a href=\"https:\/\/www.fmsdocumentation.com\/hr\/glavni-fms-prozor\/generirane-poveznice\/\" title=\"Generirane poveznice\">Generirane poveznice <span class=\"arrow\"> &nbsp\u203a <\/span> <\/a><\/div><\/p>\n","protected":false},"excerpt":{"rendered":"<p>Postavke ra\u010duna omogu\u0107uju promjenu nekih op\u0107ih postavki koje utje\u010du na neke podatke prikazane unutar sustava za upravljanje voznim parkom. Mogu se mijenjati sljede\u0107e postavke: Ra\u010dun Stranica ra\u010duna omogu\u0107uje vam pregled e-po\u0161te i promjenu lozinke. Za promjenu lozinke kliknite poveznicu Promijeni lozinku . Pojavit \u0107e se novi prozor u kojem \u0107ete morati unijeti trenutnu i novu &hellip; <a href=\"https:\/\/www.fmsdocumentation.com\/hr\/glavni-fms-prozor\/postavke-racuna\/\" class=\"more-link\">Continue reading <span class=\"screen-reader-text\">Postavke ra\u010duna<\/span><\/a><\/p>\n","protected":false},"author":1,"featured_media":0,"parent":15560,"menu_order":8,"comment_status":"closed","ping_status":"closed","template":"","meta":{"footnotes":""},"class_list":["post-15016","page","type-page","status-publish","hentry"],"_links":{"self":[{"href":"https:\/\/www.fmsdocumentation.com\/hr\/wp-json\/wp\/v2\/pages\/15016","targetHints":{"allow":["GET"]}}],"collection":[{"href":"https:\/\/www.fmsdocumentation.com\/hr\/wp-json\/wp\/v2\/pages"}],"about":[{"href":"https:\/\/www.fmsdocumentation.com\/hr\/wp-json\/wp\/v2\/types\/page"}],"author":[{"embeddable":true,"href":"https:\/\/www.fmsdocumentation.com\/hr\/wp-json\/wp\/v2\/users\/1"}],"replies":[{"embeddable":true,"href":"https:\/\/www.fmsdocumentation.com\/hr\/wp-json\/wp\/v2\/comments?post=15016"}],"version-history":[{"count":1,"href":"https:\/\/www.fmsdocumentation.com\/hr\/wp-json\/wp\/v2\/pages\/15016\/revisions"}],"predecessor-version":[{"id":15030,"href":"https:\/\/www.fmsdocumentation.com\/hr\/wp-json\/wp\/v2\/pages\/15016\/revisions\/15030"}],"up":[{"embeddable":true,"href":"https:\/\/www.fmsdocumentation.com\/hr\/wp-json\/wp\/v2\/pages\/15560"}],"wp:attachment":[{"href":"https:\/\/www.fmsdocumentation.com\/hr\/wp-json\/wp\/v2\/media?parent=15016"}],"curies":[{"name":"wp","href":"https:\/\/api.w.org\/{rel}","templated":true}]}}