{"id":15051,"date":"2025-05-29T13:27:52","date_gmt":"2025-05-29T10:27:52","guid":{"rendered":"https:\/\/www.fmsdocumentation.com\/administratorska-ploca-za-web-korisnike\/"},"modified":"2025-06-10T11:41:34","modified_gmt":"2025-06-10T08:41:34","slug":"administratorska-ploca-za-web-korisnike","status":"publish","type":"page","link":"https:\/\/www.fmsdocumentation.com\/hr\/glavni-fms-prozor\/administratorska-ploca-za-web-korisnike\/","title":{"rendered":"Administratorska plo\u010da za web korisnike"},"content":{"rendered":"\n<p>Administratorska plo\u010da web korisnika dostupna je samo korisnicima s administratorskim pravima. Putem ove plo\u010de korisnik mo\u017ee vidjeti sve web korisnike povezane s trenutno kori\u0161tenim ra\u010dunom. Glavna plo\u010da web korisnika pru\u017ea sljede\u0107e funkcionalnosti i informacije:  <\/p>\n\n<ul class=\"wp-block-list\"><li>Stvaranje novog web korisnika<\/li><li>Popis web korisnika<\/li><li>Pretra\u017eivanje web korisnika<\/li><\/ul>\n\n<figure class=\"wp-block-image is-resized\"><img loading=\"lazy\" decoding=\"async\" src=\"https:\/\/www.fmsdocumentation.com\/wp-content\/uploads\/2020\/09\/252-1.png\" alt=\"\" class=\"wp-image-9851\" width=\"358\" height=\"499\" srcset=\"https:\/\/www.fmsdocumentation.com\/wp-content\/uploads\/2020\/09\/252-1.png 445w, https:\/\/www.fmsdocumentation.com\/wp-content\/uploads\/2020\/09\/252-1-215x300.png 215w\" sizes=\"auto, (max-width: 358px) 100vw, 358px\" \/><\/figure>\n\n<h2 class=\"wp-block-heading\">Stvaranje novog web korisnika<\/h2>\n\n<p>Za izradu novog web korisnika kliknite <strong>Novi web korisnik<\/strong> . S desne strane otvorit \u0107e se nova plo\u010da u koju mo\u017eete unijeti sljede\u0107e podatke za novog web korisnika: <\/p>\n\n<ul class=\"wp-block-list\"><li>Ime \u2013 ime web korisnika<\/li><li>Vrsta korisnika \u2013 administrator ili korisnik<\/li><li>Prijava \u2013 korisni\u010dko ime koje \u0107e se koristiti prilikom prijave<\/li><li>E-po\u0161ta \u2013 e-po\u0161ta web korisnika. Potvrdni okvir mo\u017ee se ozna\u010diti ispod kako bi se poslala e-po\u0161ta s poveznicom za postavljanje lozinke. <\/li><li>Jezik \u2013 jezik su\u010delja za web korisnika. Imajte na umu da se mo\u017ee promijeniti i formatiranje datuma i brojeva, ovisno o odabranom jeziku. (nije obavezno)  <\/li><li>Telefon \u2013 broj telefona web korisnika (neobavezno)<\/li><li>Uloga \u2013 dodijelite postoje\u0107u ulogu web korisniku. Za upravljanje ulogama obratite se podr\u0161ci. (nije obavezno)  <\/li><\/ul>\n\n<figure class=\"wp-block-image is-resized\"><a href=\"https:\/\/www.fmsdocumentation.com\/wp-content\/uploads\/2020\/09\/447.png\"><img loading=\"lazy\" decoding=\"async\" src=\"https:\/\/www.fmsdocumentation.com\/wp-content\/uploads\/2020\/09\/447-772x1024.png\" alt=\"\" class=\"wp-image-9852\" width=\"462\" height=\"612\" srcset=\"https:\/\/www.fmsdocumentation.com\/wp-content\/uploads\/2020\/09\/447-772x1024.png 772w, https:\/\/www.fmsdocumentation.com\/wp-content\/uploads\/2020\/09\/447-226x300.png 226w, https:\/\/www.fmsdocumentation.com\/wp-content\/uploads\/2020\/09\/447-768x1019.png 768w, https:\/\/www.fmsdocumentation.com\/wp-content\/uploads\/2020\/09\/447.png 891w\" sizes=\"auto, (max-width: 462px) 100vw, 462px\" \/><\/a><\/figure>\n\n<p>Nakon \u0161to su svi potrebni podaci ispunjeni, kliknite <strong>Spremi<\/strong> da biste dodali novog web korisnika. Za odbacivanje promjena kliknite <strong>Odustani<\/strong> . <\/p>\n\n<h2 class=\"wp-block-heading\">Popis web korisnika<\/h2>\n\n<p>Popis prikazuje sljede\u0107e podatke o svakom web korisniku:<\/p>\n\n<ul class=\"wp-block-list\"><li>Ime web korisnika<\/li><li>Uloga web korisnika \u2013 korisnik ili administrator, administratori imaju krune u svojim korisni\u010dkim ikonama<\/li><li>Broj vidljivih objekata za tog korisnika<\/li><\/ul>\n\n<figure class=\"wp-block-image\"><a href=\"https:\/\/www.fmsdocumentation.com\/wp-content\/uploads\/2020\/09\/448.png\"><img loading=\"lazy\" decoding=\"async\" width=\"435\" height=\"180\" src=\"https:\/\/www.fmsdocumentation.com\/wp-content\/uploads\/2020\/09\/448.png\" alt=\"\" class=\"wp-image-9853\" srcset=\"https:\/\/www.fmsdocumentation.com\/wp-content\/uploads\/2020\/09\/448.png 435w, https:\/\/www.fmsdocumentation.com\/wp-content\/uploads\/2020\/09\/448-300x124.png 300w\" sizes=\"auto, (max-width: 435px) 100vw, 435px\" \/><\/a><\/figure>\n\n<p>Korisnici koji su blokirani imat \u0107e crveni krug pored svojih ikona i prikazat \u0107e se status <strong>Blokirano<\/strong> , kao \u0161to je prikazano na slici ispod.<\/p>\n\n<figure class=\"wp-block-image\"><a href=\"https:\/\/www.fmsdocumentation.com\/wp-content\/uploads\/2018\/08\/365.png\"><img loading=\"lazy\" decoding=\"async\" width=\"450\" height=\"89\" src=\"https:\/\/www.fmsdocumentation.com\/wp-content\/uploads\/2018\/08\/365.png\" alt=\"\" class=\"wp-image-5772\" srcset=\"https:\/\/www.fmsdocumentation.com\/wp-content\/uploads\/2018\/08\/365.png 450w, https:\/\/www.fmsdocumentation.com\/wp-content\/uploads\/2018\/08\/365-300x59.png 300w\" sizes=\"auto, (max-width: 450px) 100vw, 450px\" \/><\/a><\/figure>\n\n<p>Klikom na korisnika na popisu pro\u0161irit \u0107e se plo\u010da kako bi se prikazale dodatne informacije i postavke kao \u0161to su:<\/p>\n\n<ul class=\"wp-block-list\"><li>Korisni\u010dko ime weba<\/li><li>Vrsta korisnika \u2013 administrator ili korisnik<\/li><li>Prijava \u2013 korisni\u010dko ime koje \u0107e se koristiti prilikom prijave<\/li><li>E-po\u0161ta \u2013 e-po\u0161ta povezana s korisnikom. Gumb statusa pored e-po\u0161te ozna\u010dava je li potvr\u0111ena<img loading=\"lazy\" decoding=\"async\" width=\"20\" height=\"20\" class=\"alignnone wp-image-9848\" src=\"https:\/\/www.fmsdocumentation.com\/wp-content\/uploads\/2020\/09\/check-1.png\" alt=\"\"\/> ili nije potvr\u0111eno<img loading=\"lazy\" decoding=\"async\" width=\"20\" height=\"20\" class=\"alignnone wp-image-9849\" src=\"https:\/\/www.fmsdocumentation.com\/wp-content\/uploads\/2020\/09\/warning.png\" alt=\"\"\/> . <\/li><li>Jezik \u2013 jezik su\u010delja web korisnika<\/li><li>Telefon \u2013 broj telefona web korisnika<\/li><li>Datum kreiranja \u2013 datum i vrijeme kada je korisnik kreiran<\/li><li>Grupe vozila dodijeljene korisniku<\/li><li>Preklopna traka za pristup API klju\u010du. Ako je omogu\u0107ena, korisnik \u0107e mo\u0107i generirati API klju\u010deve, kao \u0161to je opisano u <a href=\"https:\/\/www.fmsdocumentation.com\/hr\/postavke-racuna\/\">Postavkama ra\u010duna<\/a> . <\/li><\/ul>\n\n<p><a href=\"https:\/\/www.fmsdocumentation.com\/wp-content\/uploads\/2020\/09\/253.png\"><img loading=\"lazy\" decoding=\"async\" class=\"alignnone wp-image-9854 \" src=\"https:\/\/www.fmsdocumentation.com\/wp-content\/uploads\/2020\/09\/253.png\" alt=\"\" width=\"540\" height=\"483\" srcset=\"https:\/\/www.fmsdocumentation.com\/wp-content\/uploads\/2020\/09\/253.png 895w, https:\/\/www.fmsdocumentation.com\/wp-content\/uploads\/2020\/09\/253-300x268.png 300w, https:\/\/www.fmsdocumentation.com\/wp-content\/uploads\/2020\/09\/253-768x687.png 768w\" sizes=\"auto, (max-width: 540px) 100vw, 540px\" \/><\/a><br\/><p class=\"note\">Bilje\u0161ka<br\/> Ako korisniku nije dodijeljena nijedna grupa vozila, sva vozila \u0107e biti vidljiva tom korisniku.<\/p><\/p>\n\n<p><strong>Grupe vozila mo\u017eete dodijeliti ili poni\u0161titi dodjelu<\/strong> postoje\u0107em korisniku. Da biste to u\u010dinili, kliknite simbol <strong>+<\/strong> u retku grupa vozila.<\/p>\n\n<figure class=\"wp-block-image\"><a href=\"https:\/\/www.fmsdocumentation.com\/wp-content\/uploads\/2017\/06\/254.png\"><img loading=\"lazy\" decoding=\"async\" width=\"360\" height=\"71\" src=\"https:\/\/www.fmsdocumentation.com\/wp-content\/uploads\/2017\/06\/254.png\" alt=\"\" class=\"wp-image-782\" srcset=\"https:\/\/www.fmsdocumentation.com\/wp-content\/uploads\/2017\/06\/254.png 360w, https:\/\/www.fmsdocumentation.com\/wp-content\/uploads\/2017\/06\/254-300x59.png 300w\" sizes=\"auto, (max-width: 360px) 100vw, 360px\" \/><\/a><\/figure>\n\n<p>Ovim \u0107e se otvoriti novi prozor s popisom svih grupa vozila kreiranih za ovaj ra\u010dun. Za brzo pretra\u017eivanje grupa implementirana je traka za pretra\u017eivanje koja \u0107e filtrirati popis sa svakim unesenim slovom. <\/p>\n\n<p>Ako je korisniku ve\u0107 dodijeljena grupa, bit \u0107e ozna\u010dena plavom kva\u010dicom. Za dodjeljivanje vi\u0161e grupa vozila jednostavno stavite kva\u010dice pored grupa koje \u017eelite dodijeliti korisniku. Za poni\u0161tavanje dodjele grupe jednostavno uklonite kva\u010dicu. Tako\u0111er mo\u017eete ozna\u010diti <strong>Odaberi sve<\/strong> za dodjeljivanje\/poni\u0161tavanje dodjele svih vozila. Nakon bilo kakvih promjena, morate kliknuti gumb <strong>Gotovo<\/strong> da biste spremili promjene.    <\/p>\n\n<figure class=\"wp-block-image is-resized\"><a href=\"https:\/\/www.fmsdocumentation.com\/wp-content\/uploads\/2020\/09\/255.png\"><img loading=\"lazy\" decoding=\"async\" src=\"https:\/\/www.fmsdocumentation.com\/wp-content\/uploads\/2020\/09\/255.png\" alt=\"\" class=\"wp-image-9855\" width=\"485\" height=\"405\" srcset=\"https:\/\/www.fmsdocumentation.com\/wp-content\/uploads\/2020\/09\/255.png 913w, https:\/\/www.fmsdocumentation.com\/wp-content\/uploads\/2020\/09\/255-300x251.png 300w, https:\/\/www.fmsdocumentation.com\/wp-content\/uploads\/2020\/09\/255-768x643.png 768w\" sizes=\"auto, (max-width: 485px) 100vw, 485px\" \/><\/a><\/figure>\n\n<p>Za odbacivanje promjena kliknite gumb <strong>Odustani<\/strong> ili jednostavno kliknite bilo gdje izvan prozora za dodjelu.<\/p>\n\n<p>Stvaranje grupe vozila opisano je u <a href=\"https:\/\/www.fmsdocumentation.com\/overview-menu\/\">izborniku Pregled<\/a> .<\/p>\n\n<p>Tako\u0111er mo\u017eete ure\u0111ivati \u200b\u200bili brisati postoje\u0107e web korisnike. Za ure\u0111ivanje kliknite <strong>Uredi<\/strong> pri dnu pro\u0161irenog prozora s podacima o korisniku. Bit \u0107ete preusmjereni na plo\u010du sli\u010dnu plo\u010di <strong>Novi web korisnik<\/strong> . Nakon \u0161to napravite promjene, <strong>Spremi<\/strong> ih ili <strong>Odustani<\/strong> da biste odbacili sve promjene. Za brisanje web korisnika kliknite <strong>Izbri\u0161i<\/strong> pri dnu pro\u0161irenog prozora s podacima o korisniku.    <\/p>\n\n<figure class=\"wp-block-image is-resized\"><a href=\"https:\/\/www.fmsdocumentation.com\/wp-content\/uploads\/2020\/09\/449.png\"><img loading=\"lazy\" decoding=\"async\" src=\"https:\/\/www.fmsdocumentation.com\/wp-content\/uploads\/2020\/09\/449-775x1024.png\" alt=\"\" class=\"wp-image-9856\" width=\"427\" height=\"564\" srcset=\"https:\/\/www.fmsdocumentation.com\/wp-content\/uploads\/2020\/09\/449-775x1024.png 775w, https:\/\/www.fmsdocumentation.com\/wp-content\/uploads\/2020\/09\/449-227x300.png 227w, https:\/\/www.fmsdocumentation.com\/wp-content\/uploads\/2020\/09\/449-768x1015.png 768w, https:\/\/www.fmsdocumentation.com\/wp-content\/uploads\/2020\/09\/449.png 896w\" sizes=\"auto, (max-width: 427px) 100vw, 427px\" \/><\/a><\/figure>\n\n<h2 class=\"wp-block-heading\">Pretra\u017eivanje web korisnika<\/h2>\n\n<p>Da biste prona\u0161li web korisnike, po\u010dnite tipkati ime korisnika u traku za pretra\u017eivanje koja se nalazi iznad popisa korisnika. Popis \u0107e se a\u017eurirati i filtrirati dok tipkate. <\/p>\n\n<figure class=\"wp-block-image is-resized\"><a href=\"https:\/\/www.fmsdocumentation.com\/wp-content\/uploads\/2020\/09\/450.png\"><img loading=\"lazy\" decoding=\"async\" src=\"https:\/\/www.fmsdocumentation.com\/wp-content\/uploads\/2020\/09\/450.png\" alt=\"\" class=\"wp-image-9857\" width=\"340\" height=\"346\" srcset=\"https:\/\/www.fmsdocumentation.com\/wp-content\/uploads\/2020\/09\/450.png 448w, https:\/\/www.fmsdocumentation.com\/wp-content\/uploads\/2020\/09\/450-295x300.png 295w\" sizes=\"auto, (max-width: 340px) 100vw, 340px\" \/><\/a><\/figure>\n\n<hr class=\"wp-block-separator\"\/>\n\n<p><div class=\"alignleft\"><a href=\"https:\/\/www.fmsdocumentation.com\/hr\/glavni-fms-prozor\/znacajke-i-alati-karte\/\" title=\"Zna\u010dajke i alati karte\"><span class=\"arrow\">\u2039 &nbsp <\/span> Zna\u010dajke i alati karte <\/a><\/div> <div class=\"alignright\"><a href=\"https:\/\/www.fmsdocumentation.com\/hr\/glavni-fms-prozor\/postavke-racuna\/\" title=\"Postavke ra\u010duna\">Postavke ra\u010duna <span class=\"arrow\"> &nbsp\u203a <\/span> <\/a><\/div><\/p>\n","protected":false},"excerpt":{"rendered":"<p>Administratorska plo\u010da web korisnika dostupna je samo korisnicima s administratorskim pravima. Putem ove plo\u010de korisnik mo\u017ee vidjeti sve web korisnike povezane s trenutno kori\u0161tenim ra\u010dunom. Glavna plo\u010da web korisnika pru\u017ea sljede\u0107e funkcionalnosti i informacije: Stvaranje novog web korisnika Popis web korisnika Pretra\u017eivanje web korisnika Stvaranje novog web korisnika Za izradu novog web korisnika kliknite Novi &hellip; <a href=\"https:\/\/www.fmsdocumentation.com\/hr\/glavni-fms-prozor\/administratorska-ploca-za-web-korisnike\/\" class=\"more-link\">Continue reading <span class=\"screen-reader-text\">Administratorska plo\u010da za web korisnike<\/span><\/a><\/p>\n","protected":false},"author":1,"featured_media":0,"parent":15560,"menu_order":7,"comment_status":"closed","ping_status":"closed","template":"","meta":{"footnotes":""},"class_list":["post-15051","page","type-page","status-publish","hentry"],"_links":{"self":[{"href":"https:\/\/www.fmsdocumentation.com\/hr\/wp-json\/wp\/v2\/pages\/15051","targetHints":{"allow":["GET"]}}],"collection":[{"href":"https:\/\/www.fmsdocumentation.com\/hr\/wp-json\/wp\/v2\/pages"}],"about":[{"href":"https:\/\/www.fmsdocumentation.com\/hr\/wp-json\/wp\/v2\/types\/page"}],"author":[{"embeddable":true,"href":"https:\/\/www.fmsdocumentation.com\/hr\/wp-json\/wp\/v2\/users\/1"}],"replies":[{"embeddable":true,"href":"https:\/\/www.fmsdocumentation.com\/hr\/wp-json\/wp\/v2\/comments?post=15051"}],"version-history":[{"count":1,"href":"https:\/\/www.fmsdocumentation.com\/hr\/wp-json\/wp\/v2\/pages\/15051\/revisions"}],"predecessor-version":[{"id":15074,"href":"https:\/\/www.fmsdocumentation.com\/hr\/wp-json\/wp\/v2\/pages\/15051\/revisions\/15074"}],"up":[{"embeddable":true,"href":"https:\/\/www.fmsdocumentation.com\/hr\/wp-json\/wp\/v2\/pages\/15560"}],"wp:attachment":[{"href":"https:\/\/www.fmsdocumentation.com\/hr\/wp-json\/wp\/v2\/media?parent=15051"}],"curies":[{"name":"wp","href":"https:\/\/api.w.org\/{rel}","templated":true}]}}