{"id":15075,"date":"2025-05-29T13:27:53","date_gmt":"2025-05-29T10:27:53","guid":{"rendered":"https:\/\/www.fmsdocumentation.com\/izvjesce-o-putovanjima\/"},"modified":"2025-05-29T13:30:42","modified_gmt":"2025-05-29T10:30:42","slug":"izvjesce-o-putovanjima","status":"publish","type":"page","link":"https:\/\/www.fmsdocumentation.com\/hr\/izbornik-izvjesca\/izvjesce-o-putovanjima\/","title":{"rendered":"Izvje\u0161\u0107e o putovanjima"},"content":{"rendered":"<p><strong>Izvje\u0161\u0107e o putovanjima<\/strong> \u2013 usmjereno je uglavnom na generiranje detalja o putovanjima, kao \u0161to su gdje je putovanje zapo\u010delo, gdje je zavr\u0161ilo, koliko je trajalo, koja je udaljenost prije\u0111ena tijekom putovanja i tako dalje. Prvo \u0161to korisnik mora odabrati je raspon datuma za koji \u0107e se ovo izvje\u0161\u0107e generirati. <\/p>\n<p><strong>Raspon datuma<\/strong> \u2013 za odabir datuma korisnik mora kliknuti na \u201eOdaberi raspon datuma\u201d \u0161to \u0107e otvoriti plo\u010du kalendara. Plo\u010da kalendara identi\u010dna je u svim FMS-ovima. Za odabir po\u010detnog\/zavr\u0161nog datuma korisnik jednostavno mora kliknuti na \u017eeljeni datum, a zatim kliknuti na suprotni datum. Odabrani dani bit \u0107e ozna\u010deni plavom bojom. Trenutni dan ozna\u010den je malim plavim trokutom u gornjem lijevom kutu tog dana. Ako je odabran (ozna\u010den) trenutni dan, trokut \u0107e postati bijel. Za odabir \u017eeljenog datuma, po\u010dnite klikom na zavr\u0161ni ili po\u010detni datum (nema prioriteta pri odabiru), a zatim kliknite na suprotni (zavr\u0161ni\/po\u010detni) datum. Nakon toga korisnik mo\u017ee odrediti od kojeg sata po\u010detnog datuma do kojeg sata zavr\u0161nog datuma za prikaz povijesti. Za primjenu promjena potrebno je kliknuti gumb \u201ePrimijeni\u201d, ina\u010de se promjene ne\u0107e spremiti.        <\/p>\n<p><a href=\"https:\/\/www.fmsdocumentation.com\/wp-content\/uploads\/2017\/04\/136-10.png\"><img loading=\"lazy\" decoding=\"async\" class=\"alignnone wp-image-1172 size-full\" src=\"https:\/\/www.fmsdocumentation.com\/wp-content\/uploads\/2017\/04\/136-10.png\" alt=\"\" width=\"503\" height=\"483\" srcset=\"https:\/\/www.fmsdocumentation.com\/wp-content\/uploads\/2017\/04\/136-10.png 503w, https:\/\/www.fmsdocumentation.com\/wp-content\/uploads\/2017\/04\/136-10-300x288.png 300w\" sizes=\"auto, (max-width: 503px) 100vw, 503px\" \/><\/a><\/p>\n<p>Minimalno razdoblje je jedan dan. Za odabir jednog dana jednostavno dvaput kliknite lijevu tipku mi\u0161a na \u017eeljeni dan.  Nakon toga korisnik mora odabrati na temelju \u010dega \u0107e se generirati izvje\u0161\u0107e.<\/p>\n<p><strong>Izvje\u0161\u0107e na temelju<\/strong> \u2013 ova postavka definira glavni cilj izvje\u0161\u0107a. Dostupne su dvije opcije: <\/p>\n<ul>\n<li>Voza\u010di;<\/li>\n<li>Predmeti.<\/li>\n<\/ul>\n<p>To\u010dno to radi, generirano izvje\u0161\u0107e \u0107e prikazati informacije ( <em>parametri: udaljenost putovanja, lokacija po\u010detka rada itd.)<\/em> za odabrani cilj ( <em>Voza\u010di ili Objekti<\/em> ). Dakle, ako su odabrani Objekti, izvje\u0161\u0107e \u0107e prikazati informacije za odre\u0111ene odabrane objekte. <\/p>\n<p><strong>Objekti\/Upravlja\u010dki programi<\/strong> \u2013 ( <em>ovisi o odabiru u opciji \u201eIzvje\u0161\u0107e na temelju\u201d<\/em> ) ovo omogu\u0107uje korisniku da odabere za koje \u0107e se objekte\/upravlja\u010dke programe generirati izvje\u0161\u0107e.<\/p>\n<p>Ako su odabrani <em>Objekti<\/em> , popis \u0107e sadr\u017eavati i <strong>grupe<\/strong> objekata. Korisnik mo\u017ee odabrati cijelu grupu ozna\u010davanjem potvrdnog okvira ispred grupe ili kliknuti gumb \u201e+\u201d da bi pro\u0161irio grupu i vidio koji se objekti nalaze u grupi. Da bi sa\u017eeo grupu, korisnik mora kliknuti gumb \u201e-\u201d. <strong>Pojedina\u010dni objekti mogu se odabrati iz grupe<\/strong> . Va\u017eno je napomenuti da ako je odabran objekt koji je prisutan u nekoliko grupa, bit \u0107e ozna\u010den u svakoj grupi kao \u0161to je prikazano na slici ispod. Ako je odabrana cijela grupa, potvrdni okvir bit \u0107e plav s bijelom kva\u010dicom. Ako je odabran samo dio grupe, grupa \u0107e imati plavi kvadrat u potvrdnom okviru (prikazano na slici ispod). Korisnik tako\u0111er mo\u017ee koristiti pretra\u017eivanje za brzo pregledavanje velikog popisa objekata i grupa. Sve grupe mogu se odabrati\/poni\u0161titi ozna\u010davanjem potvrdnog okvira pored \u201eOdaberi sve grupe\u201d. Broj odabranih objekata i ukupan broj objekata prikazuje se u gornjem desnom kutu popisa.         <\/p>\n<p><a href=\"https:\/\/www.fmsdocumentation.com\/wp-content\/uploads\/2018\/12\/281.png\" data-featherlight=\"image\"><img loading=\"lazy\" decoding=\"async\" class=\"alignnone size-full wp-image-6727\" src=\"https:\/\/www.fmsdocumentation.com\/wp-content\/uploads\/2018\/12\/281.png\" sizes=\"auto, (max-width: 549px) 100vw, 549px\" srcset=\"https:\/\/www.fmsdocumentation.com\/wp-content\/uploads\/2018\/12\/281.png 549w, https:\/\/www.fmsdocumentation.com\/wp-content\/uploads\/2018\/12\/281-300x162.png 300w\" alt=\"\" width=\"549\" height=\"297\"><\/a><\/p>\n<p>Ako je odabrana <em>opcija Voza\u010di<\/em> , upravlja\u010dki programi bit \u0107e prikazani na padaju\u0107em popisu. Za odabir upravlja\u010dkog programa korisnik mora ozna\u010diti potvrdni okvir pored upravlja\u010dkog programa. Ozna\u010davanjem potvrdnog okvira pored opcije \u201eOdaberi sve\u201d odabrat \u0107e se\/poni\u0161titi odabir svih upravlja\u010dkih programa. Popis se automatski a\u017eurira sa svakim simbolom upisanim u traku za pretra\u017eivanje. Broj odabranih upravlja\u010dkih programa i ukupan broj upravlja\u010dkih programa prikazuje se u gornjem desnom kutu popisa.    <\/p>\n<p><a href=\"https:\/\/www.fmsdocumentation.com\/wp-content\/uploads\/2018\/12\/340.png\" data-featherlight=\"image\"><img loading=\"lazy\" decoding=\"async\" class=\"alignnone size-full wp-image-6718\" src=\"https:\/\/www.fmsdocumentation.com\/wp-content\/uploads\/2018\/12\/340.png\" sizes=\"auto, (max-width: 549px) 100vw, 549px\" srcset=\"https:\/\/www.fmsdocumentation.com\/wp-content\/uploads\/2018\/12\/340.png 549w, https:\/\/www.fmsdocumentation.com\/wp-content\/uploads\/2018\/12\/340-300x161.png 300w\" alt=\"\" width=\"549\" height=\"295\"><\/a><\/p>\n<p>Nakon \u0161to su objekti\/upravlja\u010dki programi odabrani, korisnik mora odabrati parametre u <strong>popisu stupaca<\/strong> . Ovo izvje\u0161\u0107e \u0107e uklju\u010divati \u200b\u200bsljede\u0107e parametre koji su odabrani prema zadanim postavkama: <\/p>\n<ul>\n<li>Vrijeme po\u010detka rada \u2013 vrijeme prvog paljenja pri doga\u0111aju, ne mo\u017ee se poni\u0161titi odabir;<\/li>\n<li>Mjesto po\u010detka rada \u2013 mjesto gdje je pokrenut prvi doga\u0111aj paljenja, mo\u017ee se poni\u0161titi odabir;<\/li>\n<li>Vrijeme zavr\u0161etka rada \u2013 vrijeme posljednjeg paljenja doga\u0111aja, mo\u017ee se poni\u0161titi odabir;<\/li>\n<li>Lokacija zavr\u0161etka rada \u2013 lokacija na kojoj je pokrenut posljednji doga\u0111aj isklju\u010denja paljenja, mo\u017ee se poni\u0161titi odabir;<\/li>\n<li>Prije\u0111ena kilometra\u017ea &#8211; prije\u0111ena kilometra\u017ea tijekom putovanja.<\/li>\n<li>Potro\u0161eno gorivo \u2013 ukupna koli\u010dina goriva potro\u0161enog tijekom putovanja;<\/li>\n<li>Kilometra\u017ea na po\u010detku \u2013 kilometra\u017ea na po\u010detku putovanja;<\/li>\n<li>Kilometra\u017ea na kraju \u2013 kilometra\u017ea na kraju putovanja;<\/li>\n<li>Razina goriva na po\u010detku &#8211; ukupna koli\u010dina goriva na po\u010detku putovanja;<\/li>\n<li>Razina goriva na kraju &#8211; ukupna koli\u010dina goriva na kraju putovanja;<\/li>\n<li>Potro\u0161nja goriva po satu \u2013 potro\u0161nja goriva po satu za putovanje;<\/li>\n<li>Prosje\u010dna potro\u0161nja goriva &#8211; potro\u0161nja goriva na 100 km;<\/li>\n<li>Virtualni broja\u010d kilometara \u2013 virtualni broja\u010d kilometara putovanja, izra\u010dunat iz razlike izme\u0111u po\u010detka i kraja putovanja.<\/li>\n<li>Voza\u010d \u2013 ime voza\u010da;<\/li>\n<\/ul>\n<p>Opcionalni parametri koji se mogu odabrati:<\/p>\n<ul>\n<li>Potro\u0161nja goriva u praznom hodu \u2013 ukupna koli\u010dina goriva potro\u0161enog dok je vozilo radilo u praznom hodu;<\/li>\n<li>Trajanje praznog hoda \u2013 trajanje rada vozila u praznom hodu;<\/li>\n<li>Kilometra\u017ea i virtualni broja\u010d kilometara &#8211; razlika izme\u0111u vrijednosti kilometra\u017ee i virtualnog broja\u010da kilometara;<\/li>\n<li>Ne. \u2013 dodaje stupac numeriranja za putovanja; <\/li>\n<li>Bilje\u0161ke \u2013 prazan stupac, za korisni\u010dke informacije;<\/li>\n<li>Prosje\u010dna brzina \u2013 prosje\u010dna brzina tijekom cijelog putovanja;<\/li>\n<li>Maksimalna brzina \u2013 maksimalna brzina tijekom cijelog putovanja;<\/li>\n<li>Trajanje zaustavljanja \u2013 ukupno vrijeme tijekom kojeg je vozilo stajalo, mo\u017ee se poni\u0161titi odabir;<\/li>\n<li>Vrsta putovanja \u2013 ozna\u010dava vrstu putovanja, mo\u017ee biti: poslovno, poslovno, privatno, nijedno;<\/li>\n<li>Trajanje rada \u2013 ukupno vrijeme kretanja vozila, mo\u017ee se poni\u0161titi odabir;<\/li>\n<li>DIN1-4 Radno vrijeme \u2013 ukupno radno vrijeme odabranog DIN-a. Za svaki DIN mogu se odabrati 4 zasebna parametra. <\/li>\n<\/ul>\n<p>Nakon odabira parametara u popisu stupaca, korisnik mo\u017ee omogu\u0107iti ili onemogu\u0107iti sljede\u0107e dodatne postavke:<\/p>\n<p><strong>Prika\u017ei minimiziranu verziju izvje\u0161\u0107a<\/strong> \u2013 onemogu\u0107eno prema zadanim postavkama. Omogu\u0107avanjem ove opcije svi \u0107e se podaci o putovanju za objekt\/voza\u010da spojiti u jednu tablicu sa\u017eetka i detalja, umjesto zasebnih tablica za svaki dan odabran u izvje\u0161\u0107u. Omogu\u0107avanjem ove opcije tako\u0111er \u0107e se omogu\u0107iti opcija <strong>Sa\u017eetak izvje\u0161\u0107a<\/strong> i onemogu\u0107iti opcija <strong>Prika\u017ei kartu<\/strong> .  <\/p>\n<p><strong>Prika\u017ei kartu<\/strong> \u2013 omogu\u0107eno prema zadanim postavkama, ova \u0107e opcija uklju\u010divati \u200b\u200bkartu u izvje\u0161\u0107e sa svim ozna\u010denim doga\u0111ajima pra\u017enjenja\/punjenja goriva.<\/p>\n<p><strong>Podijeli putovanje na dvije razli\u010dite vo\u017enje ako prelazi dr\u017eavnu granicu<\/strong> \u2013 onemogu\u0107eno prema zadanim postavkama, ako je omogu\u0107eno, putovanje koje prolazi kroz dr\u017eavnu granicu bit \u0107e podijeljeno na mjestu prelaska granice, \u010dime \u0107e se podijeliti na dvije vo\u017enje, jednu prije granice i jednu poslije granice.<\/p>\n<p><strong>Prika\u017ei kratka putovanja<\/strong> \u2013 onemogu\u0107eno prema zadanim postavkama, ako je omogu\u0107eno, izvje\u0161\u0107e \u0107e uklju\u010divati \u200b\u200bputovanja kra\u0107a od 50 metara ukupne udaljenosti putovanja.<\/p>\n<p><strong>Prika\u017ei broj registarske tablice<\/strong> \u2013 onemogu\u0107eno prema zadanim postavkama, ova \u0107e opcija uklju\u010divati \u200b\u200bbroj registarske tablice vozila u izvje\u0161\u0107e.<\/p>\n<p><strong>Prika\u017ei sa\u017eetak izvje\u0161\u0107a<\/strong> \u2013 omogu\u0107eno prema zadanim postavkama, ova \u0107e opcija uklju\u010divati \u200b\u200bodjeljak sa\u017eetka u izvje\u0161\u0107e. Ovo \u0107e sa\u017eeti sve informacije u izvje\u0161\u0107u <strong>.<\/strong> Nakon odabira sa\u017eetka izvje\u0161\u0107a, korisnik mo\u017ee odabrati interval dijeljenja. <\/p>\n<p><a href=\"https:\/\/www.fmsdocumentation.com\/wp-content\/uploads\/2020\/08\/206-1.png\"><img loading=\"lazy\" decoding=\"async\" class=\"alignnone wp-image-9486 size-large\" src=\"https:\/\/www.fmsdocumentation.com\/wp-content\/uploads\/2020\/08\/206-1-1024x556.png\" alt=\"\" width=\"660\" height=\"358\" srcset=\"https:\/\/www.fmsdocumentation.com\/wp-content\/uploads\/2020\/08\/206-1-1024x556.png 1024w, https:\/\/www.fmsdocumentation.com\/wp-content\/uploads\/2020\/08\/206-1-300x163.png 300w, https:\/\/www.fmsdocumentation.com\/wp-content\/uploads\/2020\/08\/206-1-768x417.png 768w, https:\/\/www.fmsdocumentation.com\/wp-content\/uploads\/2020\/08\/206-1.png 1507w\" sizes=\"auto, (max-width: 660px) 100vw, 660px\" \/><\/a><\/p>\n<p>Za dovr\u0161etak i generiranje izvje\u0161\u0107a korisnik mora kliknuti gumb \u201eGeneriraj\u201d. Za otkazivanje izrade izvje\u0161\u0107a korisnik mora kliknuti gumb \u201eOtka\u017ei\u201d ili kliknuti bilo gdje izvan prozora \u201eGeneriraj novo izvje\u0161\u0107e\u201d. <\/p>\n<p><a href=\"https:\/\/www.fmsdocumentation.com\/wp-content\/uploads\/2017\/04\/202.png\"><img loading=\"lazy\" decoding=\"async\" class=\"alignnone wp-image-398 size-full\" src=\"https:\/\/www.fmsdocumentation.com\/wp-content\/uploads\/2017\/04\/202.png\" alt=\"\" width=\"569\" height=\"79\" srcset=\"https:\/\/www.fmsdocumentation.com\/wp-content\/uploads\/2017\/04\/202.png 569w, https:\/\/www.fmsdocumentation.com\/wp-content\/uploads\/2017\/04\/202-300x42.png 300w\" sizes=\"auto, (max-width: 569px) 100vw, 569px\" \/><\/a><\/p>\n<hr>\n<p><div class=\"alignleft\"><a href=\"https:\/\/www.fmsdocumentation.com\/hr\/izbornik-izvjesca\/sazetak-izvjesca-o-putovanju\/\" title=\"Sa\u017eetak izvje\u0161\u0107a o putovanju\"><span class=\"arrow\">\u2039 &nbsp <\/span> Sa\u017eetak izvje\u0161\u0107a o putovanju <\/a><\/div> <div class=\"alignright\"><a href=\"https:\/\/www.fmsdocumentation.com\/hr\/izbornik-izvjesca\/izvjesce-o-radnom-vremenu\/\" title=\"Izvje\u0161\u0107e o radnom vremenu\">Izvje\u0161\u0107e o radnom vremenu <span class=\"arrow\"> &nbsp\u203a <\/span> <\/a><\/div><\/p>\n","protected":false},"excerpt":{"rendered":"<p>Izvje\u0161\u0107e o putovanjima \u2013 usmjereno je uglavnom na generiranje detalja o putovanjima, kao \u0161to su gdje je putovanje zapo\u010delo, gdje je zavr\u0161ilo, koliko je trajalo, koja je udaljenost prije\u0111ena tijekom putovanja i tako dalje. Prvo \u0161to korisnik mora odabrati je raspon datuma za koji \u0107e se ovo izvje\u0161\u0107e generirati. Raspon datuma \u2013 za odabir datuma &hellip; <a href=\"https:\/\/www.fmsdocumentation.com\/hr\/izbornik-izvjesca\/izvjesce-o-putovanjima\/\" class=\"more-link\">Continue reading <span class=\"screen-reader-text\">Izvje\u0161\u0107e o putovanjima<\/span><\/a><\/p>\n","protected":false},"author":1,"featured_media":0,"parent":15255,"menu_order":13,"comment_status":"closed","ping_status":"closed","template":"","meta":{"footnotes":""},"class_list":["post-15075","page","type-page","status-publish","hentry"],"_links":{"self":[{"href":"https:\/\/www.fmsdocumentation.com\/hr\/wp-json\/wp\/v2\/pages\/15075","targetHints":{"allow":["GET"]}}],"collection":[{"href":"https:\/\/www.fmsdocumentation.com\/hr\/wp-json\/wp\/v2\/pages"}],"about":[{"href":"https:\/\/www.fmsdocumentation.com\/hr\/wp-json\/wp\/v2\/types\/page"}],"author":[{"embeddable":true,"href":"https:\/\/www.fmsdocumentation.com\/hr\/wp-json\/wp\/v2\/users\/1"}],"replies":[{"embeddable":true,"href":"https:\/\/www.fmsdocumentation.com\/hr\/wp-json\/wp\/v2\/comments?post=15075"}],"version-history":[{"count":1,"href":"https:\/\/www.fmsdocumentation.com\/hr\/wp-json\/wp\/v2\/pages\/15075\/revisions"}],"predecessor-version":[{"id":15298,"href":"https:\/\/www.fmsdocumentation.com\/hr\/wp-json\/wp\/v2\/pages\/15075\/revisions\/15298"}],"up":[{"embeddable":true,"href":"https:\/\/www.fmsdocumentation.com\/hr\/wp-json\/wp\/v2\/pages\/15255"}],"wp:attachment":[{"href":"https:\/\/www.fmsdocumentation.com\/hr\/wp-json\/wp\/v2\/media?parent=15075"}],"curies":[{"name":"wp","href":"https:\/\/api.w.org\/{rel}","templated":true}]}}