{"id":15085,"date":"2025-05-29T13:27:54","date_gmt":"2025-05-29T10:27:54","guid":{"rendered":"https:\/\/www.fmsdocumentation.com\/izvjesce-o-temperaturama\/"},"modified":"2025-05-29T13:30:42","modified_gmt":"2025-05-29T10:30:42","slug":"izvjesce-o-temperaturama","status":"publish","type":"page","link":"https:\/\/www.fmsdocumentation.com\/hr\/izbornik-izvjesca\/izvjesce-o-temperaturama\/","title":{"rendered":"Izvje\u0161\u0107e o temperaturama"},"content":{"rendered":"<p><strong>Izvje\u0161\u0107e o temperaturama<\/strong> \u2013 ova vrsta izvje\u0161\u0107a uglavnom se fokusira na podatke s temperaturnih senzora. Prvo \u0161to korisnik mora odabrati je raspon datuma za koji \u0107e se ovo izvje\u0161\u0107e generirati. <\/p>\n<p><strong>Raspon datuma<\/strong> \u2013 za odabir datuma korisnik mora kliknuti na \u201eOdaberi raspon datuma\u201d \u0161to \u0107e otvoriti plo\u010du kalendara. Plo\u010da kalendara identi\u010dna je u svim FMS-ovima. Za odabir po\u010detnog\/zavr\u0161nog datuma korisnik jednostavno mora kliknuti na \u017eeljeni datum, a zatim kliknuti na suprotni datum. Odabrani dani bit \u0107e ozna\u010deni plavom bojom. Trenutni dan ozna\u010den je malim plavim trokutom u gornjem lijevom kutu tog dana. Ako je odabran (ozna\u010den) trenutni dan, trokut \u0107e postati bijel. Za odabir \u017eeljenog datuma, po\u010dnite klikom na zavr\u0161ni ili po\u010detni datum (nema prioriteta pri odabiru), a zatim kliknite na suprotni (zavr\u0161ni\/po\u010detni) datum. Nakon toga, korisnik mo\u017ee odrediti od kojeg sata po\u010detnog datuma do kojeg sata zavr\u0161nog datuma za prikaz povijesti.        Za primjenu promjena potrebno je kliknuti na gumb <strong>Primijeni<\/strong> , ina\u010de se promjene ne\u0107e spremiti.<\/p>\n<p><a href=\"https:\/\/www.fmsdocumentation.com\/wp-content\/uploads\/2017\/04\/136-9.png\"><img loading=\"lazy\" decoding=\"async\" class=\"alignnone wp-image-1170 size-full\" src=\"https:\/\/www.fmsdocumentation.com\/wp-content\/uploads\/2017\/04\/136-9.png\" alt=\"\" width=\"503\" height=\"483\" srcset=\"https:\/\/www.fmsdocumentation.com\/wp-content\/uploads\/2017\/04\/136-9.png 503w, https:\/\/www.fmsdocumentation.com\/wp-content\/uploads\/2017\/04\/136-9-300x288.png 300w\" sizes=\"auto, (max-width: 503px) 100vw, 503px\" \/><\/a><\/p>\n<p>Minimalno razdoblje je jedan dan. Za odabir jednog dana jednostavno dvaput kliknite lijevu tipku mi\u0161a na \u017eeljeni dan.  Nakon toga, korisnik mora odabrati objekte za koje \u0107e se generirati ovo izvje\u0161\u0107e.<\/p>\n<p><em>Objekti<\/em> \u2013 ovo omogu\u0107uje korisniku da odabere za koje \u0107e se objekte generirati izvje\u0161\u0107e. Popis \u0107e tako\u0111er sadr\u017eavati <strong>grupe<\/strong> objekata. Korisnik mo\u017ee odabrati cijelu grupu ozna\u010davanjem potvrdnog okvira ispred grupe ili klikom na gumb <strong>+<\/strong> pro\u0161iriti grupu i vidjeti koji se objekti nalaze u grupi. Za sa\u017eimanje grupe korisnik mora kliknuti na gumb <strong>&#8211;<\/strong> . <strong>Pojedina\u010dni objekti mogu se odabrati iz grupe<\/strong> . Va\u017eno je napomenuti da ako je odabran objekt koji je prisutan u nekoliko grupa, bit \u0107e ozna\u010den u svakoj grupi kao \u0161to je prikazano na slici ispod. Ako je odabrana cijela grupa, potvrdni okvir bit \u0107e plav s bijelom kva\u010dicom. Ako je odabran samo dio grupe, grupa \u0107e imati plavi kvadrat u potvrdnom okviru (prikazano na slici ispod). Korisnik tako\u0111er mo\u017ee koristiti pretra\u017eivanje za brzo pregledavanje velikog popisa objekata i grupa. Sve grupe mogu se odabrati\/poni\u0161titi ozna\u010davanjem potvrdnog okvira pored \u201eOdaberi sve grupe\u201d. Broj odabranih objekata i ukupan broj objekata prikazuje se u gornjem desnom kutu popisa.          <\/p>\n<p><a href=\"https:\/\/www.fmsdocumentation.com\/wp-content\/uploads\/2018\/12\/281.png\" data-featherlight=\"image\"><img loading=\"lazy\" decoding=\"async\" class=\"alignnone size-full wp-image-6727\" src=\"https:\/\/www.fmsdocumentation.com\/wp-content\/uploads\/2018\/12\/281.png\" sizes=\"auto, (max-width: 549px) 100vw, 549px\" srcset=\"https:\/\/www.fmsdocumentation.com\/wp-content\/uploads\/2018\/12\/281.png 549w, https:\/\/www.fmsdocumentation.com\/wp-content\/uploads\/2018\/12\/281-300x162.png 300w\" alt=\"\" width=\"549\" height=\"297\"><\/a><\/p>\n<p>Nakon \u0161to su objekti odabrani, korisnik mora postaviti interval dijeljenja.<\/p>\n<p><strong>Interval dijeljenja<\/strong> \u2013 omogu\u0107uje korisniku odabir vremenskog intervala izme\u0111u podataka o temperaturi, \u0161to zna\u010di da \u0107e se temperature prikazivati \u200b\u200bu svakom odabranom vremenskom intervalu (na primjer, svakih 30 minuta). Ova se postavka mo\u017ee postaviti samo na unaprijed postavljene intervale sustava:<\/p>\n<ul>\n<li>5 min \u2013 zadano<\/li>\n<li>15 minuta<\/li>\n<li>30 minuta<\/li>\n<li>45 minuta<\/li>\n<li>1 sat<\/li>\n<li>1 sat i 30 minuta<\/li>\n<li>2 sata<\/li>\n<\/ul>\n<p>Nakon \u0161to je konfiguriran interval dijeljenja, korisnik mora odabrati parametre u <strong>popisu stupaca<\/strong> . Ovo izvje\u0161\u0107e \u0107e prema zadanim postavkama uklju\u010divati \u200b\u200bove parametre: <\/p>\n<ul>\n<li>Razdoblje \u2013 ne mo\u017ee se poni\u0161titi odabir; prikazuje vremensko razdoblje za koje se prikazuju podaci o temperaturi<\/li>\n<li>Prosje\u010dna temperatura \u2013 prikazuje prosje\u010dnu vrijednost temperaturnog senzora<\/li>\n<li>Maksimalna temperatura \u2013 prikazuje maksimalnu registriranu vrijednost temperaturnog senzora<\/li>\n<li>Minimalna temperatura \u2013 prikazuje minimalnu registriranu vrijednost temperaturnog senzora<\/li>\n<\/ul>\n<p>Svi prilago\u0111eni ulazi konfigurirani za prikaz temperature tako\u0111er \u0107e se prema zadanim postavkama dodati u izvje\u0161\u0107e o temperaturi. Za prikaz podataka o temperaturi potreban je parametar temperaturnog senzora. Svaki ulaz ima 3 parametra: prosje\u010dnu vrijednost, maksimalnu vrijednost i minimalnu vrijednost:  <\/p>\n<ul>\n<li>Prilago\u0111eni unos X (po\u010dinje od 1) prosjek \u2013 prosje\u010dna registrirana temperatura unosa X<\/li>\n<li>Prilago\u0111eni unos X (po\u010dinje od 1) max \u2013 maksimalna registrirana temperatura unosa X<\/li>\n<li>Prilago\u0111eni unos X (po\u010dinje od 1) min \u2013 minimalna registrirana temperatura unosa X<\/li>\n<li>Prosje\u010dna temperatura senzora X (po\u010dinje od 0) \u2013 prosje\u010dna registrirana temperatura senzora X<\/li>\n<li>Temperaturni senzor X (po\u010dinje od 0) max \u2013 maksimalna registrirana temperatura senzora X<\/li>\n<li>Temperaturni senzor X (po\u010dinje od 0) min \u2013 minimalna registrirana temperatura senzora X<\/li>\n<\/ul>\n<p>Ostali parametri koji nisu uklju\u010deni prema zadanim postavkama, a mogu se dodatno odabrati:<\/p>\n<ul>\n<li>Voza\u010d \u2013 voza\u010d koji upravlja vozilom<\/li>\n<li>Zavr\u0161na pozicija \u2013 adresa posljednje koordinate u odabranom vremenskom razdoblju<\/li>\n<li>Po\u010detna pozicija \u2013 adresa prve koordinate u odabranom vremenskom razdoblju<\/li>\n<\/ul>\n<p>Nakon odabira parametara u popisu stupaca, korisnik mo\u017ee omogu\u0107iti ili onemogu\u0107iti sa\u017eetak izvje\u0161\u0107a.<\/p>\n<p><strong>Sa\u017eetak izvje\u0161\u0107a<\/strong> \u2013 omogu\u0107ena prema zadanim postavkama, ova \u0107e opcija uklju\u010divati \u200b\u200bodjeljak sa\u017eetka u izvje\u0161\u0107e. Ovo \u0107e sa\u017eeti sve informacije u izvje\u0161\u0107u <strong>.<\/strong> <\/p>\n<p><a href=\"https:\/\/www.fmsdocumentation.com\/wp-content\/uploads\/2020\/09\/204.png\"><img loading=\"lazy\" decoding=\"async\" class=\"alignnone wp-image-10043 \" src=\"https:\/\/www.fmsdocumentation.com\/wp-content\/uploads\/2020\/09\/204-1024x320.png\" alt=\"\" width=\"657\" height=\"205\" srcset=\"https:\/\/www.fmsdocumentation.com\/wp-content\/uploads\/2020\/09\/204-1024x320.png 1024w, https:\/\/www.fmsdocumentation.com\/wp-content\/uploads\/2020\/09\/204-300x94.png 300w, https:\/\/www.fmsdocumentation.com\/wp-content\/uploads\/2020\/09\/204-768x240.png 768w, https:\/\/www.fmsdocumentation.com\/wp-content\/uploads\/2020\/09\/204.png 1506w\" sizes=\"auto, (max-width: 657px) 100vw, 657px\" \/><\/a><\/p>\n<p>Za dovr\u0161etak i generiranje izvje\u0161\u0107a korisnik mora kliknuti gumb <strong>Generiraj<\/strong> . Za otkazivanje izrade izvje\u0161\u0107a korisnik mora kliknuti gumb <strong>Otka\u017ei<\/strong> . <\/p>\n<p><a href=\"https:\/\/www.fmsdocumentation.com\/wp-content\/uploads\/2017\/04\/202.png\"><img loading=\"lazy\" decoding=\"async\" class=\"alignnone wp-image-398 size-full\" src=\"https:\/\/www.fmsdocumentation.com\/wp-content\/uploads\/2017\/04\/202.png\" alt=\"\" width=\"569\" height=\"79\" srcset=\"https:\/\/www.fmsdocumentation.com\/wp-content\/uploads\/2017\/04\/202.png 569w, https:\/\/www.fmsdocumentation.com\/wp-content\/uploads\/2017\/04\/202-300x42.png 300w\" sizes=\"auto, (max-width: 569px) 100vw, 569px\" \/><\/a><\/p>\n<hr>\n<p><div class=\"alignleft\"><a href=\"https:\/\/www.fmsdocumentation.com\/hr\/izbornik-izvjesca\/izvjesce-drzava\/\" title=\"Izvje\u0161\u0107e dr\u017eava\"><span class=\"arrow\">\u2039 &nbsp <\/span> Izvje\u0161\u0107e dr\u017eava <\/a><\/div> <div class=\"alignright\"><a href=\"https:\/\/www.fmsdocumentation.com\/hr\/izbornik-izvjesca\/sazetak-izvjesca-o-putovanju\/\" title=\"Sa\u017eetak izvje\u0161\u0107a o putovanju\">Sa\u017eetak izvje\u0161\u0107a o putovanju <span class=\"arrow\"> &nbsp\u203a <\/span> <\/a><\/div><\/p>\n","protected":false},"excerpt":{"rendered":"<p>Izvje\u0161\u0107e o temperaturama \u2013 ova vrsta izvje\u0161\u0107a uglavnom se fokusira na podatke s temperaturnih senzora. Prvo \u0161to korisnik mora odabrati je raspon datuma za koji \u0107e se ovo izvje\u0161\u0107e generirati. Raspon datuma \u2013 za odabir datuma korisnik mora kliknuti na \u201eOdaberi raspon datuma\u201d \u0161to \u0107e otvoriti plo\u010du kalendara. Plo\u010da kalendara identi\u010dna je u svim FMS-ovima. &hellip; <a href=\"https:\/\/www.fmsdocumentation.com\/hr\/izbornik-izvjesca\/izvjesce-o-temperaturama\/\" class=\"more-link\">Continue reading <span class=\"screen-reader-text\">Izvje\u0161\u0107e o temperaturama<\/span><\/a><\/p>\n","protected":false},"author":1,"featured_media":0,"parent":15255,"menu_order":11,"comment_status":"closed","ping_status":"closed","template":"","meta":{"footnotes":""},"class_list":["post-15085","page","type-page","status-publish","hentry"],"_links":{"self":[{"href":"https:\/\/www.fmsdocumentation.com\/hr\/wp-json\/wp\/v2\/pages\/15085","targetHints":{"allow":["GET"]}}],"collection":[{"href":"https:\/\/www.fmsdocumentation.com\/hr\/wp-json\/wp\/v2\/pages"}],"about":[{"href":"https:\/\/www.fmsdocumentation.com\/hr\/wp-json\/wp\/v2\/types\/page"}],"author":[{"embeddable":true,"href":"https:\/\/www.fmsdocumentation.com\/hr\/wp-json\/wp\/v2\/users\/1"}],"replies":[{"embeddable":true,"href":"https:\/\/www.fmsdocumentation.com\/hr\/wp-json\/wp\/v2\/comments?post=15085"}],"version-history":[{"count":1,"href":"https:\/\/www.fmsdocumentation.com\/hr\/wp-json\/wp\/v2\/pages\/15085\/revisions"}],"predecessor-version":[{"id":15294,"href":"https:\/\/www.fmsdocumentation.com\/hr\/wp-json\/wp\/v2\/pages\/15085\/revisions\/15294"}],"up":[{"embeddable":true,"href":"https:\/\/www.fmsdocumentation.com\/hr\/wp-json\/wp\/v2\/pages\/15255"}],"wp:attachment":[{"href":"https:\/\/www.fmsdocumentation.com\/hr\/wp-json\/wp\/v2\/media?parent=15085"}],"curies":[{"name":"wp","href":"https:\/\/api.w.org\/{rel}","templated":true}]}}