{"id":15126,"date":"2025-05-29T13:27:57","date_gmt":"2025-05-29T10:27:57","guid":{"rendered":"https:\/\/www.fmsdocumentation.com\/navigacijski-izbornik\/"},"modified":"2025-05-29T13:30:38","modified_gmt":"2025-05-29T10:30:38","slug":"navigacijski-izbornik","status":"publish","type":"page","link":"https:\/\/www.fmsdocumentation.com\/hr\/instalacija-i-prijava-na-ontrack\/navigacijski-izbornik\/","title":{"rendered":"Navigacijski izbornik"},"content":{"rendered":"<p>Za otvaranje navigacijskog izbornika korisnik mora kliknuti ikonu s tri sive linije koja se nalazi u gornjem lijevom kutu zaslona.<\/p>\n<p><a href=\"https:\/\/www.fmsdocumentation.com\/wp-content\/uploads\/2017\/04\/179.png\"><img loading=\"lazy\" decoding=\"async\" class=\"alignnone wp-image-430 size-medium\" src=\"https:\/\/www.fmsdocumentation.com\/wp-content\/uploads\/2017\/04\/179-300x215.png\" alt=\"\" width=\"300\" height=\"215\" srcset=\"https:\/\/www.fmsdocumentation.com\/wp-content\/uploads\/2017\/04\/179-300x215.png 300w, https:\/\/www.fmsdocumentation.com\/wp-content\/uploads\/2017\/04\/179.png 534w\" sizes=\"auto, (max-width: 300px) 100vw, 300px\" \/><\/a><\/p>\n<p>Ovo \u0107e otvoriti navigacijski izbornik. Na vrhu izbornika prikazat \u0107e se ime voza\u010da i bit \u0107e dostupne sljede\u0107e plo\u010de: <\/p>\n<ul>\n<li><a href=\"https:\/\/www.fmsdocumentation.com\/ontrack-install-login\/my-tasks\/\">Moji zadaci<\/a> \u2013 Ova plo\u010da omogu\u0107uje pregled zadataka dodijeljenih trenutnom korisniku. Otvorena je prema zadanim postavkama. <\/li>\n<li><a href=\"https:\/\/www.fmsdocumentation.com\/ontrack-install-login\/communication\/\">Komunikacija<\/a> \u2013 ova plo\u010da omogu\u0107uje korisniku komunikaciju s operaterom koji radi sa sustavom za upravljanje voznim parkom.<\/li>\n<li>Odjava.<\/li>\n<\/ul>\n<p><a href=\"https:\/\/www.fmsdocumentation.com\/wp-content\/uploads\/2017\/04\/180.png\"><img loading=\"lazy\" decoding=\"async\" class=\"alignnone wp-image-291 size-medium\" src=\"https:\/\/www.fmsdocumentation.com\/wp-content\/uploads\/2017\/04\/180-300x239.png\" alt=\"\" width=\"300\" height=\"239\" srcset=\"https:\/\/www.fmsdocumentation.com\/wp-content\/uploads\/2017\/04\/180-300x239.png 300w, https:\/\/www.fmsdocumentation.com\/wp-content\/uploads\/2017\/04\/180.png 720w\" sizes=\"auto, (max-width: 300px) 100vw, 300px\" \/><\/a><\/p>\n<hr>\n<p> <div class=\"alignright\"><a href=\"https:\/\/www.fmsdocumentation.com\/hr\/tovarni-list\/\" title=\"Tovarni list\">Tovarni list <span class=\"arrow\"> &nbsp\u203a <\/span> <\/a><\/div><\/p>\n","protected":false},"excerpt":{"rendered":"<p>Za otvaranje navigacijskog izbornika korisnik mora kliknuti ikonu s tri sive linije koja se nalazi u gornjem lijevom kutu zaslona. Ovo \u0107e otvoriti navigacijski izbornik. Na vrhu izbornika prikazat \u0107e se ime voza\u010da i bit \u0107e dostupne sljede\u0107e plo\u010de: Moji zadaci \u2013 Ova plo\u010da omogu\u0107uje pregled zadataka dodijeljenih trenutnom korisniku. Otvorena je prema zadanim postavkama. &hellip; <a href=\"https:\/\/www.fmsdocumentation.com\/hr\/instalacija-i-prijava-na-ontrack\/navigacijski-izbornik\/\" class=\"more-link\">Continue reading <span class=\"screen-reader-text\">Navigacijski izbornik<\/span><\/a><\/p>\n","protected":false},"author":1,"featured_media":0,"parent":15216,"menu_order":2,"comment_status":"closed","ping_status":"closed","template":"","meta":{"footnotes":""},"class_list":["post-15126","page","type-page","status-publish","hentry"],"_links":{"self":[{"href":"https:\/\/www.fmsdocumentation.com\/hr\/wp-json\/wp\/v2\/pages\/15126","targetHints":{"allow":["GET"]}}],"collection":[{"href":"https:\/\/www.fmsdocumentation.com\/hr\/wp-json\/wp\/v2\/pages"}],"about":[{"href":"https:\/\/www.fmsdocumentation.com\/hr\/wp-json\/wp\/v2\/types\/page"}],"author":[{"embeddable":true,"href":"https:\/\/www.fmsdocumentation.com\/hr\/wp-json\/wp\/v2\/users\/1"}],"replies":[{"embeddable":true,"href":"https:\/\/www.fmsdocumentation.com\/hr\/wp-json\/wp\/v2\/comments?post=15126"}],"version-history":[{"count":1,"href":"https:\/\/www.fmsdocumentation.com\/hr\/wp-json\/wp\/v2\/pages\/15126\/revisions"}],"predecessor-version":[{"id":15138,"href":"https:\/\/www.fmsdocumentation.com\/hr\/wp-json\/wp\/v2\/pages\/15126\/revisions\/15138"}],"up":[{"embeddable":true,"href":"https:\/\/www.fmsdocumentation.com\/hr\/wp-json\/wp\/v2\/pages\/15216"}],"wp:attachment":[{"href":"https:\/\/www.fmsdocumentation.com\/hr\/wp-json\/wp\/v2\/media?parent=15126"}],"curies":[{"name":"wp","href":"https:\/\/api.w.org\/{rel}","templated":true}]}}