{"id":15139,"date":"2025-05-29T13:28:44","date_gmt":"2025-05-29T10:28:44","guid":{"rendered":"https:\/\/www.fmsdocumentation.com\/sazetak-izvjesca-o-putovanju\/"},"modified":"2025-05-29T13:30:42","modified_gmt":"2025-05-29T10:30:42","slug":"sazetak-izvjesca-o-putovanju","status":"publish","type":"page","link":"https:\/\/www.fmsdocumentation.com\/hr\/izbornik-izvjesca\/sazetak-izvjesca-o-putovanju\/","title":{"rendered":"Sa\u017eetak izvje\u0161\u0107a o putovanju"},"content":{"rendered":"\n<p><strong>Sa\u017eetak izvje\u0161\u0107a o putovanju<\/strong> \u2013 uglavnom je usmjeren na sa\u017eimanje putovanja, prije\u0111enih kilometara, lokacija po\u010detka\/zavr\u0161etka rada i sli\u010dno. Prvo \u0161to korisnik mora odabrati je raspon datuma za koji \u0107e se ovo izvje\u0161\u0107e generirati. <\/p>\n\n<p><strong>Raspon datuma<\/strong> \u2013 za odabir datuma korisnik mora kliknuti na \u201eOdaberi raspon datuma\u201d \u0161to \u0107e otvoriti plo\u010du kalendara. Plo\u010da kalendara identi\u010dna je u svim FMS sustavima. Za odabir po\u010detnog\/zavr\u0161nog datuma korisnik jednostavno mora kliknuti \u017eeljeni datum, a zatim kliknuti suprotni datum. Odabrani dani bit \u0107e ozna\u010deni plavom bojom. Trenutni dan ozna\u010den je malim plavim trokutom u gornjem lijevom kutu tog dana. Ako je odabran (ozna\u010den) trenutni dan, trokut \u0107e postati bijel. Maksimalni raspon datuma je 6 mjeseci. Nakon \u0161to je odabran datum, on \u0107e se prikazati u plo\u010di sa\u017eetka izvje\u0161\u0107a.       <\/p>\n\n<figure class=\"wp-block-image\"><a href=\"https:\/\/www.fmsdocumentation.com\/wp-content\/uploads\/2017\/04\/136.png\"><img loading=\"lazy\" decoding=\"async\" width=\"465\" height=\"463\" src=\"https:\/\/www.fmsdocumentation.com\/wp-content\/uploads\/2017\/04\/136.png\" alt=\"\" class=\"wp-image-233\" srcset=\"https:\/\/www.fmsdocumentation.com\/wp-content\/uploads\/2017\/04\/136.png 465w, https:\/\/www.fmsdocumentation.com\/wp-content\/uploads\/2017\/04\/136-150x150.png 150w, https:\/\/www.fmsdocumentation.com\/wp-content\/uploads\/2017\/04\/136-300x300.png 300w\" sizes=\"auto, (max-width: 465px) 100vw, 465px\" \/><\/a><\/figure>\n\n<p>Minimalno razdoblje je jedan dan. Za odabir jednog dana jednostavno dvaput kliknite lijevu tipku mi\u0161a na \u017eeljeni dan.  Nakon toga, korisnik mora odabrati na temelju \u010dega \u0107e se generirati izvje\u0161\u0107e.<\/p>\n\n<p><strong>Izvje\u0161\u0107e na temelju<\/strong> \u2013 ova postavka definira glavni cilj izvje\u0161\u0107a. Dostupne su dvije opcije: <\/p>\n\n<ul class=\"wp-block-list\"><li>Voza\u010di;<\/li><li>Predmeti.<\/li><\/ul>\n\n<p>To\u010dno to radi, generirano izvje\u0161\u0107e \u0107e prikazati informacije ( <em>parametri: udaljenost putovanja, lokacija po\u010detka rada itd.)<\/em> za odabrani cilj ( <em>Voza\u010di ili Objekti<\/em> ). Dakle, ako su odabrani Objekti, izvje\u0161\u0107e \u0107e prikazati informacije za specifi\u010dno odabrane objekte. <\/p>\n\n<p><strong>Objekti\/Upravlja\u010dki programi<\/strong> \u2013 ( <em>ovisi o odabiru u opciji \u201eIzvje\u0161\u0107e na temelju\u201d<\/em> ) ovo omogu\u0107uje korisniku da odabere za koje \u0107e se objekte\/upravlja\u010dke programe generirati izvje\u0161\u0107e.<\/p>\n\n<p>Ako su odabrani <em>Objekti<\/em> , popis \u0107e sadr\u017eavati i <strong>grupe<\/strong> objekata. Korisnik mo\u017ee odabrati cijelu grupu ozna\u010davanjem potvrdnog okvira ispred grupe ili klikom na gumb \u201e+\u201d pro\u0161iriti grupu i vidjeti koji se objekti nalaze u grupi. Da bi sa\u017eeo grupu, korisnik mora kliknuti na gumb \u201e-\u201d. Pojedina\u010dni objekti mogu se odabrati iz grupe. Va\u017eno je napomenuti da ako je odabran objekt koji je prisutan u nekoliko grupa, bit \u0107e ozna\u010den u svakoj grupi kao \u0161to je prikazano na slici ispod. Ako je odabrana cijela grupa, potvrdni okvir bit \u0107e plav s bijelom kva\u010dicom. Ako je odabran samo dio grupe, grupa \u0107e imati plavi kvadrat u potvrdnom okviru (prikazano na slici ispod). Korisnik tako\u0111er mo\u017ee koristiti pretra\u017eivanje za brzo pregledavanje velikog popisa objekata i grupa. Sve grupe mogu se odabrati\/poni\u0161titi ozna\u010davanjem potvrdnog okvira pored \u201eOdaberi sve grupe\u201d. Broj odabranih objekata i ukupan broj objekata prikazuje se u gornjem desnom kutu popisa.          <\/p>\n\n<figure class=\"wp-block-image\"><a href=\"https:\/\/www.fmsdocumentation.com\/wp-content\/uploads\/2018\/12\/281.png\"><img loading=\"lazy\" decoding=\"async\" width=\"549\" height=\"297\" src=\"https:\/\/www.fmsdocumentation.com\/wp-content\/uploads\/2018\/12\/281.png\" alt=\"\" class=\"wp-image-6727\" srcset=\"https:\/\/www.fmsdocumentation.com\/wp-content\/uploads\/2018\/12\/281.png 549w, https:\/\/www.fmsdocumentation.com\/wp-content\/uploads\/2018\/12\/281-300x162.png 300w\" sizes=\"auto, (max-width: 549px) 100vw, 549px\" \/><\/a><\/figure>\n\n<p>Ako je odabrana <em>opcija Upravlja\u010dki programi<\/em> , upravlja\u010dki programi bit \u0107e prikazani na padaju\u0107em popisu. Za odabir upravlja\u010dkog programa korisnik mora ozna\u010diti potvrdni okvir pokraj upravlja\u010dkog programa. Ozna\u010davanjem potvrdnog okvira pokraj opcije <strong>Odaberi sve<\/strong> odabrat \u0107e se\/poni\u0161titi odabir svih upravlja\u010dkih programa. Popis se automatski a\u017eurira sa svakim simbolom upisanim u traku za pretra\u017eivanje. Broj odabranih upravlja\u010dkih programa i ukupan broj upravlja\u010dkih programa prikazuje se u gornjem desnom kutu popisa.    <\/p>\n\n<figure class=\"wp-block-image\"><a href=\"https:\/\/www.fmsdocumentation.com\/wp-content\/uploads\/2018\/12\/340.png\"><img loading=\"lazy\" decoding=\"async\" width=\"549\" height=\"295\" src=\"https:\/\/www.fmsdocumentation.com\/wp-content\/uploads\/2018\/12\/340.png\" alt=\"\" class=\"wp-image-6718\" srcset=\"https:\/\/www.fmsdocumentation.com\/wp-content\/uploads\/2018\/12\/340.png 549w, https:\/\/www.fmsdocumentation.com\/wp-content\/uploads\/2018\/12\/340-300x161.png 300w\" sizes=\"auto, (max-width: 549px) 100vw, 549px\" \/><\/a><\/figure>\n\n<p>Nakon \u0161to su objekti\/upravlja\u010dki programi odabrani, korisnik mora odabrati parametre u <strong>popisu stupaca<\/strong> . Ovo izvje\u0161\u0107e \u0107e prema zadanim postavkama uklju\u010divati \u200b\u200bsljede\u0107e parametre: <\/p>\n\n<ul class=\"wp-block-list\"><li>Datum \u2013 datum i dan u tjednu, kada unos sadr\u017ei neke podatke. Ne mo\u017ee se poni\u0161titi odabir; <\/li><li>Datum po\u010detka rada \u2013 datum i vrijeme prvog paljenja u danu, mo\u017ee se poni\u0161titi odabir;<\/li><li>Mjesto po\u010detka rada \u2013 adresa vozila kada je paljenje pokrenuto prvi put tijekom dana. Ne mo\u017ee se poni\u0161titi odabir; <\/li><li>Datum zavr\u0161etka rada \u2013 datum i vrijeme posljednjeg paljenja u danu, mo\u017ee se poni\u0161titi odabir;<\/li><li>Lokacija zavr\u0161etka rada \u2013 adresa vozila kada je paljenje zadnji put isklju\u010deno tijekom dana. Ne mo\u017ee se poni\u0161titi odabir; <\/li><li>Kilometra\u017ea na po\u010detku \u2013 kilometra\u017ea na po\u010detku radnog dana, mo\u017ee se poni\u0161titi odabir;<\/li><li>Kilometra\u017ea na kraju \u2013 kilometra\u017ea na kraju radnog dana, mo\u017ee se poni\u0161titi odabir;<\/li><li>Prije\u0111ena kilometra\u017ea \u2013 prije\u0111ena kilometra\u017ea tijekom radnog dana, odabir se mo\u017ee poni\u0161titi;<\/li><li>Potro\u0161eno gorivo \u2013 koli\u010dina goriva potro\u0161enog tijekom radnog dana u litrama, mo\u017ee se poni\u0161titi odabir;<\/li><li>Prosje\u010dna potro\u0161nja goriva.<\/li><\/ul>\n\n<p>Opcionalni parametri koji se mogu odabrati:<\/p>\n\n<ul class=\"wp-block-list\"><li>Kilometra\u017ea poslovnog putovanja;<\/li><li>Potpis voza\u010da \u2013 uklju\u010duje prazno polje u izvje\u0161\u0107u gdje voza\u010d mo\u017ee ostaviti potpis;<\/li><li>Voza\u010di \u2013 ime voza\u010da;<\/li><li>Trajanje praznog hoda;<\/li><li>Kilometra\u017ea privatnog putovanja;<\/li><li>Ukupno odra\u0111eno trajanje \u2013 ukupan broj radnih sati za sve odabrane dane;<\/li><li>Kilometra\u017ea na poslovnom putu;<\/li><li>Radno vrijeme \u2013 trajanje radnog dana;<\/li><li>Vrijeme zaustavljanja radnog vremena \u2013 razdoblja kada je paljenje bilo isklju\u010deno tijekom radnog vremena.<\/li><\/ul>\n\n<p>Nakon odabira parametara u popisu stupaca, korisnik mo\u017ee omogu\u0107iti ili onemogu\u0107iti sa\u017eetak izvje\u0161\u0107a.<\/p>\n\n<p><strong>Prika\u017ei dane bez unosa<\/strong> \u2013 onemogu\u0107eno prema zadanim postavkama; u izvje\u0161\u0107e \u0107e biti uklju\u010deni dani koji nemaju unosa.<\/p>\n\n<p><strong>Prika\u017ei broj registarske tablice<\/strong> \u2013 onemogu\u0107eno prema zadanim postavkama; ova \u0107e opcija uklju\u010diti broj registarske tablice vozila u izvje\u0161\u0107e.<\/p>\n\n<p><strong>Prika\u017ei sa\u017eetak izvje\u0161\u0107a<\/strong> \u2013 omogu\u0107eno prema zadanim postavkama; ova \u0107e opcija uklju\u010divati \u200b\u200bodjeljak sa\u017eetka u izvje\u0161\u0107e. Ovo \u0107e sa\u017eeti sve informacije u izvje\u0161\u0107u <strong>.<\/strong> Nakon odabira sa\u017eetka izvje\u0161\u0107a, korisnik mo\u017ee odabrati prikaz dana bez unosa. <\/p>\n\n<figure class=\"wp-block-image\"><a href=\"https:\/\/www.fmsdocumentation.com\/wp-content\/uploads\/2020\/08\/205.png\"><img loading=\"lazy\" decoding=\"async\" width=\"1024\" height=\"514\" src=\"https:\/\/www.fmsdocumentation.com\/wp-content\/uploads\/2020\/08\/205-1024x514.png\" alt=\"\" class=\"wp-image-9493\" srcset=\"https:\/\/www.fmsdocumentation.com\/wp-content\/uploads\/2020\/08\/205-1024x514.png 1024w, https:\/\/www.fmsdocumentation.com\/wp-content\/uploads\/2020\/08\/205-300x151.png 300w, https:\/\/www.fmsdocumentation.com\/wp-content\/uploads\/2020\/08\/205-768x385.png 768w, https:\/\/www.fmsdocumentation.com\/wp-content\/uploads\/2020\/08\/205.png 1495w\" sizes=\"auto, (max-width: 1024px) 100vw, 1024px\" \/><\/a><\/figure>\n\n<p>Za dovr\u0161etak i generiranje izvje\u0161\u0107a korisnik mora kliknuti gumb <strong>Generiraj<\/strong> . Za otkazivanje izrade izvje\u0161\u0107a korisnik mora kliknuti gumb <strong>Otka\u017ei<\/strong> . <\/p>\n\n<figure class=\"wp-block-image\"><a href=\"https:\/\/www.fmsdocumentation.com\/wp-content\/uploads\/2017\/04\/202.png\"><img loading=\"lazy\" decoding=\"async\" width=\"569\" height=\"79\" src=\"https:\/\/www.fmsdocumentation.com\/wp-content\/uploads\/2017\/04\/202.png\" alt=\"\" class=\"wp-image-398\" srcset=\"https:\/\/www.fmsdocumentation.com\/wp-content\/uploads\/2017\/04\/202.png 569w, https:\/\/www.fmsdocumentation.com\/wp-content\/uploads\/2017\/04\/202-300x42.png 300w\" sizes=\"auto, (max-width: 569px) 100vw, 569px\" \/><\/a><\/figure>\n\n<hr class=\"wp-block-separator\"\/>\n\n<p><div class=\"alignleft\"><a href=\"https:\/\/www.fmsdocumentation.com\/hr\/izbornik-izvjesca\/izvjesce-o-temperaturama\/\" title=\"Izvje\u0161\u0107e o temperaturama\"><span class=\"arrow\">\u2039 &nbsp <\/span> Izvje\u0161\u0107e o temperaturama <\/a><\/div> <div class=\"alignright\"><a href=\"https:\/\/www.fmsdocumentation.com\/hr\/izbornik-izvjesca\/izvjesce-o-putovanjima\/\" title=\"Izvje\u0161\u0107e o putovanjima\">Izvje\u0161\u0107e o putovanjima <span class=\"arrow\"> &nbsp\u203a <\/span> <\/a><\/div><\/p>\n","protected":false},"excerpt":{"rendered":"<p>Sa\u017eetak izvje\u0161\u0107a o putovanju \u2013 uglavnom je usmjeren na sa\u017eimanje putovanja, prije\u0111enih kilometara, lokacija po\u010detka\/zavr\u0161etka rada i sli\u010dno. Prvo \u0161to korisnik mora odabrati je raspon datuma za koji \u0107e se ovo izvje\u0161\u0107e generirati. Raspon datuma \u2013 za odabir datuma korisnik mora kliknuti na \u201eOdaberi raspon datuma\u201d \u0161to \u0107e otvoriti plo\u010du kalendara. Plo\u010da kalendara identi\u010dna je &hellip; <a href=\"https:\/\/www.fmsdocumentation.com\/hr\/izbornik-izvjesca\/sazetak-izvjesca-o-putovanju\/\" class=\"more-link\">Continue reading <span class=\"screen-reader-text\">Sa\u017eetak izvje\u0161\u0107a o putovanju<\/span><\/a><\/p>\n","protected":false},"author":1,"featured_media":0,"parent":15255,"menu_order":12,"comment_status":"closed","ping_status":"closed","template":"","meta":{"footnotes":""},"class_list":["post-15139","page","type-page","status-publish","hentry"],"_links":{"self":[{"href":"https:\/\/www.fmsdocumentation.com\/hr\/wp-json\/wp\/v2\/pages\/15139","targetHints":{"allow":["GET"]}}],"collection":[{"href":"https:\/\/www.fmsdocumentation.com\/hr\/wp-json\/wp\/v2\/pages"}],"about":[{"href":"https:\/\/www.fmsdocumentation.com\/hr\/wp-json\/wp\/v2\/types\/page"}],"author":[{"embeddable":true,"href":"https:\/\/www.fmsdocumentation.com\/hr\/wp-json\/wp\/v2\/users\/1"}],"replies":[{"embeddable":true,"href":"https:\/\/www.fmsdocumentation.com\/hr\/wp-json\/wp\/v2\/comments?post=15139"}],"version-history":[{"count":1,"href":"https:\/\/www.fmsdocumentation.com\/hr\/wp-json\/wp\/v2\/pages\/15139\/revisions"}],"predecessor-version":[{"id":15163,"href":"https:\/\/www.fmsdocumentation.com\/hr\/wp-json\/wp\/v2\/pages\/15139\/revisions\/15163"}],"up":[{"embeddable":true,"href":"https:\/\/www.fmsdocumentation.com\/hr\/wp-json\/wp\/v2\/pages\/15255"}],"wp:attachment":[{"href":"https:\/\/www.fmsdocumentation.com\/hr\/wp-json\/wp\/v2\/media?parent=15139"}],"curies":[{"name":"wp","href":"https:\/\/api.w.org\/{rel}","templated":true}]}}