{"id":15144,"date":"2025-05-29T13:28:44","date_gmt":"2025-05-29T10:28:44","guid":{"rendered":"https:\/\/www.fmsdocumentation.com\/izvjesce-o-spremniku-goriva\/"},"modified":"2025-05-29T13:30:41","modified_gmt":"2025-05-29T10:30:41","slug":"izvjesce-o-spremniku-goriva","status":"publish","type":"page","link":"https:\/\/www.fmsdocumentation.com\/hr\/izbornik-izvjesca\/izvjesce-o-spremniku-goriva\/","title":{"rendered":"Izvje\u0161\u0107e o spremniku goriva"},"content":{"rendered":"<p><strong>Izvje\u0161\u0107e o spremniku goriva<\/strong> &#8211; ova vrsta izvje\u0161\u0107a uglavnom se fokusira na potro\u0161nju goriva, to\u010denja goriva, ispu\u0161tanja goriva i razne fluktuacije. Prvo \u0161to korisnik mora odabrati je raspon datuma za koji \u0107e se ovo izvje\u0161\u0107e generirati. <\/p>\n<p><strong>Raspon datuma<\/strong> \u2013 za odabir datuma korisnik mora kliknuti na \u201eOdaberi raspon datuma\u201d \u0161to \u0107e otvoriti plo\u010du kalendara. Plo\u010da kalendara identi\u010dna je u svim FMS-ovima. Za odabir po\u010detnog\/zavr\u0161nog datuma korisnik jednostavno mora kliknuti na \u017eeljeni datum, a zatim kliknuti na suprotni datum. Odabrani dani bit \u0107e ozna\u010deni plavom bojom. Trenutni dan ozna\u010den je malim plavim trokutom u gornjem lijevom kutu tog dana. Ako je odabran (ozna\u010den) trenutni dan, trokut \u0107e postati bijel. Nakon toga korisnik mo\u017ee odrediti od kojeg sata po\u010detnog datuma do kojeg sata zavr\u0161nog datuma \u017eeli se prikazati povijest. Za primjenu promjena potrebno je kliknuti gumb \u201ePrimijeni\u201d, ina\u010de se promjene ne\u0107e spremiti.       <\/p>\n<p><a href=\"https:\/\/www.fmsdocumentation.com\/wp-content\/uploads\/2017\/04\/136-7.png\"><img loading=\"lazy\" decoding=\"async\" class=\"alignnone wp-image-1166 size-full\" src=\"https:\/\/www.fmsdocumentation.com\/wp-content\/uploads\/2017\/04\/136-7.png\" alt=\"\" width=\"503\" height=\"483\" srcset=\"https:\/\/www.fmsdocumentation.com\/wp-content\/uploads\/2017\/04\/136-7.png 503w, https:\/\/www.fmsdocumentation.com\/wp-content\/uploads\/2017\/04\/136-7-300x288.png 300w\" sizes=\"auto, (max-width: 503px) 100vw, 503px\" \/><\/a><\/p>\n<p>Minimalno razdoblje je jedan dan. Za odabir jednog dana jednostavno dvaput kliknite lijevu tipku mi\u0161a na \u017eeljeni dan.  Nakon toga korisnik mora odabrati objekte za koje \u0107e se generirati ovo izvje\u0161\u0107e.<\/p>\n<p><em>Objekti<\/em> \u2013 ovo omogu\u0107uje korisniku da odabere za koje \u0107e se objekte generirati izvje\u0161\u0107e. Popis \u0107e tako\u0111er sadr\u017eavati <strong>grupe<\/strong> objekata. Korisnik mo\u017ee odabrati cijelu grupu ozna\u010davanjem potvrdnog okvira ispred grupe ili kliknuti gumb \u201e+\u201d da bi pro\u0161irio grupu i vidio koji se objekti nalaze u grupi. Da bi sa\u017eeo grupu, korisnik mora kliknuti gumb \u201e-\u201d. <strong>Pojedina\u010dni objekti mogu se odabrati iz grupe<\/strong> . Va\u017eno je napomenuti da ako je odabran objekt koji je prisutan u nekoliko grupa, bit \u0107e ozna\u010den u svakoj grupi kao \u0161to je prikazano na slici ispod. Ako je odabrana cijela grupa, potvrdni okvir bit \u0107e plav s bijelom kva\u010dicom. Ako je odabran samo dio grupe, grupa \u0107e imati plavi kvadrat u potvrdnom okviru (prikazano na slici ispod). Korisnik tako\u0111er mo\u017ee koristiti pretra\u017eivanje za brzo pregledavanje velikog popisa objekata i grupa. Sve grupe mogu se odabrati\/poni\u0161titi ozna\u010davanjem potvrdnog okvira pored \u201eOdaberi sve grupe\u201d. Broj odabranih objekata i ukupan broj objekata prikazuje se u gornjem desnom kutu popisa.          <\/p>\n<p><a href=\"https:\/\/www.fmsdocumentation.com\/wp-content\/uploads\/2018\/12\/281.png\" data-featherlight=\"image\"><img loading=\"lazy\" decoding=\"async\" class=\"alignnone size-full wp-image-6727\" src=\"https:\/\/www.fmsdocumentation.com\/wp-content\/uploads\/2018\/12\/281.png\" sizes=\"auto, (max-width: 549px) 100vw, 549px\" srcset=\"https:\/\/www.fmsdocumentation.com\/wp-content\/uploads\/2018\/12\/281.png 549w, https:\/\/www.fmsdocumentation.com\/wp-content\/uploads\/2018\/12\/281-300x162.png 300w\" alt=\"\" width=\"549\" height=\"297\"><\/a><\/p>\n<p><strong>Stupci u sa\u017eetku<\/strong> \u2013 ovo polje omogu\u0107uje odabir stupaca koji \u0107e biti uklju\u010deni u sa\u017eetak izvje\u0161\u0107a (sa\u017eetak izvje\u0161\u0107a je omogu\u0107en prema zadanim postavkama za ovu vrstu izvje\u0161\u0107a). Za jedno izvje\u0161\u0107e mo\u017ee se odabrati najvi\u0161e 9 stupaca. Odabir se sastoji od 28 mogu\u0107ih stupaca, koji su sami po sebi razumljivi po svojim nazivima.  <\/p>\n<p>Nakon \u0161to su stupci u sa\u017eetku odabrani, korisnik mora odabrati <strong>popis stupaca<\/strong> . Ovo izvje\u0161\u0107e \u0107e prema zadanim postavkama uklju\u010divati \u200b\u200bsljede\u0107e parametre (i odabir se mo\u017ee poni\u0161titi): <\/p>\n<ul>\n<li>Datum i vrijeme po\u010detka \u2013 datum i vrijeme kada je registrirana promjena razine goriva;<\/li>\n<li>Razina goriva na po\u010detku \u2013 razina goriva na po\u010detku registrirane promjene razine goriva;<\/li>\n<li>Razina goriva na kraju \u2013 razina goriva na kraju registrirane promjene razine goriva;<\/li>\n<li>Razlika \u2013 razlika u razini goriva izme\u0111u po\u010detne i krajnje vrijednosti.<\/li>\n<\/ul>\n<p>Ostali opcionalni parametri koji se mogu odabrati u <strong>popisu stupaca<\/strong> :<\/p>\n<ul>\n<li>Voza\u010d \u2013 ime voza\u010da;<\/li>\n<li>Datum i vrijeme zavr\u0161etka \u2013 datum i vrijeme kada je zabilje\u017een doga\u0111aj promjene goriva;<\/li>\n<li>Mjesto po\u010detka doga\u0111aja \u2013 mjesto gdje je zapo\u010deo doga\u0111aj zamjene goriva.<\/li>\n<\/ul>\n<p>Nakon odabira parametara u stupcima, korisnik mo\u017ee omogu\u0107iti ili onemogu\u0107iti sljede\u0107i sadr\u017eaj u izvje\u0161\u0107u:<\/p>\n<ul>\n<li><strong>Prika\u017ei podatke putem plovaka<\/strong> \u2013 onemogu\u0107eno prema zadanim postavkama, prikazat \u0107e informacije u izvje\u0161\u0107u zasebno za svaki instalirani senzor razine goriva (ako je instalirano nekoliko senzora razine goriva).<\/li>\n<li><strong>Sa\u017eetak izvje\u0161\u0107a<\/strong> \u2013 omogu\u0107eno, prema zadanim postavkama, ova \u0107e opcija uklju\u010divati \u200b\u200bodjeljak sa\u017eetka u izvje\u0161\u0107u. Ovo \u0107e sa\u017eeti sve informacije u izvje\u0161\u0107u i uklju\u010diti prethodno odabrane <strong>stupce u sa\u017eetak.<\/strong> <\/li>\n<li><strong>Prika\u017ei grafiku razine goriva \u2013<\/strong> omogu\u0107ena prema zadanim postavkama, ova \u0107e opcija uklju\u010divati \u200b\u200bgrafiku razine goriva u generirano izvje\u0161\u0107e.<\/li>\n<li><strong>Prika\u017ei kartu \u2013<\/strong> omogu\u0107eno prema zadanim postavkama, ova \u0107e opcija uklju\u010divati \u200b\u200bkartu u izvje\u0161\u0107e sa svim ozna\u010denim doga\u0111ajima pra\u017enjenja\/punjenja goriva.<\/li>\n<\/ul>\n<p><a href=\"https:\/\/www.fmsdocumentation.com\/wp-content\/uploads\/2017\/04\/203-1.png\"><img loading=\"lazy\" decoding=\"async\" class=\"alignnone wp-image-977 size-full\" src=\"https:\/\/www.fmsdocumentation.com\/wp-content\/uploads\/2017\/04\/203-1.png\" alt=\"\" width=\"887\" height=\"598\" srcset=\"https:\/\/www.fmsdocumentation.com\/wp-content\/uploads\/2017\/04\/203-1.png 887w, https:\/\/www.fmsdocumentation.com\/wp-content\/uploads\/2017\/04\/203-1-300x202.png 300w, https:\/\/www.fmsdocumentation.com\/wp-content\/uploads\/2017\/04\/203-1-768x518.png 768w\" sizes=\"auto, (max-width: 887px) 100vw, 887px\" \/><\/a><\/p>\n<p>Za dovr\u0161etak i generiranje izvje\u0161\u0107a korisnik mora kliknuti gumb \u201eGeneriraj\u201d. Za otkazivanje izrade izvje\u0161\u0107a korisnik mora kliknuti gumb \u201eOtka\u017ei\u201d ili kliknuti bilo gdje izvan prozora \u201eGeneriraj novo izvje\u0161\u0107e\u201d. <\/p>\n<p><a href=\"https:\/\/www.fmsdocumentation.com\/wp-content\/uploads\/2017\/04\/202.png\"><img loading=\"lazy\" decoding=\"async\" class=\"alignnone wp-image-398 size-full\" src=\"https:\/\/www.fmsdocumentation.com\/wp-content\/uploads\/2017\/04\/202.png\" alt=\"\" width=\"569\" height=\"79\" srcset=\"https:\/\/www.fmsdocumentation.com\/wp-content\/uploads\/2017\/04\/202.png 569w, https:\/\/www.fmsdocumentation.com\/wp-content\/uploads\/2017\/04\/202-300x42.png 300w\" sizes=\"auto, (max-width: 569px) 100vw, 569px\" \/><\/a><\/p>\n<hr>\n<p><div class=\"alignleft\"><a href=\"https:\/\/www.fmsdocumentation.com\/hr\/izbornik-izvjesca\/izvjesce-o-dogadajima\/\" title=\"Izvje\u0161\u0107e o doga\u0111ajima\"><span class=\"arrow\">\u2039 &nbsp <\/span> Izvje\u0161\u0107e o doga\u0111ajima <\/a><\/div> <div class=\"alignright\"><a href=\"https:\/\/www.fmsdocumentation.com\/hr\/izbornik-izvjesca\/izvjesce-o-geozonama\/\" title=\"Izvje\u0161\u0107e o geozonama\">Izvje\u0161\u0107e o geozonama <span class=\"arrow\"> &nbsp\u203a <\/span> <\/a><\/div><\/p>\n","protected":false},"excerpt":{"rendered":"<p>Izvje\u0161\u0107e o spremniku goriva &#8211; ova vrsta izvje\u0161\u0107a uglavnom se fokusira na potro\u0161nju goriva, to\u010denja goriva, ispu\u0161tanja goriva i razne fluktuacije. Prvo \u0161to korisnik mora odabrati je raspon datuma za koji \u0107e se ovo izvje\u0161\u0107e generirati. Raspon datuma \u2013 za odabir datuma korisnik mora kliknuti na \u201eOdaberi raspon datuma\u201d \u0161to \u0107e otvoriti plo\u010du kalendara. Plo\u010da &hellip; <a href=\"https:\/\/www.fmsdocumentation.com\/hr\/izbornik-izvjesca\/izvjesce-o-spremniku-goriva\/\" class=\"more-link\">Continue reading <span class=\"screen-reader-text\">Izvje\u0161\u0107e o spremniku goriva<\/span><\/a><\/p>\n","protected":false},"author":1,"featured_media":0,"parent":15255,"menu_order":8,"comment_status":"closed","ping_status":"closed","template":"","meta":{"footnotes":""},"class_list":["post-15144","page","type-page","status-publish","hentry"],"_links":{"self":[{"href":"https:\/\/www.fmsdocumentation.com\/hr\/wp-json\/wp\/v2\/pages\/15144","targetHints":{"allow":["GET"]}}],"collection":[{"href":"https:\/\/www.fmsdocumentation.com\/hr\/wp-json\/wp\/v2\/pages"}],"about":[{"href":"https:\/\/www.fmsdocumentation.com\/hr\/wp-json\/wp\/v2\/types\/page"}],"author":[{"embeddable":true,"href":"https:\/\/www.fmsdocumentation.com\/hr\/wp-json\/wp\/v2\/users\/1"}],"replies":[{"embeddable":true,"href":"https:\/\/www.fmsdocumentation.com\/hr\/wp-json\/wp\/v2\/comments?post=15144"}],"version-history":[{"count":1,"href":"https:\/\/www.fmsdocumentation.com\/hr\/wp-json\/wp\/v2\/pages\/15144\/revisions"}],"predecessor-version":[{"id":15293,"href":"https:\/\/www.fmsdocumentation.com\/hr\/wp-json\/wp\/v2\/pages\/15144\/revisions\/15293"}],"up":[{"embeddable":true,"href":"https:\/\/www.fmsdocumentation.com\/hr\/wp-json\/wp\/v2\/pages\/15255"}],"wp:attachment":[{"href":"https:\/\/www.fmsdocumentation.com\/hr\/wp-json\/wp\/v2\/media?parent=15144"}],"curies":[{"name":"wp","href":"https:\/\/api.w.org\/{rel}","templated":true}]}}