{"id":15164,"date":"2025-05-29T13:28:45","date_gmt":"2025-05-29T10:28:45","guid":{"rendered":"https:\/\/www.fmsdocumentation.com\/izvjesce-o-dogadajima\/"},"modified":"2025-05-29T13:30:41","modified_gmt":"2025-05-29T10:30:41","slug":"izvjesce-o-dogadajima","status":"publish","type":"page","link":"https:\/\/www.fmsdocumentation.com\/hr\/izbornik-izvjesca\/izvjesce-o-dogadajima\/","title":{"rendered":"Izvje\u0161\u0107e o doga\u0111ajima"},"content":{"rendered":"\n<p><strong>Izvje\u0161\u0107e o doga\u0111ajima<\/strong> \u2013 ova vrsta izvje\u0161\u0107a uglavnom je usmjerena na doga\u0111aje, vrijeme okidanja, trajanje i ostale parametre tijekom okidanja doga\u0111aja.<\/p>\n\n<p><strong>Izvje\u0161\u0107e na temelju<\/strong> \u2013 ova postavka definira glavni cilj izvje\u0161\u0107a. Dostupne su dvije opcije: <\/p>\n\n<ul class=\"wp-block-list\"><li>Voza\u010di<\/li><li>Objekti<\/li><\/ul>\n\n<p>To\u010dno to radi, generirano izvje\u0161\u0107e \u0107e prikazati informacije ( <em>parametri: udaljenost putovanja, lokacija po\u010detka rada itd.)<\/em> za odabrani cilj ( <em>Voza\u010di ili Objekti<\/em> ). Ako su odabrani <em>Objekti<\/em> , tada \u0107e izvje\u0161\u0107e prikazati informacije za specifi\u010dno odabrane objekte. <\/p>\n\n<p><strong>Objekti\/Upravlja\u010dki programi<\/strong> \u2013 ( <em>ovisi o odabiru u opciji \u201eIzvje\u0161\u0107e na temelju\u201d<\/em> ) ovo omogu\u0107uje korisniku da odabere za koje \u0107e se objekte\/upravlja\u010dke programe generirati izvje\u0161\u0107e.<\/p>\n\n<p>Ako su odabrani <em>Objekti<\/em> , popis \u0107e sadr\u017eavati i <strong>grupe<\/strong> objekata. Korisnik mo\u017ee odabrati cijelu grupu ozna\u010davanjem potvrdnog okvira ispred grupe ili klikom na gumb \u201e+\u201d pro\u0161iriti grupu i vidjeti koji se objekti nalaze u grupi. Da bi sa\u017eeo grupu, korisnik mora kliknuti na gumb \u201e-\u201d. <strong>Pojedina\u010dni objekti mogu se odabrati iz grupe<\/strong> . Va\u017eno je napomenuti da ako je odabran objekt koji je prisutan u nekoliko grupa, bit \u0107e ozna\u010den u svakoj grupi kao \u0161to je prikazano na slici ispod. Ako je odabrana cijela grupa, potvrdni okvir bit \u0107e plav s bijelom kva\u010dicom. Ako je odabran samo dio grupe, grupa \u0107e imati plavi kvadrat u potvrdnom okviru (prikazano na slici ispod). Korisnik tako\u0111er mo\u017ee koristiti pretra\u017eivanje za brzo pregledavanje velikog popisa objekata i grupa. Sve grupe mogu se odabrati\/poni\u0161titi ozna\u010davanjem potvrdnog okvira pored \u201eOdaberi sve grupe\u201d. Broj odabranih objekata i ukupan broj objekata prikazuje se u gornjem desnom kutu popisa.         <\/p>\n\n<figure class=\"wp-block-image is-resized\"><a href=\"https:\/\/www.fmsdocumentation.com\/wp-content\/uploads\/2018\/12\/281.png\"><img loading=\"lazy\" decoding=\"async\" src=\"https:\/\/www.fmsdocumentation.com\/wp-content\/uploads\/2018\/12\/281.png\" alt=\"\" class=\"wp-image-6727\" width=\"549\" height=\"297\" srcset=\"https:\/\/www.fmsdocumentation.com\/wp-content\/uploads\/2018\/12\/281.png 549w, https:\/\/www.fmsdocumentation.com\/wp-content\/uploads\/2018\/12\/281-300x162.png 300w\" sizes=\"auto, (max-width: 549px) 100vw, 549px\" \/><\/a><\/figure>\n\n<p>Ako je odabrana <em>opcija Voza\u010di<\/em> , upravlja\u010dki programi bit \u0107e prikazani na padaju\u0107em popisu. Za odabir upravlja\u010dkog programa korisnik mora ozna\u010diti potvrdni okvir pored upravlja\u010dkog programa. Ozna\u010davanjem potvrdnog okvira pored opcije \u201eOdaberi sve\u201d odabrat \u0107e se\/poni\u0161titi odabir svih upravlja\u010dkih programa. Popis se automatski a\u017eurira sa svakim simbolom upisanim u traku za pretra\u017eivanje. Broj odabranih upravlja\u010dkih programa i ukupan broj upravlja\u010dkih programa prikazuje se u gornjem desnom kutu popisa.    <\/p>\n\n<figure class=\"wp-block-image is-resized\"><a href=\"https:\/\/www.fmsdocumentation.com\/wp-content\/uploads\/2018\/12\/340.png\"><img loading=\"lazy\" decoding=\"async\" src=\"https:\/\/www.fmsdocumentation.com\/wp-content\/uploads\/2018\/12\/340.png\" alt=\"\" class=\"wp-image-6718\" width=\"549\" height=\"295\" srcset=\"https:\/\/www.fmsdocumentation.com\/wp-content\/uploads\/2018\/12\/340.png 549w, https:\/\/www.fmsdocumentation.com\/wp-content\/uploads\/2018\/12\/340-300x161.png 300w\" sizes=\"auto, (max-width: 549px) 100vw, 549px\" \/><\/a><\/figure>\n\n<p>Nakon \u0161to su objekti ili upravlja\u010dki programi odabrani, korisnik mora odabrati kako \u0107e se izvje\u0161\u0107e grupirati.<\/p>\n\n<p>Zatim korisnik mo\u017ee odabrati za koje \u0107e se <strong>doga\u0111aje<\/strong> generirati ovo izvje\u0161\u0107e. Ovaj popis funkcionira na isti na\u010din kao i popis voza\u010da. Ako doga\u0111aj nije odabran, ne\u0107e biti prisutan u izvje\u0161\u0107u.  <\/p>\n\n<p><strong>Grupiraj po<\/strong> \u2013 omogu\u0107uje definiranje prema \u010demu \u0107e se izvje\u0161\u0107e grupirati, za ovo izvje\u0161\u0107e dostupan je sljede\u0107i odabir:<\/p>\n\n<ul class=\"wp-block-list\"><li>Dan \u2013 podaci \u0107e biti grupirani po danima<\/li><li>Doga\u0111aji \u2013 podaci \u0107e biti grupirani po doga\u0111ajima<\/li><li>Objekti \u2013 podaci \u0107e biti grupirani po objektima<\/li><\/ul>\n\n<p><strong>Raspon datuma<\/strong> \u2013 za odabir datuma korisnik mora kliknuti na \u201eOdaberi raspon datuma\u201d \u0161to \u0107e otvoriti plo\u010du kalendara. Plo\u010da kalendara identi\u010dna je u svim FMS-ovima. Za odabir po\u010detnog\/zavr\u0161nog datuma korisnik jednostavno mora kliknuti na \u017eeljeni datum, a zatim kliknuti na suprotni datum. Odabrani dani bit \u0107e ozna\u010deni plavom bojom. Trenutni dan ozna\u010den je malim plavim trokutom u gornjem lijevom kutu tog dana. Ako je odabran (ozna\u010den) trenutni dan, trokut \u0107e postati bijel. Nakon toga korisnik mo\u017ee odrediti od kojeg sata po\u010detnog datuma do kojeg sata zavr\u0161nog datuma \u017eeli se prikazati povijest. Za primjenu promjena potrebno je kliknuti gumb \u201ePrimijeni\u201d, ina\u010de se promjene ne\u0107e spremiti.       <\/p>\n\n<figure class=\"wp-block-image is-resized\"><a href=\"https:\/\/www.fmsdocumentation.com\/wp-content\/uploads\/2017\/04\/136-6.png\"><img loading=\"lazy\" decoding=\"async\" src=\"https:\/\/www.fmsdocumentation.com\/wp-content\/uploads\/2017\/04\/136-6.png\" alt=\"\" class=\"wp-image-1164\" width=\"486\" height=\"467\" srcset=\"https:\/\/www.fmsdocumentation.com\/wp-content\/uploads\/2017\/04\/136-6.png 503w, https:\/\/www.fmsdocumentation.com\/wp-content\/uploads\/2017\/04\/136-6-300x288.png 300w\" sizes=\"auto, (max-width: 486px) 100vw, 486px\" \/><\/a><\/figure>\n\n<p>Minimalno razdoblje je jedan dan. Za odabir jednog dana jednostavno dvaput kliknite lijevu tipku mi\u0161a na \u017eeljeni dan. <\/p>\n\n<p>Nakon odabira raspona datuma, slijedi <strong>popis stupaca<\/strong> . Ovo izvje\u0161\u0107e \u0107e prema zadanim postavkama uklju\u010divati \u200b\u200bsljede\u0107e parametre: <\/p>\n\n<ul class=\"wp-block-list\"><li>Naziv doga\u0111aja \u2013 naslov doga\u0111aja, ne mo\u017ee se poni\u0161titi odabir<\/li><li>Vrijeme po\u010detka doga\u0111aja \u2013 vrijeme po\u010detka doga\u0111aja, ne mo\u017ee se poni\u0161titi odabir<\/li><li>Trajanje \u2013 vrijeme izme\u0111u po\u010detka i zavr\u0161etka doga\u0111aja<\/li><li>Uvjet doga\u0111aja \u2013 prikazuje vrijednost koja je pokrenula doga\u0111aj<\/li><\/ul>\n\n<p>Ostali parametri koji se mogu dodatno odabrati:<\/p>\n\n<ul class=\"wp-block-list\"><li>Koordinate na kraju \u2013 koordinate lokacije zavr\u0161etka doga\u0111aja<\/li><li>Koordinate na po\u010detku \u2013 koordinate mjesta po\u010detka doga\u0111aja<\/li><li>Voza\u010d \u2013 ime voza\u010da<\/li><li>Vrijeme zavr\u0161etka doga\u0111aja &#8211; vrijeme kada je doga\u0111aj zavr\u0161io<\/li><li>Lokacija na kraju \u2013 lokacija zavr\u0161etka doga\u0111aja<\/li><li>Mjesto po\u010detka \u2013 mjesto po\u010detka doga\u0111aja<\/li><li>Kilometra\u017ea na kraju \u2013 kilometra\u017ea na kraju doga\u0111aja<\/li><li>Kilometra\u017ea na startu \u2013 kilometra\u017ea na po\u010detku doga\u0111aja<\/li><li>Naziv objekta \u2013 naziv objekta<\/li><li>Vrsta putovanja \u2013 vrsta putovanja, ako je definirana (poslovna ili privatna)<\/li><\/ul>\n\n<p>Kona\u010dno, korisnik mo\u017ee odabrati ho\u0107e li omogu\u0107iti sa\u017eetak izvje\u0161\u0107a.<\/p>\n\n<p><strong>Sa\u017eetak izvje\u0161\u0107a<\/strong> \u2013 omogu\u0107avanjem ove opcije izvje\u0161\u0107e \u0107e sadr\u017eavati sa\u017eetak. Ovo \u0107e sa\u017eeti sve informacije u izvje\u0161\u0107u ( <em>Na primjer, izvje\u0161\u0107e o putovanjima \u2013 sadr\u017ei dugi popis svih putovanja. Sa\u017eetak \u0107e prikazati zbroj za svaki stupac, kao \u0161to su \u201etrajanje rada\u201d, \u201etrajanje zaustavljanja <em>\u201d<\/em> itd., kao da su sva putovanja jedno dugo putovanje. <\/em>). Ova je opcija prema zadanim postavkama onemogu\u0107ena.<\/p>\n\n<figure class=\"wp-block-image is-resized\"><a href=\"https:\/\/www.fmsdocumentation.com\/wp-content\/uploads\/2020\/08\/201.png\"><img loading=\"lazy\" decoding=\"async\" src=\"https:\/\/www.fmsdocumentation.com\/wp-content\/uploads\/2020\/08\/201-1024x447.png\" alt=\"\" class=\"wp-image-9499\" width=\"564\" height=\"246\" srcset=\"https:\/\/www.fmsdocumentation.com\/wp-content\/uploads\/2020\/08\/201-1024x447.png 1024w, https:\/\/www.fmsdocumentation.com\/wp-content\/uploads\/2020\/08\/201-300x131.png 300w, https:\/\/www.fmsdocumentation.com\/wp-content\/uploads\/2020\/08\/201-768x335.png 768w, https:\/\/www.fmsdocumentation.com\/wp-content\/uploads\/2020\/08\/201.png 1490w\" sizes=\"auto, (max-width: 564px) 100vw, 564px\" \/><\/a><\/figure>\n\n<p>Za dovr\u0161etak i generiranje izvje\u0161\u0107a korisnik mora kliknuti gumb <strong>Generiraj<\/strong> . Za otkazivanje izrade izvje\u0161\u0107a korisnik mora kliknuti gumb <strong>Otka\u017ei<\/strong> . <\/p>\n\n<figure class=\"wp-block-image is-resized\"><a href=\"https:\/\/www.fmsdocumentation.com\/wp-content\/uploads\/2017\/04\/202.png\"><img loading=\"lazy\" decoding=\"async\" src=\"https:\/\/www.fmsdocumentation.com\/wp-content\/uploads\/2017\/04\/202.png\" alt=\"\" class=\"wp-image-398\" width=\"555\" height=\"77\" srcset=\"https:\/\/www.fmsdocumentation.com\/wp-content\/uploads\/2017\/04\/202.png 569w, https:\/\/www.fmsdocumentation.com\/wp-content\/uploads\/2017\/04\/202-300x42.png 300w\" sizes=\"auto, (max-width: 555px) 100vw, 555px\" \/><\/a><\/figure>\n\n<hr class=\"wp-block-separator\"\/>\n\n<p><div class=\"alignleft\"><a href=\"https:\/\/www.fmsdocumentation.com\/hr\/izbornik-izvjesca\/izvjesce-o-eko-voznji\/\" title=\"Izvje\u0161\u0107e o eko-vo\u017enji\"><span class=\"arrow\">\u2039 &nbsp <\/span> Izvje\u0161\u0107e o eko-vo\u017enji <\/a><\/div> <div class=\"alignright\"><a href=\"https:\/\/www.fmsdocumentation.com\/hr\/izbornik-izvjesca\/izvjesce-o-spremniku-goriva\/\" title=\"Izvje\u0161\u0107e o spremniku goriva\">Izvje\u0161\u0107e o spremniku goriva <span class=\"arrow\"> &nbsp\u203a <\/span> <\/a><\/div><\/p>\n","protected":false},"excerpt":{"rendered":"<p>Izvje\u0161\u0107e o doga\u0111ajima \u2013 ova vrsta izvje\u0161\u0107a uglavnom je usmjerena na doga\u0111aje, vrijeme okidanja, trajanje i ostale parametre tijekom okidanja doga\u0111aja. Izvje\u0161\u0107e na temelju \u2013 ova postavka definira glavni cilj izvje\u0161\u0107a. Dostupne su dvije opcije: Voza\u010di Objekti To\u010dno to radi, generirano izvje\u0161\u0107e \u0107e prikazati informacije ( parametri: udaljenost putovanja, lokacija po\u010detka rada itd.) za odabrani &hellip; <a href=\"https:\/\/www.fmsdocumentation.com\/hr\/izbornik-izvjesca\/izvjesce-o-dogadajima\/\" class=\"more-link\">Continue reading <span class=\"screen-reader-text\">Izvje\u0161\u0107e o doga\u0111ajima<\/span><\/a><\/p>\n","protected":false},"author":1,"featured_media":0,"parent":15255,"menu_order":7,"comment_status":"closed","ping_status":"closed","template":"","meta":{"footnotes":""},"class_list":["post-15164","page","type-page","status-publish","hentry"],"_links":{"self":[{"href":"https:\/\/www.fmsdocumentation.com\/hr\/wp-json\/wp\/v2\/pages\/15164","targetHints":{"allow":["GET"]}}],"collection":[{"href":"https:\/\/www.fmsdocumentation.com\/hr\/wp-json\/wp\/v2\/pages"}],"about":[{"href":"https:\/\/www.fmsdocumentation.com\/hr\/wp-json\/wp\/v2\/types\/page"}],"author":[{"embeddable":true,"href":"https:\/\/www.fmsdocumentation.com\/hr\/wp-json\/wp\/v2\/users\/1"}],"replies":[{"embeddable":true,"href":"https:\/\/www.fmsdocumentation.com\/hr\/wp-json\/wp\/v2\/comments?post=15164"}],"version-history":[{"count":1,"href":"https:\/\/www.fmsdocumentation.com\/hr\/wp-json\/wp\/v2\/pages\/15164\/revisions"}],"predecessor-version":[{"id":15188,"href":"https:\/\/www.fmsdocumentation.com\/hr\/wp-json\/wp\/v2\/pages\/15164\/revisions\/15188"}],"up":[{"embeddable":true,"href":"https:\/\/www.fmsdocumentation.com\/hr\/wp-json\/wp\/v2\/pages\/15255"}],"wp:attachment":[{"href":"https:\/\/www.fmsdocumentation.com\/hr\/wp-json\/wp\/v2\/media?parent=15164"}],"curies":[{"name":"wp","href":"https:\/\/api.w.org\/{rel}","templated":true}]}}