{"id":15165,"date":"2025-05-29T13:28:45","date_gmt":"2025-05-29T10:28:45","guid":{"rendered":"https:\/\/www.fmsdocumentation.com\/izvjesce-o-geozonama\/"},"modified":"2025-05-29T13:30:41","modified_gmt":"2025-05-29T10:30:41","slug":"izvjesce-o-geozonama","status":"publish","type":"page","link":"https:\/\/www.fmsdocumentation.com\/hr\/izbornik-izvjesca\/izvjesce-o-geozonama\/","title":{"rendered":"Izvje\u0161\u0107e o geozonama"},"content":{"rendered":"\n<p><strong>Izvje\u0161\u0107e o geozonama<\/strong> \u2013 ova vrsta izvje\u0161\u0107a uglavnom je usmjerena na aktivnosti oko i unutar odre\u0111enih geozona. Geozone postavlja korisnik u <a href=\"https:\/\/www.fmsdocumentation.com\/geozones-menu\/\">izborniku geozona.<\/a> Prvo \u0161to korisnik mora odabrati je raspon datuma za koji \u0107e se ovo izvje\u0161\u0107e generirati. <\/p>\n\n<p><strong>Raspon datuma<\/strong> \u2013 za odabir datuma korisnik mora kliknuti na \u201eOdaberi raspon datuma\u201d \u0161to \u0107e otvoriti plo\u010du kalendara. Plo\u010da kalendara identi\u010dna je u svim FMS-ovima. Za odabir po\u010detnog\/zavr\u0161nog datuma korisnik jednostavno mora kliknuti na \u017eeljeni datum, a zatim kliknuti na suprotni datum. Odabrani dani bit \u0107e ozna\u010deni plavom bojom. Trenutni dan ozna\u010den je malim plavim trokutom u gornjem lijevom kutu tog dana. Ako je odabran (ozna\u010den) trenutni dan, trokut \u0107e postati bijel. Za odabir \u017eeljenog datuma, po\u010dnite klikom na zavr\u0161ni ili po\u010detni datum (nema prioriteta pri odabiru), a zatim kliknite na suprotni (zavr\u0161ni\/po\u010detni) datum. Nakon toga, korisnik mo\u017ee odrediti od kojeg sata po\u010detnog datuma do kojeg sata zavr\u0161nog datuma za prikaz povijesti. Za primjenu promjena potrebno je kliknuti gumb \u201ePrimijeni\u201d, ina\u010de se promjene ne\u0107e spremiti.        <\/p>\n\n<figure class=\"wp-block-image\"><a href=\"https:\/\/www.fmsdocumentation.com\/wp-content\/uploads\/2017\/04\/136-8.png\"><img loading=\"lazy\" decoding=\"async\" width=\"503\" height=\"483\" src=\"https:\/\/www.fmsdocumentation.com\/wp-content\/uploads\/2017\/04\/136-8.png\" alt=\"\" class=\"wp-image-1168\" srcset=\"https:\/\/www.fmsdocumentation.com\/wp-content\/uploads\/2017\/04\/136-8.png 503w, https:\/\/www.fmsdocumentation.com\/wp-content\/uploads\/2017\/04\/136-8-300x288.png 300w\" sizes=\"auto, (max-width: 503px) 100vw, 503px\" \/><\/a><\/figure>\n\n<p>Minimalno razdoblje je jedan dan. Za odabir jednog dana jednostavno dvaput kliknite lijevu tipku mi\u0161a na \u017eeljeni dan.  Nakon toga, korisnik mora odabrati na temelju \u010dega \u0107e se generirati izvje\u0161\u0107e.<\/p>\n\n<p><strong>Izvje\u0161\u0107e na temelju<\/strong> \u2013 ova postavka definira glavni cilj izvje\u0161\u0107a. Dostupne su dvije opcije: <\/p>\n\n<ul class=\"wp-block-list\"><li>Voza\u010di<\/li><li>Objekti<\/li><\/ul>\n\n<p>To\u010dno to radi, generirano izvje\u0161\u0107e \u0107e prikazati informacije ( <em>parametri: udaljenost putovanja, lokacija po\u010detka rada itd.)<\/em> za odabrani cilj ( <em>Voza\u010di ili Objekti<\/em> ). Dakle, ako su odabrani Objekti, izvje\u0161\u0107e \u0107e prikazati informacije za specifi\u010dno odabrane objekte. <\/p>\n\n<p><strong>Objekti\/Upravlja\u010dki programi<\/strong> \u2013 ( <em>ovisi o odabiru u opciji \u201eIzvje\u0161\u0107e na temelju\u201d<\/em> ) ovo omogu\u0107uje korisniku da odabere za koje \u0107e se objekte\/upravlja\u010dke programe generirati izvje\u0161\u0107e.<\/p>\n\n<p>Ako su odabrani <em>Objekti<\/em> , popis \u0107e sadr\u017eavati i <strong>grupe<\/strong> objekata. Korisnik mo\u017ee odabrati cijelu grupu ozna\u010davanjem potvrdnog okvira ispred grupe ili kliknuti gumb \u201e+\u201d da bi pro\u0161irio grupu i vidio koji se objekti nalaze u grupi. Da bi sa\u017eeo grupu, korisnik mora kliknuti gumb \u201e-\u201d. <strong>Pojedina\u010dni objekti mogu se odabrati iz grupe<\/strong> . Va\u017eno je napomenuti da ako je odabran objekt koji je prisutan u nekoliko grupa, bit \u0107e ozna\u010den u svakoj grupi kao \u0161to je prikazano na slici ispod. Ako je odabrana cijela grupa, potvrdni okvir bit \u0107e plav s bijelom kva\u010dicom. Ako je odabran samo dio grupe, grupa \u0107e imati plavi kvadrat u potvrdnom okviru (prikazano na slici ispod). Korisnik tako\u0111er mo\u017ee koristiti pretra\u017eivanje za brzo pregledavanje velikog popisa objekata i grupa. Sve grupe mogu se odabrati\/poni\u0161titi ozna\u010davanjem potvrdnog okvira pored \u201eOdaberi sve grupe\u201d. Broj odabranih objekata i ukupan broj objekata prikazuje se u gornjem desnom kutu popisa.         <\/p>\n\n<figure class=\"wp-block-image\"><a href=\"https:\/\/www.fmsdocumentation.com\/wp-content\/uploads\/2018\/12\/281.png\"><img loading=\"lazy\" decoding=\"async\" width=\"549\" height=\"297\" src=\"https:\/\/www.fmsdocumentation.com\/wp-content\/uploads\/2018\/12\/281.png\" alt=\"\" class=\"wp-image-6727\" srcset=\"https:\/\/www.fmsdocumentation.com\/wp-content\/uploads\/2018\/12\/281.png 549w, https:\/\/www.fmsdocumentation.com\/wp-content\/uploads\/2018\/12\/281-300x162.png 300w\" sizes=\"auto, (max-width: 549px) 100vw, 549px\" \/><\/a><\/figure>\n\n<p>Ako je odabrana <em>opcija Upravlja\u010dki programi<\/em> , upravlja\u010dki programi bit \u0107e prikazani na padaju\u0107em popisu. Za odabir upravlja\u010dkog programa korisnik mora ozna\u010diti potvrdni okvir pokraj upravlja\u010dkog programa. Ozna\u010davanjem potvrdnog okvira pokraj opcije <strong>Odaberi sve<\/strong> odabrat \u0107e se\/poni\u0161titi odabir svih upravlja\u010dkih programa. Popis se automatski a\u017eurira sa svakim simbolom upisanim u traku za pretra\u017eivanje. Broj odabranih upravlja\u010dkih programa i ukupan broj upravlja\u010dkih programa prikazuje se u gornjem desnom kutu popisa.    <\/p>\n\n<figure class=\"wp-block-image\"><a href=\"https:\/\/www.fmsdocumentation.com\/wp-content\/uploads\/2018\/12\/340.png\"><img loading=\"lazy\" decoding=\"async\" width=\"549\" height=\"295\" src=\"https:\/\/www.fmsdocumentation.com\/wp-content\/uploads\/2018\/12\/340.png\" alt=\"\" class=\"wp-image-6718\" srcset=\"https:\/\/www.fmsdocumentation.com\/wp-content\/uploads\/2018\/12\/340.png 549w, https:\/\/www.fmsdocumentation.com\/wp-content\/uploads\/2018\/12\/340-300x161.png 300w\" sizes=\"auto, (max-width: 549px) 100vw, 549px\" \/><\/a><\/figure>\n\n<p><strong>Geozone<\/strong> \u2013 omogu\u0107uje odabir geozona koje \u0107e biti uklju\u010dene u izvje\u0161\u0107e. To zna\u010di da \u0107e u izvje\u0161\u0107u biti vidljivi samo doga\u0111aji koji su se dogodili unutar definiranih geozona. Mo\u017eete odabrati grupe geozona ili ih odabrati pojedina\u010dno. Za izvje\u0161\u0107e se mo\u017ee odabrati najvi\u0161e 500 geozona. Ovaj je postupak isti kao i odabir objekta\/pogonskog programa.    <\/p>\n\n<p><strong>Grupiraj po<\/strong> \u2013 omogu\u0107uje definiranje prema \u010demu \u0107e se izvje\u0161\u0107e grupirati, za ovo izvje\u0161\u0107e dostupan je sljede\u0107i odabir:<\/p>\n\n<ul class=\"wp-block-list\"><li>Voza\u010d<\/li><li>Geozona<\/li><li>Objekt<\/li><\/ul>\n\n<p><strong>Minimizirana verzija izvje\u0161\u0107a<\/strong> \u2013 onemogu\u0107eno prema zadanim postavkama. Omogu\u0107avanjem ove opcije spojit \u0107e se svi podaci o geozoni za objekt\/voza\u010da u jednu tablicu sa\u017eetka i detalja, umjesto zasebnih tablica za svaki dan odabran u izvje\u0161\u0107u. Omogu\u0107avanjem ove opcije tako\u0111er \u0107e se onemogu\u0107iti opcija <strong>Prika\u017ei sa\u017eetak izvje\u0161\u0107a<\/strong> .  <\/p>\n\n<p>Zatim korisnik mora konfigurirati <strong>popis stupaca<\/strong> . Ovo izvje\u0161\u0107e \u0107e uklju\u010divati \u200b\u200bsljede\u0107e parametre koji su odabrani prema zadanim postavkama: <\/p>\n\n<ul class=\"wp-block-list\"><li>Vrijeme unosa \u2013 datum i vrijeme kada je voza\u010d\/vozilo u\u0161lo u unaprijed definiranu geozonu. Ne mo\u017ee se poni\u0161titi odabir. <\/li><li>Vrijeme izlaska \u2013 datum i vrijeme kada je voza\u010d\/vozilo napustilo unaprijed definiranu geozonu. Ne mo\u017ee se poni\u0161titi odabir. <\/li><li>Naziv geozone \u2013 naziv unesene\/napu\u0161tene geozone<\/li><\/ul>\n\n<p>Ostali opcionalni parametri koji se mogu odabrati u <strong>popisu stupaca<\/strong> :<\/p>\n\n<ul class=\"wp-block-list\"><li>Prosje\u010dna potro\u0161nja goriva \u2013 prosje\u010dna potro\u0161nja goriva unutar geozone<\/li><li>DIN X (gdje je X = 1~4) Radno vrijeme \u2013 prikazat \u0107e radno vrijeme vozila (ako je paljenje bilo postavljeno na odabrani DIN 1~4)<\/li><li>Ime voza\u010da \u2013 ime voza\u010da<\/li><li>Vrijeme vo\u017enje \u2013 vrijeme tijekom kojeg je kontakt bio uklju\u010den<\/li><li>Krajnja lokacija \u2013 adresa lokacije gdje je pogon\/objekt napustio geozonu<\/li><li>Potro\u0161eno gorivo \u2013 potro\u0161eno gorivo u litrama unutar geozone<\/li><li>Kilometra\u017ea na po\u010detku \u2013 kilometra\u017ea na mjestu ulaska u geozonu<\/li><li>Kona\u010dna kilometra\u017ea \u2013 kilometra\u017ea u trenutku napu\u0161tanja geozone<\/li><li>Prije\u0111ena kilometra\u017ea \u2013 ukupna prije\u0111ena kilometra\u017ea unutar geozone tijekom dana<\/li><li>Po\u010detna lokacija \u2013 adresa lokacije gdje je voza\u010d\/objekt u\u0161ao u geozonu<\/li><li>Vrijeme zaustavljanja \u2013 vrijeme kada se vozilo zaustavilo<\/li><li>Vrijeme posjeta \u2013 ukupno vrijeme provedeno u geozoni tijekom dana<\/li><\/ul>\n\n<p><strong>Prika\u017ei sa\u017eetak izvje\u0161\u0107a<\/strong> \u2013 omogu\u0107eno prema zadanim postavkama, ova \u0107e opcija uklju\u010divati \u200b\u200bodjeljak sa\u017eetka u izvje\u0161\u0107e. Ovo \u0107e sa\u017eeti sve informacije u izvje\u0161\u0107u i uklju\u010diti prethodno odabrane <strong>stupce u sa\u017eetak.<\/strong> <\/p>\n\n<p>Sljede\u0107i stupci bit \u0107e u <strong>sa\u017eetku<\/strong> prema zadanim postavkama:<\/p>\n\n<ul class=\"wp-block-list\"><li>Vozilo \u2013 naziv vozila. Ne mo\u017ee se poni\u0161titi odabir. <\/li><\/ul>\n\n<p>Ostali opcionalni parametri koji se mogu odabrati u <strong>popisu stupaca sa\u017eetka<\/strong> :<\/p>\n\n<ul class=\"wp-block-list\"><li>Vrijeme vo\u017enje \u2013 vrijeme tijekom kojeg je kontakt bio uklju\u010den<\/li><li>Ulazak u geozone \u2013 broj ulazaka voza\u010da\/vozila u unaprijed definirane geozone<\/li><li>Potro\u0161eno gorivo \u2013 ukupna koli\u010dina potro\u0161enog goriva<\/li><li>Prije\u0111ena kilometra\u017ea \u2013 ukupna prije\u0111ena kilometra\u017ea unutar geozone tijekom dana<\/li><li>Vrijeme zaustavljanja \u2013 vrijeme kada se vozilo zaustavilo<\/li><li>Vrijeme posjeta \u2013 ukupno vrijeme provedeno u geozoni tijekom dana<\/li><\/ul>\n\n<p>Nakon odabira parametara u stupcima, korisnik mora odabrati <strong>geozone<\/strong> za koje \u0107e se generirati ovo izvje\u0161\u0107e, stoga \u0107e se u izvje\u0161\u0107u prikazivati \u200b\u200bsamo doga\u0111aji povezani s odabranim geozonama. Odabir je identi\u010dan odabiru upravlja\u010dkih programa\/objekta. <\/p>\n\n<figure class=\"wp-block-image\"><a href=\"https:\/\/www.fmsdocumentation.com\/wp-content\/uploads\/2020\/09\/222.png\"><img loading=\"lazy\" decoding=\"async\" width=\"1024\" height=\"430\" src=\"https:\/\/www.fmsdocumentation.com\/wp-content\/uploads\/2020\/09\/222-1024x430.png\" alt=\"\" class=\"wp-image-9919\" srcset=\"https:\/\/www.fmsdocumentation.com\/wp-content\/uploads\/2020\/09\/222-1024x430.png 1024w, https:\/\/www.fmsdocumentation.com\/wp-content\/uploads\/2020\/09\/222-300x126.png 300w, https:\/\/www.fmsdocumentation.com\/wp-content\/uploads\/2020\/09\/222-768x322.png 768w, https:\/\/www.fmsdocumentation.com\/wp-content\/uploads\/2020\/09\/222.png 1489w\" sizes=\"auto, (max-width: 1024px) 100vw, 1024px\" \/><\/a><\/figure>\n\n<p>Za dovr\u0161etak i generiranje izvje\u0161\u0107a korisnik mora kliknuti gumb <strong>Generiraj<\/strong> . Za otkazivanje izrade izvje\u0161\u0107a korisnik mora kliknuti gumb <strong>Otka\u017ei<\/strong> . <\/p>\n\n<figure class=\"wp-block-image\"><a href=\"https:\/\/www.fmsdocumentation.com\/wp-content\/uploads\/2017\/04\/202.png\"><img loading=\"lazy\" decoding=\"async\" width=\"569\" height=\"79\" src=\"https:\/\/www.fmsdocumentation.com\/wp-content\/uploads\/2017\/04\/202.png\" alt=\"\" class=\"wp-image-398\" srcset=\"https:\/\/www.fmsdocumentation.com\/wp-content\/uploads\/2017\/04\/202.png 569w, https:\/\/www.fmsdocumentation.com\/wp-content\/uploads\/2017\/04\/202-300x42.png 300w\" sizes=\"auto, (max-width: 569px) 100vw, 569px\" \/><\/a><\/figure>\n\n<hr class=\"wp-block-separator\"\/>\n\n<p><div class=\"alignleft\"><a href=\"https:\/\/www.fmsdocumentation.com\/hr\/izbornik-izvjesca\/izvjesce-o-spremniku-goriva\/\" title=\"Izvje\u0161\u0107e o spremniku goriva\"><span class=\"arrow\">\u2039 &nbsp <\/span> Izvje\u0161\u0107e o spremniku goriva <\/a><\/div> <div class=\"alignright\"><a href=\"https:\/\/www.fmsdocumentation.com\/hr\/izbornik-izvjesca\/izvjesce-o-parametrima-preko-ogranicenja\/\" title=\"Izvje\u0161\u0107e o parametrima preko ograni\u010denja\">Izvje\u0161\u0107e o parametrima preko ograni\u010denja <span class=\"arrow\"> &nbsp\u203a <\/span> <\/a><\/div><\/p>\n","protected":false},"excerpt":{"rendered":"<p>Izvje\u0161\u0107e o geozonama \u2013 ova vrsta izvje\u0161\u0107a uglavnom je usmjerena na aktivnosti oko i unutar odre\u0111enih geozona. Geozone postavlja korisnik u izborniku geozona. Prvo \u0161to korisnik mora odabrati je raspon datuma za koji \u0107e se ovo izvje\u0161\u0107e generirati. Raspon datuma \u2013 za odabir datuma korisnik mora kliknuti na \u201eOdaberi raspon datuma\u201d \u0161to \u0107e otvoriti plo\u010du &hellip; <a href=\"https:\/\/www.fmsdocumentation.com\/hr\/izbornik-izvjesca\/izvjesce-o-geozonama\/\" class=\"more-link\">Continue reading <span class=\"screen-reader-text\">Izvje\u0161\u0107e o geozonama<\/span><\/a><\/p>\n","protected":false},"author":1,"featured_media":0,"parent":15255,"menu_order":9,"comment_status":"closed","ping_status":"closed","template":"","meta":{"footnotes":""},"class_list":["post-15165","page","type-page","status-publish","hentry"],"_links":{"self":[{"href":"https:\/\/www.fmsdocumentation.com\/hr\/wp-json\/wp\/v2\/pages\/15165","targetHints":{"allow":["GET"]}}],"collection":[{"href":"https:\/\/www.fmsdocumentation.com\/hr\/wp-json\/wp\/v2\/pages"}],"about":[{"href":"https:\/\/www.fmsdocumentation.com\/hr\/wp-json\/wp\/v2\/types\/page"}],"author":[{"embeddable":true,"href":"https:\/\/www.fmsdocumentation.com\/hr\/wp-json\/wp\/v2\/users\/1"}],"replies":[{"embeddable":true,"href":"https:\/\/www.fmsdocumentation.com\/hr\/wp-json\/wp\/v2\/comments?post=15165"}],"version-history":[{"count":1,"href":"https:\/\/www.fmsdocumentation.com\/hr\/wp-json\/wp\/v2\/pages\/15165\/revisions"}],"predecessor-version":[{"id":15189,"href":"https:\/\/www.fmsdocumentation.com\/hr\/wp-json\/wp\/v2\/pages\/15165\/revisions\/15189"}],"up":[{"embeddable":true,"href":"https:\/\/www.fmsdocumentation.com\/hr\/wp-json\/wp\/v2\/pages\/15255"}],"wp:attachment":[{"href":"https:\/\/www.fmsdocumentation.com\/hr\/wp-json\/wp\/v2\/media?parent=15165"}],"curies":[{"name":"wp","href":"https:\/\/api.w.org\/{rel}","templated":true}]}}