{"id":15203,"date":"2025-05-29T13:28:47","date_gmt":"2025-05-29T10:28:47","guid":{"rendered":"https:\/\/www.fmsdocumentation.com\/moji-zadaci\/"},"modified":"2025-05-29T13:30:38","modified_gmt":"2025-05-29T10:30:38","slug":"moji-zadaci","status":"publish","type":"page","link":"https:\/\/www.fmsdocumentation.com\/hr\/instalacija-i-prijava-na-ontrack\/moji-zadaci\/","title":{"rendered":"Moji zadaci"},"content":{"rendered":"<p>Nakon prijave, korisnik se prvo usmjerava na plo\u010du \u201eMoji zadaci\u201d i KARTICU \u201eMoji zadaci\u201d. Naziv trenutne plo\u010de uvijek se prikazuje na vrhu. Trenutno odabrana KARTICA ozna\u010dena je bijelom bojom (dok su ostale sive), a KARTICA je ispod nje ozna\u010dena plavom trakom. Na ovoj plo\u010di dostupne su tri KARTICE:   <\/p>\n<ul>\n<li>Moji zadaci \u2013 Sadr\u017ee popis zadataka primljenih od operatera, zadatke je mogu\u0107e kreirati, dodijeliti i mijenjati u FMS panelu \u201eZadaci\u201d. Opisano je u odjeljku \u201e<a href=\"https:\/\/www.fmsdocumentation.com\/creating-new-tasks\/\">Zadaci<\/a>\u201d. <\/li>\n<li>Zavr\u0161eno \u2013 Ova kartica \u0107e prikazivati \u200b\u200bve\u0107 prihva\u0107ene i dovr\u0161ene zadatke. Ova plo\u010da je uglavnom namijenjena pregledu starih zadataka. <\/li>\n<li>Otkazano &#8211; Ova kartica \u0107e prikazati otkazane zadatke od strane voza\u010da. Ova plo\u010da je uglavnom namijenjena pregledu starih zadataka. <\/li>\n<\/ul>\n<p style=\"background-color: #2e67b1; color: #ffffff; padding-left: 10px; padding-right: 10px;\"><p class=\"note\">Bilje\u0161ka<br \/>\n Nakon \u0161to voza\u010d zapo\u010dne s radom na zadatku, on se ne mo\u017ee mijenjati, a mo\u017ee se naknadno dovr\u0161iti ili otkazati. Ako se zadatak otka\u017ee, naknadno se ne mo\u017ee prihvatiti. Ako je zadatak dovr\u0161en, na njemu se ne mogu vr\u0161iti daljnje izmjene.  <\/p><\/p>\n<p><a href=\"https:\/\/www.fmsdocumentation.com\/wp-content\/uploads\/2017\/04\/181.png\"><img loading=\"lazy\" decoding=\"async\" class=\"alignnone wp-image-294 size-medium\" src=\"https:\/\/www.fmsdocumentation.com\/wp-content\/uploads\/2017\/04\/181-300x255.png\" alt=\"\" width=\"300\" height=\"255\" srcset=\"https:\/\/www.fmsdocumentation.com\/wp-content\/uploads\/2017\/04\/181-300x255.png 300w, https:\/\/www.fmsdocumentation.com\/wp-content\/uploads\/2017\/04\/181.png 720w\" sizes=\"auto, (max-width: 300px) 100vw, 300px\" \/><\/a><\/p>\n<p>Svaki zadatak na popisu prikazuje osnovne informacije:<\/p>\n<ol>\n<li>Puna adresa odredi\u0161ta;<\/li>\n<li>Datum i vrijeme dolaska;<\/li>\n<li>Pro\u010ditano\/nepro\u010ditano &#8211; ako je zadatak nov i jo\u0161 nije pro\u010ditan, desno od njega \u0107e se prikazati siva to\u010dka. Ako je zadatak pro\u010ditan, to\u010dka se ne\u0107e prikazati. <\/li>\n<\/ol>\n<p><a href=\"https:\/\/www.fmsdocumentation.com\/wp-content\/uploads\/2017\/04\/225.png\"><img loading=\"lazy\" decoding=\"async\" class=\"alignnone wp-image-432 size-medium\" src=\"https:\/\/www.fmsdocumentation.com\/wp-content\/uploads\/2017\/04\/225-300x193.png\" alt=\"\" width=\"300\" height=\"193\" srcset=\"https:\/\/www.fmsdocumentation.com\/wp-content\/uploads\/2017\/04\/225-300x193.png 300w, https:\/\/www.fmsdocumentation.com\/wp-content\/uploads\/2017\/04\/225.png 720w\" sizes=\"auto, (max-width: 300px) 100vw, 300px\" \/><\/a><\/p>\n<p><p class=\"note\">Bilje\u0161ka<br \/>\n Datum dolaska ne postavlja nikakva ograni\u010denja za promjenu statusa nakon tog datuma.<em>Na primjer: postavljeni datum je <sup>10.<\/sup> studenog, ali voza\u010d je stigao <sup>15.<\/sup> studenog. Voza\u010d i dalje mo\u017ee ozna\u010diti zadatak kao dovr\u0161en. Drugi primjer: Datum dolaska je <sup>10.<\/sup> studenog, trenutni dan je <sup>11.<\/sup> studenog, voza\u010d mo\u017ee odbiti zadatak ako to \u017eeli.  <\/em>)<\/p><\/p>\n<p>Zadatak se mo\u017ee pro\u0161iriti kako bi se prikazale dodatne informacije. Da bi to u\u010dinio, korisnik jednostavno mora kliknuti na zadatak, \u0161to \u0107e otvoriti novu plo\u010du s detaljima odabranog zadatka. Ova plo\u010da \u0107e sadr\u017eavati sljede\u0107e:  <\/p>\n<ul>\n<li>Karta s trenutnom lokacijom, po\u010detnom lokacijom i odredi\u0161nom lokacijom;<\/li>\n<li>Udaljenost od po\u010detne lokacije do odredi\u0161ne \u200b\u200blokacije;<\/li>\n<li>Datum i vrijeme dolaska;<\/li>\n<li>Procijenjeno trajanje putovanja od po\u010detne do odredi\u0161ne \u200b\u200blokacije.<\/li>\n<li>Adresa po\u010detne lokacije;<\/li>\n<li>Adresa odredi\u0161ne \u200b\u200blokacije;<\/li>\n<li>Dodatne napomene \u2013 Ovdje \u0107e voza\u010d vidjeti dodatne informacije koje je operater prilo\u017eio zadatku (ograni\u010deno na 250 znakova), to je opisano u odjeljku \u201e<a href=\"https:\/\/www.fmsdocumentation.com\/tasks-menu\/creating-new-tasks\/\">Stvaranje novih zadataka<\/a>\u201d.<\/li>\n<li>Simbol usmjeravanja<img loading=\"lazy\" decoding=\"async\" class=\"alignnone wp-image-651\" src=\"https:\/\/www.fmsdocumentation.com\/wp-content\/uploads\/2017\/04\/183-1.png\" alt=\"\" width=\"43\" height=\"42\"> &#8211; generirat \u0107e rutu od trenutne lokacije do odredi\u0161ne \u200b\u200blokacije koriste\u0107i navigacijski sustav ugra\u0111en u korisni\u010dke ure\u0111aje ( <em>na primjer: Google karte itd<\/em> .);<\/li>\n<li>Odbaci \u2013 Ozna\u010dit \u0107e zadatak kao odbijen;<\/li>\n<li>Po\u010detak \u2013 Ozna\u010dit \u0107e zadatak kao u tijeku (zadatak se mo\u017ee otkazati nakon \u0161to je napredak zapo\u010deo);<\/li>\n<li>Zavr\u0161eno \u2013 Ozna\u010dit \u0107e zadatak kao dovr\u0161en (prikazuje se tek nakon \u0161to je kliknuto na po\u010detak).<\/li>\n<\/ul>\n<p><a href=\"https:\/\/www.fmsdocumentation.com\/wp-content\/uploads\/2017\/04\/184-2.png\"><img loading=\"lazy\" decoding=\"async\" class=\"alignnone wp-image-652 size-medium\" src=\"https:\/\/www.fmsdocumentation.com\/wp-content\/uploads\/2017\/04\/184-2-189x300.png\" alt=\"\" width=\"189\" height=\"300\" srcset=\"https:\/\/www.fmsdocumentation.com\/wp-content\/uploads\/2017\/04\/184-2-189x300.png 189w, https:\/\/www.fmsdocumentation.com\/wp-content\/uploads\/2017\/04\/184-2-647x1024.png 647w, https:\/\/www.fmsdocumentation.com\/wp-content\/uploads\/2017\/04\/184-2.png 720w\" sizes=\"auto, (max-width: 189px) 100vw, 189px\" \/><\/a><\/p>\n<p>Za izlaz iz pro\u0161irene plo\u010de prikaza, jednostavno kliknite malu strelicu lijevo u gornjem lijevom kutu zaslona, \u200b\u200b\u0161to \u0107e korisnika vratiti na plo\u010du \u201eMoji zadaci\u201d.<\/p>\n<p><img loading=\"lazy\" decoding=\"async\" class=\"wp-image-653 size-medium alignnone\" src=\"https:\/\/www.fmsdocumentation.com\/wp-content\/uploads\/2017\/04\/185-1-300x46.png\" alt=\"\" width=\"300\" height=\"46\" srcset=\"https:\/\/www.fmsdocumentation.com\/wp-content\/uploads\/2017\/04\/185-1-300x46.png 300w, https:\/\/www.fmsdocumentation.com\/wp-content\/uploads\/2017\/04\/185-1.png 720w\" sizes=\"auto, (max-width: 300px) 100vw, 300px\" \/><\/p>\n<p>Kartice <strong>Zavr\u0161eno<\/strong> i <b>Otkazano<\/b> \u2013 uglavnom su identi\u010dne kartici \u201eMoji zadaci\u201d, svi zadaci prikazani su na popisu i na sve zadatke se mo\u017ee kliknuti za pro\u0161irenje prikaza. Jedina razlika je odsutnost gumba \u201eOdbaci\u201d i \u201eZavr\u0161eno\u201d uz gumb za preusmjeravanje. <\/p>\n<p><a href=\"https:\/\/www.fmsdocumentation.com\/wp-content\/uploads\/2017\/04\/186-1.png\"><img loading=\"lazy\" decoding=\"async\" class=\"alignnone wp-image-655 size-medium\" src=\"https:\/\/www.fmsdocumentation.com\/wp-content\/uploads\/2017\/04\/186-1-189x300.png\" alt=\"\" width=\"189\" height=\"300\" srcset=\"https:\/\/www.fmsdocumentation.com\/wp-content\/uploads\/2017\/04\/186-1-189x300.png 189w, https:\/\/www.fmsdocumentation.com\/wp-content\/uploads\/2017\/04\/186-1-647x1024.png 647w, https:\/\/www.fmsdocumentation.com\/wp-content\/uploads\/2017\/04\/186-1.png 720w\" sizes=\"auto, (max-width: 189px) 100vw, 189px\" \/><\/a><\/p>\n<hr>\n<p> <div class=\"alignright\"><a href=\"https:\/\/www.fmsdocumentation.com\/hr\/tovarni-list\/\" title=\"Tovarni list\">Tovarni list <span class=\"arrow\"> &nbsp\u203a <\/span> <\/a><\/div><\/p>\n","protected":false},"excerpt":{"rendered":"<p>Nakon prijave, korisnik se prvo usmjerava na plo\u010du \u201eMoji zadaci\u201d i KARTICU \u201eMoji zadaci\u201d. Naziv trenutne plo\u010de uvijek se prikazuje na vrhu. Trenutno odabrana KARTICA ozna\u010dena je bijelom bojom (dok su ostale sive), a KARTICA je ispod nje ozna\u010dena plavom trakom. Na ovoj plo\u010di dostupne su tri KARTICE: Moji zadaci \u2013 Sadr\u017ee popis zadataka primljenih &hellip; <a href=\"https:\/\/www.fmsdocumentation.com\/hr\/instalacija-i-prijava-na-ontrack\/moji-zadaci\/\" class=\"more-link\">Continue reading <span class=\"screen-reader-text\">Moji zadaci<\/span><\/a><\/p>\n","protected":false},"author":1,"featured_media":0,"parent":15216,"menu_order":3,"comment_status":"closed","ping_status":"closed","template":"","meta":{"footnotes":""},"class_list":["post-15203","page","type-page","status-publish","hentry"],"_links":{"self":[{"href":"https:\/\/www.fmsdocumentation.com\/hr\/wp-json\/wp\/v2\/pages\/15203","targetHints":{"allow":["GET"]}}],"collection":[{"href":"https:\/\/www.fmsdocumentation.com\/hr\/wp-json\/wp\/v2\/pages"}],"about":[{"href":"https:\/\/www.fmsdocumentation.com\/hr\/wp-json\/wp\/v2\/types\/page"}],"author":[{"embeddable":true,"href":"https:\/\/www.fmsdocumentation.com\/hr\/wp-json\/wp\/v2\/users\/1"}],"replies":[{"embeddable":true,"href":"https:\/\/www.fmsdocumentation.com\/hr\/wp-json\/wp\/v2\/comments?post=15203"}],"version-history":[{"count":1,"href":"https:\/\/www.fmsdocumentation.com\/hr\/wp-json\/wp\/v2\/pages\/15203\/revisions"}],"predecessor-version":[{"id":15217,"href":"https:\/\/www.fmsdocumentation.com\/hr\/wp-json\/wp\/v2\/pages\/15203\/revisions\/15217"}],"up":[{"embeddable":true,"href":"https:\/\/www.fmsdocumentation.com\/hr\/wp-json\/wp\/v2\/pages\/15216"}],"wp:attachment":[{"href":"https:\/\/www.fmsdocumentation.com\/hr\/wp-json\/wp\/v2\/media?parent=15203"}],"curies":[{"name":"wp","href":"https:\/\/api.w.org\/{rel}","templated":true}]}}