{"id":15219,"date":"2025-05-29T13:30:39","date_gmt":"2025-05-29T10:30:39","guid":{"rendered":"https:\/\/www.fmsdocumentation.com\/upravljanje-izvjescima\/"},"modified":"2025-05-29T13:30:41","modified_gmt":"2025-05-29T10:30:41","slug":"upravljanje-izvjescima","status":"publish","type":"page","link":"https:\/\/www.fmsdocumentation.com\/hr\/izbornik-izvjesca\/upravljanje-izvjescima\/","title":{"rendered":"Upravljanje izvje\u0161\u0107ima"},"content":{"rendered":"<p>Nakon \u0161to se klikne na <strong>Generiraj<\/strong> , izvje\u0161\u0107e \u0107e se po\u010deti generirati, a korisnik \u0107e vidjeti prozor kao \u0161to je prikazano dolje.<\/p>\n<p><a href=\"https:\/\/www.fmsdocumentation.com\/wp-content\/uploads\/2019\/01\/145-1.png\"><img loading=\"lazy\" decoding=\"async\" class=\"alignnone wp-image-7097 size-large\" src=\"https:\/\/www.fmsdocumentation.com\/wp-content\/uploads\/2019\/01\/145-1-1024x457.png\" alt=\"\" width=\"660\" height=\"295\" srcset=\"https:\/\/www.fmsdocumentation.com\/wp-content\/uploads\/2019\/01\/145-1-1024x457.png 1024w, https:\/\/www.fmsdocumentation.com\/wp-content\/uploads\/2019\/01\/145-1-300x134.png 300w, https:\/\/www.fmsdocumentation.com\/wp-content\/uploads\/2019\/01\/145-1-768x342.png 768w, https:\/\/www.fmsdocumentation.com\/wp-content\/uploads\/2019\/01\/145-1.png 1859w\" sizes=\"auto, (max-width: 660px) 100vw, 660px\" \/><\/a><\/p>\n<p>Za brisanje izvje\u0161\u0107a, korisnik mora kliknuti potvrdni okvir na po\u010detku izvje\u0161\u0107a, nakon \u010dega \u0107e se pojaviti gumb <strong>Izbri\u0161i odabrano<\/strong> .<\/p>\n<p><a href=\"https:\/\/www.fmsdocumentation.com\/wp-content\/uploads\/2017\/04\/145-1.png\"><img loading=\"lazy\" decoding=\"async\" class=\"alignnone wp-image-1568 size-large\" src=\"https:\/\/www.fmsdocumentation.com\/wp-content\/uploads\/2017\/04\/145-1-1024x274.png\" alt=\"\" width=\"660\" height=\"177\" srcset=\"https:\/\/www.fmsdocumentation.com\/wp-content\/uploads\/2017\/04\/145-1-1024x274.png 1024w, https:\/\/www.fmsdocumentation.com\/wp-content\/uploads\/2017\/04\/145-1-300x80.png 300w, https:\/\/www.fmsdocumentation.com\/wp-content\/uploads\/2017\/04\/145-1-768x206.png 768w, https:\/\/www.fmsdocumentation.com\/wp-content\/uploads\/2017\/04\/145-1.png 1866w\" sizes=\"auto, (max-width: 660px) 100vw, 660px\" \/><\/a><\/p>\n<p>Klikom na gumb <strong>Izbri\u0161i odabrano<\/strong> otvorit \u0107e se prozor za potvrdu u kojem korisnik mora potvrditi postupak brisanja.<\/p>\n<p>Korisnik mo\u017ee ozna\u010diti sva izvje\u0161\u0107a odjednom klikom na potvrdni okvir koji se nalazi u zaglavlju. To \u0107e uklju\u010divati \u200b\u200bve\u0107 ozna\u010dene okvire ( <em>odabir nije invertiran<\/em> ) ili se to mo\u017ee koristiti za poni\u0161tavanje odabira svih izvje\u0161\u0107a, korisnik jednostavno mora dva puta kliknuti na potvrdni okvir ( <em>prvi klik \u0107e odabrati sva izvje\u0161\u0107a, drugi \u0107e poni\u0161titi odabir svih odabranih<\/em> ). Ako korisnik ru\u010dno odabere sva izvje\u0161\u0107a, potvrdni okvir u zaglavlju \u0107e se automatski istaknuti.  <\/p>\n<p><a href=\"https:\/\/www.fmsdocumentation.com\/wp-content\/uploads\/2017\/04\/146-1.png\"><img loading=\"lazy\" decoding=\"async\" class=\"alignnone wp-image-1569 size-large\" src=\"https:\/\/www.fmsdocumentation.com\/wp-content\/uploads\/2017\/04\/146-1-1024x309.png\" alt=\"\" width=\"660\" height=\"199\" srcset=\"https:\/\/www.fmsdocumentation.com\/wp-content\/uploads\/2017\/04\/146-1-1024x309.png 1024w, https:\/\/www.fmsdocumentation.com\/wp-content\/uploads\/2017\/04\/146-1-300x91.png 300w, https:\/\/www.fmsdocumentation.com\/wp-content\/uploads\/2017\/04\/146-1-768x232.png 768w, https:\/\/www.fmsdocumentation.com\/wp-content\/uploads\/2017\/04\/146-1.png 1866w\" sizes=\"auto, (max-width: 660px) 100vw, 660px\" \/><\/a><\/p>\n<hr>\n<p><div class=\"alignleft\"><a href=\"https:\/\/www.fmsdocumentation.com\/hr\/izbornik-izvjesca\/izvjesce-o-radnom-vremenu\/\" title=\"Izvje\u0161\u0107e o radnom vremenu\"><span class=\"arrow\">\u2039 &nbsp <\/span> Izvje\u0161\u0107e o radnom vremenu <\/a><\/div> <div class=\"alignright\"><a href=\"https:\/\/www.fmsdocumentation.com\/hr\/izbornik-izvjesca\/pregled-izvjesca\/\" title=\"Pregled izvje\u0161\u0107a\">Pregled izvje\u0161\u0107a <span class=\"arrow\"> &nbsp\u203a <\/span> <\/a><\/div><\/p>\n","protected":false},"excerpt":{"rendered":"<p>Nakon \u0161to se klikne na Generiraj , izvje\u0161\u0107e \u0107e se po\u010deti generirati, a korisnik \u0107e vidjeti prozor kao \u0161to je prikazano dolje. Za brisanje izvje\u0161\u0107a, korisnik mora kliknuti potvrdni okvir na po\u010detku izvje\u0161\u0107a, nakon \u010dega \u0107e se pojaviti gumb Izbri\u0161i odabrano . Klikom na gumb Izbri\u0161i odabrano otvorit \u0107e se prozor za potvrdu u kojem &hellip; <a href=\"https:\/\/www.fmsdocumentation.com\/hr\/izbornik-izvjesca\/upravljanje-izvjescima\/\" class=\"more-link\">Continue reading <span class=\"screen-reader-text\">Upravljanje izvje\u0161\u0107ima<\/span><\/a><\/p>\n","protected":false},"author":1,"featured_media":0,"parent":15255,"menu_order":15,"comment_status":"closed","ping_status":"closed","template":"","meta":{"footnotes":""},"class_list":["post-15219","page","type-page","status-publish","hentry"],"_links":{"self":[{"href":"https:\/\/www.fmsdocumentation.com\/hr\/wp-json\/wp\/v2\/pages\/15219","targetHints":{"allow":["GET"]}}],"collection":[{"href":"https:\/\/www.fmsdocumentation.com\/hr\/wp-json\/wp\/v2\/pages"}],"about":[{"href":"https:\/\/www.fmsdocumentation.com\/hr\/wp-json\/wp\/v2\/types\/page"}],"author":[{"embeddable":true,"href":"https:\/\/www.fmsdocumentation.com\/hr\/wp-json\/wp\/v2\/users\/1"}],"replies":[{"embeddable":true,"href":"https:\/\/www.fmsdocumentation.com\/hr\/wp-json\/wp\/v2\/comments?post=15219"}],"version-history":[{"count":1,"href":"https:\/\/www.fmsdocumentation.com\/hr\/wp-json\/wp\/v2\/pages\/15219\/revisions"}],"predecessor-version":[{"id":15287,"href":"https:\/\/www.fmsdocumentation.com\/hr\/wp-json\/wp\/v2\/pages\/15219\/revisions\/15287"}],"up":[{"embeddable":true,"href":"https:\/\/www.fmsdocumentation.com\/hr\/wp-json\/wp\/v2\/pages\/15255"}],"wp:attachment":[{"href":"https:\/\/www.fmsdocumentation.com\/hr\/wp-json\/wp\/v2\/media?parent=15219"}],"curies":[{"name":"wp","href":"https:\/\/api.w.org\/{rel}","templated":true}]}}