{"id":15227,"date":"2025-05-29T13:30:39","date_gmt":"2025-05-29T10:30:39","guid":{"rendered":"https:\/\/www.fmsdocumentation.com\/pregled-izvjesca\/"},"modified":"2025-05-29T13:30:41","modified_gmt":"2025-05-29T10:30:41","slug":"pregled-izvjesca","status":"publish","type":"page","link":"https:\/\/www.fmsdocumentation.com\/hr\/izbornik-izvjesca\/pregled-izvjesca\/","title":{"rendered":"Pregled izvje\u0161\u0107a"},"content":{"rendered":"<p>Izvje\u0161\u0107a se mogu filtrirati prema nekoliko kriterija:<\/p>\n<ul>\n<li>Naziv pretplate &#8211; traka za pretra\u017eivanje koja \u0107e filtrirati izvje\u0161\u0107a temeljena na pretplati;<\/li>\n<li>Vrsta izvje\u0161\u0107a;<\/li>\n<li>Izvje\u0161\u0107e na temelju (objekata\/pogona);<\/li>\n<li>Raspon datuma &#8211; korisnik mo\u017ee odabrati prikaz izvje\u0161\u0107a samo za odre\u0111eno vremensko razdoblje.<\/li>\n<\/ul>\n<p>Svi ovi filteri nalaze se na vrhu stranice.<\/p>\n<p><a href=\"https:\/\/www.fmsdocumentation.com\/wp-content\/uploads\/2018\/11\/274.png\"><img loading=\"lazy\" decoding=\"async\" class=\"alignnone size-large wp-image-6254\" src=\"https:\/\/www.fmsdocumentation.com\/wp-content\/uploads\/2018\/11\/274-1024x191.png\" alt=\"\" width=\"660\" height=\"123\" srcset=\"https:\/\/www.fmsdocumentation.com\/wp-content\/uploads\/2018\/11\/274-1024x191.png 1024w, https:\/\/www.fmsdocumentation.com\/wp-content\/uploads\/2018\/11\/274-300x56.png 300w, https:\/\/www.fmsdocumentation.com\/wp-content\/uploads\/2018\/11\/274-768x143.png 768w, https:\/\/www.fmsdocumentation.com\/wp-content\/uploads\/2018\/11\/274.png 1852w\" sizes=\"auto, (max-width: 660px) 100vw, 660px\" \/><\/a><\/p>\n<p>Izvje\u0161\u0107a su na popisu kronolo\u0161ki formatirana s najnovijim (nedavno generiranim) na vrhu. Svako izvje\u0161\u0107e prikazuje se s osnovnim informacijama o njegovom sadr\u017eaju. Te informacije su:  <\/p>\n<ul>\n<li><strong>Vrsta izvje\u0161\u0107a<\/strong> ;<\/li>\n<li><strong>Informacije o izvje\u0161\u0107u;<\/strong><\/li>\n<li><strong>Naziv pretplate;<\/strong><\/li>\n<li><strong>Izvje\u0161\u0107e na temelju;<\/strong><\/li>\n<li><strong>Datum generiranja izvje\u0161\u0107a<\/strong> .<\/li>\n<\/ul>\n<p><a href=\"https:\/\/www.fmsdocumentation.com\/wp-content\/uploads\/2017\/04\/147-1.png\"><img loading=\"lazy\" decoding=\"async\" class=\"alignnone wp-image-929 size-large\" src=\"https:\/\/www.fmsdocumentation.com\/wp-content\/uploads\/2017\/04\/147-1-1024x178.png\" alt=\"\" width=\"660\" height=\"115\" srcset=\"https:\/\/www.fmsdocumentation.com\/wp-content\/uploads\/2017\/04\/147-1-1024x178.png 1024w, https:\/\/www.fmsdocumentation.com\/wp-content\/uploads\/2017\/04\/147-1-300x52.png 300w, https:\/\/www.fmsdocumentation.com\/wp-content\/uploads\/2017\/04\/147-1-768x133.png 768w, https:\/\/www.fmsdocumentation.com\/wp-content\/uploads\/2017\/04\/147-1.png 1843w\" sizes=\"auto, (max-width: 660px) 100vw, 660px\" \/><\/a><\/p>\n<p>Za otvaranje izvje\u0161\u0107a korisnik mora kliknuti gumb \u201ePrika\u017ei izvje\u0161\u0107e\u201d koji se nalazi na krajnjoj desnoj strani svakog opisa izvje\u0161\u0107a.<\/p>\n<p><a href=\"https:\/\/www.fmsdocumentation.com\/wp-content\/uploads\/2017\/04\/148-1.png\"><img loading=\"lazy\" decoding=\"async\" class=\"alignnone wp-image-930 size-large\" src=\"https:\/\/www.fmsdocumentation.com\/wp-content\/uploads\/2017\/04\/148-1-1024x191.png\" alt=\"\" width=\"660\" height=\"123\" srcset=\"https:\/\/www.fmsdocumentation.com\/wp-content\/uploads\/2017\/04\/148-1-1024x191.png 1024w, https:\/\/www.fmsdocumentation.com\/wp-content\/uploads\/2017\/04\/148-1-300x56.png 300w, https:\/\/www.fmsdocumentation.com\/wp-content\/uploads\/2017\/04\/148-1-768x143.png 768w, https:\/\/www.fmsdocumentation.com\/wp-content\/uploads\/2017\/04\/148-1.png 1125w\" sizes=\"auto, (max-width: 660px) 100vw, 660px\" \/><\/a><\/p>\n<p>Izvje\u0161\u0107e \u0107e se otvoriti u novom prozoru i korisnik \u0107e biti preusmjeren na taj prozor. Istovremeno se mo\u017ee otvoriti vi\u0161e izvje\u0161\u0107a; svako \u0107e se izvje\u0161\u0107e jednostavno otvoriti u novom prozoru. Ako je izvje\u0161\u0107e veliko, u\u010ditavanje stranice izvje\u0161\u0107a mo\u017ee potrajati neko vrijeme.  <\/p>\n<p>Pregled izvje\u0161\u0107a prikazan je u nastavku. Izvje\u0161\u0107e \u0107e sadr\u017eavati sve parametre koje je korisnik odabrao u postavkama izvje\u0161\u0107a. Ako korisnik \u017eeli ispisati izvje\u0161\u0107e, mora kliknuti gumb pisa\u010da koji se nalazi u gornjem desnom kutu izvje\u0161\u0107a. Pregled izvje\u0161\u0107a:   <\/p>\n<p><a href=\"https:\/\/www.fmsdocumentation.com\/wp-content\/uploads\/2017\/04\/149-1.png\"><img loading=\"lazy\" decoding=\"async\" class=\"alignnone wp-image-1574 size-full\" src=\"https:\/\/www.fmsdocumentation.com\/wp-content\/uploads\/2017\/04\/149-1.png\" alt=\"\" width=\"911\" height=\"924\" srcset=\"https:\/\/www.fmsdocumentation.com\/wp-content\/uploads\/2017\/04\/149-1.png 911w, https:\/\/www.fmsdocumentation.com\/wp-content\/uploads\/2017\/04\/149-1-296x300.png 296w, https:\/\/www.fmsdocumentation.com\/wp-content\/uploads\/2017\/04\/149-1-768x779.png 768w\" sizes=\"auto, (max-width: 911px) 100vw, 911px\" \/><\/a><\/p>\n<p>Korisnik tako\u0111er mo\u017ee izvesti izvje\u0161\u0107e u PDF ili EXCEL formatu klikom na odgovaraju\u0107u ikonu na krajnjoj desnoj strani zaslona izvje\u0161\u0107a.<\/p>\n<p><a href=\"https:\/\/www.fmsdocumentation.com\/wp-content\/uploads\/2017\/04\/150.png\"><img loading=\"lazy\" decoding=\"async\" class=\"alignnone wp-image-251 size-large\" src=\"https:\/\/www.fmsdocumentation.com\/wp-content\/uploads\/2017\/04\/150-1024x185.png\" alt=\"\" width=\"660\" height=\"119\" srcset=\"https:\/\/www.fmsdocumentation.com\/wp-content\/uploads\/2017\/04\/150-1024x185.png 1024w, https:\/\/www.fmsdocumentation.com\/wp-content\/uploads\/2017\/04\/150-300x54.png 300w, https:\/\/www.fmsdocumentation.com\/wp-content\/uploads\/2017\/04\/150-768x139.png 768w, https:\/\/www.fmsdocumentation.com\/wp-content\/uploads\/2017\/04\/150.png 1271w\" sizes=\"auto, (max-width: 660px) 100vw, 660px\" \/><\/a><\/p>\n<hr>\n<p><div class=\"alignleft\"><a href=\"https:\/\/www.fmsdocumentation.com\/hr\/izbornik-izvjesca\/upravljanje-izvjescima\/\" title=\"Upravljanje izvje\u0161\u0107ima\"><span class=\"arrow\">\u2039 &nbsp <\/span> Upravljanje izvje\u0161\u0107ima <\/a><\/div> <div class=\"alignright\"><a href=\"https:\/\/www.fmsdocumentation.com\/hr\/aplikacija-ontrack-go\/\" title=\"Aplikacija OnTrack Go\">Aplikacija OnTrack Go <span class=\"arrow\"> &nbsp\u203a <\/span> <\/a><\/div><\/p>\n<p>&nbsp;<\/p>\n","protected":false},"excerpt":{"rendered":"<p>Izvje\u0161\u0107a se mogu filtrirati prema nekoliko kriterija: Naziv pretplate &#8211; traka za pretra\u017eivanje koja \u0107e filtrirati izvje\u0161\u0107a temeljena na pretplati; Vrsta izvje\u0161\u0107a; Izvje\u0161\u0107e na temelju (objekata\/pogona); Raspon datuma &#8211; korisnik mo\u017ee odabrati prikaz izvje\u0161\u0107a samo za odre\u0111eno vremensko razdoblje. Svi ovi filteri nalaze se na vrhu stranice. Izvje\u0161\u0107a su na popisu kronolo\u0161ki formatirana s najnovijim &hellip; <a href=\"https:\/\/www.fmsdocumentation.com\/hr\/izbornik-izvjesca\/pregled-izvjesca\/\" class=\"more-link\">Continue reading <span class=\"screen-reader-text\">Pregled izvje\u0161\u0107a<\/span><\/a><\/p>\n","protected":false},"author":1,"featured_media":0,"parent":15255,"menu_order":16,"comment_status":"closed","ping_status":"closed","template":"","meta":{"footnotes":""},"class_list":["post-15227","page","type-page","status-publish","hentry"],"_links":{"self":[{"href":"https:\/\/www.fmsdocumentation.com\/hr\/wp-json\/wp\/v2\/pages\/15227","targetHints":{"allow":["GET"]}}],"collection":[{"href":"https:\/\/www.fmsdocumentation.com\/hr\/wp-json\/wp\/v2\/pages"}],"about":[{"href":"https:\/\/www.fmsdocumentation.com\/hr\/wp-json\/wp\/v2\/types\/page"}],"author":[{"embeddable":true,"href":"https:\/\/www.fmsdocumentation.com\/hr\/wp-json\/wp\/v2\/users\/1"}],"replies":[{"embeddable":true,"href":"https:\/\/www.fmsdocumentation.com\/hr\/wp-json\/wp\/v2\/comments?post=15227"}],"version-history":[{"count":1,"href":"https:\/\/www.fmsdocumentation.com\/hr\/wp-json\/wp\/v2\/pages\/15227\/revisions"}],"predecessor-version":[{"id":15291,"href":"https:\/\/www.fmsdocumentation.com\/hr\/wp-json\/wp\/v2\/pages\/15227\/revisions\/15291"}],"up":[{"embeddable":true,"href":"https:\/\/www.fmsdocumentation.com\/hr\/wp-json\/wp\/v2\/pages\/15255"}],"wp:attachment":[{"href":"https:\/\/www.fmsdocumentation.com\/hr\/wp-json\/wp\/v2\/media?parent=15227"}],"curies":[{"name":"wp","href":"https:\/\/api.w.org\/{rel}","templated":true}]}}