{"id":15240,"date":"2025-05-29T13:30:40","date_gmt":"2025-05-29T10:30:40","guid":{"rendered":"https:\/\/www.fmsdocumentation.com\/analiza-po-vozacu\/"},"modified":"2025-06-30T08:32:18","modified_gmt":"2025-06-30T05:32:18","slug":"analiza-po-vozacu","status":"publish","type":"page","link":"https:\/\/www.fmsdocumentation.com\/hr\/izbornik-eko-voznje\/analiza-po-vozacu\/","title":{"rendered":"Analiza po voza\u010du"},"content":{"rendered":"<p>Analiza po voza\u010du daje detaljniju analizu parametara ekolo\u0161ke vo\u017enje po voza\u010dima umjesto po vozilima. Ova kartica je uglavnom identi\u010dna kartici \u201eAnaliza po vozilu\u201d. U ovom odjeljku opisane su samo razlike.  <\/p>\n<p><a href=\"https:\/\/www.fmsdocumentation.com\/wp-content\/uploads\/2017\/04\/175.png\"><img loading=\"lazy\" decoding=\"async\" class=\"alignnone wp-image-282 size-large\" src=\"https:\/\/www.fmsdocumentation.com\/wp-content\/uploads\/2017\/04\/175-1024x489.png\" alt=\"\" width=\"660\" height=\"315\" srcset=\"https:\/\/www.fmsdocumentation.com\/wp-content\/uploads\/2017\/04\/175-1024x489.png 1024w, https:\/\/www.fmsdocumentation.com\/wp-content\/uploads\/2017\/04\/175-300x143.png 300w, https:\/\/www.fmsdocumentation.com\/wp-content\/uploads\/2017\/04\/175-768x367.png 768w, https:\/\/www.fmsdocumentation.com\/wp-content\/uploads\/2017\/04\/175.png 1860w\" sizes=\"auto, (max-width: 660px) 100vw, 660px\" \/><\/a><\/p>\n<p>Glavna razlika u odnosu na karticu \u201eAnaliza po vozilu\u201d je u tome \u0161to se popis vozila zamjenjuje popisom voza\u010da. Istovremeno se mo\u017ee odabrati najvi\u0161e 5 voza\u010da. Klikom na tri to\u010dke u gornjem desnom kutu popisa voza\u010da otvorit \u0107e se novi prozor s potpunim popisom voza\u010da.  <\/p>\n<p><a href=\"https:\/\/www.fmsdocumentation.com\/wp-content\/uploads\/2017\/04\/176.png\"><img loading=\"lazy\" decoding=\"async\" class=\"alignnone wp-image-283 size-full\" src=\"https:\/\/www.fmsdocumentation.com\/wp-content\/uploads\/2017\/04\/176.png\" alt=\"\" width=\"754\" height=\"567\" srcset=\"https:\/\/www.fmsdocumentation.com\/wp-content\/uploads\/2017\/04\/176.png 754w, https:\/\/www.fmsdocumentation.com\/wp-content\/uploads\/2017\/04\/176-300x226.png 300w\" sizes=\"auto, (max-width: 754px) 100vw, 754px\" \/><\/a><\/p>\n<p>Nakon \u0161to izvr\u0161ite izmjene na popisu, morate kliknuti gumb \u201ePrimijeni\u201d, ina\u010de se promjene ne\u0107e spremiti.<\/p>\n<p style=\"background-color: #2e67b1; color: #ffffff; padding-left: 10px; padding-right: 10px;\"><p class=\"note\">Bilje\u0161ka<br \/>\n Ako se svi upravlja\u010dki programi uklone s popisa, bilo klikom na gumb \u201eUkloni\u201d ili otvaranjem prilago\u0111enog popisa za odabir i poni\u0161tavanjem odabira svakog upravlja\u010dkog programa, svi \u0107e podaci nestati s prikaza. Da bi ponovno omogu\u0107io popis upravlja\u010dkih programa, korisnik se mora prebaciti na bilo koju karticu, a zatim se vratiti natrag. <\/p><\/p>\n<p>Sve ostalo je identi\u010dno kao na KARTICI \u201eAnaliza po vozilu\u201d osim gumba \u201ePrika\u017ei kartu\u201d koji nije prisutan na KARTICI \u201eAnaliza po voza\u010du\u201d.<\/p>\n<hr>\n<p><div class=\"alignleft\"><a href=\"https:\/\/www.fmsdocumentation.com\/hr\/izbornik-eko-voznje\/novi-izbornik-eko-voznje\/\" title=\"(Novi) Izbornik Eko-vo\u017enje\"><span class=\"arrow\">\u2039 &nbsp <\/span> (Novi) Izbornik Eko-vo\u017enje <\/a><\/div> <div class=\"alignright\"><a href=\"https:\/\/www.fmsdocumentation.com\/hr\/izbornik-tahografa\/\" title=\"Izbornik tahografa\">Izbornik tahografa <span class=\"arrow\"> &nbsp\u203a <\/span> <\/a><\/div><\/p>\n","protected":false},"excerpt":{"rendered":"<p>Analiza po voza\u010du daje detaljniju analizu parametara ekolo\u0161ke vo\u017enje po voza\u010dima umjesto po vozilima. Ova kartica je uglavnom identi\u010dna kartici \u201eAnaliza po vozilu\u201d. U ovom odjeljku opisane su samo razlike. Glavna razlika u odnosu na karticu \u201eAnaliza po vozilu\u201d je u tome \u0161to se popis vozila zamjenjuje popisom voza\u010da. Istovremeno se mo\u017ee odabrati najvi\u0161e 5 &hellip; <a href=\"https:\/\/www.fmsdocumentation.com\/hr\/izbornik-eko-voznje\/analiza-po-vozacu\/\" class=\"more-link\">Continue reading <span class=\"screen-reader-text\">Analiza po voza\u010du<\/span><\/a><\/p>\n","protected":false},"author":1,"featured_media":0,"parent":17127,"menu_order":4,"comment_status":"closed","ping_status":"closed","template":"","meta":{"footnotes":""},"class_list":["post-15240","page","type-page","status-publish","hentry"],"_links":{"self":[{"href":"https:\/\/www.fmsdocumentation.com\/hr\/wp-json\/wp\/v2\/pages\/15240","targetHints":{"allow":["GET"]}}],"collection":[{"href":"https:\/\/www.fmsdocumentation.com\/hr\/wp-json\/wp\/v2\/pages"}],"about":[{"href":"https:\/\/www.fmsdocumentation.com\/hr\/wp-json\/wp\/v2\/types\/page"}],"author":[{"embeddable":true,"href":"https:\/\/www.fmsdocumentation.com\/hr\/wp-json\/wp\/v2\/users\/1"}],"replies":[{"embeddable":true,"href":"https:\/\/www.fmsdocumentation.com\/hr\/wp-json\/wp\/v2\/comments?post=15240"}],"version-history":[{"count":1,"href":"https:\/\/www.fmsdocumentation.com\/hr\/wp-json\/wp\/v2\/pages\/15240\/revisions"}],"predecessor-version":[{"id":17142,"href":"https:\/\/www.fmsdocumentation.com\/hr\/wp-json\/wp\/v2\/pages\/15240\/revisions\/17142"}],"up":[{"embeddable":true,"href":"https:\/\/www.fmsdocumentation.com\/hr\/wp-json\/wp\/v2\/pages\/17127"}],"wp:attachment":[{"href":"https:\/\/www.fmsdocumentation.com\/hr\/wp-json\/wp\/v2\/media?parent=15240"}],"curies":[{"name":"wp","href":"https:\/\/api.w.org\/{rel}","templated":true}]}}