{"id":15246,"date":"2025-05-29T13:30:40","date_gmt":"2025-05-29T10:30:40","guid":{"rendered":"https:\/\/www.fmsdocumentation.com\/analiza-po-vozilu\/"},"modified":"2025-06-30T08:32:18","modified_gmt":"2025-06-30T05:32:18","slug":"analiza-po-vozilu","status":"publish","type":"page","link":"https:\/\/www.fmsdocumentation.com\/hr\/izbornik-eko-voznje\/analiza-po-vozilu\/","title":{"rendered":"Analiza po vozilu"},"content":{"rendered":"<p>Analiza po vozilu prikazuje detaljniju analizu parametara vozila tijekom odabranog vremenskog razdoblja. Ova kartica je podijeljena u dva dijela: <\/p>\n<ul>\n<li><strong>Grafikon<\/strong> ;<\/li>\n<li><strong>Statistika<\/strong> .<\/li>\n<\/ul>\n<p><strong>Grafikon \u2013<\/strong> prikazuje analizirane podatke u formatu grafa. Na grafu se istovremeno mo\u017ee prikazati samo jedna vrsta podataka. Naziv trenutno prikazanih podataka prikazuje se u gornjem lijevom kutu odjeljka grafa. Prikazani podaci mogu se promijeniti u odjeljku statistike.   <\/p>\n<p><strong>Mjerila<\/strong> &#8211; Y os grafa predstavlja vrijednosti za odabrane podatke, dok X os uvijek predstavlja vrijeme. Prema zadanim postavkama, mjerilo X osi je u danima. To se mo\u017ee promijeniti u gornjem desnom kutu odjeljka grafa. Dostupna su sljede\u0107a mjerila:   <\/p>\n<ul>\n<li>Dan;<\/li>\n<li>Tjedan;<\/li>\n<li>Mjesec;<\/li>\n<\/ul>\n<p>Trenutno odabrana skala bit \u0107e ozna\u010dena plavom bojom i podcrtana plavom linijom.<\/p>\n<p><strong>Prosjek voznog parka<\/strong> &#8211; Pored odabira osi, korisnik mo\u017ee odabrati prikaz prosje\u010dne vrijednosti za trenutno odabrane podatke. Ova je opcija prema zadanim postavkama isklju\u010dena. Ako je uklju\u010dena, siva to\u010dka bit \u0107e ozna\u010dena plavom bojom, a na grafu \u0107e se pojaviti ravna isprekidana linija.  <\/p>\n<p style=\"background-color: #2e67b1; color: #ffffff; padding-left: 10px; padding-right: 10px;\"><p class=\"note\">Bilje\u0161ka<br \/>\n Ako su u odjeljku statistike automobili prisutni na popisu, ali je korisnik odlu\u010dio ne prikazivati \u200b\u200bnjihove podatke u grafu, prosjek voznog parka \u0107e ih i dalje uklju\u010divati \u200b\u200bu izra\u010dun. Kako bi se to sprije\u010dilo, ne\u017eeljena vozila moraju se u potpunosti ukloniti iz statisti\u010dkog prikaza. To je detaljnije opisano u nastavku ovog odjeljka.   <\/p><\/p>\n<p><a href=\"https:\/\/www.fmsdocumentation.com\/wp-content\/uploads\/2017\/04\/166.png\"><img loading=\"lazy\" decoding=\"async\" class=\"alignnone wp-image-272 size-large\" src=\"https:\/\/www.fmsdocumentation.com\/wp-content\/uploads\/2017\/04\/166-1024x399.png\" alt=\"\" width=\"660\" height=\"257\" srcset=\"https:\/\/www.fmsdocumentation.com\/wp-content\/uploads\/2017\/04\/166-1024x399.png 1024w, https:\/\/www.fmsdocumentation.com\/wp-content\/uploads\/2017\/04\/166-300x117.png 300w, https:\/\/www.fmsdocumentation.com\/wp-content\/uploads\/2017\/04\/166-768x299.png 768w, https:\/\/www.fmsdocumentation.com\/wp-content\/uploads\/2017\/04\/166.png 1860w\" sizes=\"auto, (max-width: 660px) 100vw, 660px\" \/><\/a><\/p>\n<p>Bojanje svake linije grafa automatski odabire sustav za upravljanje voznim parkom i prikazuje se u odjeljku statistike pored svakog vozila. Prilikom dodavanja ili uklanjanja vozila u odjeljku statistike, sustav \u0107e automatski formatirati bojanje grafova. <\/p>\n<p>Svaka linija grafa ima informativnu to\u010dku za svaki dan ( <em>to se mijenja ako se promijeni mjerilo, ako je odabran tjedan, tada se informativna to\u010dka prikazuje za svaki tjedan<\/em> ). Pomicanjem mi\u0161a preko informativne to\u010dke prikazat \u0107e se statisti\u010dki podaci za taj dan.<\/p>\n<p><a href=\"https:\/\/www.fmsdocumentation.com\/wp-content\/uploads\/2017\/04\/168.png\"><img loading=\"lazy\" decoding=\"async\" class=\"alignnone wp-image-273 size-full\" src=\"https:\/\/www.fmsdocumentation.com\/wp-content\/uploads\/2017\/04\/168.png\" alt=\"\" width=\"433\" height=\"252\" srcset=\"https:\/\/www.fmsdocumentation.com\/wp-content\/uploads\/2017\/04\/168.png 433w, https:\/\/www.fmsdocumentation.com\/wp-content\/uploads\/2017\/04\/168-300x175.png 300w\" sizes=\"auto, (max-width: 433px) 100vw, 433px\" \/><\/a><\/p>\n<p><strong>Statistika<\/strong> \u2013 sastoji se od popisa odabranih vozila i tablice s informacijama o odabranim parametrima. Popis vozila generira se automatski prikazom 5 najaktivnijih vozila za odabrano vremensko razdoblje. U donjem primjeru postoje samo 4 podr\u017eana vozila za korisnika i stoga su prikazana samo 4 vozila.  <\/p>\n<p><a href=\"https:\/\/www.fmsdocumentation.com\/wp-content\/uploads\/2017\/04\/169.png\"><img loading=\"lazy\" decoding=\"async\" class=\"alignnone wp-image-274 size-large\" src=\"https:\/\/www.fmsdocumentation.com\/wp-content\/uploads\/2017\/04\/169-1024x239.png\" alt=\"\" width=\"660\" height=\"154\" srcset=\"https:\/\/www.fmsdocumentation.com\/wp-content\/uploads\/2017\/04\/169-1024x239.png 1024w, https:\/\/www.fmsdocumentation.com\/wp-content\/uploads\/2017\/04\/169-300x70.png 300w, https:\/\/www.fmsdocumentation.com\/wp-content\/uploads\/2017\/04\/169-768x179.png 768w, https:\/\/www.fmsdocumentation.com\/wp-content\/uploads\/2017\/04\/169.png 1860w\" sizes=\"auto, (max-width: 660px) 100vw, 660px\" \/><\/a><\/p>\n<p><strong>Vozila<\/strong> &#8211; Za odabir vozila za prikaz kliknite tri sive to\u010dke pored \u201eVozila\u201d u gornjem lijevom kutu odjeljka. Pojavit \u0107e se novi prozor s popisom svih vozila za trenutnog web korisnika. Trenutno odabrana vozila bit \u0107e ozna\u010dena plavom kva\u010dicom pored naziva vozila. Za velike vozne parkove dostupna je opcija pretra\u017eivanja odmah iznad popisa vozila. Nakon bilo kakvih izmjena morate kliknuti gumb \u201ePrimijeni\u201d, ina\u010de se promjene ne\u0107e spremiti. Maksimalan broj vozila odabranih istovremeno je 5. Vozila se mogu brzo ukloniti s popisa klikom na gumb \u201eUkloni\u201d odmah ispod naziva vozila.      <\/p>\n<p><a href=\"https:\/\/www.fmsdocumentation.com\/wp-content\/uploads\/2017\/04\/170.png\"><img loading=\"lazy\" decoding=\"async\" class=\"alignnone wp-image-275 size-full\" src=\"https:\/\/www.fmsdocumentation.com\/wp-content\/uploads\/2017\/04\/170.png\" alt=\"\" width=\"750\" height=\"534\" srcset=\"https:\/\/www.fmsdocumentation.com\/wp-content\/uploads\/2017\/04\/170.png 750w, https:\/\/www.fmsdocumentation.com\/wp-content\/uploads\/2017\/04\/170-300x214.png 300w\" sizes=\"auto, (max-width: 750px) 100vw, 750px\" \/><\/a><\/p>\n<p style=\"background-color: #2e67b1; color: #ffffff; padding-left: 10px; padding-right: 10px;\"><p class=\"note\">Bilje\u0161ka<br \/>\n Ako se sva vozila uklone s popisa, bilo klikom na gumb \u201eUkloni\u201d ili otvaranjem prilago\u0111enog popisa za odabir i poni\u0161tavanjem odabira svakog vozila, svi \u0107e podaci nestati s prikaza. Za ponovno omogu\u0107avanje popisa vozila korisnik se mora prebaciti na bilo koju karticu, a zatim se vratiti natrag. <\/p><\/p>\n<p><strong>Prika\u017ei kartu<\/strong> \u2013 ispod svakog naziva vozila nalazi se gumb \u201ePrika\u017ei kartu\u201d, klikom na ovaj gumb prikazat \u0107e se karta s rutom odabranog vozila tijekom odabranog vremenskog razdoblja.<\/p>\n<p><a href=\"https:\/\/www.fmsdocumentation.com\/wp-content\/uploads\/2017\/04\/171.png\"><img loading=\"lazy\" decoding=\"async\" class=\"alignnone wp-image-276 size-large\" src=\"https:\/\/www.fmsdocumentation.com\/wp-content\/uploads\/2017\/04\/171-1024x506.png\" alt=\"\" width=\"660\" height=\"326\" srcset=\"https:\/\/www.fmsdocumentation.com\/wp-content\/uploads\/2017\/04\/171-1024x506.png 1024w, https:\/\/www.fmsdocumentation.com\/wp-content\/uploads\/2017\/04\/171-300x148.png 300w, https:\/\/www.fmsdocumentation.com\/wp-content\/uploads\/2017\/04\/171-768x379.png 768w, https:\/\/www.fmsdocumentation.com\/wp-content\/uploads\/2017\/04\/171.png 1534w\" sizes=\"auto, (max-width: 660px) 100vw, 660px\" \/><\/a><\/p>\n<p>Na vrhu karte korisnik mo\u017ee odabrati ho\u0107e li prikazati ili sakriti sljede\u0107e doga\u0111aje na karti:<\/p>\n<ul>\n<li>Ekstremno ko\u010denje;<\/li>\n<li>O\u0161tro ko\u010denje;<\/li>\n<li>Naglo ubrzanje.<\/li>\n<\/ul>\n<p>Ovi se doga\u0111aji uklju\u010duju klikom na malu kliza\u010dku traku pored svake vrste doga\u0111aja. Mo\u017ee se omogu\u0107iti prikaz vi\u0161e doga\u0111aja istovremeno. Ovi \u0107e doga\u0111aji biti ozna\u010deni crvenim krugovima s uskli\u010dnicima unutar njih.  <\/p>\n<p><a href=\"https:\/\/www.fmsdocumentation.com\/wp-content\/uploads\/2017\/04\/172.png\"><img loading=\"lazy\" decoding=\"async\" class=\"alignnone wp-image-277 size-full\" src=\"https:\/\/www.fmsdocumentation.com\/wp-content\/uploads\/2017\/04\/172.png\" alt=\"\" width=\"847\" height=\"257\" srcset=\"https:\/\/www.fmsdocumentation.com\/wp-content\/uploads\/2017\/04\/172.png 847w, https:\/\/www.fmsdocumentation.com\/wp-content\/uploads\/2017\/04\/172-300x91.png 300w, https:\/\/www.fmsdocumentation.com\/wp-content\/uploads\/2017\/04\/172-768x233.png 768w\" sizes=\"auto, (max-width: 847px) 100vw, 847px\" \/><\/a><\/p>\n<p>Klikom na crveni krug prikazat \u0107e se dodatne informacije o doga\u0111aju.<\/p>\n<p><strong>Prikazani parametri<\/strong> \u2013 prikazani parametri mogu se promijeniti klikom na tri sive to\u010dke u gornjem desnom kutu ovog odjeljka. Otvorit \u0107e se novi prozor s popisom svih dostupnih parametara za prikaz. Trenutno odabrani parametri bit \u0107e ozna\u010deni plavom kva\u010dicom pored naziva parametra. Brzo pretra\u017eivanje dostupno je odmah iznad popisa. Mo\u017ee se odabrati najvi\u0161e 7 parametara odjednom. Nakon \u0161to izvr\u0161ite promjene, morate kliknuti gumb \u201eGotovo\u201d, ina\u010de se parametri ne\u0107e spremiti.     <\/p>\n<p><a href=\"https:\/\/www.fmsdocumentation.com\/wp-content\/uploads\/2017\/04\/173.png\"><img loading=\"lazy\" decoding=\"async\" class=\"alignnone wp-image-278 size-full\" src=\"https:\/\/www.fmsdocumentation.com\/wp-content\/uploads\/2017\/04\/173.png\" alt=\"\" width=\"754\" height=\"567\" srcset=\"https:\/\/www.fmsdocumentation.com\/wp-content\/uploads\/2017\/04\/173.png 754w, https:\/\/www.fmsdocumentation.com\/wp-content\/uploads\/2017\/04\/173-300x226.png 300w\" sizes=\"auto, (max-width: 754px) 100vw, 754px\" \/><\/a><\/p>\n<p><strong>Prikaz za graf<\/strong> \u2013 Na glavnom grafu mo\u017ee se istovremeno prikazati samo jedan parametar ( <em>podaci iz jednog stupca<\/em> ) ( <em>to je u\u010dinjeno zbog komplikacija skaliranja<\/em> ). Trenutno prikazani parametri imat \u0107e zaglavlje ozna\u010deno plavom bojom. Korisnik mo\u017ee prilagoditi koje parametre ( <em>iz odabranog stupca<\/em> ) \u017eeli prikazati na glavnom grafu. To se mo\u017ee u\u010diniti klikom na grafove parametara u stupcu kako bi se poni\u0161tilo njihovo ozna\u010davanje. Na glavnom grafu prikazuju se samo ozna\u010deni parametri. Ako je jedan stupac ozna\u010den i korisnik klikne na parametar iz drugog stupca, prethodni stupac \u0107e se potpuno poni\u0161titi i prikazat \u0107e se samo parametar iz drugog stupca. Korisnik mo\u017ee odabrati cijeli stupac parametra jednostavnim klikom na zaglavlje.      <\/p>\n<p><a href=\"https:\/\/www.fmsdocumentation.com\/wp-content\/uploads\/2017\/04\/174.png\"><img loading=\"lazy\" decoding=\"async\" class=\"alignnone wp-image-279 size-full\" src=\"https:\/\/www.fmsdocumentation.com\/wp-content\/uploads\/2017\/04\/174.png\" alt=\"\" width=\"707\" height=\"435\" srcset=\"https:\/\/www.fmsdocumentation.com\/wp-content\/uploads\/2017\/04\/174.png 707w, https:\/\/www.fmsdocumentation.com\/wp-content\/uploads\/2017\/04\/174-300x185.png 300w\" sizes=\"auto, (max-width: 707px) 100vw, 707px\" \/><\/a><\/p>\n<hr>\n<p><div class=\"alignleft\"><a href=\"https:\/\/www.fmsdocumentation.com\/hr\/izbornik-eko-voznje\/sazetak-flote\/\" title=\"Sa\u017eetak flote\"><span class=\"arrow\">\u2039 &nbsp <\/span> Sa\u017eetak flote <\/a><\/div> <div class=\"alignright\"><a href=\"https:\/\/www.fmsdocumentation.com\/hr\/izbornik-eko-voznje\/novi-izbornik-eko-voznje\/\" title=\"(Novi) Izbornik Eko-vo\u017enje\">(Novi) Izbornik Eko-vo\u017enje <span class=\"arrow\"> &nbsp\u203a <\/span> <\/a><\/div><\/p>\n<p>&nbsp;<\/p>\n","protected":false},"excerpt":{"rendered":"<p>Analiza po vozilu prikazuje detaljniju analizu parametara vozila tijekom odabranog vremenskog razdoblja. Ova kartica je podijeljena u dva dijela: Grafikon ; Statistika . Grafikon \u2013 prikazuje analizirane podatke u formatu grafa. Na grafu se istovremeno mo\u017ee prikazati samo jedna vrsta podataka. Naziv trenutno prikazanih podataka prikazuje se u gornjem lijevom kutu odjeljka grafa. Prikazani podaci &hellip; <a href=\"https:\/\/www.fmsdocumentation.com\/hr\/izbornik-eko-voznje\/analiza-po-vozilu\/\" class=\"more-link\">Continue reading <span class=\"screen-reader-text\">Analiza po vozilu<\/span><\/a><\/p>\n","protected":false},"author":1,"featured_media":0,"parent":17127,"menu_order":2,"comment_status":"closed","ping_status":"closed","template":"","meta":{"footnotes":""},"class_list":["post-15246","page","type-page","status-publish","hentry"],"_links":{"self":[{"href":"https:\/\/www.fmsdocumentation.com\/hr\/wp-json\/wp\/v2\/pages\/15246","targetHints":{"allow":["GET"]}}],"collection":[{"href":"https:\/\/www.fmsdocumentation.com\/hr\/wp-json\/wp\/v2\/pages"}],"about":[{"href":"https:\/\/www.fmsdocumentation.com\/hr\/wp-json\/wp\/v2\/types\/page"}],"author":[{"embeddable":true,"href":"https:\/\/www.fmsdocumentation.com\/hr\/wp-json\/wp\/v2\/users\/1"}],"replies":[{"embeddable":true,"href":"https:\/\/www.fmsdocumentation.com\/hr\/wp-json\/wp\/v2\/comments?post=15246"}],"version-history":[{"count":1,"href":"https:\/\/www.fmsdocumentation.com\/hr\/wp-json\/wp\/v2\/pages\/15246\/revisions"}],"predecessor-version":[{"id":17141,"href":"https:\/\/www.fmsdocumentation.com\/hr\/wp-json\/wp\/v2\/pages\/15246\/revisions\/17141"}],"up":[{"embeddable":true,"href":"https:\/\/www.fmsdocumentation.com\/hr\/wp-json\/wp\/v2\/pages\/17127"}],"wp:attachment":[{"href":"https:\/\/www.fmsdocumentation.com\/hr\/wp-json\/wp\/v2\/media?parent=15246"}],"curies":[{"name":"wp","href":"https:\/\/api.w.org\/{rel}","templated":true}]}}