{"id":15255,"date":"2025-05-29T13:30:40","date_gmt":"2025-05-29T10:30:40","guid":{"rendered":"https:\/\/www.fmsdocumentation.com\/izbornik-izvjesca\/"},"modified":"2025-05-29T13:30:43","modified_gmt":"2025-05-29T10:30:43","slug":"izbornik-izvjesca","status":"publish","type":"page","link":"https:\/\/www.fmsdocumentation.com\/hr\/izbornik-izvjesca\/","title":{"rendered":"Izbornik Izvje\u0161\u0107a"},"content":{"rendered":"\n<p>Za pristup plo\u010di s izvje\u0161\u0107ima, korisnik mora kliknuti ikonu <strong>Izvje\u0161\u0107a<\/strong> na navigacijskoj plo\u010di koja se nalazi s lijeve strane zaslona.<\/p>\n\n<figure class=\"wp-block-image is-resized\"><a href=\"https:\/\/www.fmsdocumentation.com\/wp-content\/uploads\/2018\/11\/133.png\"><img loading=\"lazy\" decoding=\"async\" src=\"https:\/\/www.fmsdocumentation.com\/wp-content\/uploads\/2018\/11\/133-1024x501.png\" alt=\"\" class=\"wp-image-6256\" width=\"582\" height=\"284\" srcset=\"https:\/\/www.fmsdocumentation.com\/wp-content\/uploads\/2018\/11\/133-1024x501.png 1024w, https:\/\/www.fmsdocumentation.com\/wp-content\/uploads\/2018\/11\/133-300x147.png 300w, https:\/\/www.fmsdocumentation.com\/wp-content\/uploads\/2018\/11\/133-768x376.png 768w, https:\/\/www.fmsdocumentation.com\/wp-content\/uploads\/2018\/11\/133.png 1920w\" sizes=\"auto, (max-width: 582px) 100vw, 582px\" \/><\/a><\/figure>\n\n<p>Ovo \u0107e otvoriti plo\u010du s pregledom izvje\u0161\u0107a koja korisniku omogu\u0107uje sljede\u0107e:<\/p>\n\n<ul class=\"wp-block-list\"><li>Generiraj novo izvje\u0161\u0107e<\/li><li>Pregled postoje\u0107ih izvje\u0161\u0107a<\/li><li>Dupliciraj postoje\u0107a izvje\u0161\u0107a<\/li><li>Izbri\u0161ite stara ili nepotrebna izvje\u0161\u0107a<\/li><li>Izradite pretplatu za izvje\u0161\u0107e<\/li><\/ul>\n\n<p>Kada se generira izvje\u0161\u0107e, ono se pohranjuje unutar sustava za upravljanje voznim parkom. To zna\u010di da \u0107e generirano izvje\u0161\u0107e ostati spremljeno sve dok ga korisnik ne odlu\u010di izbrisati, uklanjaju\u0107i ga iz sustava. <\/p>\n\n<hr class=\"wp-block-separator\"\/>\n\n<p><div class=\"alignleft\"><a href=\"https:\/\/www.fmsdocumentation.com\/hr\/izbornik-vremena-voznje\/\" title=\"Izbornik vremena vo\u017enje\"><span class=\"arrow\">\u2039 &nbsp <\/span> Izbornik vremena vo\u017enje <\/a><\/div> <div class=\"alignright\"><a href=\"https:\/\/www.fmsdocumentation.com\/hr\/izbornik-izvjesca\/generiraj-novo-izvjesce\/\" title=\"Generiraj novo izvje\u0161\u0107e\">Generiraj novo izvje\u0161\u0107e <span class=\"arrow\"> &nbsp\u203a <\/span> <\/a><\/div><\/p>\n","protected":false},"excerpt":{"rendered":"<p>Za pristup plo\u010di s izvje\u0161\u0107ima, korisnik mora kliknuti ikonu Izvje\u0161\u0107a na navigacijskoj plo\u010di koja se nalazi s lijeve strane zaslona. Ovo \u0107e otvoriti plo\u010du s pregledom izvje\u0161\u0107a koja korisniku omogu\u0107uje sljede\u0107e: Generiraj novo izvje\u0161\u0107e Pregled postoje\u0107ih izvje\u0161\u0107a Dupliciraj postoje\u0107a izvje\u0161\u0107a Izbri\u0161ite stara ili nepotrebna izvje\u0161\u0107a Izradite pretplatu za izvje\u0161\u0107e Kada se generira izvje\u0161\u0107e, ono se &hellip; <a href=\"https:\/\/www.fmsdocumentation.com\/hr\/izbornik-izvjesca\/\" class=\"more-link\">Continue reading <span class=\"screen-reader-text\">Izbornik Izvje\u0161\u0107a<\/span><\/a><\/p>\n","protected":false},"author":1,"featured_media":0,"parent":0,"menu_order":123,"comment_status":"closed","ping_status":"closed","template":"","meta":{"footnotes":""},"class_list":["post-15255","page","type-page","status-publish","hentry"],"_links":{"self":[{"href":"https:\/\/www.fmsdocumentation.com\/hr\/wp-json\/wp\/v2\/pages\/15255","targetHints":{"allow":["GET"]}}],"collection":[{"href":"https:\/\/www.fmsdocumentation.com\/hr\/wp-json\/wp\/v2\/pages"}],"about":[{"href":"https:\/\/www.fmsdocumentation.com\/hr\/wp-json\/wp\/v2\/types\/page"}],"author":[{"embeddable":true,"href":"https:\/\/www.fmsdocumentation.com\/hr\/wp-json\/wp\/v2\/users\/1"}],"replies":[{"embeddable":true,"href":"https:\/\/www.fmsdocumentation.com\/hr\/wp-json\/wp\/v2\/comments?post=15255"}],"version-history":[{"count":1,"href":"https:\/\/www.fmsdocumentation.com\/hr\/wp-json\/wp\/v2\/pages\/15255\/revisions"}],"predecessor-version":[{"id":15320,"href":"https:\/\/www.fmsdocumentation.com\/hr\/wp-json\/wp\/v2\/pages\/15255\/revisions\/15320"}],"wp:attachment":[{"href":"https:\/\/www.fmsdocumentation.com\/hr\/wp-json\/wp\/v2\/media?parent=15255"}],"curies":[{"name":"wp","href":"https:\/\/api.w.org\/{rel}","templated":true}]}}