{"id":15272,"date":"2025-05-29T13:30:40","date_gmt":"2025-05-29T10:30:40","guid":{"rendered":"https:\/\/www.fmsdocumentation.com\/uredivanje-vozila-za-odrzavanje\/"},"modified":"2025-05-29T13:30:46","modified_gmt":"2025-05-29T10:30:46","slug":"uredivanje-vozila-za-odrzavanje","status":"publish","type":"page","link":"https:\/\/www.fmsdocumentation.com\/hr\/izbornik-zadataka-odrzavanja\/uredivanje-vozila-za-odrzavanje\/","title":{"rendered":"Ure\u0111ivanje vozila za odr\u017eavanje"},"content":{"rendered":"<p>Budu\u0107i da se sve informacije generaliziraju prilikom kreiranja zadatka odr\u017eavanja, neke informacije mogu biti neto\u010dne i zahtijevati dodatnu manipulaciju. To se mo\u017ee u\u010diniti pomo\u0107u funkcije \u201eUredi\u201d. Prvo korisnik mora odabrati vozilo ili vozila koja \u017eeli urediti klikom na potvrdne okvire na po\u010detku retka vozila na popisu vozila. Nakon toga korisnik mora kliknuti gumb za ure\u0111ivanje.   <\/p>\n<p><a href=\"https:\/\/www.fmsdocumentation.com\/wp-content\/uploads\/2017\/04\/130.png\"><img loading=\"lazy\" decoding=\"async\" class=\"alignnone wp-image-223 size-full\" src=\"https:\/\/www.fmsdocumentation.com\/wp-content\/uploads\/2017\/04\/130.png\" alt=\"\" width=\"831\" height=\"168\" srcset=\"https:\/\/www.fmsdocumentation.com\/wp-content\/uploads\/2017\/04\/130.png 831w, https:\/\/www.fmsdocumentation.com\/wp-content\/uploads\/2017\/04\/130-300x61.png 300w, https:\/\/www.fmsdocumentation.com\/wp-content\/uploads\/2017\/04\/130-768x155.png 768w, https:\/\/www.fmsdocumentation.com\/wp-content\/uploads\/2017\/04\/130-825x168.png 825w\" sizes=\"auto, (max-width: 831px) 100vw, 831px\" \/><\/a><\/p>\n<p>Nakon zavr\u0161etka prethodnog slijeda, pojavit \u0107e se novi prozor u kojem korisnik mo\u017ee urediti neke od postavki odr\u017eavanja vozila. Na desnoj strani zaslona uvijek \u0107e se pojavljivati \u200b\u200bprozor upozorenja da \u0107e svaka manipulacija zadatkom utjecati na sva odabrana vozila na popisu (ozna\u010deni potvrdni okviri). Za otklju\u010davanje postavki korisnik jednostavno mora kliknuti gumb za otklju\u010davanje u svakom odjeljku postavki.  <\/p>\n<p><a href=\"https:\/\/www.fmsdocumentation.com\/wp-content\/uploads\/2019\/02\/131.png\"><img loading=\"lazy\" decoding=\"async\" class=\"alignnone size-full wp-image-7336\" src=\"https:\/\/www.fmsdocumentation.com\/wp-content\/uploads\/2019\/02\/131.png\" alt=\"\" width=\"800\" height=\"750\" srcset=\"https:\/\/www.fmsdocumentation.com\/wp-content\/uploads\/2019\/02\/131.png 800w, https:\/\/www.fmsdocumentation.com\/wp-content\/uploads\/2019\/02\/131-300x281.png 300w, https:\/\/www.fmsdocumentation.com\/wp-content\/uploads\/2019\/02\/131-768x720.png 768w\" sizes=\"auto, (max-width: 800px) 100vw, 800px\" \/><\/a><\/p>\n<p>Klikom na otklju\u010davanje korisnik \u0107e dobiti pristup nekim postavkama. Nakon \u0161to je po\u010detni zadatak kreiran, ne mogu se promijeniti sve postavke. Sljede\u0107a polja mogu se ure\u0111ivati:  <\/p>\n<ul>\n<li>Opis;<\/li>\n<li>Unesite datum zadnjeg servisa\/kilometarski promet\/radne sate;<\/li>\n<li>Ponovite nakon odabira;<\/li>\n<li>Odabir potvrde zadatka;<\/li>\n<li>E-mail adresa za obavijesti;<\/li>\n<li>Odabir timera za upozorenje.<\/li>\n<\/ul>\n<p>Nakon bilo kakvih promjena potrebno je kliknuti gumb \u201eSpremi\u201d, ina\u010de \u0107e sve promjene biti odba\u010dene. Ako korisnik odlu\u010di odbaciti promjene, mora kliknuti gumb za odustajanje ili kliknuti bilo gdje izvan prozora za ure\u0111ivanje. <\/p>\n<p><a href=\"https:\/\/www.fmsdocumentation.com\/wp-content\/uploads\/2017\/04\/132.png\"><img loading=\"lazy\" decoding=\"async\" class=\"alignnone wp-image-225 size-full\" src=\"https:\/\/www.fmsdocumentation.com\/wp-content\/uploads\/2017\/04\/132.png\" alt=\"\" width=\"382\" height=\"541\" srcset=\"https:\/\/www.fmsdocumentation.com\/wp-content\/uploads\/2017\/04\/132.png 382w, https:\/\/www.fmsdocumentation.com\/wp-content\/uploads\/2017\/04\/132-212x300.png 212w\" sizes=\"auto, (max-width: 382px) 100vw, 382px\" \/><\/a><\/p>\n<p>Funkcija ure\u0111ivanja omogu\u0107uje korisniku izmjenu po\u010detne generalizirane vrijednosti \u201ePosljednji servis\u201d i promjenu sljede\u0107eg servisnog razdoblja za svako dodijeljeno vozilo pojedina\u010dno. Vrsta parametra ne mo\u017ee se mijenjati u funkciji ure\u0111ivanja, pa se jedan zadatak odr\u017eavanja izra\u0111uje za jednu vrstu parametra razdoblja (kilometra\u017ea\/datum\/radni sati). <\/p>\n<hr>\n<p><div class=\"alignleft\"><a href=\"https:\/\/www.fmsdocumentation.com\/hr\/izbornik-zadataka-odrzavanja\/pregled-zadataka-odrzavanja\/\" title=\"Pregled zadataka odr\u017eavanja\"><span class=\"arrow\">\u2039 &nbsp <\/span> Pregled zadataka odr\u017eavanja <\/a><\/div> <div class=\"alignright\"><a href=\"https:\/\/www.fmsdocumentation.com\/hr\/izbornik-eko-voznje\/\" title=\"Izbornik Eko-vo\u017enje\">Izbornik Eko-vo\u017enje <span class=\"arrow\"> &nbsp\u203a <\/span> <\/a><\/div><\/p>\n","protected":false},"excerpt":{"rendered":"<p>Budu\u0107i da se sve informacije generaliziraju prilikom kreiranja zadatka odr\u017eavanja, neke informacije mogu biti neto\u010dne i zahtijevati dodatnu manipulaciju. To se mo\u017ee u\u010diniti pomo\u0107u funkcije \u201eUredi\u201d. Prvo korisnik mora odabrati vozilo ili vozila koja \u017eeli urediti klikom na potvrdne okvire na po\u010detku retka vozila na popisu vozila. Nakon toga korisnik mora kliknuti gumb za ure\u0111ivanje. &hellip; <a href=\"https:\/\/www.fmsdocumentation.com\/hr\/izbornik-zadataka-odrzavanja\/uredivanje-vozila-za-odrzavanje\/\" class=\"more-link\">Continue reading <span class=\"screen-reader-text\">Ure\u0111ivanje vozila za odr\u017eavanje<\/span><\/a><\/p>\n","protected":false},"author":1,"featured_media":0,"parent":15326,"menu_order":3,"comment_status":"closed","ping_status":"closed","template":"","meta":{"footnotes":""},"class_list":["post-15272","page","type-page","status-publish","hentry"],"_links":{"self":[{"href":"https:\/\/www.fmsdocumentation.com\/hr\/wp-json\/wp\/v2\/pages\/15272","targetHints":{"allow":["GET"]}}],"collection":[{"href":"https:\/\/www.fmsdocumentation.com\/hr\/wp-json\/wp\/v2\/pages"}],"about":[{"href":"https:\/\/www.fmsdocumentation.com\/hr\/wp-json\/wp\/v2\/types\/page"}],"author":[{"embeddable":true,"href":"https:\/\/www.fmsdocumentation.com\/hr\/wp-json\/wp\/v2\/users\/1"}],"replies":[{"embeddable":true,"href":"https:\/\/www.fmsdocumentation.com\/hr\/wp-json\/wp\/v2\/comments?post=15272"}],"version-history":[{"count":1,"href":"https:\/\/www.fmsdocumentation.com\/hr\/wp-json\/wp\/v2\/pages\/15272\/revisions"}],"predecessor-version":[{"id":15352,"href":"https:\/\/www.fmsdocumentation.com\/hr\/wp-json\/wp\/v2\/pages\/15272\/revisions\/15352"}],"up":[{"embeddable":true,"href":"https:\/\/www.fmsdocumentation.com\/hr\/wp-json\/wp\/v2\/pages\/15326"}],"wp:attachment":[{"href":"https:\/\/www.fmsdocumentation.com\/hr\/wp-json\/wp\/v2\/media?parent=15272"}],"curies":[{"name":"wp","href":"https:\/\/api.w.org\/{rel}","templated":true}]}}