{"id":15295,"date":"2025-05-29T13:30:42","date_gmt":"2025-05-29T10:30:42","guid":{"rendered":"https:\/\/www.fmsdocumentation.com\/generiraj-novo-izvjesce\/"},"modified":"2025-05-29T13:30:42","modified_gmt":"2025-05-29T10:30:42","slug":"generiraj-novo-izvjesce","status":"publish","type":"page","link":"https:\/\/www.fmsdocumentation.com\/hr\/izbornik-izvjesca\/generiraj-novo-izvjesce\/","title":{"rendered":"Generiraj novo izvje\u0161\u0107e"},"content":{"rendered":"<p>Stranica s izvje\u0161\u0107ima sastoji se od tri glavne kartice:<\/p>\n<ul>\n<li>Generirana izvje\u0161\u0107a (otvorena prema zadanim postavkama);<\/li>\n<li>Pretplate;<\/li>\n<li>Predlo\u0161ci.<\/li>\n<\/ul>\n<p>Za generiranje novog izvje\u0161\u0107a korisnik mora kliknuti gumb <strong>Generiraj novo izvje\u0161\u0107e<\/strong> koji se nalazi u gornjem desnom kutu plo\u010de na kartici <strong>Generirana izvje\u0161\u0107a<\/strong> . Korisnik mo\u017ee odabrati \u017eeli li stvoriti novo izvje\u0161\u0107e od nule ili koristiti postoje\u0107i predlo\u017eak. <\/p>\n<p><a href=\"https:\/\/www.fmsdocumentation.com\/wp-content\/uploads\/2018\/11\/134-1.png\"><img loading=\"lazy\" decoding=\"async\" class=\"alignnone wp-image-6239 size-large\" src=\"https:\/\/www.fmsdocumentation.com\/wp-content\/uploads\/2018\/11\/134-1-1024x500.png\" alt=\"\" width=\"660\" height=\"322\" srcset=\"https:\/\/www.fmsdocumentation.com\/wp-content\/uploads\/2018\/11\/134-1-1024x500.png 1024w, https:\/\/www.fmsdocumentation.com\/wp-content\/uploads\/2018\/11\/134-1-300x147.png 300w, https:\/\/www.fmsdocumentation.com\/wp-content\/uploads\/2018\/11\/134-1-768x375.png 768w, https:\/\/www.fmsdocumentation.com\/wp-content\/uploads\/2018\/11\/134-1.png 1920w\" sizes=\"auto, (max-width: 660px) 100vw, 660px\" \/><\/a><\/p>\n<hr>\n<h3>Izrada izvje\u0161\u0107a od nule<\/h3>\n<p>Ako korisnik odlu\u010di izraditi novo izvje\u0161\u0107e od nule, otvorit \u0107e se novi prozor za izradu izvje\u0161\u0107a. Prva opcija koju korisnik mo\u017ee odabrati je vrsta izvje\u0161\u0107a. Svaka vrsta izvje\u0161\u0107a ima unaprijed definirani skup parametara za prikaz u izvje\u0161\u0107u koji se ne mo\u017ee poni\u0161titi, a svaka vrsta izvje\u0161\u0107a mo\u017ee imati pojedina\u010dne opcije postavki koje nisu dostupne za druge vrste izvje\u0161\u0107a. Trenutno su dostupne sljede\u0107e vrste izvje\u0161\u0107a:   <\/p>\n<ul>\n<li>Izvje\u0161\u0107e o dr\u017eavi;<\/li>\n<li>Izvje\u0161\u0107e o radnom vremenu voza\u010da;<\/li>\n<li>Izvje\u0161\u0107e o eko-vo\u017enji;<\/li>\n<li>Izvje\u0161\u0107e o doga\u0111ajima;<\/li>\n<li>Izvje\u0161\u0107e o spremniku goriva;<\/li>\n<li>Izvje\u0161\u0107e o geozonama;<\/li>\n<li>Izvje\u0161\u0107e o prekora\u010denju grani\u010dnih parametara;<\/li>\n<li>Izvje\u0161\u0107e o temperaturama;<\/li>\n<li>Sa\u017eetak izvje\u0161\u0107a o putovanju;<\/li>\n<li>Izvje\u0161\u0107e o putovanjima;<\/li>\n<li>Izvje\u0161taj o radnom vremenu.<\/li>\n<\/ul>\n<p>Svaka vrsta izvje\u0161\u0107a opisana je zasebno. Odabir vrste izvje\u0161\u0107a prvi je dio generiranja bilo kojeg izvje\u0161\u0107a i to je prvi padaju\u0107i popis. Va\u017eno je prvo odabrati vrstu izvje\u0161\u0107a, a tek nakon toga konfigurirati parametre izvje\u0161\u0107a, budu\u0107i da se postavke za svako izvje\u0161\u0107e razlikuju i uneseni podaci \u0107e se izgubiti promjenom vrste izvje\u0161\u0107a.  <\/p>\n<p><a href=\"https:\/\/www.fmsdocumentation.com\/wp-content\/uploads\/2017\/04\/200.png\"><img loading=\"lazy\" decoding=\"async\" class=\"alignnone wp-image-393 size-full\" src=\"https:\/\/www.fmsdocumentation.com\/wp-content\/uploads\/2017\/04\/200.png\" alt=\"\" width=\"527\" height=\"278\" srcset=\"https:\/\/www.fmsdocumentation.com\/wp-content\/uploads\/2017\/04\/200.png 527w, https:\/\/www.fmsdocumentation.com\/wp-content\/uploads\/2017\/04\/200-300x158.png 300w\" sizes=\"auto, (max-width: 527px) 100vw, 527px\" \/><\/a><\/p>\n<hr>\n<h3>Izrada izvje\u0161\u0107a iz predlo\u017eaka<\/h3>\n<p>Ako korisnik odlu\u010di izraditi novo izvje\u0161\u0107e koriste\u0107i postoje\u0107i predlo\u017eak, otvorit \u0107e se prozor za odabir predlo\u0161ka. Prisutna je traka za pretra\u017eivanje, popis se automatski a\u017eurira sa svakim unesenim simbolom. Predlo\u0161ci se tako\u0111er mogu filtrirati prema vrsti izvje\u0161\u0107a. Za odabir predlo\u0161ka korisnik mora kliknuti na njega i kliknuti gumb <strong>Gotovo<\/strong> .   <\/p>\n<p><p class=\"note\">Bilje\u0161ka<br \/>\n Izrada izvje\u0161\u0107a iz predlo\u017eaka ne\u0107e biti dostupna ako nema dostupnih predlo\u017eaka.<\/p><\/p>\n<p><a href=\"https:\/\/www.fmsdocumentation.com\/wp-content\/uploads\/2018\/11\/380.png\"><img loading=\"lazy\" decoding=\"async\" class=\"alignnone wp-image-6240 size-full\" src=\"https:\/\/www.fmsdocumentation.com\/wp-content\/uploads\/2018\/11\/380.png\" alt=\"\" width=\"750\" height=\"750\" srcset=\"https:\/\/www.fmsdocumentation.com\/wp-content\/uploads\/2018\/11\/380.png 750w, https:\/\/www.fmsdocumentation.com\/wp-content\/uploads\/2018\/11\/380-150x150.png 150w, https:\/\/www.fmsdocumentation.com\/wp-content\/uploads\/2018\/11\/380-300x300.png 300w\" sizes=\"auto, (max-width: 750px) 100vw, 750px\" \/><\/a><\/p>\n<p>Otvorit \u0107e se novi prozor za izradu izvje\u0161\u0107a, sva polja i postavke bit \u0107e kopirani iz predlo\u0161ka, \u200b\u200bosim raspona datuma. Me\u0111utim, u po\u010detku \u0107e se prikazati samo nekoliko polja. Korisnik mo\u017ee kliknuti <strong>Prika\u017ei sve postavke<\/strong> za prikaz svih polja.  <\/p>\n<p><a href=\"https:\/\/www.fmsdocumentation.com\/wp-content\/uploads\/2019\/02\/389.png\"><img loading=\"lazy\" decoding=\"async\" class=\"alignnone size-full wp-image-7257\" src=\"https:\/\/www.fmsdocumentation.com\/wp-content\/uploads\/2019\/02\/389.png\" alt=\"\" width=\"637\" height=\"409\" srcset=\"https:\/\/www.fmsdocumentation.com\/wp-content\/uploads\/2019\/02\/389.png 637w, https:\/\/www.fmsdocumentation.com\/wp-content\/uploads\/2019\/02\/389-300x193.png 300w\" sizes=\"auto, (max-width: 637px) 100vw, 637px\" \/><\/a><\/p>\n<hr>\n<h3>Dupliciranje izvje\u0161\u0107a<\/h3>\n<p>Mogu\u0107e je duplicirati postoje\u0107a izvje\u0161\u0107a kako bi se stvorilo novo izvje\u0161\u0107e na temelju ve\u0107 postoje\u0107eg izvje\u0161\u0107a. Za dupliciranje izvje\u0161\u0107a korisnik mora kliknuti na tri to\u010dke s desne strane i kliknuti <strong>Dupliciraj izvje\u0161\u0107e<\/strong> . Otvorit \u0107e se novi prozor za stvaranje izvje\u0161\u0107a, a sva polja i postavke bit \u0107e kopirani iz postoje\u0107eg izvje\u0161\u0107a, osim raspona datuma.  <\/p>\n<p><a href=\"https:\/\/www.fmsdocumentation.com\/wp-content\/uploads\/2018\/10\/377.png\"><img loading=\"lazy\" decoding=\"async\" class=\"alignnone size-full wp-image-5946\" src=\"https:\/\/www.fmsdocumentation.com\/wp-content\/uploads\/2018\/10\/377.png\" alt=\"\" width=\"196\" height=\"251\"><\/a><\/p>\n<hr>\n<p><div class=\"alignleft\"><a href=\"https:\/\/www.fmsdocumentation.com\/hr\/izbornik-izvjesca\/\" title=\"Izbornik Izvje\u0161\u0107a\"><span class=\"arrow\">\u2039 &nbsp <\/span> Izbornik Izvje\u0161\u0107a <\/a><\/div> <div class=\"alignright\"><a href=\"https:\/\/www.fmsdocumentation.com\/hr\/izbornik-izvjesca\/prijavi-pretplate\/\" title=\"Prijavi pretplate\">Prijavi pretplate <span class=\"arrow\"> &nbsp\u203a <\/span> <\/a><\/div><\/p>\n","protected":false},"excerpt":{"rendered":"<p>Stranica s izvje\u0161\u0107ima sastoji se od tri glavne kartice: Generirana izvje\u0161\u0107a (otvorena prema zadanim postavkama); Pretplate; Predlo\u0161ci. Za generiranje novog izvje\u0161\u0107a korisnik mora kliknuti gumb Generiraj novo izvje\u0161\u0107e koji se nalazi u gornjem desnom kutu plo\u010de na kartici Generirana izvje\u0161\u0107a . Korisnik mo\u017ee odabrati \u017eeli li stvoriti novo izvje\u0161\u0107e od nule ili koristiti postoje\u0107i predlo\u017eak. &hellip; <a href=\"https:\/\/www.fmsdocumentation.com\/hr\/izbornik-izvjesca\/generiraj-novo-izvjesce\/\" class=\"more-link\">Continue reading <span class=\"screen-reader-text\">Generiraj novo izvje\u0161\u0107e<\/span><\/a><\/p>\n","protected":false},"author":1,"featured_media":0,"parent":15255,"menu_order":1,"comment_status":"closed","ping_status":"closed","template":"","meta":{"footnotes":""},"class_list":["post-15295","page","type-page","status-publish","hentry"],"_links":{"self":[{"href":"https:\/\/www.fmsdocumentation.com\/hr\/wp-json\/wp\/v2\/pages\/15295","targetHints":{"allow":["GET"]}}],"collection":[{"href":"https:\/\/www.fmsdocumentation.com\/hr\/wp-json\/wp\/v2\/pages"}],"about":[{"href":"https:\/\/www.fmsdocumentation.com\/hr\/wp-json\/wp\/v2\/types\/page"}],"author":[{"embeddable":true,"href":"https:\/\/www.fmsdocumentation.com\/hr\/wp-json\/wp\/v2\/users\/1"}],"replies":[{"embeddable":true,"href":"https:\/\/www.fmsdocumentation.com\/hr\/wp-json\/wp\/v2\/comments?post=15295"}],"version-history":[{"count":0,"href":"https:\/\/www.fmsdocumentation.com\/hr\/wp-json\/wp\/v2\/pages\/15295\/revisions"}],"up":[{"embeddable":true,"href":"https:\/\/www.fmsdocumentation.com\/hr\/wp-json\/wp\/v2\/pages\/15255"}],"wp:attachment":[{"href":"https:\/\/www.fmsdocumentation.com\/hr\/wp-json\/wp\/v2\/media?parent=15295"}],"curies":[{"name":"wp","href":"https:\/\/api.w.org\/{rel}","templated":true}]}}