{"id":15312,"date":"2025-05-29T13:30:43","date_gmt":"2025-05-29T10:30:43","guid":{"rendered":"https:\/\/www.fmsdocumentation.com\/sazetak-flote\/"},"modified":"2025-06-30T08:32:18","modified_gmt":"2025-06-30T05:32:18","slug":"sazetak-flote","status":"publish","type":"page","link":"https:\/\/www.fmsdocumentation.com\/hr\/izbornik-eko-voznje\/sazetak-flote\/","title":{"rendered":"Sa\u017eetak flote"},"content":{"rendered":"<p>Sa\u017eetak voznog parka je zadani prozor koji se otvara nakon klika na karticu \u201eEko vo\u017enja\u201d. Prikazana analiza odnosi se na prethodno spomenutih proteklih 7 punih dana, osim ako korisnik nije promijenio.<br \/>\n<p class=\"note\">Bilje\u0161ka<br \/>\n Analiza ekolo\u0161ke vo\u017enje uspore\u0111uje podatke s odgovaraju\u0107im brojem dana prije odabranog vremenskog razdoblja.<em>Na primjer: Datum je postavljen na razdoblje od <sup>15.<\/sup> listopada do <sup>25.<\/sup> listopada, \u0161to \u010dini 11 dana. Podaci iz tog razdoblja uspore\u0111ivat \u0107e se s podacima od 11 dana prije <sup>15.<\/sup> listopada. To\u010dnije, od <sup>4.<\/sup> listopada do <sup>14.<\/sup> listopada. Odabrani dani \u201eod\u201d i \u201edo\u201d uklju\u010deni su u analizu; ako se raspon dana promijeni, mijenjaju se i dani usporedbe.   <\/p><\/em><\/p>\n<p>\u201eSa\u017eetak flote\u201d mo\u017ee se podijeliti u tri dijela:<\/p>\n<ol>\n<li><strong>Op\u0107a analiza<\/strong> ;<\/li>\n<li><strong>Ocjene vozila<\/strong> ;<\/li>\n<li><strong>Ocjene voza\u010da<\/strong> .<\/li>\n<\/ol>\n<p><a href=\"https:\/\/www.fmsdocumentation.com\/wp-content\/uploads\/2017\/04\/157.png\"><img loading=\"lazy\" decoding=\"async\" class=\"alignnone wp-image-262 size-large\" src=\"https:\/\/www.fmsdocumentation.com\/wp-content\/uploads\/2017\/04\/157-1024x524.png\" alt=\"\" width=\"660\" height=\"338\" srcset=\"https:\/\/www.fmsdocumentation.com\/wp-content\/uploads\/2017\/04\/157-1024x524.png 1024w, https:\/\/www.fmsdocumentation.com\/wp-content\/uploads\/2017\/04\/157-300x153.png 300w, https:\/\/www.fmsdocumentation.com\/wp-content\/uploads\/2017\/04\/157-768x393.png 768w, https:\/\/www.fmsdocumentation.com\/wp-content\/uploads\/2017\/04\/157.png 1392w\" sizes=\"auto, (max-width: 660px) 100vw, 660px\" \/><\/a><\/p>\n<p><strong>Op\u0107a analiza<\/strong> \u2013 prikazuje analizu standardnih informacija. Svaki kriterij ima mali stup\u010dasti grafikon pored sebe. Ovaj grafikon predstavlja usporedbu trenutnih i podataka prije. Metoda usporedbe opisana je na po\u010detku ovog odjeljka. Gornji stupac prikazan je <span style=\"background-color: #00ff00; color: #000000;\">zelenom<\/span> ili <span style=\"background-color: #ff0000; color: #ffffff;\">crvenom<\/span> bojom, \u0161to predstavlja trenutne podatke. Donji stupac uvijek je prikazan <span style=\"background-color: #808080; color: #ffffff;\">sivom bojom<\/span> i predstavlja analizu podataka za dan prije odabranog vremenskog razdoblja. Boja prvog stupca ovisi o razlici analize dvaju grafova. Ako se promjena smatra pozitivnom (na primjer, manja potro\u0161nja goriva, manje opasnih to\u010daka vo\u017enje), tada \u0107e se stupac prikazati <span style=\"background-color: #00ff00; color: #000000;\">zelenom<\/span> bojom, ako se promjena smatra negativnom (na primjer, vi\u0161e ekstremnih ko\u010denja, ve\u0107a potro\u0161nja goriva, manja udaljenost vo\u017enje itd.), tada \u0107e se stupac prikazati <span style=\"background-color: #ff0000; color: #ffffff;\">crvenom bojom<\/span> . Pored svakog stupca prikazuje se i postotak promjene u odgovaraju\u0107oj boji. Ako nema promjene, tada se za te kriterije ne prikazuju stupci ili postoci.         <\/p>\n<p style=\"background-color: #2e67b1; color: #ffffff; padding-left: 10px; padding-right: 10px;\"><p class=\"note\">Bilje\u0161ka<br \/>\n Promjene napravljene u odjeljku \u201eKonfiguriraj ocjene\u201d utje\u010du na boje sa\u017eetka analize flote. Gore opisana boja odnosi se na zadanu konfiguraciju. Ako su napravljene promjene, boje \u0107e se u skladu s tim promijeniti.  <\/p><\/p>\n<p><a href=\"https:\/\/www.fmsdocumentation.com\/wp-content\/uploads\/2017\/04\/158.png\"><img loading=\"lazy\" decoding=\"async\" class=\"alignnone wp-image-263 size-full\" src=\"https:\/\/www.fmsdocumentation.com\/wp-content\/uploads\/2017\/04\/158.png\" alt=\"\" width=\"745\" height=\"141\" srcset=\"https:\/\/www.fmsdocumentation.com\/wp-content\/uploads\/2017\/04\/158.png 745w, https:\/\/www.fmsdocumentation.com\/wp-content\/uploads\/2017\/04\/158-300x57.png 300w\" sizes=\"auto, (max-width: 745px) 100vw, 745px\" \/><\/a><\/p>\n<p>Pomicanjem mi\u0161a preko vrijednosti kriterija automatski \u0107e se prikazati dodatne informacije. Ova struktura informacija identi\u010dna je za svaku vrijednost i sadr\u017ei sljede\u0107e: <\/p>\n<ul>\n<li>Vrijednost za odabrano vremensko razdoblje;<\/li>\n<li>Vrijednost za prethodno razdoblje;<\/li>\n<li>Razlika vrijednosti.<\/li>\n<\/ul>\n<p><a href=\"https:\/\/www.fmsdocumentation.com\/wp-content\/uploads\/2017\/04\/159.png\"><img loading=\"lazy\" decoding=\"async\" class=\"alignnone wp-image-264 size-full\" src=\"https:\/\/www.fmsdocumentation.com\/wp-content\/uploads\/2017\/04\/159.png\" alt=\"\" width=\"373\" height=\"282\" srcset=\"https:\/\/www.fmsdocumentation.com\/wp-content\/uploads\/2017\/04\/159.png 373w, https:\/\/www.fmsdocumentation.com\/wp-content\/uploads\/2017\/04\/159-300x227.png 300w\" sizes=\"auto, (max-width: 373px) 100vw, 373px\" \/><\/a><\/p>\n<p>Za neke vrijednosti za koje nije jasno kako se izra\u010dunavaju, ikona informacija nalazi se blizu naziva vrijednosti. Pomicanjem mi\u0161a preko ikone informacija automatski \u0107e se prikazati dodatne informacije o tome kako se ta specifi\u010dna vrijednost izra\u010dunava. <\/p>\n<p><a href=\"https:\/\/www.fmsdocumentation.com\/wp-content\/uploads\/2017\/04\/160.png\"><img loading=\"lazy\" decoding=\"async\" class=\"alignnone wp-image-265 size-full\" src=\"https:\/\/www.fmsdocumentation.com\/wp-content\/uploads\/2017\/04\/160.png\" alt=\"\" width=\"211\" height=\"200\"><\/a><\/p>\n<p>Op\u0107e informacije sastoje se od standardnog skupa prikazanih informacija:<\/p>\n<ol>\n<li><strong>Vozila<\/strong> \u2013 ukupan broj vozila u voznom parku koja podr\u017eavaju eko vo\u017enju (vozila koja ne podr\u017eavaju eko vo\u017enju (jednostavniji FM ure\u0111aj, stariji modeli vozila itd.) ne\u0107e se ovdje prikazivati, ali su navedena u donjem lijevom kutu prozora, kako je opisano u nastavku);<\/li>\n<li><strong>Voza\u010di<\/strong> \u2013 Broj voza\u010da koji su vozili u odabranom vremenskom razdoblju;<\/li>\n<li><strong>Potro\u0161eno gorivo<\/strong> (litre) \u2013 gorivo koje su potro\u0161ila sva vozila za odabrano vremensko razdoblje;<\/li>\n<li><strong>Potro\u0161eno gorivo<\/strong> (litre) \u2013 izra\u010dunato potro\u0161eno gorivo iz svih vozila za odabrano vremensko razdoblje;<\/li>\n<li><strong>Opasna vo\u017enja<\/strong> (bodovi) \u2013 izra\u010dunati bodovi opasne vo\u017enje svih vozila za odabrano vremensko razdoblje;<\/li>\n<li><strong>Prije\u0111ena udaljenost<\/strong> (km) \u2013 prije\u0111ena udaljenost svih vozila za odabrano vremensko razdoblje;<\/li>\n<li><strong>Vrijeme vo\u017enje<\/strong> \u2013 vrijeme vo\u017enje svakog voza\u010da za odabrano vremensko razdoblje;<\/li>\n<li><strong>Vrijeme mirovanja<\/strong> \u2013 vrijeme mirovanja svih vozila za odabrano vremensko razdoblje;<\/li>\n<li><strong>Ekstremno ko\u010denje<\/strong> (doga\u0111aji) \u2013 svi ekstremni doga\u0111aji ko\u010denja svih voza\u010da za odabrano vremensko razdoblje;<\/li>\n<li><strong>Naglo ubrzanje<\/strong> (doga\u0111aji) \u2013 svi doga\u0111aji naglog ubrzanja svih voza\u010da za odabrano vremensko razdoblje.<\/li>\n<\/ol>\n<p><a href=\"https:\/\/www.fmsdocumentation.com\/wp-content\/uploads\/2017\/04\/162.png\"><img loading=\"lazy\" decoding=\"async\" class=\"alignnone wp-image-266 size-large\" src=\"https:\/\/www.fmsdocumentation.com\/wp-content\/uploads\/2017\/04\/162-1024x206.png\" alt=\"\" width=\"660\" height=\"133\" srcset=\"https:\/\/www.fmsdocumentation.com\/wp-content\/uploads\/2017\/04\/162-1024x206.png 1024w, https:\/\/www.fmsdocumentation.com\/wp-content\/uploads\/2017\/04\/162-300x60.png 300w, https:\/\/www.fmsdocumentation.com\/wp-content\/uploads\/2017\/04\/162-768x154.png 768w, https:\/\/www.fmsdocumentation.com\/wp-content\/uploads\/2017\/04\/162.png 1392w\" sizes=\"auto, (max-width: 660px) 100vw, 660px\" \/><\/a><\/p>\n<p><strong>Ocjene vozila<\/strong> \u2013 prikazuje ocjene vozila prema odabranim kriterijima. Automobili se automatski formatiraju s najvi\u0161om vrijedno\u0161\u0107u na vrhu, a najni\u017eom na dnu. Boja grafa postavljena je prema zadanim postavkama i mo\u017ee se promijeniti u prethodno spomenutom izborniku \u201eKonfiguriraj ocjene\u201d. Prikazane ocjene vrijednosti mogu se promijeniti klikom na tri to\u010dke u gornjem desnom dijelu odjeljka. Naziv trenutne ocjene vrijednosti bit \u0107e prikazan pored nje. Vozila opremljena hardverom koji ne podr\u017eava parametre ekolo\u0161ke vo\u017enje prikazana su u donjem lijevom kutu ovog odjeljka.     <\/p>\n<p><a href=\"https:\/\/www.fmsdocumentation.com\/wp-content\/uploads\/2017\/04\/163.png\"><img loading=\"lazy\" decoding=\"async\" class=\"alignnone wp-image-267 size-full\" src=\"https:\/\/www.fmsdocumentation.com\/wp-content\/uploads\/2017\/04\/163.png\" alt=\"\" width=\"929\" height=\"400\" srcset=\"https:\/\/www.fmsdocumentation.com\/wp-content\/uploads\/2017\/04\/163.png 929w, https:\/\/www.fmsdocumentation.com\/wp-content\/uploads\/2017\/04\/163-300x129.png 300w, https:\/\/www.fmsdocumentation.com\/wp-content\/uploads\/2017\/04\/163-768x331.png 768w\" sizes=\"auto, (max-width: 929px) 100vw, 929px\" \/><\/a><\/p>\n<hr>\n<h3>Konfiguriraj ocjene<\/h3>\n<p>Nakon klika na tri to\u010dke, pojavit \u0107e se prozor pod nazivom \u201eKonfiguriraj ocjene\u201d. Trenutno odabrana ocjena bit \u0107e ozna\u010dena svijetlo sivom bojom i plavom trakom s desne strane naziva ocjene. Za odabir druge ocjene jednostavno kliknite \u017eeljenu ocjenu. Istovremeno se mo\u017ee odabrati samo jedna ocjena.   <\/p>\n<p><a href=\"https:\/\/www.fmsdocumentation.com\/wp-content\/uploads\/2017\/04\/164.png\"><img loading=\"lazy\" decoding=\"async\" class=\"alignnone wp-image-268 size-full\" src=\"https:\/\/www.fmsdocumentation.com\/wp-content\/uploads\/2017\/04\/164.png\" alt=\"\" width=\"484\" height=\"725\" srcset=\"https:\/\/www.fmsdocumentation.com\/wp-content\/uploads\/2017\/04\/164.png 484w, https:\/\/www.fmsdocumentation.com\/wp-content\/uploads\/2017\/04\/164-200x300.png 200w\" sizes=\"auto, (max-width: 484px) 100vw, 484px\" \/><\/a><\/p>\n<p>Ocjene vozila \u0107e se automatski a\u017eurirati nakon odabira nove ocjene. Naziv svakog vozila prikazuje se blizu svakog stupca. <\/p>\n<p style=\"background-color: #2e67b1; color: #ffffff; padding-left: 10px; padding-right: 10px;\"><p class=\"note\">Bilje\u0161ka<br \/>\n Prozor za konfiguriranje ocjenjivanja identi\u010dan je i za odjeljak ocjenjivanja vozila i za odjeljak ocjenjivanja voza\u010da, ali funkcionira zasebno za svaki odjeljak.<\/p><\/p>\n<p><strong>Ocjene voza\u010da<\/strong> \u2013 prikazuje ocjene voza\u010da prema odabranim kriterijima. Voza\u010di se automatski formatiraju s najvi\u0161om vrijedno\u0161\u0107u na vrhu i najni\u017eom na dnu. Boja grafa postavljena je prema zadanim postavkama i mo\u017ee se promijeniti u prethodno spomenutom izborniku \u201eKonfiguriraj ocjene\u201d. Prikazane ocjene vrijednosti mogu se promijeniti klikom na tri to\u010dke u gornjem desnom dijelu odjeljka. Naziv trenutne ocjene vrijednosti bit \u0107e prikazan pored nje. Voza\u010di koji nisu vozili vozilo opremljeno hardverom koji podr\u017eava parametre ekolo\u0161ke vo\u017enje tijekom odabranog vremenskog razdoblja prikazani su u donjem desnom dijelu ovog odjeljka.     <\/p>\n<p><a href=\"https:\/\/www.fmsdocumentation.com\/wp-content\/uploads\/2017\/04\/165.png\"><img loading=\"lazy\" decoding=\"async\" class=\"alignnone wp-image-269 size-full\" src=\"https:\/\/www.fmsdocumentation.com\/wp-content\/uploads\/2017\/04\/165.png\" alt=\"\" width=\"926\" height=\"509\" srcset=\"https:\/\/www.fmsdocumentation.com\/wp-content\/uploads\/2017\/04\/165.png 926w, https:\/\/www.fmsdocumentation.com\/wp-content\/uploads\/2017\/04\/165-300x165.png 300w, https:\/\/www.fmsdocumentation.com\/wp-content\/uploads\/2017\/04\/165-768x422.png 768w\" sizes=\"auto, (max-width: 926px) 100vw, 926px\" \/><\/a><\/p>\n<p style=\"background-color: #2e67b1; color: #ffffff; padding-left: 10px; padding-right: 10px;\"><p class=\"note\">Bilje\u0161ka<br \/>\n Klikom na ime voza\u010da ili njegov\/njezin odgovaraju\u0107i stupac grafa, korisnik \u0107e biti preusmjeren na KARTICU \u201eAnaliza po voza\u010du\u201d i prikazat \u0107e se statistika za odabranog korisnika.<\/p><\/p>\n<hr>\n<p><div class=\"alignleft\"><a href=\"https:\/\/www.fmsdocumentation.com\/hr\/izbornik-eko-voznje\/\" title=\"Izbornik Eko-vo\u017enje\"><span class=\"arrow\">\u2039 &nbsp <\/span> Izbornik Eko-vo\u017enje <\/a><\/div> <div class=\"alignright\"><a href=\"https:\/\/www.fmsdocumentation.com\/hr\/izbornik-eko-voznje\/analiza-po-vozilu\/\" title=\"Analiza po vozilu\">Analiza po vozilu <span class=\"arrow\"> &nbsp\u203a <\/span> <\/a><\/div><\/p>\n<p>&nbsp;<\/p>\n","protected":false},"excerpt":{"rendered":"<p>Sa\u017eetak voznog parka je zadani prozor koji se otvara nakon klika na karticu \u201eEko vo\u017enja\u201d. Prikazana analiza odnosi se na prethodno spomenutih proteklih 7 punih dana, osim ako korisnik nije promijenio. Bilje\u0161ka Analiza ekolo\u0161ke vo\u017enje uspore\u0111uje podatke s odgovaraju\u0107im brojem dana prije odabranog vremenskog razdoblja.Na primjer: Datum je postavljen na razdoblje od 15. listopada do &hellip; <a href=\"https:\/\/www.fmsdocumentation.com\/hr\/izbornik-eko-voznje\/sazetak-flote\/\" class=\"more-link\">Continue reading <span class=\"screen-reader-text\">Sa\u017eetak flote<\/span><\/a><\/p>\n","protected":false},"author":1,"featured_media":0,"parent":17127,"menu_order":1,"comment_status":"closed","ping_status":"closed","template":"","meta":{"footnotes":""},"class_list":["post-15312","page","type-page","status-publish","hentry"],"_links":{"self":[{"href":"https:\/\/www.fmsdocumentation.com\/hr\/wp-json\/wp\/v2\/pages\/15312","targetHints":{"allow":["GET"]}}],"collection":[{"href":"https:\/\/www.fmsdocumentation.com\/hr\/wp-json\/wp\/v2\/pages"}],"about":[{"href":"https:\/\/www.fmsdocumentation.com\/hr\/wp-json\/wp\/v2\/types\/page"}],"author":[{"embeddable":true,"href":"https:\/\/www.fmsdocumentation.com\/hr\/wp-json\/wp\/v2\/users\/1"}],"replies":[{"embeddable":true,"href":"https:\/\/www.fmsdocumentation.com\/hr\/wp-json\/wp\/v2\/comments?post=15312"}],"version-history":[{"count":1,"href":"https:\/\/www.fmsdocumentation.com\/hr\/wp-json\/wp\/v2\/pages\/15312\/revisions"}],"predecessor-version":[{"id":17140,"href":"https:\/\/www.fmsdocumentation.com\/hr\/wp-json\/wp\/v2\/pages\/15312\/revisions\/17140"}],"up":[{"embeddable":true,"href":"https:\/\/www.fmsdocumentation.com\/hr\/wp-json\/wp\/v2\/pages\/17127"}],"wp:attachment":[{"href":"https:\/\/www.fmsdocumentation.com\/hr\/wp-json\/wp\/v2\/media?parent=15312"}],"curies":[{"name":"wp","href":"https:\/\/api.w.org\/{rel}","templated":true}]}}