{"id":15326,"date":"2025-05-29T13:30:45","date_gmt":"2025-05-29T10:30:45","guid":{"rendered":"https:\/\/www.fmsdocumentation.com\/izbornik-zadataka-odrzavanja\/"},"modified":"2025-05-29T13:30:45","modified_gmt":"2025-05-29T10:30:45","slug":"izbornik-zadataka-odrzavanja","status":"publish","type":"page","link":"https:\/\/www.fmsdocumentation.com\/hr\/izbornik-zadataka-odrzavanja\/","title":{"rendered":"Izbornik zadataka odr\u017eavanja"},"content":{"rendered":"<p>Za pristup plo\u010di Zadaci odr\u017eavanja, korisnik mora kliknuti odgovaraju\u0107u ikonu na navigacijskoj plo\u010di koja se nalazi na lijevoj strani zaslona.<\/p>\n<p><a href=\"https:\/\/www.fmsdocumentation.com\/wp-content\/uploads\/2017\/04\/123.png\"><img loading=\"lazy\" decoding=\"async\" class=\"alignnone wp-image-210 size-large\" src=\"https:\/\/www.fmsdocumentation.com\/wp-content\/uploads\/2017\/04\/123-1024x560.png\" alt=\"\" width=\"660\" height=\"361\" srcset=\"https:\/\/www.fmsdocumentation.com\/wp-content\/uploads\/2017\/04\/123-1024x560.png 1024w, https:\/\/www.fmsdocumentation.com\/wp-content\/uploads\/2017\/04\/123-300x164.png 300w, https:\/\/www.fmsdocumentation.com\/wp-content\/uploads\/2017\/04\/123-768x420.png 768w, https:\/\/www.fmsdocumentation.com\/wp-content\/uploads\/2017\/04\/123.png 1251w\" sizes=\"auto, (max-width: 660px) 100vw, 660px\" \/><\/a><\/p>\n<p>Ovo \u0107e otvoriti plo\u010du Zadaci odr\u017eavanja koja korisniku omogu\u0107uje sljede\u0107e:<\/p>\n<ul>\n<li>Stvoriti nove zadatke odr\u017eavanja za vozila;<\/li>\n<li>Pregled\/izmjena\/brisanje postoje\u0107eg zadatka odr\u017eavanja;<\/li>\n<\/ul>\n<p>Zadaci odr\u017eavanja koriste se za postavljanje razdoblja odr\u017eavanja vozila u aktivnoj floti. Sustav za upravljanje flotom koristi podatke primljene od vozila, kao \u0161to su kilometra\u017ea i radni sati, kako bi se lak\u0161e pratili i planirali nadolaze\u0107i servisni popravci i odr\u017eavanje objekata. <\/p>\n<hr>\n<p><div class=\"alignleft\"><a href=\"https:\/\/www.fmsdocumentation.com\/hr\/izbornik-rutiranje-i-zadaci\/upravljanje-putovanjima\/\" title=\"Upravljanje putovanjima\"><span class=\"arrow\">\u2039 &nbsp <\/span> Upravljanje putovanjima <\/a><\/div> <div class=\"alignright\"><a href=\"https:\/\/www.fmsdocumentation.com\/hr\/izbornik-zadataka-odrzavanja\/izradi-zadatak-odrzavanja\/\" title=\"Izradi zadatak odr\u017eavanja\">Izradi zadatak odr\u017eavanja <span class=\"arrow\"> &nbsp\u203a <\/span> <\/a><\/div><\/p>\n","protected":false},"excerpt":{"rendered":"<p>Za pristup plo\u010di Zadaci odr\u017eavanja, korisnik mora kliknuti odgovaraju\u0107u ikonu na navigacijskoj plo\u010di koja se nalazi na lijevoj strani zaslona. Ovo \u0107e otvoriti plo\u010du Zadaci odr\u017eavanja koja korisniku omogu\u0107uje sljede\u0107e: Stvoriti nove zadatke odr\u017eavanja za vozila; Pregled\/izmjena\/brisanje postoje\u0107eg zadatka odr\u017eavanja; Zadaci odr\u017eavanja koriste se za postavljanje razdoblja odr\u017eavanja vozila u aktivnoj floti. Sustav za upravljanje &hellip; <a href=\"https:\/\/www.fmsdocumentation.com\/hr\/izbornik-zadataka-odrzavanja\/\" class=\"more-link\">Continue reading <span class=\"screen-reader-text\">Izbornik zadataka odr\u017eavanja<\/span><\/a><\/p>\n","protected":false},"author":1,"featured_media":0,"parent":0,"menu_order":79,"comment_status":"closed","ping_status":"closed","template":"","meta":{"footnotes":""},"class_list":["post-15326","page","type-page","status-publish","hentry"],"_links":{"self":[{"href":"https:\/\/www.fmsdocumentation.com\/hr\/wp-json\/wp\/v2\/pages\/15326","targetHints":{"allow":["GET"]}}],"collection":[{"href":"https:\/\/www.fmsdocumentation.com\/hr\/wp-json\/wp\/v2\/pages"}],"about":[{"href":"https:\/\/www.fmsdocumentation.com\/hr\/wp-json\/wp\/v2\/types\/page"}],"author":[{"embeddable":true,"href":"https:\/\/www.fmsdocumentation.com\/hr\/wp-json\/wp\/v2\/users\/1"}],"replies":[{"embeddable":true,"href":"https:\/\/www.fmsdocumentation.com\/hr\/wp-json\/wp\/v2\/comments?post=15326"}],"version-history":[{"count":0,"href":"https:\/\/www.fmsdocumentation.com\/hr\/wp-json\/wp\/v2\/pages\/15326\/revisions"}],"wp:attachment":[{"href":"https:\/\/www.fmsdocumentation.com\/hr\/wp-json\/wp\/v2\/media?parent=15326"}],"curies":[{"name":"wp","href":"https:\/\/api.w.org\/{rel}","templated":true}]}}