{"id":15328,"date":"2025-05-29T13:30:45","date_gmt":"2025-05-29T10:30:45","guid":{"rendered":"https:\/\/www.fmsdocumentation.com\/izbornik-dogadaja\/"},"modified":"2025-05-29T13:30:45","modified_gmt":"2025-05-29T10:30:45","slug":"izbornik-dogadaja","status":"publish","type":"page","link":"https:\/\/www.fmsdocumentation.com\/hr\/izbornik-dogadaja\/","title":{"rendered":"Izbornik doga\u0111aja"},"content":{"rendered":"<p>Za pristup plo\u010di doga\u0111aja, korisnik mora kliknuti odgovaraju\u0107u ikonu na navigacijskoj plo\u010di koja se nalazi na lijevoj strani zaslona.<\/p>\n<p><a href=\"https:\/\/www.fmsdocumentation.com\/wp-content\/uploads\/2018\/11\/103.png\"><img loading=\"lazy\" decoding=\"async\" class=\"alignnone wp-image-6214 size-large\" src=\"https:\/\/www.fmsdocumentation.com\/wp-content\/uploads\/2018\/11\/103-1024x506.png\" alt=\"\" width=\"660\" height=\"326\" srcset=\"https:\/\/www.fmsdocumentation.com\/wp-content\/uploads\/2018\/11\/103-1024x506.png 1024w, https:\/\/www.fmsdocumentation.com\/wp-content\/uploads\/2018\/11\/103-300x148.png 300w, https:\/\/www.fmsdocumentation.com\/wp-content\/uploads\/2018\/11\/103-768x380.png 768w, https:\/\/www.fmsdocumentation.com\/wp-content\/uploads\/2018\/11\/103.png 1920w\" sizes=\"auto, (max-width: 660px) 100vw, 660px\" \/><\/a><\/p>\n<p>Klikom na ikonu otvorit \u0107e se plo\u010da Doga\u0111aji. Ova plo\u010da omogu\u0107uje korisniku pretra\u017eivanje postoje\u0107ih doga\u0111aja, njihovo mijenjanje i stvaranje novih. <\/p>\n<hr>\n<p><div class=\"alignleft\"><a href=\"https:\/\/www.fmsdocumentation.com\/hr\/izbornik-geozona\/\" title=\"Izbornik geozona\"><span class=\"arrow\">\u2039 &nbsp <\/span> Izbornik geozona <\/a><\/div> <div class=\"alignright\"><a href=\"https:\/\/www.fmsdocumentation.com\/hr\/izbornik-dogadaja\/stvori-novi-dogadaj\/\" title=\"Stvori novi doga\u0111aj\">Stvori novi doga\u0111aj <span class=\"arrow\"> &nbsp\u203a <\/span> <\/a><\/div><\/p>\n","protected":false},"excerpt":{"rendered":"<p>Za pristup plo\u010di doga\u0111aja, korisnik mora kliknuti odgovaraju\u0107u ikonu na navigacijskoj plo\u010di koja se nalazi na lijevoj strani zaslona. Klikom na ikonu otvorit \u0107e se plo\u010da Doga\u0111aji. Ova plo\u010da omogu\u0107uje korisniku pretra\u017eivanje postoje\u0107ih doga\u0111aja, njihovo mijenjanje i stvaranje novih.<\/p>\n","protected":false},"author":1,"featured_media":0,"parent":0,"menu_order":61,"comment_status":"closed","ping_status":"closed","template":"","meta":{"footnotes":""},"class_list":["post-15328","page","type-page","status-publish","hentry"],"_links":{"self":[{"href":"https:\/\/www.fmsdocumentation.com\/hr\/wp-json\/wp\/v2\/pages\/15328","targetHints":{"allow":["GET"]}}],"collection":[{"href":"https:\/\/www.fmsdocumentation.com\/hr\/wp-json\/wp\/v2\/pages"}],"about":[{"href":"https:\/\/www.fmsdocumentation.com\/hr\/wp-json\/wp\/v2\/types\/page"}],"author":[{"embeddable":true,"href":"https:\/\/www.fmsdocumentation.com\/hr\/wp-json\/wp\/v2\/users\/1"}],"replies":[{"embeddable":true,"href":"https:\/\/www.fmsdocumentation.com\/hr\/wp-json\/wp\/v2\/comments?post=15328"}],"version-history":[{"count":0,"href":"https:\/\/www.fmsdocumentation.com\/hr\/wp-json\/wp\/v2\/pages\/15328\/revisions"}],"wp:attachment":[{"href":"https:\/\/www.fmsdocumentation.com\/hr\/wp-json\/wp\/v2\/media?parent=15328"}],"curies":[{"name":"wp","href":"https:\/\/api.w.org\/{rel}","templated":true}]}}