{"id":15349,"date":"2025-05-29T13:30:46","date_gmt":"2025-05-29T10:30:46","guid":{"rendered":"https:\/\/www.fmsdocumentation.com\/izradi-zadatak-odrzavanja\/"},"modified":"2025-05-29T13:30:46","modified_gmt":"2025-05-29T10:30:46","slug":"izradi-zadatak-odrzavanja","status":"publish","type":"page","link":"https:\/\/www.fmsdocumentation.com\/hr\/izbornik-zadataka-odrzavanja\/izradi-zadatak-odrzavanja\/","title":{"rendered":"Izradi zadatak odr\u017eavanja"},"content":{"rendered":"<p>Za stvaranje novog zadatka odr\u017eavanja korisnik mora kliknuti gumb \u201e+ Novi zadatak\u201d koji se nalazi u gornjem lijevom kutu plo\u010de.<\/p>\n<p><a href=\"https:\/\/www.fmsdocumentation.com\/wp-content\/uploads\/2017\/04\/124.png\"><img loading=\"lazy\" decoding=\"async\" class=\"alignnone wp-image-213 size-large\" src=\"https:\/\/www.fmsdocumentation.com\/wp-content\/uploads\/2017\/04\/124-1024x560.png\" alt=\"\" width=\"660\" height=\"361\" srcset=\"https:\/\/www.fmsdocumentation.com\/wp-content\/uploads\/2017\/04\/124-1024x560.png 1024w, https:\/\/www.fmsdocumentation.com\/wp-content\/uploads\/2017\/04\/124-300x164.png 300w, https:\/\/www.fmsdocumentation.com\/wp-content\/uploads\/2017\/04\/124-768x420.png 768w, https:\/\/www.fmsdocumentation.com\/wp-content\/uploads\/2017\/04\/124.png 1251w\" sizes=\"auto, (max-width: 660px) 100vw, 660px\" \/><\/a><\/p>\n<p>Ovim \u0107e se otvoriti novi prozor s postavkama za novi zadatak odr\u017eavanja. Prva opcija koju korisnik mora odabrati je vozilo ili vozila za koja \u0107e ovaj zadatak biti va\u017ee\u0107i. Korisnik to mo\u017ee u\u010diniti pomo\u0107u:  <\/p>\n<ol>\n<li><strong>Traka za pretra\u017eivanje<\/strong> za brzo pretra\u017eivanje svih vozila u voznom parku. Svako slovo uneseno u traku za pretra\u017eivanje automatski \u0107e filtrirati sve objekte u voznom parku i prikazati samo one s odgovaraju\u0107im nazivima u okviru odmah ispod trake za pretra\u017eivanje. <\/li>\n<li><strong>Odaberi sve<\/strong> \u2013 odabrat \u0107e sve objekte <strong>trenutno prikazane<\/strong> u okviru za odabir. To zna\u010di da ako se traka za pretra\u017eivanje koristi za filtriranje objekata i klikne se na \u201eOdaberi sve\u201d, odabiru se samo filtrirani objekti, dok skriveni objekti ostaju neozna\u010deni. ( <strong>Za odabir svih objekata u voznom parku, traka za pretra\u017eivanje mora biti prazna!<\/strong> ). Desno od gumba Odaberi sve nalazi se broja\u010d koji prikazuje broj trenutno odabranih vozila. <\/li>\n<li><strong>Okvir za odabir<\/strong> \u2013 prema zadanim postavkama (ako je traka za pretra\u017eivanje prazna) ovaj okvir za odabir prikazuje sva vozila u voznom parku abecednim redom, gdje korisnik mo\u017ee odabrati vozila koja \u017eeli dodati u zadatak odr\u017eavanja. Za odabir vozila korisnik mora kliknuti mali potvrdni okvir odmah ispred naziva vozila. (Ozna\u010deni okvir bit \u0107e ozna\u010den plavom bojom s bijelom kva\u010dicom).  <\/li>\n<\/ol>\n<p><a href=\"https:\/\/www.fmsdocumentation.com\/wp-content\/uploads\/2017\/04\/125.png\"><img loading=\"lazy\" decoding=\"async\" class=\"alignnone wp-image-214 size-large\" src=\"https:\/\/www.fmsdocumentation.com\/wp-content\/uploads\/2017\/04\/125-1024x560.png\" alt=\"\" width=\"660\" height=\"361\" srcset=\"https:\/\/www.fmsdocumentation.com\/wp-content\/uploads\/2017\/04\/125-1024x560.png 1024w, https:\/\/www.fmsdocumentation.com\/wp-content\/uploads\/2017\/04\/125-300x164.png 300w, https:\/\/www.fmsdocumentation.com\/wp-content\/uploads\/2017\/04\/125-768x420.png 768w, https:\/\/www.fmsdocumentation.com\/wp-content\/uploads\/2017\/04\/125.png 1251w\" sizes=\"auto, (max-width: 660px) 100vw, 660px\" \/><\/a><\/p>\n<p>Nakon odabira vozila ili vozila za zadatak odr\u017eavanja, korisnik mora unijeti postavke i opis zadatka. Potrebno je unijeti sljede\u0107e podatke: <\/p>\n<ol>\n<li><strong>Naziv\/naziv zadatka odr\u017eavanja<\/strong> \u2013 naziv zadatka odr\u017eavanja, ovaj naziv \u0107e se prikazivati \u200b\u200bna popisu zadataka odr\u017eavanja i to je glavni identifikator zadatka odr\u017eavanja.<\/li>\n<li><strong>Vrsta parametra<\/strong> \u2013 definira koji \u0107e se parametar koristiti za postavljanje razdoblja odr\u017eavanja. Klikom na malu strelicu otvorit \u0107e se padaju\u0107i popis svih dostupnih odabira:\n<ul>\n<li><strong>Kilometra\u017ea<\/strong> \u2013 ovaj parametar je postavljen prema zadanim postavkama i odre\u0111uje razdoblje odr\u017eavanja u kilometrima (na primjer: Izmjena ulja svakih 7000 km).<\/li>\n<li><strong>Datum<\/strong> \u2013 ovaj parametar postavlja vremensko razdoblje, korisnik mo\u017ee unijeti numeri\u010dku vrijednost i odabrati grupiranje za nju (dani, tjedni, mjeseci, godine) (na primjer: Izmjena ulja svaka 3 mjeseca ili 90 dana).<\/li>\n<li><strong>Radno vrijeme \u2013<\/strong> ovaj parametar postavlja razdoblje radnih sati. Ovaj parametar mo\u017ee se odabrati samo za vozila koja su konfigurirana (DIN1, DIN2, DIN3 ili DIN4) za slanje podataka o radnim satima u sustav upravljanja voznim parkom (Ispod \u201eVrste parametra\u201d pojavljuje se bira\u010d unosa gdje korisnik mo\u017ee odabrati DIN koji \u0161alje podatke). Odabirom vrste parametra automatski \u0107e se a\u017eurirati popis vozila na vozila koja podr\u017eavaju ovu vrstu parametra, a promjenom unosa (DIN1-DIN4) tako\u0111er \u0107e se filtrirati popis vozila. Razdoblje se izra\u010dunava u satima. (Na primjer: Izmjena ulja svakih 450 radnih sati).   <\/li>\n<\/ul>\n<\/li>\n<li><strong>Dodaj opis \u2013<\/strong> klikom na ovaj gumb otvorit \u0107e se tekstualni okvir za opis u koji korisnik mo\u017ee dodati opis zadatka odr\u017eavanja. Ovaj opis se vidi samo prilikom ure\u0111ivanja postavki vozila nakon stvaranja zadatka. <\/li>\n<li><strong>Ulaz \u2013<\/strong> dostupno samo ako je vrsta parametra postavljena na \u201eRadni sati\u201d. Ovo omogu\u0107uje odabir s kojeg se ulaza primaju podaci o radnom vremenu, to treba odabrati na temelju konfiguracije FM ure\u0111aja na svakom vozilu pojedina\u010dno. <\/li>\n<li><strong>Unesite kilometra\u017eu\/datum\/radne sate zadnjeg servisa \u2013<\/strong> Klikom na ovaj potvrdni okvir stvorit \u0107e se tekstualno polje u koje korisnik mo\u017ee unijeti kilometra\u017eu\/datum\/radne sate zadnjeg odr\u017eavanja (razdoblje \u0107e po\u010deti odbrojavati od ove kilometra\u017ee\/datuma\/radnih sati)<\/li>\n<li><strong>Ponovi zadatak nakon \u2013<\/strong> ovo omogu\u0107uje unos \u017eeljenog razdoblja (svakih XX dana, XXXX kilometara, XX radnih sati) za odr\u017eavanje na temelju odabira parametra (Radni sati\/datum\/kilometra\u017ea).<\/li>\n<li><strong>Potvrda zadatka \u2013<\/strong> ovo korisniku omogu\u0107uje odabir jedne od dvije opcije za potvrdu zadatka, koja \u0107e definirati kada po\u010dinje novo razdoblje odr\u017eavanja. Mo\u017ee se odabrati samo jedna od dvije:\n<ul>\n<li><strong>Ru\u010dno potvrdite ovaj zadatak svaki put kako biste pokrenuli novi ciklus zadataka \u2013<\/strong> to zna\u010di da novo razdoblje odr\u017eavanja po\u010dinje tek nakon \u0161to korisnik potvrdi da je prethodno odr\u017eavanje dovr\u0161eno <strong>;<\/strong><\/li>\n<li><strong>Automatski potvrdi ovaj zadatak za pokretanje novog ciklusa zadataka \u2013<\/strong> To zna\u010di da novo razdoblje odr\u017eavanja po\u010dinje odmah nakon zavr\u0161etka prethodnog bez potrebe za potvrdom korisnika da je odr\u017eavanje zavr\u0161eno <strong>;<\/strong><\/li>\n<\/ul>\n<\/li>\n<\/ol>\n<p><strong>Potvrdni okvir za obavijesti putem e-po\u0161te \u2013<\/strong> ozna\u010davanjem ovog potvrdnog okvira omogu\u0107it \u0107e se obavijesti putem e-po\u0161te o nadolaze\u0107im zadacima odr\u017eavanja. Mo\u017eete unijeti vi\u0161e od jedne e-po\u0161te upisivanjem znaka zareza \u201e,\u201d nakon svake e-po\u0161te. E-po\u0161ta se mo\u017ee ukloniti klikom na mali x pored adrese. ( <strong><em>Nije prikazano na primjeru slike<\/em><\/strong> ).<\/p>\n<p><strong>Upozorenje prije \u2013<\/strong> ovo polje se prikazuje samo ako je ozna\u010den potvrdni okvir za obavijest e-po\u0161tom i definira kada \u0107e se slati e-poruke s obavijestima (na primjer: prije 500 km do roka za odr\u017eavanje) (jedinice za mjerenje prije (km\/vrijeme) ovise o odabranoj vrsti parametra); <strong>  <\/strong>( <strong><em>Nije prikazano na primjernoj slici<\/em><\/strong> ).<\/p>\n<ol start=\"9\">\n<li><strong>Spremi \u2013<\/strong> Ovaj gumb mora se kliknuti za stvaranje novog zadatka odr\u017eavanja;<\/li>\n<li><strong>Zatvori \u2013<\/strong> Za otkazivanje stvaranja novog zadatka odr\u017eavanja ili korisnik mo\u017ee jednostavno kliknuti bilo gdje izvan prozora postavki da bi ga zatvorio.<\/li>\n<\/ol>\n<p><a href=\"https:\/\/www.fmsdocumentation.com\/wp-content\/uploads\/2017\/04\/126.png\"><img loading=\"lazy\" decoding=\"async\" class=\"alignnone wp-image-215 size-full\" src=\"https:\/\/www.fmsdocumentation.com\/wp-content\/uploads\/2017\/04\/126.png\" alt=\"\" width=\"800\" height=\"760\" srcset=\"https:\/\/www.fmsdocumentation.com\/wp-content\/uploads\/2017\/04\/126.png 800w, https:\/\/www.fmsdocumentation.com\/wp-content\/uploads\/2017\/04\/126-300x285.png 300w, https:\/\/www.fmsdocumentation.com\/wp-content\/uploads\/2017\/04\/126-768x730.png 768w\" sizes=\"auto, (max-width: 800px) 100vw, 800px\" \/><\/a><\/p>\n<p>Nakon \u0161to se klikne gumb za spremanje, dodaje se na popis svih zadataka odr\u017eavanja.<\/p>\n<hr>\n<p><div class=\"alignleft\"><a href=\"https:\/\/www.fmsdocumentation.com\/hr\/izbornik-zadataka-odrzavanja\/\" title=\"Izbornik zadataka odr\u017eavanja\"><span class=\"arrow\">\u2039 &nbsp <\/span> Izbornik zadataka odr\u017eavanja <\/a><\/div> <div class=\"alignright\"><a href=\"https:\/\/www.fmsdocumentation.com\/hr\/izbornik-zadataka-odrzavanja\/pregled-zadataka-odrzavanja\/\" title=\"Pregled zadataka odr\u017eavanja\">Pregled zadataka odr\u017eavanja <span class=\"arrow\"> &nbsp\u203a <\/span> <\/a><\/div><\/p>\n","protected":false},"excerpt":{"rendered":"<p>Za stvaranje novog zadatka odr\u017eavanja korisnik mora kliknuti gumb \u201e+ Novi zadatak\u201d koji se nalazi u gornjem lijevom kutu plo\u010de. Ovim \u0107e se otvoriti novi prozor s postavkama za novi zadatak odr\u017eavanja. Prva opcija koju korisnik mora odabrati je vozilo ili vozila za koja \u0107e ovaj zadatak biti va\u017ee\u0107i. Korisnik to mo\u017ee u\u010diniti pomo\u0107u: Traka &hellip; <a href=\"https:\/\/www.fmsdocumentation.com\/hr\/izbornik-zadataka-odrzavanja\/izradi-zadatak-odrzavanja\/\" class=\"more-link\">Continue reading <span class=\"screen-reader-text\">Izradi zadatak odr\u017eavanja<\/span><\/a><\/p>\n","protected":false},"author":1,"featured_media":0,"parent":15326,"menu_order":1,"comment_status":"closed","ping_status":"closed","template":"","meta":{"footnotes":""},"class_list":["post-15349","page","type-page","status-publish","hentry"],"_links":{"self":[{"href":"https:\/\/www.fmsdocumentation.com\/hr\/wp-json\/wp\/v2\/pages\/15349","targetHints":{"allow":["GET"]}}],"collection":[{"href":"https:\/\/www.fmsdocumentation.com\/hr\/wp-json\/wp\/v2\/pages"}],"about":[{"href":"https:\/\/www.fmsdocumentation.com\/hr\/wp-json\/wp\/v2\/types\/page"}],"author":[{"embeddable":true,"href":"https:\/\/www.fmsdocumentation.com\/hr\/wp-json\/wp\/v2\/users\/1"}],"replies":[{"embeddable":true,"href":"https:\/\/www.fmsdocumentation.com\/hr\/wp-json\/wp\/v2\/comments?post=15349"}],"version-history":[{"count":0,"href":"https:\/\/www.fmsdocumentation.com\/hr\/wp-json\/wp\/v2\/pages\/15349\/revisions"}],"up":[{"embeddable":true,"href":"https:\/\/www.fmsdocumentation.com\/hr\/wp-json\/wp\/v2\/pages\/15326"}],"wp:attachment":[{"href":"https:\/\/www.fmsdocumentation.com\/hr\/wp-json\/wp\/v2\/media?parent=15349"}],"curies":[{"name":"wp","href":"https:\/\/api.w.org\/{rel}","templated":true}]}}