{"id":15363,"date":"2025-05-29T13:30:47","date_gmt":"2025-05-29T10:30:47","guid":{"rendered":"https:\/\/www.fmsdocumentation.com\/izbornik-zadataka-odrzavanja\/pregled-zadataka-odrzavanja\/"},"modified":"2025-05-29T13:30:47","modified_gmt":"2025-05-29T10:30:47","slug":"pregled-zadataka-odrzavanja","status":"publish","type":"page","link":"https:\/\/www.fmsdocumentation.com\/hr\/izbornik-zadataka-odrzavanja\/pregled-zadataka-odrzavanja\/","title":{"rendered":"Pregled zadataka odr\u017eavanja"},"content":{"rendered":"<p>Popis prikazuje sve zadatke odr\u017eavanja koje je kreirao korisnik. Svaki zadatak prikazuje dodatne informacije kao \u0161to su: <\/p>\n<ul>\n<li><strong>Naziv zadatka odr\u017eavanja<\/strong> ;<\/li>\n<li><strong>Broj vozila dodijeljenih zadatku odr\u017eavanja<\/strong> ;<\/li>\n<li><strong>Broj vozila prema statusu<\/strong> \u2013 prika\u017eite mali graf i numeri\u010dku vrijednost vozila u svakom statusu. Postoje tri statusa i podijeljeni su bojama:\n<ul>\n<li><strong>Zelena \u2013<\/strong> Status U redu, nije potrebna pa\u017enja, vrijeme ili udaljenost do sljede\u0107eg odr\u017eavanja je i dalje ve\u0107a od 20% po\u010detne vrijednosti;<\/li>\n<li><strong>\u017duta \u2013<\/strong> Status \u010dekanja, to zna\u010di da je vozilo u redu za odr\u017eavanje i vrijeme ili udaljenost do sljede\u0107eg odr\u017eavanja je manja od 20% po\u010detne vrijednosti (Primjer: razdoblje je 100 dana, vozilo je vo\u017eeno 85 dana, preostalo je 15 dana do odr\u017eavanja (15% od po\u010detne vrijednosti od 100 dana&lt; 20%))<\/li>\n<li><strong>Crvena \u2013<\/strong> Status ka\u0161njenja, to zna\u010di da je vrijeme ili udaljenost za odr\u017eavanje u potpunosti istekla i da je odr\u017eavanje zaka\u0161njelo.<\/li>\n<\/ul>\n<\/li>\n<\/ul>\n<p><a href=\"https:\/\/www.fmsdocumentation.com\/wp-content\/uploads\/2017\/04\/127.png\"><img loading=\"lazy\" decoding=\"async\" class=\"alignnone wp-image-218 size-full\" src=\"https:\/\/www.fmsdocumentation.com\/wp-content\/uploads\/2017\/04\/127.png\" alt=\"\" width=\"343\" height=\"351\" srcset=\"https:\/\/www.fmsdocumentation.com\/wp-content\/uploads\/2017\/04\/127.png 343w, https:\/\/www.fmsdocumentation.com\/wp-content\/uploads\/2017\/04\/127-293x300.png 293w\" sizes=\"auto, (max-width: 343px) 100vw, 343px\" \/><\/a><\/p>\n<p>Klikom na zadatak na popisu otvorit \u0107e se plo\u010da s pregledom za zadatak odr\u017eavanja. Prema zadanim postavkama otvoren je prvi zadatak odr\u017eavanja na popisu. Pregled plo\u010de s pregledom: <\/p>\n<ol>\n<li><strong>Naziv zadatka odr\u017eavanja<\/strong> ;<\/li>\n<li><strong>Dodaj vozilo<\/strong> &#8211; omogu\u0107uje dodavanje vozila trenutno odabranom zadatku. Plo\u010da je sli\u010dna prethodno opisanoj plo\u010di za stvaranje zadatka odr\u017eavanja. Ovdje korisnik mo\u017ee odabrati sva vozila koja \u017eeli dodati ovom zadatku odr\u017eavanja. Korisnik tako\u0111er mo\u017ee promijeniti opis zadatka i postaviti prilago\u0111ene vrijednosti za ova polja:\n<ul>\n<li><strong>Kilometra\u017ea zadnjeg servisa;<\/strong><\/li>\n<li><strong>Ponovite zadatak nakon;<\/strong><\/li>\n<li><strong>Potvrda zadatka.<\/strong><\/li>\n<\/ul>\n<\/li>\n<li><strong>Izbri\u0161i zadatak<\/strong> \u2013 Klikom na ovo prikazat \u0107e se prozor za potvrdu u kojem korisnik mora potvrditi brisanje zadatka odr\u017eavanja. Ako je kliknuto slu\u010dajno, korisnik jednostavno mora kliknuti gumb \u201eotka\u017ei\u201d ili kliknuti bilo gdje izvan prozora za potvrdu. <\/li>\n<li><strong>Uredi<\/strong> \u2013 omogu\u0107uje ure\u0111ivanje odabranog vozila ili vozila (ozna\u010den potvrdni okvir), funkcija \u201eUredi\u201d opisana je u sljede\u0107em odjeljku.<\/li>\n<li><strong>Ukloni vozilo<\/strong> \u2013 klikom na ovaj gumb uklonit \u0107e se sva ozna\u010dena vozila iz odabranog zadatka<\/li>\n<li><strong>Potvrdi<\/strong> \u2013 Ovaj gumb se koristi za potvrdu odr\u017eavanja, klikom na ovaj gumb ozna\u010dit \u0107e se odr\u017eavanje za sva provjerena vozila. Mogu\u0107e je potvrditi odr\u017eavanje za svako vozilo pojedina\u010dno, \u0161to je opisano u nastavku.<strong>NAPOMENA: Mogu se potvrditi samo vozila u \u017eutom ili crvenom statusu! Vozila u zelenom statusu ne mogu se potvrditi. Ako je odabrano nekoliko vozila svih boja i klikne se gumb za potvrdu, bit \u0107e potvr\u0111ena samo vozila s crvenim ili \u017eutim statusom i pojavit \u0107e se prozor s upozorenjem da se neka (zelena) vozila ne mogu potvrditi. <\/strong>).<\/li>\n<li><strong>Popis vozila<\/strong> \u2013 Popis svih vozila dodijeljenih trenutno odabranom zadatku odr\u017eavanja. Dodatni podaci prikazuju se u svakom retku za svako vozilo. Potvrdni okvir nalazi se na po\u010detku svakog retka i koristi se prilikom ure\u0111ivanja vozila, uklanjanja iz zadatka odr\u017eavanja ili potvr\u0111ivanja odr\u017eavanja. Klikom na potvrdni okvir u zaglavlju odabrat \u0107e se\/poni\u0161titi odabir svih vozila na popisu.   <\/li>\n<\/ol>\n<p><a href=\"https:\/\/www.fmsdocumentation.com\/wp-content\/uploads\/2017\/04\/128.png\"><img loading=\"lazy\" decoding=\"async\" class=\"alignnone wp-image-219 size-full\" src=\"https:\/\/www.fmsdocumentation.com\/wp-content\/uploads\/2017\/04\/128.png\" alt=\"\" width=\"814\" height=\"624\" srcset=\"https:\/\/www.fmsdocumentation.com\/wp-content\/uploads\/2017\/04\/128.png 814w, https:\/\/www.fmsdocumentation.com\/wp-content\/uploads\/2017\/04\/128-300x230.png 300w, https:\/\/www.fmsdocumentation.com\/wp-content\/uploads\/2017\/04\/128-768x589.png 768w\" sizes=\"auto, (max-width: 814px) 100vw, 814px\" \/><\/a><\/p>\n<p>Popis vozila sadr\u017ei sve va\u017ene informacije o postavljenom odr\u017eavanju. Ovaj popis mo\u017ee se razlikovati ovisno o odabranoj vrsti parametra. Ako je odabrana kilometra\u017ea, na popisu \u0107e se pojaviti dodatni stupac pod nazivom \u201eKilometra\u017ea\u201d koji prikazuje trenutnu kilometra\u017eu za svako vozilo, isto vrijedi i za radne sate. Ako je kao vrsta parametra odabrano radno vrijeme, tada \u0107e na popisu vozila biti prisutan stupac \u201eRadno vrijeme\u201d. Ako je odabrano \u201eDatum\u201d, nema dodatnih stupaca. Svi ostali stupci ostaju identi\u010dni, a njihova zaglavlja su sama po sebi razumljiva.     <\/p>\n<p>Posljednji stupac na popisu je <strong>status zadatka<\/strong> . Ikona informacija nalazi se pokraj statusa zadatka, a zadr\u017eavanjem pokaziva\u010da mi\u0161a iznad nje prikazat \u0107e se kako je sustav odredio statuse <span style=\"background-color: #ff0000; color: #ffffff;\">\u201eKa\u0161njenje\u201d<\/span> i <span style=\"background-color: #ffff00; color: #000000;\">\u201e\u010cekanje\u201d<\/span> . Svako vozilo sa statusom ka\u0161njenja ili \u010dekanja imat \u0107e gumb za potvrdu pokraj trenutnog statusa. Klikom na ovaj gumb potvrdit \u0107e se odr\u017eavanje samo za vozilo u kojem se gumb nalazi.   <\/p>\n<p><a href=\"https:\/\/www.fmsdocumentation.com\/wp-content\/uploads\/2017\/04\/129.png\"><img loading=\"lazy\" decoding=\"async\" class=\"alignnone wp-image-220 size-full\" src=\"https:\/\/www.fmsdocumentation.com\/wp-content\/uploads\/2017\/04\/129.png\" alt=\"\" width=\"257\" height=\"203\"><\/a><\/p>\n<hr>\n<p><div class=\"alignleft\"><a href=\"https:\/\/www.fmsdocumentation.com\/hr\/izbornik-zadataka-odrzavanja\/izradi-zadatak-odrzavanja\/\" title=\"Izradi zadatak odr\u017eavanja\"><span class=\"arrow\">\u2039 &nbsp <\/span> Izradi zadatak odr\u017eavanja <\/a><\/div> <div class=\"alignright\"><a href=\"https:\/\/www.fmsdocumentation.com\/hr\/izbornik-zadataka-odrzavanja\/uredivanje-vozila-za-odrzavanje\/\" title=\"Ure\u0111ivanje vozila za odr\u017eavanje\">Ure\u0111ivanje vozila za odr\u017eavanje <span class=\"arrow\"> &nbsp\u203a <\/span> <\/a><\/div><\/p>\n","protected":false},"excerpt":{"rendered":"<p>Popis prikazuje sve zadatke odr\u017eavanja koje je kreirao korisnik. Svaki zadatak prikazuje dodatne informacije kao \u0161to su: Naziv zadatka odr\u017eavanja ; Broj vozila dodijeljenih zadatku odr\u017eavanja ; Broj vozila prema statusu \u2013 prika\u017eite mali graf i numeri\u010dku vrijednost vozila u svakom statusu. Postoje tri statusa i podijeljeni su bojama: Zelena \u2013 Status U redu, nije &hellip; <a href=\"https:\/\/www.fmsdocumentation.com\/hr\/izbornik-zadataka-odrzavanja\/pregled-zadataka-odrzavanja\/\" class=\"more-link\">Continue reading <span class=\"screen-reader-text\">Pregled zadataka odr\u017eavanja<\/span><\/a><\/p>\n","protected":false},"author":1,"featured_media":0,"parent":15326,"menu_order":2,"comment_status":"closed","ping_status":"closed","template":"","meta":{"footnotes":""},"class_list":["post-15363","page","type-page","status-publish","hentry"],"_links":{"self":[{"href":"https:\/\/www.fmsdocumentation.com\/hr\/wp-json\/wp\/v2\/pages\/15363","targetHints":{"allow":["GET"]}}],"collection":[{"href":"https:\/\/www.fmsdocumentation.com\/hr\/wp-json\/wp\/v2\/pages"}],"about":[{"href":"https:\/\/www.fmsdocumentation.com\/hr\/wp-json\/wp\/v2\/types\/page"}],"author":[{"embeddable":true,"href":"https:\/\/www.fmsdocumentation.com\/hr\/wp-json\/wp\/v2\/users\/1"}],"replies":[{"embeddable":true,"href":"https:\/\/www.fmsdocumentation.com\/hr\/wp-json\/wp\/v2\/comments?post=15363"}],"version-history":[{"count":0,"href":"https:\/\/www.fmsdocumentation.com\/hr\/wp-json\/wp\/v2\/pages\/15363\/revisions"}],"up":[{"embeddable":true,"href":"https:\/\/www.fmsdocumentation.com\/hr\/wp-json\/wp\/v2\/pages\/15326"}],"wp:attachment":[{"href":"https:\/\/www.fmsdocumentation.com\/hr\/wp-json\/wp\/v2\/media?parent=15363"}],"curies":[{"name":"wp","href":"https:\/\/api.w.org\/{rel}","templated":true}]}}