{"id":15364,"date":"2025-05-29T13:30:48","date_gmt":"2025-05-29T10:30:48","guid":{"rendered":"https:\/\/www.fmsdocumentation.com\/stvaranje-novih-zadataka\/"},"modified":"2025-05-29T13:30:48","modified_gmt":"2025-05-29T10:30:48","slug":"stvaranje-novih-zadataka","status":"publish","type":"page","link":"https:\/\/www.fmsdocumentation.com\/hr\/stvaranje-novih-zadataka\/","title":{"rendered":"Stvaranje novih zadataka"},"content":{"rendered":"<p>Plo\u010di zadataka pristupa se klikom na karticu \u201eZadaci\u201d u plo\u010di Usmjeravanje i zadaci.<\/p>\n<p><a href=\"https:\/\/www.fmsdocumentation.com\/wp-content\/uploads\/2017\/04\/237-2.png\"><img loading=\"lazy\" decoding=\"async\" class=\"alignnone wp-image-1152 size-large\" src=\"https:\/\/www.fmsdocumentation.com\/wp-content\/uploads\/2017\/04\/237-2-1024x506.png\" alt=\"\" width=\"660\" height=\"326\" srcset=\"https:\/\/www.fmsdocumentation.com\/wp-content\/uploads\/2017\/04\/237-2-1024x506.png 1024w, https:\/\/www.fmsdocumentation.com\/wp-content\/uploads\/2017\/04\/237-2-300x148.png 300w, https:\/\/www.fmsdocumentation.com\/wp-content\/uploads\/2017\/04\/237-2-768x380.png 768w, https:\/\/www.fmsdocumentation.com\/wp-content\/uploads\/2017\/04\/237-2.png 1920w\" sizes=\"auto, (max-width: 660px) 100vw, 660px\" \/><\/a><\/p>\n<p>Nakon klika na karticu zadataka, otvorit \u0107e se plo\u010da zadataka. Na vrhu plo\u010de nalazi se gumb \u201e+ Novi zadatak\u201d, klikom na njega korisnik \u0107e se vratiti na KARTICU \u201eRutiranje\u201d, gdje korisnik prvo mora odabrati po\u010detnu i odredi\u0161nu to\u010dku za zadatak. <\/p>\n<p><p class=\"note\">Bilje\u0161ka<br \/>\n Zadatak se automatski dodjeljuje najbli\u017eem vozilu ili odabranom vozilu iz najbli\u017eeg prona\u0111enog u navedenom radijusu. Preporu\u010duje se odabir ciljanog vozila kao po\u010detne pozicije, jer ako vozilo nije unutar navedenog radijusa od po\u010detne to\u010dke, ne mo\u017ee se dodijeliti tijekom kreiranja zadatka. Ako nema vozila unutar navedenog radijusa, zadatak se ne mo\u017ee kreirati.  <\/p><\/p>\n<p>Nakon odabira rute i klika na gumb \u201eKreiraj zadatak\u201d, otvara se novi prozor pod nazivom \u201eKreiraj novi zadatak za&lt; odabrano_vozilo&gt;\u201d \u0107e se pojaviti sa sljede\u0107im poljima:<\/p>\n<ul>\n<li><strong>Naslov<\/strong> \u2013 Naziv zadatka, ovaj naziv \u0107e se tako\u0111er prikazivati \u200b\u200bna popisu zadataka;<\/li>\n<li><strong>Od<\/strong> odredi\u0161ne \u200b\u200bto\u010dke &#8211; po\u010detna to\u010dka navedena u ruti, s mogu\u0107no\u0161\u0107u dodavanja dodatnih informacija o klijentu;<\/li>\n<li><strong>Do<\/strong> odredi\u0161ne \u200b\u200bto\u010dke &#8211; krajnja to\u010dka navedena u ruti, s mogu\u0107no\u0161\u0107u dodavanja dodatnih informacija o klijentu;<\/li>\n<li><strong>Procijenjeni datum i vrijeme dolaska;<\/strong><\/li>\n<li><strong>\u017deljeni datum i vrijeme dolaska;<\/strong><\/li>\n<li><strong>Dodatne informacije &#8211;<\/strong> kao \u0161to su cijena, te\u017eina, volumen i \u017eeljena temperatura.<\/li>\n<\/ul>\n<p><a href=\"https:\/\/www.fmsdocumentation.com\/wp-content\/uploads\/2017\/04\/226-1.png\"><img loading=\"lazy\" decoding=\"async\" class=\"alignnone wp-image-638 size-full\" src=\"https:\/\/www.fmsdocumentation.com\/wp-content\/uploads\/2017\/04\/226-1.png\" alt=\"\" width=\"750\" height=\"692\" srcset=\"https:\/\/www.fmsdocumentation.com\/wp-content\/uploads\/2017\/04\/226-1.png 750w, https:\/\/www.fmsdocumentation.com\/wp-content\/uploads\/2017\/04\/226-1-300x277.png 300w\" sizes=\"auto, (max-width: 750px) 100vw, 750px\" \/><\/a><\/p>\n<p>Nakon \u0161to su uneseni svi potrebni podaci, korisnik mora kliknuti gumb za spremanje kako bi stvorio zadatak. Ako korisnik ne \u017eeli stvoriti zadatak, mora kliknuti gumb za zatvaranje ili jednostavno kliknuti bilo gdje izvan prozora. Nakon stvaranja zadatka, on \u0107e biti dodan na popis u plo\u010di i ve\u0107 dodijeljen vozilu.   <\/p>\n<hr>\n<p><div class=\"alignleft\"><a href=\"https:\/\/www.fmsdocumentation.com\/hr\/tovarni-list\/\" title=\"Tovarni list\"><span class=\"arrow\">\u2039 &nbsp <\/span> Tovarni list <\/a><\/div> <div class=\"alignright\"><a href=\"https:\/\/www.fmsdocumentation.com\/hr\/\" title=\"Vodi\u010d za FMS\">Vodi\u010d za FMS <span class=\"arrow\"> &nbsp\u203a <\/span> <\/a><\/div><\/p>\n","protected":false},"excerpt":{"rendered":"<p>Plo\u010di zadataka pristupa se klikom na karticu \u201eZadaci\u201d u plo\u010di Usmjeravanje i zadaci. Nakon klika na karticu zadataka, otvorit \u0107e se plo\u010da zadataka. Na vrhu plo\u010de nalazi se gumb \u201e+ Novi zadatak\u201d, klikom na njega korisnik \u0107e se vratiti na KARTICU \u201eRutiranje\u201d, gdje korisnik prvo mora odabrati po\u010detnu i odredi\u0161nu to\u010dku za zadatak. Bilje\u0161ka Zadatak &hellip; <a href=\"https:\/\/www.fmsdocumentation.com\/hr\/stvaranje-novih-zadataka\/\" class=\"more-link\">Continue reading <span class=\"screen-reader-text\">Stvaranje novih zadataka<\/span><\/a><\/p>\n","protected":false},"author":1,"featured_media":0,"parent":0,"menu_order":2,"comment_status":"closed","ping_status":"closed","template":"","meta":{"footnotes":""},"class_list":["post-15364","page","type-page","status-publish","hentry"],"_links":{"self":[{"href":"https:\/\/www.fmsdocumentation.com\/hr\/wp-json\/wp\/v2\/pages\/15364","targetHints":{"allow":["GET"]}}],"collection":[{"href":"https:\/\/www.fmsdocumentation.com\/hr\/wp-json\/wp\/v2\/pages"}],"about":[{"href":"https:\/\/www.fmsdocumentation.com\/hr\/wp-json\/wp\/v2\/types\/page"}],"author":[{"embeddable":true,"href":"https:\/\/www.fmsdocumentation.com\/hr\/wp-json\/wp\/v2\/users\/1"}],"replies":[{"embeddable":true,"href":"https:\/\/www.fmsdocumentation.com\/hr\/wp-json\/wp\/v2\/comments?post=15364"}],"version-history":[{"count":0,"href":"https:\/\/www.fmsdocumentation.com\/hr\/wp-json\/wp\/v2\/pages\/15364\/revisions"}],"wp:attachment":[{"href":"https:\/\/www.fmsdocumentation.com\/hr\/wp-json\/wp\/v2\/media?parent=15364"}],"curies":[{"name":"wp","href":"https:\/\/api.w.org\/{rel}","templated":true}]}}