{"id":15370,"date":"2025-05-29T13:30:48","date_gmt":"2025-05-29T10:30:48","guid":{"rendered":"https:\/\/www.fmsdocumentation.com\/izbornik-komunikacije\/"},"modified":"2025-05-29T13:30:58","modified_gmt":"2025-05-29T10:30:58","slug":"izbornik-komunikacije","status":"publish","type":"page","link":"https:\/\/www.fmsdocumentation.com\/hr\/izbornik-komunikacije\/","title":{"rendered":"Izbornik Komunikacije"},"content":{"rendered":"<p>Komunikacijska plo\u010da omogu\u0107uje vam komunikaciju s voza\u010dima koji koriste <a href=\"https:\/\/www.fmsdocumentation.com\/ontrack-app\/\">aplikaciju OnTrack<\/a> . Za pristup komunikacijskoj plo\u010di kliknite odgovaraju\u0107u ikonu na navigacijskoj plo\u010di. <\/p>\n<p><a href=\"https:\/\/www.fmsdocumentation.com\/wp-content\/uploads\/2017\/04\/67-2.png\"><img loading=\"lazy\" decoding=\"async\" class=\"alignnone wp-image-1140 size-large\" src=\"https:\/\/www.fmsdocumentation.com\/wp-content\/uploads\/2017\/04\/67-2-1024x506.png\" alt=\"\" width=\"660\" height=\"326\" srcset=\"https:\/\/www.fmsdocumentation.com\/wp-content\/uploads\/2017\/04\/67-2-1024x506.png 1024w, https:\/\/www.fmsdocumentation.com\/wp-content\/uploads\/2017\/04\/67-2-300x148.png 300w, https:\/\/www.fmsdocumentation.com\/wp-content\/uploads\/2017\/04\/67-2-768x380.png 768w, https:\/\/www.fmsdocumentation.com\/wp-content\/uploads\/2017\/04\/67-2.png 1920w\" sizes=\"auto, (max-width: 660px) 100vw, 660px\" \/><\/a><\/p>\n<p>Klikom na ikonu otvorit \u0107e se komunikacijska plo\u010da. Mo\u017eete komunicirati samo s voza\u010dima koji imaju postoje\u0107i ra\u010dun i samo iz svoje flote. U ovoj plo\u010di mo\u017eete u\u010diniti dvije stvari:  <\/p>\n<ul>\n<li>Po\u0161aljite poruku svim ili vi\u0161e voza\u010da odjednom;<\/li>\n<li>Komunicirajte s pojedina\u010dnim voza\u010dima.<\/li>\n<\/ul>\n<p>Za slanje poruke vi\u0161e voza\u010da kliknite polje <strong>+ Nova poruka<\/strong> koje se nalazi na vrhu plo\u010de.<\/p>\n<p><a href=\"https:\/\/www.fmsdocumentation.com\/wp-content\/uploads\/2017\/04\/68.png\"><img loading=\"lazy\" decoding=\"async\" class=\"alignnone wp-image-133 size-full\" src=\"https:\/\/www.fmsdocumentation.com\/wp-content\/uploads\/2017\/04\/68.png\" alt=\"\" width=\"360\" height=\"286\" srcset=\"https:\/\/www.fmsdocumentation.com\/wp-content\/uploads\/2017\/04\/68.png 360w, https:\/\/www.fmsdocumentation.com\/wp-content\/uploads\/2017\/04\/68-300x238.png 300w\" sizes=\"auto, (max-width: 360px) 100vw, 360px\" \/><\/a><\/p>\n<p>Klikom na polje otvorit \u0107e se prozor za novu poruku. Ovdje mo\u017eete odabrati kojim voza\u010dima \u017eelite poslati ovu poruku klikom na polje za pretra\u017eivanje. Klikom na polje za pretra\u017eivanje omogu\u0107uje se pretra\u017eivanje voza\u010da po imenu ili jednostavnim odabirom s padaju\u0107eg popisa. Ako odlu\u010dite poslati ovu poruku svim voza\u010dima, jednostavno kliknite gumb <strong>+ Dodaj sve<\/strong> koji se nalazi desno od polja za pretra\u017eivanje.   <\/p>\n<p>Ispod odabira upravlja\u010dkog programa nalazi se polje za poruku u koje mo\u017eete unijeti \u017eeljenu poruku. Maksimalni broj znakova za jednu poruku je 500. Poruci se mo\u017ee dodati jedna datoteka, a maksimalna veli\u010dina datoteke je 10 MB. Nakon \u0161to zavr\u0161ite s porukom, kliknite <strong>Po\u0161alji<\/strong> da biste poslali poruku. Za odbacivanje poruke kliknite <strong>Odustani<\/strong> ili bilo gdje izvan prozora <strong>Nova poruka<\/strong> .    <\/p>\n<p><a href=\"https:\/\/www.fmsdocumentation.com\/wp-content\/uploads\/2017\/04\/69.png\"><img loading=\"lazy\" decoding=\"async\" class=\"alignnone wp-image-134 size-full\" src=\"https:\/\/www.fmsdocumentation.com\/wp-content\/uploads\/2017\/04\/69.png\" alt=\"\" width=\"750\" height=\"540\" srcset=\"https:\/\/www.fmsdocumentation.com\/wp-content\/uploads\/2017\/04\/69.png 750w, https:\/\/www.fmsdocumentation.com\/wp-content\/uploads\/2017\/04\/69-300x216.png 300w\" sizes=\"auto, (max-width: 750px) 100vw, 750px\" \/><\/a><\/p>\n<p>Nakon slanja poruke, bit \u0107ete preusmjereni na prethodnu plo\u010du. Popis voza\u010da nalazi se ispod polja <strong>+ Nova poruka<\/strong> . Koristite traku za pretra\u017eivanje za filtriranje voza\u010da. Klikom na voza\u010da na popisu otvorit \u0107e se plo\u010da za razgovor s tim voza\u010dem.   <\/p>\n<p><a href=\"https:\/\/www.fmsdocumentation.com\/wp-content\/uploads\/2017\/04\/70.png\"><img loading=\"lazy\" decoding=\"async\" class=\"alignnone wp-image-135 size-full\" src=\"https:\/\/www.fmsdocumentation.com\/wp-content\/uploads\/2017\/04\/70.png\" alt=\"\" width=\"396\" height=\"314\" srcset=\"https:\/\/www.fmsdocumentation.com\/wp-content\/uploads\/2017\/04\/70.png 396w, https:\/\/www.fmsdocumentation.com\/wp-content\/uploads\/2017\/04\/70-300x238.png 300w\" sizes=\"auto, (max-width: 396px) 100vw, 396px\" \/><\/a><\/p>\n<p>Plo\u010da za razgovor je prili\u010dno jednostavna za razumijevanje i vrlo je identi\u010dna mnogim popularnim aplikacijama za razmjenu poruka. Polje za unos teksta nalazi se na dnu, lijevo od njega je ikona privitka koja se koristi za slanje privitaka. <\/p>\n<p><a href=\"https:\/\/www.fmsdocumentation.com\/wp-content\/uploads\/2020\/05\/72.png\"><img loading=\"lazy\" decoding=\"async\" class=\"alignnone size-full wp-image-9157\" src=\"https:\/\/www.fmsdocumentation.com\/wp-content\/uploads\/2020\/05\/72.png\" alt=\"\" width=\"720\" height=\"877\" srcset=\"https:\/\/www.fmsdocumentation.com\/wp-content\/uploads\/2020\/05\/72.png 720w, https:\/\/www.fmsdocumentation.com\/wp-content\/uploads\/2020\/05\/72-246x300.png 246w\" sizes=\"auto, (max-width: 720px) 100vw, 720px\" \/><\/a><\/p>\n<p>Poruke voza\u010da prikazuju se s lijeve strane, dok se poruke korisnika prikazuju s desne strane. Po\u010detni mjehuri\u0107i preuzeti su od inicijala imena voza\u010da i korisni\u010dkog imena za prijavu. <\/p>\n<hr>\n<p><div class=\"alignleft\"><a href=\"https:\/\/www.fmsdocumentation.com\/hr\/izbornik-vozaca\/upravljanje-vozacima\/\" title=\"Upravljanje voza\u010dima\"><span class=\"arrow\">\u2039 &nbsp <\/span> Upravljanje voza\u010dima <\/a><\/div> <div class=\"alignright\"><a href=\"https:\/\/www.fmsdocumentation.com\/hr\/izbornik-geozona\/\" title=\"Izbornik geozona\">Izbornik geozona <span class=\"arrow\"> &nbsp\u203a <\/span> <\/a><\/div><\/p>\n<p>&nbsp;<\/p>\n<p>&nbsp;<\/p>\n","protected":false},"excerpt":{"rendered":"<p>Komunikacijska plo\u010da omogu\u0107uje vam komunikaciju s voza\u010dima koji koriste aplikaciju OnTrack . Za pristup komunikacijskoj plo\u010di kliknite odgovaraju\u0107u ikonu na navigacijskoj plo\u010di. Klikom na ikonu otvorit \u0107e se komunikacijska plo\u010da. Mo\u017eete komunicirati samo s voza\u010dima koji imaju postoje\u0107i ra\u010dun i samo iz svoje flote. U ovoj plo\u010di mo\u017eete u\u010diniti dvije stvari: Po\u0161aljite poruku svim ili &hellip; <a href=\"https:\/\/www.fmsdocumentation.com\/hr\/izbornik-komunikacije\/\" class=\"more-link\">Continue reading <span class=\"screen-reader-text\">Izbornik Komunikacije<\/span><\/a><\/p>\n","protected":false},"author":1,"featured_media":0,"parent":0,"menu_order":45,"comment_status":"closed","ping_status":"closed","template":"","meta":{"footnotes":""},"class_list":["post-15370","page","type-page","status-publish","hentry"],"_links":{"self":[{"href":"https:\/\/www.fmsdocumentation.com\/hr\/wp-json\/wp\/v2\/pages\/15370","targetHints":{"allow":["GET"]}}],"collection":[{"href":"https:\/\/www.fmsdocumentation.com\/hr\/wp-json\/wp\/v2\/pages"}],"about":[{"href":"https:\/\/www.fmsdocumentation.com\/hr\/wp-json\/wp\/v2\/types\/page"}],"author":[{"embeddable":true,"href":"https:\/\/www.fmsdocumentation.com\/hr\/wp-json\/wp\/v2\/users\/1"}],"replies":[{"embeddable":true,"href":"https:\/\/www.fmsdocumentation.com\/hr\/wp-json\/wp\/v2\/comments?post=15370"}],"version-history":[{"count":1,"href":"https:\/\/www.fmsdocumentation.com\/hr\/wp-json\/wp\/v2\/pages\/15370\/revisions"}],"predecessor-version":[{"id":15414,"href":"https:\/\/www.fmsdocumentation.com\/hr\/wp-json\/wp\/v2\/pages\/15370\/revisions\/15414"}],"wp:attachment":[{"href":"https:\/\/www.fmsdocumentation.com\/hr\/wp-json\/wp\/v2\/media?parent=15370"}],"curies":[{"name":"wp","href":"https:\/\/api.w.org\/{rel}","templated":true}]}}