{"id":15376,"date":"2025-05-29T13:30:49","date_gmt":"2025-05-29T10:30:49","guid":{"rendered":"https:\/\/www.fmsdocumentation.com\/izbornik-geozona\/"},"modified":"2025-05-29T13:31:00","modified_gmt":"2025-05-29T10:31:00","slug":"izbornik-geozona","status":"publish","type":"page","link":"https:\/\/www.fmsdocumentation.com\/hr\/izbornik-geozona\/","title":{"rendered":"Izbornik geozona"},"content":{"rendered":"<p>Za pristup plo\u010di geozona, korisnik mora kliknuti odgovaraju\u0107u ikonu na navigacijskoj plo\u010di koja se nalazi na lijevoj strani zaslona.<\/p>\n<p><a href=\"https:\/\/www.fmsdocumentation.com\/wp-content\/uploads\/2018\/05\/283.png\"><img loading=\"lazy\" decoding=\"async\" class=\"alignnone size-large wp-image-5028\" src=\"https:\/\/www.fmsdocumentation.com\/wp-content\/uploads\/2018\/05\/283-1024x506.png\" alt=\"\" width=\"660\" height=\"326\" srcset=\"https:\/\/www.fmsdocumentation.com\/wp-content\/uploads\/2018\/05\/283-1024x506.png 1024w, https:\/\/www.fmsdocumentation.com\/wp-content\/uploads\/2018\/05\/283-300x148.png 300w, https:\/\/www.fmsdocumentation.com\/wp-content\/uploads\/2018\/05\/283-768x380.png 768w, https:\/\/www.fmsdocumentation.com\/wp-content\/uploads\/2018\/05\/283.png 1920w\" sizes=\"auto, (max-width: 660px) 100vw, 660px\" \/><\/a><\/p>\n<p>Ova plo\u010da omogu\u0107uje korisniku pretra\u017eivanje postoje\u0107ih geozona, njihovo mijenjanje i stvaranje novih.<\/p>\n<p>Na vrhu stranice korisnik mo\u017ee pristupiti izborniku za grupiranje geozona. Padaju\u0107i popis prikazat \u0107e postoje\u0107e grupe, s dodijeljenom bojom i brojem geozona u toj odre\u0111enoj grupi. Korisnik mo\u017ee odabrati koju grupu geozona \u017eeli prikazati. Alternativno, korisnik mo\u017ee stvoriti novu grupu klikom na tri to\u010dke blizu padaju\u0107eg popisa, \u0161to \u0107e pro\u0161iriti bira\u010d.   <\/p>\n<p><a href=\"https:\/\/www.fmsdocumentation.com\/wp-content\/uploads\/2017\/04\/278.png\"><img loading=\"lazy\" decoding=\"async\" class=\"alignnone wp-image-958 size-full\" src=\"https:\/\/www.fmsdocumentation.com\/wp-content\/uploads\/2017\/04\/278.png\" alt=\"\" width=\"534\" height=\"475\" srcset=\"https:\/\/www.fmsdocumentation.com\/wp-content\/uploads\/2017\/04\/278.png 534w, https:\/\/www.fmsdocumentation.com\/wp-content\/uploads\/2017\/04\/278-300x267.png 300w\" sizes=\"auto, (max-width: 534px) 100vw, 534px\" \/><\/a><\/p>\n<p>Klikom na \u201eStvori novu grupu\u201d otvorit \u0107e se odjeljak za stvaranje grupe. Ovdje korisnik mora stvoriti naziv za grupu, zatim odabrati boju za grupu i odabrati koje geozone \u017eeli dodati grupi. Sve geozone prikazane su na popisu. Korisnik mo\u017ee koristiti traku za pretra\u017eivanje za brzo pretra\u017eivanje geozona ili omogu\u0107iti filter za prikaz samo geozona ili POI (to\u010dke interesa). Nakon \u0161to je sve u\u010dinjeno, korisnik mora kliknuti gumb \u201eSpremi\u201d za spremanje nove grupe.    <\/p>\n<p><a href=\"https:\/\/www.fmsdocumentation.com\/wp-content\/uploads\/2017\/04\/279.png\"><img loading=\"lazy\" decoding=\"async\" class=\"alignnone wp-image-959 size-full\" src=\"https:\/\/www.fmsdocumentation.com\/wp-content\/uploads\/2017\/04\/279.png\" alt=\"\" width=\"359\" height=\"458\" srcset=\"https:\/\/www.fmsdocumentation.com\/wp-content\/uploads\/2017\/04\/279.png 359w, https:\/\/www.fmsdocumentation.com\/wp-content\/uploads\/2017\/04\/279-235x300.png 235w\" sizes=\"auto, (max-width: 359px) 100vw, 359px\" \/><\/a><\/p>\n<p>Za ure\u0111ivanje ili brisanje grupe, korisnik prvo mora odabrati grupu geozona s popisa, a zatim kliknuti na tri to\u010dke. Sada \u0107e biti dostupne opcije \u201eUredi\u201d i \u201eIzbri\u0161i\u201d, kao i opcija \u201eUredi privatnost geozona\u201d (samo za administratore). <\/p>\n<p><a href=\"https:\/\/www.fmsdocumentation.com\/wp-content\/uploads\/2018\/05\/280.png\"><img loading=\"lazy\" decoding=\"async\" class=\"alignnone size-full wp-image-5032\" src=\"https:\/\/www.fmsdocumentation.com\/wp-content\/uploads\/2018\/05\/280.png\" alt=\"\" width=\"579\" height=\"250\" srcset=\"https:\/\/www.fmsdocumentation.com\/wp-content\/uploads\/2018\/05\/280.png 579w, https:\/\/www.fmsdocumentation.com\/wp-content\/uploads\/2018\/05\/280-300x130.png 300w\" sizes=\"auto, (max-width: 579px) 100vw, 579px\" \/><\/a><\/p>\n<p>Klikom na \u201eUredi privatnost geozona\u201d otvorit \u0107e se novi prozor u kojem korisnik mo\u017ee odabrati koje \u0107e se postavke privatnosti primijeniti na <strong>cijelu<\/strong> grupu. Dostupne su sljede\u0107e postavke privatnosti: <\/p>\n<ul>\n<li>Samo vi mo\u017eete <strong>pregledavati<\/strong> i <strong>ure\u0111ivati<\/strong> \u200b\u200b\u2013 samo trenutni korisnik s administratorskim pravima mo\u0107i \u0107e pregledavati i ure\u0111ivati \u200b\u200bodabranu grupu geozona;<\/li>\n<li>Svatko mo\u017ee <strong>pregledavati<\/strong> \u2013 svi korisnici mogu pregledavati odabranu grupu geozona;<\/li>\n<li>Svatko mo\u017ee <strong>pregledavati<\/strong> i <strong>ure\u0111ivati<\/strong> \u200b\u200b\u2013 svi korisnici mogu pregledavati i ure\u0111ivati \u200b\u200bodabranu grupu geozona.<\/li>\n<\/ul>\n<p>Nakon odabira postavki privatnosti, korisnik mora kliknuti gumb \u201eSpremi\u201d, ina\u010de se promjene ne\u0107e spremiti.<\/p>\n<p><a href=\"https:\/\/www.fmsdocumentation.com\/wp-content\/uploads\/2018\/05\/346.png\"><img loading=\"lazy\" decoding=\"async\" class=\"alignnone size-full wp-image-5033\" src=\"https:\/\/www.fmsdocumentation.com\/wp-content\/uploads\/2018\/05\/346.png\" alt=\"\" width=\"750\" height=\"349\" srcset=\"https:\/\/www.fmsdocumentation.com\/wp-content\/uploads\/2018\/05\/346.png 750w, https:\/\/www.fmsdocumentation.com\/wp-content\/uploads\/2018\/05\/346-300x140.png 300w\" sizes=\"auto, (max-width: 750px) 100vw, 750px\" \/><\/a><\/p>\n<p>Za stvaranje nove geozone korisnik mora kliknuti gumb \u201e+ Nova geozona\u201d.<\/p>\n<p><a href=\"https:\/\/www.fmsdocumentation.com\/wp-content\/uploads\/2018\/05\/93.png\"><img loading=\"lazy\" decoding=\"async\" class=\"alignnone size-large wp-image-5031\" src=\"https:\/\/www.fmsdocumentation.com\/wp-content\/uploads\/2018\/05\/93-1024x506.png\" alt=\"\" width=\"660\" height=\"326\" srcset=\"https:\/\/www.fmsdocumentation.com\/wp-content\/uploads\/2018\/05\/93-1024x506.png 1024w, https:\/\/www.fmsdocumentation.com\/wp-content\/uploads\/2018\/05\/93-300x148.png 300w, https:\/\/www.fmsdocumentation.com\/wp-content\/uploads\/2018\/05\/93-768x380.png 768w, https:\/\/www.fmsdocumentation.com\/wp-content\/uploads\/2018\/05\/93.png 1920w\" sizes=\"auto, (max-width: 660px) 100vw, 660px\" \/><\/a><\/p>\n<p>Klikom na gumb \u201e+ Nova geozona\u201d otvorit \u0107e se nova plo\u010da s vrstama geozona. Dostupne su samo dvije kartice: <strong>Nova to\u010dka interesa<\/strong> i <strong>Nova geozona<\/strong> . <\/p>\n<p><strong>Nova zanimljiva to\u010dka<\/strong><b> <\/b>\u2013 nakon klika na gumb \u201e+ Nova geozona\u201d korisnik ima dva na\u010dina za stvaranje POI-a.<\/p>\n<p><a href=\"https:\/\/www.fmsdocumentation.com\/wp-content\/uploads\/2018\/05\/94.png\"><img loading=\"lazy\" decoding=\"async\" class=\"alignnone wp-image-5034 size-full\" src=\"https:\/\/www.fmsdocumentation.com\/wp-content\/uploads\/2018\/05\/94.png\" alt=\"\" width=\"360\" height=\"130\" srcset=\"https:\/\/www.fmsdocumentation.com\/wp-content\/uploads\/2018\/05\/94.png 360w, https:\/\/www.fmsdocumentation.com\/wp-content\/uploads\/2018\/05\/94-300x108.png 300w\" sizes=\"auto, (max-width: 360px) 100vw, 360px\" \/><\/a><\/p>\n<p>Prvi na\u010din je jednostavno kliknuti na \u017eeljenu POI na karti, \u0161to \u0107e automatski popuniti polje adrese i polje radijusa, tako da \u0107e korisnik samo morati imenovati POI, odabrati postavke privatnosti i dodati bilje\u0161ke ako je potrebno.<\/p>\n<p>Drugi na\u010din je ru\u010dni unos svih podataka. Korisnik \u0107e morati ispuniti sljede\u0107a polja: <\/p>\n<ul>\n<li>Naziv \u2013 naziv POI, uglavnom slu\u017ei samo za navigaciju korisnika (ovo polje je obavezno);<\/li>\n<li>Adresa \u2013 adresa POI, ovo polje slu\u017ei kao traka za pretra\u017eivanje i automatski \u0107e predlagati adrese sa svakim unesenim znakom (ovo polje je obavezno);<\/li>\n<li>Radijus \u2013 radijus oko odabrane adrese koja \u0107e biti uklju\u010dena u geozonu. Raspon vrijednosti je od 5 do 50000 metara. (ovo polje je obavezno);  <\/li>\n<li>Vrsta \u2013 tko mo\u017ee pregledavati i ure\u0111ivati \u200b\u200bPOI, kao \u0161to je prethodno opisano u postavkama privatnosti (samo za administratore);<\/li>\n<li>Napomene \u2013 op\u0107e napomene koje korisnik mo\u017ee odlu\u010diti da je potrebno prilo\u017eiti to\u010dki interesa (ovo polje je opcionalno).<\/li>\n<\/ul>\n<p><a href=\"https:\/\/www.fmsdocumentation.com\/wp-content\/uploads\/2018\/05\/95.png\"><img loading=\"lazy\" decoding=\"async\" class=\"alignnone wp-image-5035 size-full\" src=\"https:\/\/www.fmsdocumentation.com\/wp-content\/uploads\/2018\/05\/95.png\" alt=\"\" width=\"360\" height=\"819\" srcset=\"https:\/\/www.fmsdocumentation.com\/wp-content\/uploads\/2018\/05\/95.png 360w, https:\/\/www.fmsdocumentation.com\/wp-content\/uploads\/2018\/05\/95-132x300.png 132w\" sizes=\"auto, (max-width: 360px) 100vw, 360px\" \/><\/a><\/p>\n<p>Nakon \u0161to ispunite sva polja, potrebno je kliknuti gumb \u201eSpremi\u201d, ina\u010de se geozona ne\u0107e spremiti.<\/p>\n<p><strong>Nova geozona<\/strong> \u2013 omogu\u0107uje ozna\u010davanje teritorija na karti ozna\u010davanjem posljedi\u010dno povezanih to\u010daka preko karte.<\/p>\n<p><a href=\"https:\/\/www.fmsdocumentation.com\/wp-content\/uploads\/2018\/05\/96.png\"><img loading=\"lazy\" decoding=\"async\" class=\"alignnone size-full wp-image-5036\" src=\"https:\/\/www.fmsdocumentation.com\/wp-content\/uploads\/2018\/05\/96.png\" alt=\"\" width=\"360\" height=\"130\" srcset=\"https:\/\/www.fmsdocumentation.com\/wp-content\/uploads\/2018\/05\/96.png 360w, https:\/\/www.fmsdocumentation.com\/wp-content\/uploads\/2018\/05\/96-300x108.png 300w\" sizes=\"auto, (max-width: 360px) 100vw, 360px\" \/><\/a><\/p>\n<p>Postoji samo jedan na\u010din za stvaranje geozone. Nakon klika na karticu \u201eNova geozona\u201d bit \u0107e dostupna samo tri polja za popunjavanje: <\/p>\n<ul>\n<li>Naziv \u2013 naziv geozone, uglavnom slu\u017ei samo za navigaciju korisnika (ovo polje je obavezno);<\/li>\n<li>Vrsta \u2013 tko mo\u017ee pregledavati i ure\u0111ivati \u200b\u200bgeozonu, kao \u0161to je prethodno opisano u postavkama privatnosti;<\/li>\n<li>Napomene \u2013 op\u0107e napomene koje korisnik mo\u017ee odlu\u010diti da je potrebno prilo\u017eiti to\u010dki interesa (ovo polje je opcionalno).<\/li>\n<\/ul>\n<p>Nakon popunjavanja polja ( <em>ili prije, slijed koraka nema utjecaja na kona\u010dni rezultat<\/em> ) korisnik mora ozna\u010diti geozonu na karti. Za po\u010detak, korisnik prvo mora postaviti prvu to\u010dku klikom na kartu, a zatim kliknuti nekoliko to\u010daka oko podru\u010dja koje \u017eeli ozna\u010diti. Svaka to\u010dka bit \u0107e povezana s prethodnom to\u010dkom i sljede\u0107om. Za dovr\u0161etak stvaranja geozone, posljednja i prva to\u010dka moraju se spojiti. Nakon spajanja posljednjih to\u010daka, ozna\u010deno podru\u010dje bit \u0107e ozna\u010deno plavom bojom.    <\/p>\n<p><a href=\"https:\/\/www.fmsdocumentation.com\/wp-content\/uploads\/2018\/05\/97.png\"><img loading=\"lazy\" decoding=\"async\" class=\"alignnone size-large wp-image-5037\" src=\"https:\/\/www.fmsdocumentation.com\/wp-content\/uploads\/2018\/05\/97-1024x607.png\" alt=\"\" width=\"660\" height=\"391\" srcset=\"https:\/\/www.fmsdocumentation.com\/wp-content\/uploads\/2018\/05\/97-1024x607.png 1024w, https:\/\/www.fmsdocumentation.com\/wp-content\/uploads\/2018\/05\/97-300x178.png 300w, https:\/\/www.fmsdocumentation.com\/wp-content\/uploads\/2018\/05\/97-768x455.png 768w, https:\/\/www.fmsdocumentation.com\/wp-content\/uploads\/2018\/05\/97.png 1500w\" sizes=\"auto, (max-width: 660px) 100vw, 660px\" \/><\/a><\/p>\n<p>Nakon \u0161to popuni sva polja i ozna\u010di geozonu, korisnik mora kliknuti gumb \u201eSpremi\u201d kako bi spremio geozonu.<br \/>\n<p class=\"note\">Bilje\u0161ka<br \/>\n Geozonu je mogu\u0107e izmijeniti nakon \u0161to je zadnja to\u010dka spojena. Da biste to u\u010dinili, jednostavno kliknite i povucite postoje\u0107e to\u010dke geozone preko karte. Kako se geozona \u0161iri, stvara se vi\u0161e to\u010daka kako bi se pojednostavilo stvaranje geozone. Nakon svakog pomicanja to\u010dke pojavljuje se ikona \u201ePoni\u0161ti\u201d koja omogu\u0107uje vra\u0107anje pomaknute to\u010dke na prethodni polo\u017eaj. To se odnosi samo na zadnju pomaknutu to\u010dku.   <\/p><\/p>\n<p>Osim toga, umjesto ru\u010dnog stvaranja POI\/geozona, korisnik mo\u017ee uvesti datoteku s podacima o to\u010dkama klikom na ikonu datoteke kao \u0161to je prikazano dolje. To omogu\u0107uje skupno stvaranje POI\/geozona. <\/p>\n<p><a href=\"https:\/\/www.fmsdocumentation.com\/wp-content\/uploads\/2018\/05\/347.png\"><img loading=\"lazy\" decoding=\"async\" class=\"alignnone size-full wp-image-5040\" src=\"https:\/\/www.fmsdocumentation.com\/wp-content\/uploads\/2018\/05\/347.png\" alt=\"\" width=\"390\" height=\"180\" srcset=\"https:\/\/www.fmsdocumentation.com\/wp-content\/uploads\/2018\/05\/347.png 390w, https:\/\/www.fmsdocumentation.com\/wp-content\/uploads\/2018\/05\/347-300x138.png 300w\" sizes=\"auto, (max-width: 390px) 100vw, 390px\" \/><\/a><\/p>\n<p>Klikom na ikonu datoteke otvorit \u0107e se novi prozor \u201eUvezi geozonu\u201d. Prije svega, korisnik treba odabrati grupu ili grupe geozona kojima \u0107e se dodati uvezene geozone. Postoji traka za pretra\u017eivanje koja se automatski a\u017eurira sa svakim unesenim slovom. Za odabir\/poni\u0161tavanje odabira grupe geozona, korisnik mora ozna\u010diti\/poni\u0161titi potvrdni okvir pored nje. Ako se polje ostavi prazno, uvezene geozone ne\u0107e biti dodijeljene nijednoj grupi. Alternativno, korisnik mo\u017ee stvoriti novu grupu izravno u prozoru \u201eUvezi geozonu\u201d odabirom \u201eStvori grupu geozona\u201d.     <\/p>\n<p>Nakon odabira grupe, korisnik mora odabrati vrstu dopu\u0161tenja (samo administratori) i prenijeti datoteku s podacima o geozoni ( <strong>prihva\u0107aju se samo .kml i .csv datoteke!<\/strong> ). Primjer datoteke mo\u017ee se preuzeti klikom na \u201ePreuzmi primjer CSV obrasca\u201d. Zadr\u017eavanjem pokaziva\u010da mi\u0161a iznad ikone s informacijama pored nje prikazat \u0107e se obja\u0161njenje \u0161to datoteka treba sadr\u017eavati. Korisnik mora kliknuti gumb \u201eUvezi\u201d, ina\u010de se datoteka ne\u0107e prenijeti.   <\/p>\n<p><a href=\"https:\/\/www.fmsdocumentation.com\/wp-content\/uploads\/2018\/05\/348.png\"><img loading=\"lazy\" decoding=\"async\" class=\"alignnone size-full wp-image-5041\" src=\"https:\/\/www.fmsdocumentation.com\/wp-content\/uploads\/2018\/05\/348.png\" alt=\"\" width=\"850\" height=\"543\" srcset=\"https:\/\/www.fmsdocumentation.com\/wp-content\/uploads\/2018\/05\/348.png 850w, https:\/\/www.fmsdocumentation.com\/wp-content\/uploads\/2018\/05\/348-300x192.png 300w, https:\/\/www.fmsdocumentation.com\/wp-content\/uploads\/2018\/05\/348-768x491.png 768w\" sizes=\"auto, (max-width: 850px) 100vw, 850px\" \/><\/a><\/p>\n<p><p class=\"note\">Bilje\u0161ka<br \/>\n Sve to\u010dke interesa\/geozone koje je kreirao ili prenio obi\u010dni korisnik vidljive su i samo ih taj korisnik mo\u017ee ure\u0111ivati. Administratori i drugi korisnici ne mogu ih vidjeti niti ure\u0111ivati. <\/p><\/p>\n<p><strong>Popis geozona<\/strong> \u2013 prikazuje sve geozone vidljive za odre\u0111enog web korisnika. Popis geozona mo\u017ee se filtrirati klikom na polje \u201ePrika\u017ei geozone\u201d koje \u0107e otvoriti padaju\u0107i popis s dostupnim filterima. <\/p>\n<p><a href=\"https:\/\/www.fmsdocumentation.com\/wp-content\/uploads\/2018\/05\/98.png\"><img loading=\"lazy\" decoding=\"async\" class=\"alignnone size-full wp-image-5039\" src=\"https:\/\/www.fmsdocumentation.com\/wp-content\/uploads\/2018\/05\/98.png\" alt=\"\" width=\"360\" height=\"162\" srcset=\"https:\/\/www.fmsdocumentation.com\/wp-content\/uploads\/2018\/05\/98.png 360w, https:\/\/www.fmsdocumentation.com\/wp-content\/uploads\/2018\/05\/98-300x135.png 300w\" sizes=\"auto, (max-width: 360px) 100vw, 360px\" \/><\/a><\/p>\n<p>Trenutno odabrani filter ozna\u010den je tamnijom nijansom sive i plavom trakom s desne strane naziva filtera. Nakon odabira filtera, popis \u0107e se automatski a\u017eurirati prema parametrima filtera. Svaka geozona ozna\u010dena je odgovaraju\u0107om ikonom. Pored ikone nalazi se naziv geozone, a ispod nje adresa. Geozone koje su vidljive i koje drugi korisnici mogu ure\u0111ivati \u200b\u200bimat \u0107e ikonu s desne strane.    <\/p>\n<p><a href=\"https:\/\/www.fmsdocumentation.com\/wp-content\/uploads\/2018\/05\/349.png\"><img loading=\"lazy\" decoding=\"async\" class=\"alignnone size-full wp-image-5045\" src=\"https:\/\/www.fmsdocumentation.com\/wp-content\/uploads\/2018\/05\/349.png\" alt=\"\" width=\"352\" height=\"71\" srcset=\"https:\/\/www.fmsdocumentation.com\/wp-content\/uploads\/2018\/05\/349.png 352w, https:\/\/www.fmsdocumentation.com\/wp-content\/uploads\/2018\/05\/349-300x61.png 300w\" sizes=\"auto, (max-width: 352px) 100vw, 352px\" \/><\/a><\/p>\n<p>Klikom na geozonu prikazat \u0107e se na karti i otvoriti plo\u010da s informacijama o geozoni. Koordinate geozone mogu se kopirati s plo\u010de klikom na njih. Tako\u0111er, korisnik mo\u017ee urediti ili izbrisati geozonu klikom na odgovaraju\u0107e gumbe.  <\/p>\n<p><a href=\"https:\/\/www.fmsdocumentation.com\/wp-content\/uploads\/2019\/06\/102.png\"><img loading=\"lazy\" decoding=\"async\" class=\"alignnone size-full wp-image-8039\" src=\"https:\/\/www.fmsdocumentation.com\/wp-content\/uploads\/2019\/06\/102.png\" alt=\"\" width=\"722\" height=\"490\" srcset=\"https:\/\/www.fmsdocumentation.com\/wp-content\/uploads\/2019\/06\/102.png 722w, https:\/\/www.fmsdocumentation.com\/wp-content\/uploads\/2019\/06\/102-300x204.png 300w\" sizes=\"auto, (max-width: 722px) 100vw, 722px\" \/><\/a><\/p>\n<p><strong>Uredi<\/strong> \u2013 otvorit \u0107e se identi\u010dan prozor kao i \u201eNova geozona\u201d, ovdje se mogu izvr\u0161iti promjene geozone. Mogu se promijeniti opis i polo\u017eaj na karti. Nakon bilo kakvih izmjena potrebno je kliknuti gumb \u201eSpremi\u201d, ina\u010de \u0107e se promjene odbaciti. Ako korisnik ne \u017eeli spremiti promjene, mora kliknuti gumb \u201eOtka\u017ei\u201d.   <\/p>\n<p><strong>Izbri\u0161i<\/strong> \u2013 klikom na ovaj gumb otvorit \u0107e se novi prozor za potvrdu u slu\u010daju da je korisnik slu\u010dajno kliknuo na ovaj gumb. Ovdje korisnik mo\u017ee potvrditi brisanje ili ga otkazati. Geozone mo\u017ee izbrisati samo korisnik koji ih je stvorio.  <\/p>\n<p>&nbsp;<\/p>\n<hr>\n<p><div class=\"alignleft\"><a href=\"https:\/\/www.fmsdocumentation.com\/hr\/izbornik-komunikacije\/\" title=\"Izbornik Komunikacije\"><span class=\"arrow\">\u2039 &nbsp <\/span> Izbornik Komunikacije <\/a><\/div> <div class=\"alignright\"><a href=\"https:\/\/www.fmsdocumentation.com\/hr\/izbornik-dogadaja\/\" title=\"Izbornik doga\u0111aja\">Izbornik doga\u0111aja <span class=\"arrow\"> &nbsp\u203a <\/span> <\/a><\/div><\/p>\n","protected":false},"excerpt":{"rendered":"<p>Za pristup plo\u010di geozona, korisnik mora kliknuti odgovaraju\u0107u ikonu na navigacijskoj plo\u010di koja se nalazi na lijevoj strani zaslona. Ova plo\u010da omogu\u0107uje korisniku pretra\u017eivanje postoje\u0107ih geozona, njihovo mijenjanje i stvaranje novih. Na vrhu stranice korisnik mo\u017ee pristupiti izborniku za grupiranje geozona. Padaju\u0107i popis prikazat \u0107e postoje\u0107e grupe, s dodijeljenom bojom i brojem geozona u toj &hellip; <a href=\"https:\/\/www.fmsdocumentation.com\/hr\/izbornik-geozona\/\" class=\"more-link\">Continue reading <span class=\"screen-reader-text\">Izbornik geozona<\/span><\/a><\/p>\n","protected":false},"author":1,"featured_media":0,"parent":0,"menu_order":53,"comment_status":"closed","ping_status":"closed","template":"","meta":{"footnotes":""},"class_list":["post-15376","page","type-page","status-publish","hentry"],"_links":{"self":[{"href":"https:\/\/www.fmsdocumentation.com\/hr\/wp-json\/wp\/v2\/pages\/15376","targetHints":{"allow":["GET"]}}],"collection":[{"href":"https:\/\/www.fmsdocumentation.com\/hr\/wp-json\/wp\/v2\/pages"}],"about":[{"href":"https:\/\/www.fmsdocumentation.com\/hr\/wp-json\/wp\/v2\/types\/page"}],"author":[{"embeddable":true,"href":"https:\/\/www.fmsdocumentation.com\/hr\/wp-json\/wp\/v2\/users\/1"}],"replies":[{"embeddable":true,"href":"https:\/\/www.fmsdocumentation.com\/hr\/wp-json\/wp\/v2\/comments?post=15376"}],"version-history":[{"count":1,"href":"https:\/\/www.fmsdocumentation.com\/hr\/wp-json\/wp\/v2\/pages\/15376\/revisions"}],"predecessor-version":[{"id":15415,"href":"https:\/\/www.fmsdocumentation.com\/hr\/wp-json\/wp\/v2\/pages\/15376\/revisions\/15415"}],"wp:attachment":[{"href":"https:\/\/www.fmsdocumentation.com\/hr\/wp-json\/wp\/v2\/media?parent=15376"}],"curies":[{"name":"wp","href":"https:\/\/api.w.org\/{rel}","templated":true}]}}