{"id":15378,"date":"2025-05-29T13:30:50","date_gmt":"2025-05-29T10:30:50","guid":{"rendered":"https:\/\/www.fmsdocumentation.com\/izbornik-vozaca\/"},"modified":"2025-05-29T13:30:55","modified_gmt":"2025-05-29T10:30:55","slug":"izbornik-vozaca","status":"publish","type":"page","link":"https:\/\/www.fmsdocumentation.com\/hr\/izbornik-vozaca\/","title":{"rendered":"Izbornik voza\u010da"},"content":{"rendered":"<p>Izbornik voza\u010da koristi se za dodavanje, uklanjanje i izmjenu postoje\u0107ih voza\u010da. Ova plo\u010da koristi se za unos op\u0107ih informacija o voza\u010du, kontaktnih podataka i dodjeljivanje vozila voza\u010du, kao i za upravljanje pristupnim podacima za aplikaciju. Za otvaranje izbornika voza\u010da korisnik mora kliknuti odgovaraju\u0107u ikonu na lijevoj navigacijskoj plo\u010di.  <\/p>\n<p><a href=\"https:\/\/www.fmsdocumentation.com\/wp-content\/uploads\/2018\/07\/54.png\"><img loading=\"lazy\" decoding=\"async\" class=\"alignnone wp-image-5341 size-large\" src=\"https:\/\/www.fmsdocumentation.com\/wp-content\/uploads\/2018\/07\/54-1024x505.png\" alt=\"\" width=\"660\" height=\"325\" srcset=\"https:\/\/www.fmsdocumentation.com\/wp-content\/uploads\/2018\/07\/54-1024x505.png 1024w, https:\/\/www.fmsdocumentation.com\/wp-content\/uploads\/2018\/07\/54-300x148.png 300w, https:\/\/www.fmsdocumentation.com\/wp-content\/uploads\/2018\/07\/54-768x379.png 768w, https:\/\/www.fmsdocumentation.com\/wp-content\/uploads\/2018\/07\/54.png 1920w\" sizes=\"auto, (max-width: 660px) 100vw, 660px\" \/><\/a><\/p>\n<hr>\n<p><div class=\"alignleft\"><a href=\"https:\/\/www.fmsdocumentation.com\/hr\/izbornik-statusa-flote\/pregled-vremenske-analize\/\" title=\"Pregled vremenske analize\"><span class=\"arrow\">\u2039 &nbsp <\/span> Pregled vremenske analize <\/a><\/div> <div class=\"alignright\"><a href=\"https:\/\/www.fmsdocumentation.com\/hr\/izbornik-vozaca\/popis-vozaca\/\" title=\"Popis voza\u010da\">Popis voza\u010da <span class=\"arrow\"> &nbsp\u203a <\/span> <\/a><\/div><\/p>\n","protected":false},"excerpt":{"rendered":"<p>Izbornik voza\u010da koristi se za dodavanje, uklanjanje i izmjenu postoje\u0107ih voza\u010da. Ova plo\u010da koristi se za unos op\u0107ih informacija o voza\u010du, kontaktnih podataka i dodjeljivanje vozila voza\u010du, kao i za upravljanje pristupnim podacima za aplikaciju. Za otvaranje izbornika voza\u010da korisnik mora kliknuti odgovaraju\u0107u ikonu na lijevoj navigacijskoj plo\u010di.<\/p>\n","protected":false},"author":1,"featured_media":0,"parent":0,"menu_order":37,"comment_status":"closed","ping_status":"closed","template":"","meta":{"footnotes":""},"class_list":["post-15378","page","type-page","status-publish","hentry"],"_links":{"self":[{"href":"https:\/\/www.fmsdocumentation.com\/hr\/wp-json\/wp\/v2\/pages\/15378","targetHints":{"allow":["GET"]}}],"collection":[{"href":"https:\/\/www.fmsdocumentation.com\/hr\/wp-json\/wp\/v2\/pages"}],"about":[{"href":"https:\/\/www.fmsdocumentation.com\/hr\/wp-json\/wp\/v2\/types\/page"}],"author":[{"embeddable":true,"href":"https:\/\/www.fmsdocumentation.com\/hr\/wp-json\/wp\/v2\/users\/1"}],"replies":[{"embeddable":true,"href":"https:\/\/www.fmsdocumentation.com\/hr\/wp-json\/wp\/v2\/comments?post=15378"}],"version-history":[{"count":1,"href":"https:\/\/www.fmsdocumentation.com\/hr\/wp-json\/wp\/v2\/pages\/15378\/revisions"}],"predecessor-version":[{"id":15413,"href":"https:\/\/www.fmsdocumentation.com\/hr\/wp-json\/wp\/v2\/pages\/15378\/revisions\/15413"}],"wp:attachment":[{"href":"https:\/\/www.fmsdocumentation.com\/hr\/wp-json\/wp\/v2\/media?parent=15378"}],"curies":[{"name":"wp","href":"https:\/\/api.w.org\/{rel}","templated":true}]}}